{"id":96,"date":"2025-10-08T11:25:06","date_gmt":"2025-10-08T09:25:06","guid":{"rendered":"https:\/\/hi-technologies.ch\/?page_id=96"},"modified":"2025-12-09T11:38:09","modified_gmt":"2025-12-09T10:38:09","slug":"marques-partenaires","status":"publish","type":"page","link":"https:\/\/hi-technologies.ch\/fr\/marques-partenaires\/","title":{"rendered":"Marques &amp; Partenaires"},"content":{"rendered":"\n\n\n\n   \n\n\n\n      \n\n\n\n        \n<section\n  id=\"block_432a05a429731392615b5bbbe43f84a5\"\n  class=\"hero_section relative isolate   w-full overflow-hidden md:rounded-2xl md:mt-6 mt-0 js-hero\"\n  data-hero-tone=\"light\"\n  style=\"background-image:linear-gradient(0deg, rgba(0,0,0,0) 0%, rgba(0,0,0,0) 100%), url(https:\/\/hi-technologies.ch\/app\/uploads\/2025\/11\/nos-marques-banner.jpg); background-size:cover; background-position:center; min-height:62vh; --glass-w: 56%;\">\n\n\n        <div class=\"hero__glass is-slant\"\n        style=\"\n          --glass-w: 56%;\n          --glass-blur: 16px;\n          --rgb: 33,33,33;\n          --alpha: 0.6;\n          --bleed: 48px;\n        \"\n        aria-hidden=\"true\">\n      <div class=\"glass-surface\"><\/div>\n    <\/div>\n  \n\n    \n    \n  <div class=\"relative z-20 max-w-7xl px-4 md:px-6 mx-auto\" style=\"min-height:62vh;\">\n    <div class=\"flex items-center\" style=\"min-height:62vh;\">\n              \n        <div class=\"hero__content py-12 md:py-16 lg:py-20 text-white text-left\">\n\n                      <p class=\"mb-3 text-base tracking-wide opacity-95 js-reveal\"\n              data-reveal-from=\"left\" data-reveal-distance=\"18\"\n              data-reveal-once=\"true\">\n              Les marques distribu\u00e9es par Hi Technolgoies\n            <\/p>\n          \n                      <h1 class=\"text-3xl md:text-6xl fw-600 uppercase leading-tight js-reveal\"\n                data-reveal-from=\"left\" data-reveal-distance=\"24\"\n                data-reveal-delay=\"0.06\" data-reveal-once=\"true\">\n              Marques &#038; Partenaires\n            <\/h1>\n          \n                      <div class=\"mt-4 text-sm md:text-base leading-relaxed opacity-95 js-reveal-blur\"\n                data-reveal-distance=\"12\" data-reveal-delay=\"0.12\" data-reveal-once=\"true\">\n              <p>HI Technologies SA travaille en tant que partenaire et int\u00e9grateur certifi\u00e9 aupr\u00e8s des fabricants les plus renomm\u00e9s, tels que Crestron, Extron, Logitech, Sony, Panasonic, Barco, Sennheiser, Bose, et bien d\u2019autres. Nous vous garantissons le plus haut niveau d\u2019expertise, des conseils ind\u00e9pendants et le meilleur service d\u2019un int\u00e9grateur audiovisuel et vid\u00e9oconf\u00e9rence ind\u00e9pendant sur toute la Suisse Romande, mais aussi, plus largement sur tout le territoire Suisse<\/p>\n\n            <\/div>\n          \n                                          <div class=\"mt-6 flex flex-wrap items-center gap-4 js-reveal\"\n                data-reveal-from=\"up\" data-reveal-distance=\"16\"\n                data-reveal-delay=\"0.18\" data-reveal-once=\"true\">\n                                                  \n                    \n                \n\n<a href=\"#brands-list\" class=\"cta_link tone-teal\">\n  <span>Nos marques<\/span>\n  <\/a>\n      \n                        \n            <\/div>\n          \n        <\/div>\n\n    <\/div>\n  <\/div>\n<\/section>\n\n<script>\n  (function () {\n    var hero = document.currentScript && document.currentScript.previousElementSibling;\n    if (!hero) return;\n    var tone = hero.getAttribute('data-hero-tone') || 'light';\n    document.body.classList.add('has-hero', 'hero-tone-' + tone);\n  })();\n<\/script>\n\n<script>\n(function(){\n  \/\/ On cible tous les heroes de la page (au cas o\u00f9 il y en a plusieurs)\n  var panes = document.querySelectorAll('.hero_section .hero__glass');\n  if (!panes.length) return;\n\n  function isMobile(){ return window.matchMedia('(max-width: 767.98px)').matches; }\n\n  panes.forEach(function(glass){\n    var ro;\n\n    function update(){\n      if (isMobile()){\n        glass.style.setProperty('--skew-deg', '0deg');\n        return;\n      }\n      \/\/ on lit la \"taille du biseau\" depuis la CSS var --bleed (fallback 48px)\n      var bleed = parseFloat(getComputedStyle(glass).getPropertyValue('--bleed')) || 48;\n      var h = glass.offsetHeight || 1;\n      var deg = Math.atan(bleed \/ h) * 180 \/ Math.PI;\n      glass.style.setProperty('--skew-deg', deg.toFixed(4) + 'deg');\n    }\n\n    \/\/ init + observers\n    update();\n    ro = new ResizeObserver(update);\n    ro.observe(glass);\n    window.addEventListener('resize', update, { passive: true });\n  });\n})();\n<\/script>\n\n\n","protected":false},"excerpt":{"rendered":"","protected":false},"author":1,"featured_media":0,"parent":0,"menu_order":0,"comment_status":"closed","ping_status":"closed","template":"page-templates\/page-listing-marques.php","meta":{"_acf_changed":false,"inline_featured_image":false,"footnotes":""},"domaine_solution":[],"class_list":["post-96","page","type-page","status-publish","hentry"],"acf":[],"yoast_head":"<!-- This site is optimized with the Yoast SEO plugin v25.8 - https:\/\/yoast.com\/wordpress\/plugins\/seo\/ -->\n<title>Marques &amp; Partenaires - Hi-Technologies<\/title>\n<meta name=\"robots\" content=\"index, follow, max-snippet:-1, max-image-preview:large, max-video-preview:-1\" \/>\n<link rel=\"canonical\" href=\"https:\/\/hi-technologies.ch\/fr\/marques-partenaires\/\" \/>\n<meta property=\"og:locale\" content=\"fr_FR\" \/>\n<meta property=\"og:type\" content=\"article\" \/>\n<meta property=\"og:title\" content=\"Marques &amp; Partenaires - Hi-Technologies\" \/>\n<meta property=\"og:url\" content=\"https:\/\/hi-technologies.ch\/fr\/marques-partenaires\/\" \/>\n<meta property=\"og:site_name\" content=\"Hi-Technologies\" \/>\n<meta property=\"article:modified_time\" content=\"2025-12-09T10:38:09+00:00\" \/>\n<meta name=\"twitter:card\" content=\"summary_large_image\" \/>\n<script type=\"application\/ld+json\" class=\"yoast-schema-graph\">{\"@context\":\"https:\/\/schema.org\",\"@graph\":[{\"@type\":\"WebPage\",\"@id\":\"https:\/\/hi-technologies.ch\/fr\/marques-partenaires\/\",\"url\":\"https:\/\/hi-technologies.ch\/fr\/marques-partenaires\/\",\"name\":\"Marques &amp; Partenaires - Hi-Technologies\",\"isPartOf\":{\"@id\":\"https:\/\/hi-technologies.ch\/fr\/#website\"},\"datePublished\":\"2025-10-08T09:25:06+00:00\",\"dateModified\":\"2025-12-09T10:38:09+00:00\",\"breadcrumb\":{\"@id\":\"https:\/\/hi-technologies.ch\/fr\/marques-partenaires\/#breadcrumb\"},\"inLanguage\":\"fr-FR\",\"potentialAction\":[{\"@type\":\"ReadAction\",\"target\":[\"https:\/\/hi-technologies.ch\/fr\/marques-partenaires\/\"]}]},{\"@type\":\"BreadcrumbList\",\"@id\":\"https:\/\/hi-technologies.ch\/fr\/marques-partenaires\/#breadcrumb\",\"itemListElement\":[{\"@type\":\"ListItem\",\"position\":1,\"name\":\"Home\",\"item\":\"https:\/\/hi-technologies.ch\/fr\/\"},{\"@type\":\"ListItem\",\"position\":2,\"name\":\"Marques &amp; Partenaires\"}]},{\"@type\":\"WebSite\",\"@id\":\"https:\/\/hi-technologies.ch\/fr\/#website\",\"url\":\"https:\/\/hi-technologies.ch\/fr\/\",\"name\":\"Hi-Technologies\",\"description\":\"\",\"publisher\":{\"@id\":\"https:\/\/hi-technologies.ch\/fr\/#organization\"},\"potentialAction\":[{\"@type\":\"SearchAction\",\"target\":{\"@type\":\"EntryPoint\",\"urlTemplate\":\"https:\/\/hi-technologies.ch\/fr\/?s={search_term_string}\"},\"query-input\":{\"@type\":\"PropertyValueSpecification\",\"valueRequired\":true,\"valueName\":\"search_term_string\"}}],\"inLanguage\":\"fr-FR\"},{\"@type\":\"Organization\",\"@id\":\"https:\/\/hi-technologies.ch\/fr\/#organization\",\"name\":\"Hi-Technologies\",\"url\":\"https:\/\/hi-technologies.ch\/fr\/\",\"logo\":{\"@type\":\"ImageObject\",\"inLanguage\":\"fr-FR\",\"@id\":\"https:\/\/hi-technologies.ch\/fr\/#\/schema\/logo\/image\/\",\"url\":\"https:\/\/hi-technologies.ch\/app\/uploads\/2025\/12\/hi-technologies_logo2025-2.png\",\"contentUrl\":\"https:\/\/hi-technologies.ch\/app\/uploads\/2025\/12\/hi-technologies_logo2025-2.png\",\"width\":849,\"height\":281,\"caption\":\"Hi-Technologies\"},\"image\":{\"@id\":\"https:\/\/hi-technologies.ch\/fr\/#\/schema\/logo\/image\/\"},\"sameAs\":[\"https:\/\/www.linkedin.com\/company\/hitechnologies\/\"]}]}<\/script>\n<!-- \/ Yoast SEO plugin. -->","yoast_head_json":{"title":"Marques &amp; Partenaires - Hi-Technologies","robots":{"index":"index","follow":"follow","max-snippet":"max-snippet:-1","max-image-preview":"max-image-preview:large","max-video-preview":"max-video-preview:-1"},"canonical":"https:\/\/hi-technologies.ch\/fr\/marques-partenaires\/","og_locale":"fr_FR","og_type":"article","og_title":"Marques &amp; Partenaires - Hi-Technologies","og_url":"https:\/\/hi-technologies.ch\/fr\/marques-partenaires\/","og_site_name":"Hi-Technologies","article_modified_time":"2025-12-09T10:38:09+00:00","twitter_card":"summary_large_image","schema":{"@context":"https:\/\/schema.org","@graph":[{"@type":"WebPage","@id":"https:\/\/hi-technologies.ch\/fr\/marques-partenaires\/","url":"https:\/\/hi-technologies.ch\/fr\/marques-partenaires\/","name":"Marques &amp; Partenaires - Hi-Technologies","isPartOf":{"@id":"https:\/\/hi-technologies.ch\/fr\/#website"},"datePublished":"2025-10-08T09:25:06+00:00","dateModified":"2025-12-09T10:38:09+00:00","breadcrumb":{"@id":"https:\/\/hi-technologies.ch\/fr\/marques-partenaires\/#breadcrumb"},"inLanguage":"fr-FR","potentialAction":[{"@type":"ReadAction","target":["https:\/\/hi-technologies.ch\/fr\/marques-partenaires\/"]}]},{"@type":"BreadcrumbList","@id":"https:\/\/hi-technologies.ch\/fr\/marques-partenaires\/#breadcrumb","itemListElement":[{"@type":"ListItem","position":1,"name":"Home","item":"https:\/\/hi-technologies.ch\/fr\/"},{"@type":"ListItem","position":2,"name":"Marques &amp; Partenaires"}]},{"@type":"WebSite","@id":"https:\/\/hi-technologies.ch\/fr\/#website","url":"https:\/\/hi-technologies.ch\/fr\/","name":"Hi-Technologies","description":"","publisher":{"@id":"https:\/\/hi-technologies.ch\/fr\/#organization"},"potentialAction":[{"@type":"SearchAction","target":{"@type":"EntryPoint","urlTemplate":"https:\/\/hi-technologies.ch\/fr\/?s={search_term_string}"},"query-input":{"@type":"PropertyValueSpecification","valueRequired":true,"valueName":"search_term_string"}}],"inLanguage":"fr-FR"},{"@type":"Organization","@id":"https:\/\/hi-technologies.ch\/fr\/#organization","name":"Hi-Technologies","url":"https:\/\/hi-technologies.ch\/fr\/","logo":{"@type":"ImageObject","inLanguage":"fr-FR","@id":"https:\/\/hi-technologies.ch\/fr\/#\/schema\/logo\/image\/","url":"https:\/\/hi-technologies.ch\/app\/uploads\/2025\/12\/hi-technologies_logo2025-2.png","contentUrl":"https:\/\/hi-technologies.ch\/app\/uploads\/2025\/12\/hi-technologies_logo2025-2.png","width":849,"height":281,"caption":"Hi-Technologies"},"image":{"@id":"https:\/\/hi-technologies.ch\/fr\/#\/schema\/logo\/image\/"},"sameAs":["https:\/\/www.linkedin.com\/company\/hitechnologies\/"]}]}},"_links":{"self":[{"href":"https:\/\/hi-technologies.ch\/fr\/wp-json\/wp\/v2\/pages\/96","targetHints":{"allow":["GET"]}}],"collection":[{"href":"https:\/\/hi-technologies.ch\/fr\/wp-json\/wp\/v2\/pages"}],"about":[{"href":"https:\/\/hi-technologies.ch\/fr\/wp-json\/wp\/v2\/types\/page"}],"author":[{"embeddable":true,"href":"https:\/\/hi-technologies.ch\/fr\/wp-json\/wp\/v2\/users\/1"}],"replies":[{"embeddable":true,"href":"https:\/\/hi-technologies.ch\/fr\/wp-json\/wp\/v2\/comments?post=96"}],"version-history":[{"count":9,"href":"https:\/\/hi-technologies.ch\/fr\/wp-json\/wp\/v2\/pages\/96\/revisions"}],"predecessor-version":[{"id":4828,"href":"https:\/\/hi-technologies.ch\/fr\/wp-json\/wp\/v2\/pages\/96\/revisions\/4828"}],"wp:attachment":[{"href":"https:\/\/hi-technologies.ch\/fr\/wp-json\/wp\/v2\/media?parent=96"}],"wp:term":[{"taxonomy":"domaine_solution","embeddable":true,"href":"https:\/\/hi-technologies.ch\/fr\/wp-json\/wp\/v2\/domaine_solution?post=96"}],"curies":[{"name":"wp","href":"https:\/\/api.w.org\/{rel}","templated":true}]}}