{"id":762,"date":"2025-10-21T11:46:06","date_gmt":"2025-10-21T09:46:06","guid":{"rendered":"https:\/\/hi-technologies.ch\/?page_id=762"},"modified":"2026-04-23T08:25:07","modified_gmt":"2026-04-23T06:25:07","slug":"cisco-room-navigator","status":"publish","type":"page","link":"https:\/\/hi-technologies.ch\/fr\/marques-partenaires\/cisco-room-navigator\/","title":{"rendered":"Cisco Room Navigator"},"content":{"rendered":"\n\n\n\n   \n\n\n  \n\n\n\n\n\n<section\n  id=\"block_7be0078f138aedb138d2e17a48d88c80\"\n  class=\"hero_section relative isolate   w-full overflow-hidden md:rounded-2xl md:mt-6 mt-0 js-hero\"\n  data-hero-tone=\"light\"\n  style=\" min-height:48vh;\">\n\n\n    \n\n        <div class=\"absolute top-0 left-0 right-0 bottom-0 z-0 overflow-hidden\">\n      <video\n        class=\"w-full h-full object-cover\"\n        autoplay        muted                playsinline\n        preload=\"metadata\"\n              >\n        <source src=\"https:\/\/hi-technologies.ch\/app\/uploads\/2025\/10\/Cisco_clean_video.mp4\" type=\"video\/mp4\">\n      <\/video>\n\n            <div class=\"absolute top-0 left-0 w-full h-full block pointer-events-none\"\n           style=\"background: linear-gradient(90deg, rgba(0,0,0,.40) 0%, rgba(0,0,0,0) 50%);\"><\/div>\n    <\/div>\n  \n    \n  <div class=\"relative z-20 max-w-7xl px-4 md:px-6 mx-auto\" style=\"min-height:48vh;\">\n    <div class=\"flex items-center\" style=\"min-height:48vh;\">\n              \n        <div class=\"hero__content py-12 md:py-16 lg:py-20 text-white text-left\">\n\n          \n                      <h1 class=\"text-3xl md:text-6xl fw-600 uppercase leading-tight js-reveal\"\n                data-reveal-from=\"left\" data-reveal-distance=\"24\"\n                data-reveal-delay=\"0.06\" data-reveal-once=\"true\">\n              Cisco Room Navigator\n            <\/h1>\n          \n                      <div class=\"mt-4 text-sm md:text-base leading-relaxed opacity-95 js-reveal-blur\"\n                data-reveal-distance=\"12\" data-reveal-delay=\"0.12\" data-reveal-once=\"true\">\n              <p>D\u00e9couvrez <b>Cisco Room Navigator<\/b>, l\u2019\u00e9cran tactile intelligent qui connecte vos espaces, optimise leur usage et am\u00e9liore l\u2019exp\u00e9rience de collaboration.<\/p>\n\n            <\/div>\n          \n                                          <div class=\"mt-6 flex flex-wrap items-center gap-4 js-reveal\"\n                data-reveal-from=\"up\" data-reveal-distance=\"16\"\n                data-reveal-delay=\"0.18\" data-reveal-once=\"true\">\n                                                  \n                    \n                \n\n<a href=\"#solutions\" class=\"cta_link tone-teal\">\n  <span>D\u00e9couvrir la solution<\/span>\n  <\/a>\n      \n                                                  \n                    \n                \n\n\n\n\n\n\n      \n        \n    \n      <a href=\"https:\/\/hi-technologies.ch\/fr\/contact\/\"\n       class=\"cta_btn cta_btn--md cta_btn--wipe tone-teal cta_btn--hairline halo-none\"\n       >\n      <span>Contactez nos sp\u00e9cialistes<\/span>\n          <\/a>\n        \n            <\/div>\n          \n        <\/div>\n\n    <\/div>\n  <\/div>\n<\/section>\n\n<script>\n  (function () {\n    var hero = document.currentScript && document.currentScript.previousElementSibling;\n    if (!hero) return;\n    var tone = hero.getAttribute('data-hero-tone') || 'light';\n    document.body.classList.add('has-hero', 'hero-tone-' + tone);\n  })();\n<\/script>\n\n\n\n\n\n\n\n\n<section id=\"block_5d8bd24610c31f8998a11170097bb5ef\"\n         class=\"b2 block_2col mt-12 rounded-2xl \"\n         style=\"background-color:#f7f7f7;\">\n  <div class=\"max-w-7xl mx-auto px-4 md:px-6 py-12 md:py-16\">\n    <div class=\"grid grid-cols-1 md:grid-cols-12 gap-8 md:gap-10 items-center\">\n\n            <div class=\"md:order-1 md:col-span-6 pl-12 pr-12 js-reveal\" data-reveal-distance=\"24\">\n                                  <img decoding=\"async\" class=\"b2-logo max-w-[340px] w-full h-auto\" src=\"https:\/\/hi-technologies.ch\/app\/uploads\/2025\/10\/cisco.svg\" alt=\"\">\n        \n        \n              <\/div>\n\n            <div class=\"md:order-2 md:col-span-6 pl-12 pr-12 js-reveal\" data-reveal-distance=\"24\">\n                  <h2 class=\"text-3xl md:text-4xl fw-500 leading-tight mb-12 mt-12 js-reveal-blur\" data-reveal-stagger=\"0.06\">\n            R\u00e9servez, collaborez, optimisez\n          <\/h2>\n        \n                  <div class=\"text-xs md:text-base leading-relaxed mt-12 mb-6\">\n            <div class=\"text-xs md:text-base leading-relaxed mt-12 mb-6\">\n<p>Cisco est un leader mondial des technologies de communication et de collaboration, reconnu pour ses solutions innovantes qui connectent les entreprises et optimisent les environnements de travail.<\/p>\n<p>Sa solution Room Navigator incarne cette vision en simplifiant la r\u00e9servation et la gestion des salles de r\u00e9union. Disponible en\u00a0<b>version murale ou sur pied<\/b>, cet \u00e9cran tactile de 10 pouces affiche en temps r\u00e9el la disponibilit\u00e9 des espaces, permet la r\u00e9servation instantan\u00e9e et s\u2019int\u00e8gre parfaitement aux calendriers tels qu\u2019Outlook, Google Calendar ou <a href=\"https:\/\/hi-technologies.ch\/fr\/microsoft-teams-rooms\/\" target=\"_blank\" rel=\"noopener\">Microsoft Teams Rooms<\/a>.<\/p>\n<p>Gr\u00e2ce \u00e0 ses capteurs int\u00e9gr\u00e9s et \u00e0 sa compatibilit\u00e9 avec l\u2019\u00e9cosyst\u00e8me Cisco, le Room Navigator offre une exp\u00e9rience fluide et connect\u00e9e, favorisant une utilisation optimale des espaces collaboratifs et une gestion intelligente des ressources.<\/p>\n<\/div>\n<div class=\"mt-6 flex flex-wrap gap-4\"><\/div>\n\n          <\/div>\n        \n                        \n                  <div class=\"mt-6 flex flex-wrap gap-4\">\n                                                \n                    \n                \n\n<a href=\"https:\/\/hi-technologies.ch\/fr\/contact\/\" class=\"cta_link tone-teal\">\n  <span>Nous consulter<\/span>\n  <\/a>\n      \n                      \n          <\/div>\n              <\/div>\n\n    <\/div>\n  <\/div>\n<\/section>\n\n\n\n\n\n\n\n  \n\n\n\n<section id=\"solutions\"\n         class=\"relative cms-grid--full tone-amber bg-gradient-brand text-neutral-900 mt-24\"\n         style=\"\n                --overlay-image: url('https:\/\/hi-technologies.ch\/app\/themes\/hi-tech-light\/assets\/img\/background-gridblock2.svg');\n        --overlay-opacity: 0.14;\n        --overlay-blend: multiply;\n        --overlay-repeat: repeat-x;\n        --overlay-size: 100% auto;\n        --overlay-position: center center;\n      \">\n  <div class=\"max-w-7xl mx-auto px-4 md:px-6 py-12 md:py-16 text-neutral-900\">\n          <h2 class=\"text-center text-2xl md:text-3xl fw-500 leading-tight mb-8 md:mb-10 js-reveal\"\n          data-reveal-distance=\"24\" data-reveal-stagger=\"0.08\">\n        Hi Technologies vous pr\u00e9sente <br \/> Cisco Room Navigator for Wall\n      <\/h2>\n    \n              <div class=\"grid grid-cols-1 md:grid-cols-2 gap-8 md:gap-10\">\n        \n          \n                                                                \n          \n          <article class=\"w-full js-reveal\" data-reveal-distance=\"24\" data-reveal-stagger=\"0.08\">\n            <div class=\"mx-auto\">\n                              <figure class=\"ratio-box ratio-16-9 mb-5\">\n                  <img\n                    src=\"https:\/\/hi-technologies.ch\/app\/uploads\/2025\/10\/1-Cisco-Webex-Room_Navigator.jpg\"\n                    alt=\"\"\n                    loading=\"lazy\"\n                    decoding=\"async\"\n                  \/>\n                <\/figure>\n              \n              <div class=\"py-4 px-4 rounded-xl\">\n                                  <h3 class=\"text-xl md:text-2xl fw-500 leading-tight mb-4 line-clamp-2\">\n                    Simplifiez la r\u00e9servation de vos salles\n                  <\/h3>\n                \n                                  <div class=\"prose max-w-none prose-neutral mb-6\">\n                    <p>R\u00e9servez un espace, consultez le planning des salles et enregistrez votre arriv\u00e9e \u00e0 la r\u00e9union gr\u00e2ce \u00e0 un dispositif intuitif, parfaitement compatible avec la solution\u00a0<strong data-start=\"279\" data-end=\"301\">Cisco Room Booking<\/strong>, l\u2019exp\u00e9rience\u00a0<strong data-start=\"316\" data-end=\"341\">Microsoft Teams Panel<\/strong>, ainsi qu\u2019avec d\u2019autres applications tierces ou personnalis\u00e9es de gestion d\u2019espaces de travail.<\/p>\n\n                  <\/div>\n                \n                \n              <\/div>            <\/div>\n          <\/article>\n        \n          \n                                                                \n          \n          <article class=\"w-full js-reveal\" data-reveal-distance=\"24\" data-reveal-stagger=\"0.08\">\n            <div class=\"mx-auto\">\n                              <figure class=\"ratio-box ratio-16-9 mb-5\">\n                  <img\n                    src=\"https:\/\/hi-technologies.ch\/app\/uploads\/2025\/10\/2-Cisco-Room-Navigator-02.jpg\"\n                    alt=\"\"\n                    loading=\"lazy\"\n                    decoding=\"async\"\n                  \/>\n                <\/figure>\n              \n              <div class=\"py-4 px-4 rounded-xl\">\n                                  <h3 class=\"text-xl md:text-2xl fw-500 leading-tight mb-4 line-clamp-2\">\n                    Cr\u00e9ez une exp\u00e9rience fluide au sein de vos espaces de travail\n                  <\/h3>\n                \n                                  <div class=\"prose max-w-none prose-neutral mb-6\">\n                    <p>D\u00e9placez-vous facilement dans vos locaux gr\u00e2ce \u00e0 des\u00a0<strong data-start=\"251\" data-end=\"277\">\u00e9crans tactiles muraux<\/strong>\u00a0\u00e9quip\u00e9s de\u00a0<strong data-start=\"289\" data-end=\"304\">voyants LED<\/strong>\u00a0indiquant en temps r\u00e9el la disponibilit\u00e9 des salles.<br data-start=\"357\" data-end=\"360\" \/>Ces panneaux interactifs permettent \u00e9galement la\u00a0<strong data-start=\"409\" data-end=\"434\">r\u00e9servation de salles<\/strong>, le\u00a0<strong data-start=\"439\" data-end=\"467\">contr\u00f4le des \u00e9quipements<\/strong>, la\u00a0<strong data-start=\"472\" data-end=\"503\">signal\u00e9tique directionnelle<\/strong>\u00a0(<em data-start=\"505\" data-end=\"517\">wayfinding<\/em>), l\u2019<strong data-start=\"522\" data-end=\"545\">affichage dynamique<\/strong>, et bien plus encore.<\/p>\n\n                  <\/div>\n                \n                \n              <\/div>            <\/div>\n          <\/article>\n        \n          \n                                                                \n          \n          <article class=\"w-full js-reveal\" data-reveal-distance=\"24\" data-reveal-stagger=\"0.08\">\n            <div class=\"mx-auto\">\n                              <figure class=\"ratio-box ratio-16-9 mb-5\">\n                  <img\n                    src=\"https:\/\/hi-technologies.ch\/app\/uploads\/2025\/10\/3-Cisco-Room-Navigator.jpg\"\n                    alt=\"\"\n                    loading=\"lazy\"\n                    decoding=\"async\"\n                  \/>\n                <\/figure>\n              \n              <div class=\"py-4 px-4 rounded-xl\">\n                                  <h3 class=\"text-xl md:text-2xl fw-500 leading-tight mb-4 line-clamp-2\">\n                    D\u00e9ployez en toute simplicit\u00e9\n                  <\/h3>\n                \n                                  <div class=\"prose max-w-none prose-neutral mb-6\">\n                    <p>Disponibles en\u00a0<strong data-start=\"628\" data-end=\"643\">First Light<\/strong>\u00a0et\u00a0<strong data-start=\"647\" data-end=\"663\">Carbon Black<\/strong>, ces panneaux peuvent \u00eatre install\u00e9s comme\u00a0<strong data-start=\"707\" data-end=\"754\">\u00e9crans autonomes de planification de salles<\/strong>\u00a0ou associ\u00e9s \u00e0 un\u00a0<strong data-start=\"772\" data-end=\"808\">syst\u00e8me de visioconf\u00e9rence Cisco<\/strong>\u00a0pour une installation simplifi\u00e9e via un\u00a0<strong data-start=\"849\" data-end=\"874\">c\u00e2ble Ethernet unique<\/strong>, sur tout type de mur \u2013 qu\u2019il soit\u00a0<strong data-start=\"910\" data-end=\"926\">sec ou vitr\u00e9<\/strong>.<\/p>\n\n                  <\/div>\n                \n                \n              <\/div>            <\/div>\n          <\/article>\n        \n          \n                                                                \n          \n          <article class=\"w-full js-reveal\" data-reveal-distance=\"24\" data-reveal-stagger=\"0.08\">\n            <div class=\"mx-auto\">\n                              <figure class=\"ratio-box ratio-16-9 mb-5\">\n                  <img\n                    src=\"https:\/\/hi-technologies.ch\/app\/uploads\/2025\/10\/4-Cisco-Room-Navigator-04.jpg\"\n                    alt=\"\"\n                    loading=\"lazy\"\n                    decoding=\"async\"\n                  \/>\n                <\/figure>\n              \n              <div class=\"py-4 px-4 rounded-xl\">\n                                  <h3 class=\"text-xl md:text-2xl fw-500 leading-tight mb-4 line-clamp-2\">\n                    Optimisez vos espaces de travail\n                  <\/h3>\n                \n                                  <div class=\"prose max-w-none prose-neutral mb-6\">\n                    <p>Exploitez des\u00a0<strong data-start=\"991\" data-end=\"1035\">donn\u00e9es intelligentes issues de capteurs<\/strong>\u00a0pour lib\u00e9rer automatiquement les salles non utilis\u00e9es,\u00a0<strong data-start=\"1091\" data-end=\"1130\">analyser les tendances d\u2019occupation<\/strong>, et\u00a0<strong data-start=\"1135\" data-end=\"1182\">surveiller les conditions environnementales<\/strong>.<br data-start=\"1183\" data-end=\"1186\" \/>Ces informations vous aident \u00e0\u00a0<strong data-start=\"1217\" data-end=\"1252\">prendre de meilleures d\u00e9cisions<\/strong>,\u00a0<strong data-start=\"1254\" data-end=\"1293\">optimiser l\u2019utilisation des espaces<\/strong>\u00a0et\u00a0<strong data-start=\"1297\" data-end=\"1342\">am\u00e9liorer le bien-\u00eatre des collaborateurs<\/strong>.<\/p>\n\n                  <\/div>\n                \n                \n              <\/div>            <\/div>\n          <\/article>\n              <\/div>\n      <\/div>\n<\/section>\n","protected":false},"excerpt":{"rendered":"","protected":false},"author":1,"featured_media":781,"parent":96,"menu_order":0,"comment_status":"closed","ping_status":"closed","template":"page-templates\/page-marque.php","meta":{"_acf_changed":false,"inline_featured_image":false,"footnotes":""},"domaine_solution":[60],"class_list":["post-762","page","type-page","status-publish","has-post-thumbnail","hentry"],"acf":[],"yoast_head":"<!-- This site is optimized with the Yoast SEO plugin v25.8 - https:\/\/yoast.com\/wordpress\/plugins\/seo\/ -->\n<title>Cisco Room Navigator - Hi-Technologies<\/title>\n<meta name=\"description\" content=\"Cisco Room Navigator connecte vos espaces de r\u00e9union avec un \u00e9cran tactile intelligent pour r\u00e9server, guider et optimiser l\u2019usage des salles, tout en am\u00e9liorant l\u2019exp\u00e9rience de collaboration.\" \/>\n<meta name=\"robots\" content=\"index, follow, max-snippet:-1, max-image-preview:large, max-video-preview:-1\" \/>\n<link rel=\"canonical\" href=\"https:\/\/hi-technologies.ch\/fr\/marques-partenaires\/cisco-room-navigator\/\" \/>\n<meta property=\"og:locale\" content=\"fr_FR\" \/>\n<meta property=\"og:type\" content=\"article\" \/>\n<meta property=\"og:title\" content=\"Cisco Room Navigator - Hi-Technologies\" \/>\n<meta property=\"og:description\" content=\"Cisco Room Navigator connecte vos espaces de r\u00e9union avec un \u00e9cran tactile intelligent pour r\u00e9server, guider et optimiser l\u2019usage des salles, tout en am\u00e9liorant l\u2019exp\u00e9rience de collaboration.\" \/>\n<meta property=\"og:url\" content=\"https:\/\/hi-technologies.ch\/fr\/marques-partenaires\/cisco-room-navigator\/\" \/>\n<meta property=\"og:site_name\" content=\"Hi-Technologies\" \/>\n<meta property=\"article:modified_time\" content=\"2026-04-23T06:25:07+00:00\" \/>\n<meta name=\"twitter:card\" content=\"summary_large_image\" \/>\n<meta name=\"twitter:label1\" content=\"Est. reading time\" \/>\n\t<meta name=\"twitter:data1\" content=\"1 minute\" \/>\n<script type=\"application\/ld+json\" class=\"yoast-schema-graph\">{\"@context\":\"https:\/\/schema.org\",\"@graph\":[{\"@type\":\"WebPage\",\"@id\":\"https:\/\/hi-technologies.ch\/fr\/marques-partenaires\/cisco-room-navigator\/\",\"url\":\"https:\/\/hi-technologies.ch\/fr\/marques-partenaires\/cisco-room-navigator\/\",\"name\":\"Cisco Room Navigator - Hi-Technologies\",\"isPartOf\":{\"@id\":\"https:\/\/hi-technologies.ch\/fr\/#website\"},\"primaryImageOfPage\":{\"@id\":\"https:\/\/hi-technologies.ch\/fr\/marques-partenaires\/cisco-room-navigator\/#primaryimage\"},\"image\":{\"@id\":\"https:\/\/hi-technologies.ch\/fr\/marques-partenaires\/cisco-room-navigator\/#primaryimage\"},\"thumbnailUrl\":\"https:\/\/hi-technologies.ch\/app\/uploads\/2025\/10\/cisco.svg\",\"datePublished\":\"2025-10-21T09:46:06+00:00\",\"dateModified\":\"2026-04-23T06:25:07+00:00\",\"description\":\"Cisco Room Navigator connecte vos espaces de r\u00e9union avec un \u00e9cran tactile intelligent pour r\u00e9server, guider et optimiser l\u2019usage des salles, tout en am\u00e9liorant l\u2019exp\u00e9rience de collaboration.\",\"breadcrumb\":{\"@id\":\"https:\/\/hi-technologies.ch\/fr\/marques-partenaires\/cisco-room-navigator\/#breadcrumb\"},\"inLanguage\":\"fr-FR\",\"potentialAction\":[{\"@type\":\"ReadAction\",\"target\":[\"https:\/\/hi-technologies.ch\/fr\/marques-partenaires\/cisco-room-navigator\/\"]}]},{\"@type\":\"ImageObject\",\"inLanguage\":\"fr-FR\",\"@id\":\"https:\/\/hi-technologies.ch\/fr\/marques-partenaires\/cisco-room-navigator\/#primaryimage\",\"url\":\"https:\/\/hi-technologies.ch\/app\/uploads\/2025\/10\/cisco.svg\",\"contentUrl\":\"https:\/\/hi-technologies.ch\/app\/uploads\/2025\/10\/cisco.svg\",\"width\":800,\"height\":800},{\"@type\":\"BreadcrumbList\",\"@id\":\"https:\/\/hi-technologies.ch\/fr\/marques-partenaires\/cisco-room-navigator\/#breadcrumb\",\"itemListElement\":[{\"@type\":\"ListItem\",\"position\":1,\"name\":\"Home\",\"item\":\"https:\/\/hi-technologies.ch\/fr\/\"},{\"@type\":\"ListItem\",\"position\":2,\"name\":\"Marques &amp; Partenaires\",\"item\":\"https:\/\/hi-technologies.ch\/fr\/marques-partenaires\/\"},{\"@type\":\"ListItem\",\"position\":3,\"name\":\"Cisco Room Navigator\"}]},{\"@type\":\"WebSite\",\"@id\":\"https:\/\/hi-technologies.ch\/fr\/#website\",\"url\":\"https:\/\/hi-technologies.ch\/fr\/\",\"name\":\"Hi-Technologies\",\"description\":\"\",\"publisher\":{\"@id\":\"https:\/\/hi-technologies.ch\/fr\/#organization\"},\"potentialAction\":[{\"@type\":\"SearchAction\",\"target\":{\"@type\":\"EntryPoint\",\"urlTemplate\":\"https:\/\/hi-technologies.ch\/fr\/?s={search_term_string}\"},\"query-input\":{\"@type\":\"PropertyValueSpecification\",\"valueRequired\":true,\"valueName\":\"search_term_string\"}}],\"inLanguage\":\"fr-FR\"},{\"@type\":\"Organization\",\"@id\":\"https:\/\/hi-technologies.ch\/fr\/#organization\",\"name\":\"Hi-Technologies\",\"url\":\"https:\/\/hi-technologies.ch\/fr\/\",\"logo\":{\"@type\":\"ImageObject\",\"inLanguage\":\"fr-FR\",\"@id\":\"https:\/\/hi-technologies.ch\/fr\/#\/schema\/logo\/image\/\",\"url\":\"https:\/\/hi-technologies.ch\/app\/uploads\/2025\/12\/hi-technologies_logo2025-2.png\",\"contentUrl\":\"https:\/\/hi-technologies.ch\/app\/uploads\/2025\/12\/hi-technologies_logo2025-2.png\",\"width\":849,\"height\":281,\"caption\":\"Hi-Technologies\"},\"image\":{\"@id\":\"https:\/\/hi-technologies.ch\/fr\/#\/schema\/logo\/image\/\"},\"sameAs\":[\"https:\/\/www.linkedin.com\/company\/hitechnologies\/\"]}]}<\/script>\n<!-- \/ Yoast SEO plugin. -->","yoast_head_json":{"title":"Cisco Room Navigator - Hi-Technologies","description":"Cisco Room Navigator connecte vos espaces de r\u00e9union avec un \u00e9cran tactile intelligent pour r\u00e9server, guider et optimiser l\u2019usage des salles, tout en am\u00e9liorant l\u2019exp\u00e9rience de collaboration.","robots":{"index":"index","follow":"follow","max-snippet":"max-snippet:-1","max-image-preview":"max-image-preview:large","max-video-preview":"max-video-preview:-1"},"canonical":"https:\/\/hi-technologies.ch\/fr\/marques-partenaires\/cisco-room-navigator\/","og_locale":"fr_FR","og_type":"article","og_title":"Cisco Room Navigator - Hi-Technologies","og_description":"Cisco Room Navigator connecte vos espaces de r\u00e9union avec un \u00e9cran tactile intelligent pour r\u00e9server, guider et optimiser l\u2019usage des salles, tout en am\u00e9liorant l\u2019exp\u00e9rience de collaboration.","og_url":"https:\/\/hi-technologies.ch\/fr\/marques-partenaires\/cisco-room-navigator\/","og_site_name":"Hi-Technologies","article_modified_time":"2026-04-23T06:25:07+00:00","twitter_card":"summary_large_image","twitter_misc":{"Est. reading time":"1 minute"},"schema":{"@context":"https:\/\/schema.org","@graph":[{"@type":"WebPage","@id":"https:\/\/hi-technologies.ch\/fr\/marques-partenaires\/cisco-room-navigator\/","url":"https:\/\/hi-technologies.ch\/fr\/marques-partenaires\/cisco-room-navigator\/","name":"Cisco Room Navigator - Hi-Technologies","isPartOf":{"@id":"https:\/\/hi-technologies.ch\/fr\/#website"},"primaryImageOfPage":{"@id":"https:\/\/hi-technologies.ch\/fr\/marques-partenaires\/cisco-room-navigator\/#primaryimage"},"image":{"@id":"https:\/\/hi-technologies.ch\/fr\/marques-partenaires\/cisco-room-navigator\/#primaryimage"},"thumbnailUrl":"https:\/\/hi-technologies.ch\/app\/uploads\/2025\/10\/cisco.svg","datePublished":"2025-10-21T09:46:06+00:00","dateModified":"2026-04-23T06:25:07+00:00","description":"Cisco Room Navigator connecte vos espaces de r\u00e9union avec un \u00e9cran tactile intelligent pour r\u00e9server, guider et optimiser l\u2019usage des salles, tout en am\u00e9liorant l\u2019exp\u00e9rience de collaboration.","breadcrumb":{"@id":"https:\/\/hi-technologies.ch\/fr\/marques-partenaires\/cisco-room-navigator\/#breadcrumb"},"inLanguage":"fr-FR","potentialAction":[{"@type":"ReadAction","target":["https:\/\/hi-technologies.ch\/fr\/marques-partenaires\/cisco-room-navigator\/"]}]},{"@type":"ImageObject","inLanguage":"fr-FR","@id":"https:\/\/hi-technologies.ch\/fr\/marques-partenaires\/cisco-room-navigator\/#primaryimage","url":"https:\/\/hi-technologies.ch\/app\/uploads\/2025\/10\/cisco.svg","contentUrl":"https:\/\/hi-technologies.ch\/app\/uploads\/2025\/10\/cisco.svg","width":800,"height":800},{"@type":"BreadcrumbList","@id":"https:\/\/hi-technologies.ch\/fr\/marques-partenaires\/cisco-room-navigator\/#breadcrumb","itemListElement":[{"@type":"ListItem","position":1,"name":"Home","item":"https:\/\/hi-technologies.ch\/fr\/"},{"@type":"ListItem","position":2,"name":"Marques &amp; Partenaires","item":"https:\/\/hi-technologies.ch\/fr\/marques-partenaires\/"},{"@type":"ListItem","position":3,"name":"Cisco Room Navigator"}]},{"@type":"WebSite","@id":"https:\/\/hi-technologies.ch\/fr\/#website","url":"https:\/\/hi-technologies.ch\/fr\/","name":"Hi-Technologies","description":"","publisher":{"@id":"https:\/\/hi-technologies.ch\/fr\/#organization"},"potentialAction":[{"@type":"SearchAction","target":{"@type":"EntryPoint","urlTemplate":"https:\/\/hi-technologies.ch\/fr\/?s={search_term_string}"},"query-input":{"@type":"PropertyValueSpecification","valueRequired":true,"valueName":"search_term_string"}}],"inLanguage":"fr-FR"},{"@type":"Organization","@id":"https:\/\/hi-technologies.ch\/fr\/#organization","name":"Hi-Technologies","url":"https:\/\/hi-technologies.ch\/fr\/","logo":{"@type":"ImageObject","inLanguage":"fr-FR","@id":"https:\/\/hi-technologies.ch\/fr\/#\/schema\/logo\/image\/","url":"https:\/\/hi-technologies.ch\/app\/uploads\/2025\/12\/hi-technologies_logo2025-2.png","contentUrl":"https:\/\/hi-technologies.ch\/app\/uploads\/2025\/12\/hi-technologies_logo2025-2.png","width":849,"height":281,"caption":"Hi-Technologies"},"image":{"@id":"https:\/\/hi-technologies.ch\/fr\/#\/schema\/logo\/image\/"},"sameAs":["https:\/\/www.linkedin.com\/company\/hitechnologies\/"]}]}},"_links":{"self":[{"href":"https:\/\/hi-technologies.ch\/fr\/wp-json\/wp\/v2\/pages\/762","targetHints":{"allow":["GET"]}}],"collection":[{"href":"https:\/\/hi-technologies.ch\/fr\/wp-json\/wp\/v2\/pages"}],"about":[{"href":"https:\/\/hi-technologies.ch\/fr\/wp-json\/wp\/v2\/types\/page"}],"author":[{"embeddable":true,"href":"https:\/\/hi-technologies.ch\/fr\/wp-json\/wp\/v2\/users\/1"}],"replies":[{"embeddable":true,"href":"https:\/\/hi-technologies.ch\/fr\/wp-json\/wp\/v2\/comments?post=762"}],"version-history":[{"count":68,"href":"https:\/\/hi-technologies.ch\/fr\/wp-json\/wp\/v2\/pages\/762\/revisions"}],"predecessor-version":[{"id":6432,"href":"https:\/\/hi-technologies.ch\/fr\/wp-json\/wp\/v2\/pages\/762\/revisions\/6432"}],"up":[{"embeddable":true,"href":"https:\/\/hi-technologies.ch\/fr\/wp-json\/wp\/v2\/pages\/96"}],"wp:featuredmedia":[{"embeddable":true,"href":"https:\/\/hi-technologies.ch\/fr\/wp-json\/wp\/v2\/media\/781"}],"wp:attachment":[{"href":"https:\/\/hi-technologies.ch\/fr\/wp-json\/wp\/v2\/media?parent=762"}],"wp:term":[{"taxonomy":"domaine_solution","embeddable":true,"href":"https:\/\/hi-technologies.ch\/fr\/wp-json\/wp\/v2\/domaine_solution?post=762"}],"curies":[{"name":"wp","href":"https:\/\/api.w.org\/{rel}","templated":true}]}}