{"id":6427,"date":"2026-04-22T17:29:36","date_gmt":"2026-04-22T15:29:36","guid":{"rendered":"https:\/\/hi-technologies.ch\/?page_id=6427"},"modified":"2026-04-23T08:36:50","modified_gmt":"2026-04-23T06:36:50","slug":"reservation-despace-room-scheduling","status":"publish","type":"page","link":"https:\/\/hi-technologies.ch\/fr\/services\/reservation-despace-room-scheduling\/","title":{"rendered":"R\u00e9servation d&#8217;Espaces &amp; Room Scheduling"},"content":{"rendered":"\n\n\n\n   \n\n\n  \n\n\n\n\n        \n<section\n  id=\"block_639a55c95b4060eb87b1b83da3a9e890\"\n  class=\"hero_section relative isolate   w-full overflow-hidden md:rounded-2xl md:mt-6 mt-0 js-hero\"\n  data-hero-tone=\"dark\"\n  style=\"background-image:linear-gradient(90deg, rgba(247,247,247,1) 0%, rgba(247,247,247,.10) 60%, rgba(247,247,247,0) 100%), url(https:\/\/hi-technologies.ch\/app\/uploads\/2025\/10\/Hit-Biamp-evoko_hero.jpg); background-size:cover; background-position:center; min-height:48vh;\">\n\n\n    \n\n    \n    \n  <div class=\"relative z-20 max-w-7xl px-4 md:px-6 mx-auto\" style=\"min-height:48vh;\">\n    <div class=\"flex items-center\" style=\"min-height:48vh;\">\n              \n        <div class=\"hero__content py-12 md:py-16 lg:py-20 text-black text-left\">\n\n          \n                      <h1 class=\"text-3xl md:text-6xl fw-600 uppercase leading-tight js-reveal\"\n                data-reveal-from=\"left\" data-reveal-distance=\"24\"\n                data-reveal-delay=\"0.06\" data-reveal-once=\"true\">\n              R\u00e9servation d&#8217;Espaces &#038; Room Scheduling\n            <\/h1>\n          \n                      <div class=\"mt-4 text-sm md:text-base leading-relaxed opacity-95 js-reveal-blur\"\n                data-reveal-distance=\"12\" data-reveal-delay=\"0.12\" data-reveal-once=\"true\">\n              <p>Optimisez l&#8217;utilisation de vos salles de r\u00e9union et espaces collaboratifs. Hi Technologies d\u00e9ploie des syst\u00e8mes de r\u00e9servation intuitifs et connect\u00e9s pour simplifier l&#8217;organisation de vos \u00e9quipes et maximiser le taux d&#8217;occupation de vos locaux.<\/p>\n\n            <\/div>\n          \n                                          <div class=\"mt-6 flex flex-wrap items-center gap-4 js-reveal\"\n                data-reveal-from=\"up\" data-reveal-distance=\"16\"\n                data-reveal-delay=\"0.18\" data-reveal-once=\"true\">\n                                                  \n                    \n                \n\n<a href=\"#solutions\" class=\"cta_link tone-teal\">\n  <span>D\u00e9couvrir nos solutions<\/span>\n  <\/a>\n      \n                        \n            <\/div>\n          \n        <\/div>\n\n    <\/div>\n  <\/div>\n<\/section>\n\n<script>\n  (function () {\n    var hero = document.currentScript && document.currentScript.previousElementSibling;\n    if (!hero) return;\n    var tone = hero.getAttribute('data-hero-tone') || 'light';\n    document.body.classList.add('has-hero', 'hero-tone-' + tone);\n  })();\n<\/script>\n\n\n\n\n\n\n\n\n\n\n\n<section id=\"block_d99773bfd5c32bf3432b6518893a54dc\" class=\"spotlight relative  mt-5 mb-5\">\n  <div class=\"max-w-7xl mx-auto px-4 md:px-6 py-12 md:py-16\">\n\n        <div\n      class=\"hidden md:block absolute inset-y-6 md:inset-y-8 bg-[#f7f7f7] rounded-2xl w-1\/2 left-0\"\n      aria-hidden=\"true\"><\/div>\n\n    <div class=\"relative grid grid-cols-1 md:grid-cols-12 gap-8 md:gap-12 items-center z-10\">\n\n            <div class=\"md:order-2 md:col-span-7 md:-ml-10 lg:-ml-12 js-reveal\"\n        data-reveal-from=\"right\"\n        data-reveal-distance=\"120\"\n        data-reveal-delay=\"0\">\n                          <img decoding=\"async\" class=\"w-auto rounded-xl shadow-sm max-h-[550px] overflow-y-auto m-auto\" src=\"https:\/\/hi-technologies.ch\/app\/uploads\/2025\/10\/01-Crestron-room-scheduling.webp\" alt=\"\">\n        \n                          <div class=\"mt-6 md:mt-8\">\n            <div class=\"md:w-[420px] md:ml-[160px] md:mr-[160px] md:pl-4\">\n                            <div class=\"inline-block align-top max-w-[40ch] border-l border-l-[#0080A2] pl-4 py-4 text-base md:text-lg opacity-90 js-reveal\"\n                  data-reveal-from=\"right\"\n                  data-reveal-distance=\"80\"\n                  data-reveal-delay=\"0.12\">\n                    <p>En tant qu&#8217;int\u00e9grateur, nous connectons ces outils \u00e0 votre infrastructure IT pour une synchronisation en temps r\u00e9el, garantissant des donn\u00e9es fiables et une gestion optimale de vos m\u00e8tres carr\u00e9s.<\/p>\n\n              <\/div>\n            <\/div>\n          <\/div>\n              <\/div>\n\n            <div class=\"md:order-1 md:col-span-5\">\n        <div class=\"px-5 py-15 md:px-10 md:py-30 \">\n\n          \n                      <h2 class=\"text-3xl md:text-4xl fw-600 leading-tight mb-8 mt-16 js-reveal\"\n                data-reveal-from=\"left\" data-reveal-distance=\"24\" data-reveal-once=\"true\">\n              La fin des r\u00e9unions fant\u00f4mes et des conflits de salles\n            <\/h2>\n          \n                      <p class=\"text-lg uppercase tracking-wide opacity-80 mb-6 u-title fw-500 js-reveal\"\n              data-reveal-from=\"left\" data-reveal-distance=\"20\"\n              data-reveal-delay=\"0.06\" data-reveal-once=\"true\">\n              Fluidit\u00e9 &#038; Efficacit\u00e9\n            <\/p>\n          \n                      <div class=\"mt-2 text-sm md:text-base leading-relaxed js-reveal-blur\"\n                data-reveal-distance=\"12\" data-reveal-delay=\"0.12\" data-reveal-once=\"true\">\n              <p>G\u00e9rer les espaces de travail est devenu un enjeu majeur avec le d\u00e9veloppement du travail hybride. Un syst\u00e8me de Room Scheduling efficace permet \u00e0 vos collaborateurs de trouver et de r\u00e9server une salle instantan\u00e9ment, depuis leur calendrier (Outlook, Google Workspace) ou directement sur l&#8217;\u00e9cran tactile \u00e0 l&#8217;entr\u00e9e de la pi\u00e8ce.<\/p>\n\n            <\/div>\n          \n                    \n                      <div class=\"mt-8 flex flex-wrap items-center gap-6 mb-16 js-reveal\"\n                data-reveal-from=\"up\" data-reveal-distance=\"16\"\n                data-reveal-delay=\"0.18\" data-reveal-once=\"true\">\n                                                  \n                    \n                \n\n\n\n\n\n\n      \n        \n    \n      <a href=\"https:\/\/hi-technologies.ch\/fr\/contact\/\"\n       class=\"cta_btn cta_btn--md cta_btn--wipe tone-red cta_btn--hairline halo-none ink-white\"\n       >\n      <span>Parler \u00e0 nos sp\u00e9cialistes<\/span>\n          <\/a>\n        \n                        \n            <\/div>\n          \n        <\/div>\n      <\/div>\n\n\n    <\/div>\n  <\/div>\n<\/section>\n","protected":false},"excerpt":{"rendered":"","protected":false},"author":1,"featured_media":0,"parent":2739,"menu_order":0,"comment_status":"closed","ping_status":"closed","template":"page-templates\/page-solution.php","meta":{"_acf_changed":false,"inline_featured_image":false,"footnotes":""},"domaine_solution":[60],"class_list":["post-6427","page","type-page","status-publish","hentry"],"acf":[],"yoast_head":"<!-- This site is optimized with the Yoast SEO plugin v25.8 - https:\/\/yoast.com\/wordpress\/plugins\/seo\/ -->\n<title>R\u00e9servation d&#039;Espaces &amp; Room Scheduling - Hi-Technologies<\/title>\n<meta name=\"description\" content=\"Int\u00e9grateur de syst\u00e8mes de sonorisation et microphonie en Suisse. D\u00e9couvrez nos solutions audio sur mesure pour entreprises, commerces, sant\u00e9 et \u00e9ducation.\" \/>\n<meta name=\"robots\" content=\"index, follow, max-snippet:-1, max-image-preview:large, max-video-preview:-1\" \/>\n<link rel=\"canonical\" href=\"https:\/\/hi-technologies.ch\/fr\/services\/reservation-despace-room-scheduling\/\" \/>\n<meta property=\"og:locale\" content=\"fr_FR\" \/>\n<meta property=\"og:type\" content=\"article\" \/>\n<meta property=\"og:title\" content=\"R\u00e9servation d&#039;Espaces &amp; Room Scheduling - Hi-Technologies\" \/>\n<meta property=\"og:description\" content=\"Int\u00e9grateur de syst\u00e8mes de sonorisation et microphonie en Suisse. D\u00e9couvrez nos solutions audio sur mesure pour entreprises, commerces, sant\u00e9 et \u00e9ducation.\" \/>\n<meta property=\"og:url\" content=\"https:\/\/hi-technologies.ch\/fr\/services\/reservation-despace-room-scheduling\/\" \/>\n<meta property=\"og:site_name\" content=\"Hi-Technologies\" \/>\n<meta property=\"article:modified_time\" content=\"2026-04-23T06:36:50+00:00\" \/>\n<meta name=\"twitter:card\" content=\"summary_large_image\" \/>\n<script type=\"application\/ld+json\" class=\"yoast-schema-graph\">{\"@context\":\"https:\/\/schema.org\",\"@graph\":[{\"@type\":\"WebPage\",\"@id\":\"https:\/\/hi-technologies.ch\/fr\/services\/reservation-despace-room-scheduling\/\",\"url\":\"https:\/\/hi-technologies.ch\/fr\/services\/reservation-despace-room-scheduling\/\",\"name\":\"R\u00e9servation d'Espaces &amp; Room Scheduling - Hi-Technologies\",\"isPartOf\":{\"@id\":\"https:\/\/hi-technologies.ch\/fr\/#website\"},\"datePublished\":\"2026-04-22T15:29:36+00:00\",\"dateModified\":\"2026-04-23T06:36:50+00:00\",\"description\":\"Int\u00e9grateur de syst\u00e8mes de sonorisation et microphonie en Suisse. D\u00e9couvrez nos solutions audio sur mesure pour entreprises, commerces, sant\u00e9 et \u00e9ducation.\",\"breadcrumb\":{\"@id\":\"https:\/\/hi-technologies.ch\/fr\/services\/reservation-despace-room-scheduling\/#breadcrumb\"},\"inLanguage\":\"fr-FR\",\"potentialAction\":[{\"@type\":\"ReadAction\",\"target\":[\"https:\/\/hi-technologies.ch\/fr\/services\/reservation-despace-room-scheduling\/\"]}]},{\"@type\":\"BreadcrumbList\",\"@id\":\"https:\/\/hi-technologies.ch\/fr\/services\/reservation-despace-room-scheduling\/#breadcrumb\",\"itemListElement\":[{\"@type\":\"ListItem\",\"position\":1,\"name\":\"Home\",\"item\":\"https:\/\/hi-technologies.ch\/fr\/\"},{\"@type\":\"ListItem\",\"position\":2,\"name\":\"Services\",\"item\":\"https:\/\/hi-technologies.ch\/fr\/services\/\"},{\"@type\":\"ListItem\",\"position\":3,\"name\":\"R\u00e9servation d&#8217;Espaces &amp; Room Scheduling\"}]},{\"@type\":\"WebSite\",\"@id\":\"https:\/\/hi-technologies.ch\/fr\/#website\",\"url\":\"https:\/\/hi-technologies.ch\/fr\/\",\"name\":\"Hi-Technologies\",\"description\":\"\",\"publisher\":{\"@id\":\"https:\/\/hi-technologies.ch\/fr\/#organization\"},\"potentialAction\":[{\"@type\":\"SearchAction\",\"target\":{\"@type\":\"EntryPoint\",\"urlTemplate\":\"https:\/\/hi-technologies.ch\/fr\/?s={search_term_string}\"},\"query-input\":{\"@type\":\"PropertyValueSpecification\",\"valueRequired\":true,\"valueName\":\"search_term_string\"}}],\"inLanguage\":\"fr-FR\"},{\"@type\":\"Organization\",\"@id\":\"https:\/\/hi-technologies.ch\/fr\/#organization\",\"name\":\"Hi-Technologies\",\"url\":\"https:\/\/hi-technologies.ch\/fr\/\",\"logo\":{\"@type\":\"ImageObject\",\"inLanguage\":\"fr-FR\",\"@id\":\"https:\/\/hi-technologies.ch\/fr\/#\/schema\/logo\/image\/\",\"url\":\"https:\/\/hi-technologies.ch\/app\/uploads\/2025\/12\/hi-technologies_logo2025-2.png\",\"contentUrl\":\"https:\/\/hi-technologies.ch\/app\/uploads\/2025\/12\/hi-technologies_logo2025-2.png\",\"width\":849,\"height\":281,\"caption\":\"Hi-Technologies\"},\"image\":{\"@id\":\"https:\/\/hi-technologies.ch\/fr\/#\/schema\/logo\/image\/\"},\"sameAs\":[\"https:\/\/www.linkedin.com\/company\/hitechnologies\/\"]}]}<\/script>\n<!-- \/ Yoast SEO plugin. -->","yoast_head_json":{"title":"R\u00e9servation d'Espaces &amp; Room Scheduling - Hi-Technologies","description":"Int\u00e9grateur de syst\u00e8mes de sonorisation et microphonie en Suisse. D\u00e9couvrez nos solutions audio sur mesure pour entreprises, commerces, sant\u00e9 et \u00e9ducation.","robots":{"index":"index","follow":"follow","max-snippet":"max-snippet:-1","max-image-preview":"max-image-preview:large","max-video-preview":"max-video-preview:-1"},"canonical":"https:\/\/hi-technologies.ch\/fr\/services\/reservation-despace-room-scheduling\/","og_locale":"fr_FR","og_type":"article","og_title":"R\u00e9servation d'Espaces &amp; Room Scheduling - Hi-Technologies","og_description":"Int\u00e9grateur de syst\u00e8mes de sonorisation et microphonie en Suisse. D\u00e9couvrez nos solutions audio sur mesure pour entreprises, commerces, sant\u00e9 et \u00e9ducation.","og_url":"https:\/\/hi-technologies.ch\/fr\/services\/reservation-despace-room-scheduling\/","og_site_name":"Hi-Technologies","article_modified_time":"2026-04-23T06:36:50+00:00","twitter_card":"summary_large_image","schema":{"@context":"https:\/\/schema.org","@graph":[{"@type":"WebPage","@id":"https:\/\/hi-technologies.ch\/fr\/services\/reservation-despace-room-scheduling\/","url":"https:\/\/hi-technologies.ch\/fr\/services\/reservation-despace-room-scheduling\/","name":"R\u00e9servation d'Espaces &amp; Room Scheduling - Hi-Technologies","isPartOf":{"@id":"https:\/\/hi-technologies.ch\/fr\/#website"},"datePublished":"2026-04-22T15:29:36+00:00","dateModified":"2026-04-23T06:36:50+00:00","description":"Int\u00e9grateur de syst\u00e8mes de sonorisation et microphonie en Suisse. D\u00e9couvrez nos solutions audio sur mesure pour entreprises, commerces, sant\u00e9 et \u00e9ducation.","breadcrumb":{"@id":"https:\/\/hi-technologies.ch\/fr\/services\/reservation-despace-room-scheduling\/#breadcrumb"},"inLanguage":"fr-FR","potentialAction":[{"@type":"ReadAction","target":["https:\/\/hi-technologies.ch\/fr\/services\/reservation-despace-room-scheduling\/"]}]},{"@type":"BreadcrumbList","@id":"https:\/\/hi-technologies.ch\/fr\/services\/reservation-despace-room-scheduling\/#breadcrumb","itemListElement":[{"@type":"ListItem","position":1,"name":"Home","item":"https:\/\/hi-technologies.ch\/fr\/"},{"@type":"ListItem","position":2,"name":"Services","item":"https:\/\/hi-technologies.ch\/fr\/services\/"},{"@type":"ListItem","position":3,"name":"R\u00e9servation d&#8217;Espaces &amp; Room Scheduling"}]},{"@type":"WebSite","@id":"https:\/\/hi-technologies.ch\/fr\/#website","url":"https:\/\/hi-technologies.ch\/fr\/","name":"Hi-Technologies","description":"","publisher":{"@id":"https:\/\/hi-technologies.ch\/fr\/#organization"},"potentialAction":[{"@type":"SearchAction","target":{"@type":"EntryPoint","urlTemplate":"https:\/\/hi-technologies.ch\/fr\/?s={search_term_string}"},"query-input":{"@type":"PropertyValueSpecification","valueRequired":true,"valueName":"search_term_string"}}],"inLanguage":"fr-FR"},{"@type":"Organization","@id":"https:\/\/hi-technologies.ch\/fr\/#organization","name":"Hi-Technologies","url":"https:\/\/hi-technologies.ch\/fr\/","logo":{"@type":"ImageObject","inLanguage":"fr-FR","@id":"https:\/\/hi-technologies.ch\/fr\/#\/schema\/logo\/image\/","url":"https:\/\/hi-technologies.ch\/app\/uploads\/2025\/12\/hi-technologies_logo2025-2.png","contentUrl":"https:\/\/hi-technologies.ch\/app\/uploads\/2025\/12\/hi-technologies_logo2025-2.png","width":849,"height":281,"caption":"Hi-Technologies"},"image":{"@id":"https:\/\/hi-technologies.ch\/fr\/#\/schema\/logo\/image\/"},"sameAs":["https:\/\/www.linkedin.com\/company\/hitechnologies\/"]}]}},"_links":{"self":[{"href":"https:\/\/hi-technologies.ch\/fr\/wp-json\/wp\/v2\/pages\/6427","targetHints":{"allow":["GET"]}}],"collection":[{"href":"https:\/\/hi-technologies.ch\/fr\/wp-json\/wp\/v2\/pages"}],"about":[{"href":"https:\/\/hi-technologies.ch\/fr\/wp-json\/wp\/v2\/types\/page"}],"author":[{"embeddable":true,"href":"https:\/\/hi-technologies.ch\/fr\/wp-json\/wp\/v2\/users\/1"}],"replies":[{"embeddable":true,"href":"https:\/\/hi-technologies.ch\/fr\/wp-json\/wp\/v2\/comments?post=6427"}],"version-history":[{"count":4,"href":"https:\/\/hi-technologies.ch\/fr\/wp-json\/wp\/v2\/pages\/6427\/revisions"}],"predecessor-version":[{"id":6434,"href":"https:\/\/hi-technologies.ch\/fr\/wp-json\/wp\/v2\/pages\/6427\/revisions\/6434"}],"up":[{"embeddable":true,"href":"https:\/\/hi-technologies.ch\/fr\/wp-json\/wp\/v2\/pages\/2739"}],"wp:attachment":[{"href":"https:\/\/hi-technologies.ch\/fr\/wp-json\/wp\/v2\/media?parent=6427"}],"wp:term":[{"taxonomy":"domaine_solution","embeddable":true,"href":"https:\/\/hi-technologies.ch\/fr\/wp-json\/wp\/v2\/domaine_solution?post=6427"}],"curies":[{"name":"wp","href":"https:\/\/api.w.org\/{rel}","templated":true}]}}