{"id":628,"date":"2025-10-20T15:43:06","date_gmt":"2025-10-20T13:43:06","guid":{"rendered":"https:\/\/hi-technologies.ch\/?page_id=628"},"modified":"2026-03-18T15:07:40","modified_gmt":"2026-03-18T14:07:40","slug":"logitech","status":"publish","type":"page","link":"https:\/\/hi-technologies.ch\/fr\/marques-partenaires\/logitech\/","title":{"rendered":"Logitech"},"content":{"rendered":"\n\n\n\n   \n\n\n  \n\n\n\n\n        \n<section\n  id=\"block_6ce8b95c6c5561863ca2f73c03b558ba\"\n  class=\"hero_section relative isolate   w-full overflow-hidden md:rounded-2xl md:mt-6 mt-0 js-hero\"\n  data-hero-tone=\"dark\"\n  style=\"background-image:linear-gradient(90deg, rgba(247,247,247,1) 0%, rgba(247,247,247,.10) 60%, rgba(247,247,247,0) 100%), url(https:\/\/hi-technologies.ch\/app\/uploads\/2025\/10\/hi-technologies_logitech-hero.jpg); background-size:cover; background-position:center; min-height:48vh;\">\n\n\n    \n\n    \n    \n  <div class=\"relative z-20 max-w-7xl px-4 md:px-6 mx-auto\" style=\"min-height:48vh;\">\n    <div class=\"flex items-center\" style=\"min-height:48vh;\">\n              \n        <div class=\"hero__content py-12 md:py-16 lg:py-20 text-black text-left\">\n\n          \n                      <h1 class=\"text-3xl md:text-6xl fw-600 uppercase leading-tight js-reveal\"\n                data-reveal-from=\"left\" data-reveal-distance=\"24\"\n                data-reveal-delay=\"0.06\" data-reveal-once=\"true\">\n              Logitech\n            <\/h1>\n          \n                      <div class=\"mt-4 text-sm md:text-base leading-relaxed opacity-95 js-reveal-blur\"\n                data-reveal-distance=\"12\" data-reveal-delay=\"0.12\" data-reveal-once=\"true\">\n              <p><span lang=\"fr-CH\">Parcourez les solutions de visioconf\u00e9rence Logitech, notamment les barres de collaboration vid\u00e9o adapt\u00e9es \u00e0 chaque type d\u2019espace, les syst\u00e8mes mobiles, les solutions de r\u00e9servation de salles, les cam\u00e9ras et les accessoires de tables<\/span><b> <\/b><\/p>\n\n            <\/div>\n          \n                                          <div class=\"mt-6 flex flex-wrap items-center gap-4 js-reveal\"\n                data-reveal-from=\"up\" data-reveal-distance=\"16\"\n                data-reveal-delay=\"0.18\" data-reveal-once=\"true\">\n                                                  \n                    \n                \n\n<a href=\"#solutions\" class=\"cta_link tone-teal\">\n  <span>D\u00e9couvrir les solutions de collaboration Logitech<\/span>\n  <\/a>\n      \n                                                  \n                    \n                \n\n\n\n\n\n\n      \n        \n    \n      <a href=\"https:\/\/hi-technologies.ch\/fr\/contact\/\"\n       class=\"cta_btn cta_btn--md cta_btn--wipe tone-teal cta_btn--hairline halo-none\"\n       >\n      <span>Prendre rendez-vous<\/span>\n          <\/a>\n        \n            <\/div>\n          \n        <\/div>\n\n    <\/div>\n  <\/div>\n<\/section>\n\n<script>\n  (function () {\n    var hero = document.currentScript && document.currentScript.previousElementSibling;\n    if (!hero) return;\n    var tone = hero.getAttribute('data-hero-tone') || 'light';\n    document.body.classList.add('has-hero', 'hero-tone-' + tone);\n  })();\n<\/script>\n\n\n\n\n\n\n\n\n<section id=\"block_b1afc0d76e1d43621ad406ce4512743a\"\n         class=\"b2 block_2col mt-12 rounded-2xl \"\n         style=\"background-color:#f7f7f7;\">\n  <div class=\"max-w-7xl mx-auto px-4 md:px-6 py-12 md:py-16\">\n    <div class=\"grid grid-cols-1 md:grid-cols-12 gap-8 md:gap-10 items-center\">\n\n            <div class=\"md:order-1 md:col-span-6 pl-12 pr-12 js-reveal\" data-reveal-distance=\"24\">\n                                  <img decoding=\"async\" class=\"b2-logo max-w-[340px] w-full h-auto\" src=\"https:\/\/hi-technologies.ch\/app\/uploads\/2025\/10\/Logitech_logo.svg\" alt=\"\">\n        \n                  <div class=\"b2-badge flex items-center gap-4 mt-6\">\n                                      <div class=\"b2-badge-wrap w-40 shrink-0\">\n                <img decoding=\"async\" class=\"b2-badge-img block w-full h-auto max-w-none\"\n                     src=\"https:\/\/hi-technologies.ch\/app\/uploads\/2025\/10\/Logitech-Premier-Partner-Logo-Hi-Technologies.png\" alt=\"\">\n              <\/div>\n                                      <div class=\"b2-badge-text text-lg md:text-xl fw-600 u-title\">\n                HI-Technologies SA\u2028certifi\u00e9 Premier Partner\n              <\/div>\n                      <\/div>\n        \n              <\/div>\n\n            <div class=\"md:order-2 md:col-span-6 pl-12 pr-12 js-reveal\" data-reveal-distance=\"24\">\n                  <h2 class=\"text-3xl md:text-4xl fw-500 leading-tight mb-12 mt-12 js-reveal-blur\" data-reveal-stagger=\"0.06\">\n            Logitech\n          <\/h2>\n        \n                  <div class=\"text-xs md:text-base leading-relaxed mt-12 mb-6\">\n            <p><span lang=\"fr-CH\">Cr\u00e9\u00e9e en 2006 en France,<\/span><b> <\/b>Axeos propose du mobilier de qualit\u00e9 qui s\u2019associe parfaitement aux nouvelles technologies collaboratives afin de cr\u00e9er des environnements de travail optimis\u00e9s, modernes et immersifs. Les solutions Axeos peuvent \u00eatre utilis\u00e9s avec toutes les marques et technologies disponibles sur le march\u00e9.<\/p>\n<p>La gamme de solutions haut de gamme d\u2019Axeos est con\u00e7ue pour accueillir des syst\u00e8mes de visioconf\u00e9rence, d\u2019affichage dynamique, des \u00e9crans interactifs, etc.<\/p>\n<p>Quelle que soit la taille et la configuration de votre espace \u00e0 am\u00e9nager (huddle room, salle de visioconf\u00e9rence, boardroom\u2026), les produits Axeos sauront r\u00e9pondre au mieux \u00e0 vos besoins et vous permettront de vivre des exp\u00e9riences de travail uniques.<\/p>\n\n          <\/div>\n        \n                        \n                  <div class=\"mt-6 flex flex-wrap gap-4\">\n                                                \n                    \n                \n\n<a href=\"#solutions\" class=\"cta_link tone-teal\">\n  <span>Focus sur deux innovations Logitech<\/span>\n  <\/a>\n      \n                                                \n                    \n                \n\n\n\n\n\n\n      \n        \n    \n      <a href=\"#produits\"\n       class=\"cta_btn cta_btn--md cta_btn--wipe tone-teal cta_btn--hairline halo-none\"\n       >\n      <span>Gamme de produits<\/span>\n          <\/a>\n        \n          <\/div>\n              <\/div>\n\n    <\/div>\n  <\/div>\n<\/section>\n\n\n\n<h2 class=\"wp-block-heading has-text-align-center\" id=\"solutions\">Nous vous apportons <br>les derni\u00e8res innovations LOGITECH<\/h2>\n\n\n\n\n\n\n\n\n\n<section id=\"rally-board-65\" class=\"spotlight relative  mt-5 mb-5\">\n  <div class=\"max-w-7xl mx-auto px-4 md:px-6 py-12 md:py-16\">\n\n        <div\n      class=\"hidden md:block absolute inset-y-6 md:inset-y-8 bg-[#f7f7f7] rounded-2xl w-1\/2 right-0\"\n      aria-hidden=\"true\"><\/div>\n\n    <div class=\"relative grid grid-cols-1 md:grid-cols-12 gap-8 md:gap-12 items-center z-10\">\n\n            <div class=\"md:order-1 md:col-span-7 md:-mr-10 lg:-mr-12 js-reveal\"\n        data-reveal-from=\"left\"\n        data-reveal-distance=\"120\"\n        data-reveal-delay=\"0\">\n                          <div class=\"rounded-xl overflow-hidden shadow-sm\">\n                                                            <video class=\"w-full h-auto block\"\n                  playsinline    controls\n                                    data-autoplay-on-scroll>\n              <source src=\"https:\/\/hi-technologies.ch\/app\/uploads\/2025\/10\/rally-board-65-intro-video.mp4\" type=\"video\/mp4\">\n            <\/video>\n          <\/div>\n        \n                      <\/div>\n\n            <div class=\"md:order-2 md:col-span-5\">\n        <div class=\"px-5 py-15 md:px-10 md:py-30 \">\n\n          \n                      <h2 class=\"text-3xl md:text-4xl fw-600 leading-tight mb-8 mt-16 js-reveal\"\n                data-reveal-from=\"right\" data-reveal-distance=\"24\" data-reveal-once=\"true\">\n              Rally Board\u00a065\n            <\/h2>\n          \n                      <p class=\"text-lg uppercase tracking-wide opacity-80 mb-6 u-title fw-500 js-reveal\"\n              data-reveal-from=\"right\" data-reveal-distance=\"20\"\n              data-reveal-delay=\"0.06\" data-reveal-once=\"true\">\n              Solution simple tout-en-un\n            <\/p>\n          \n                      <div class=\"mt-2 text-sm md:text-base leading-relaxed js-reveal-blur\"\n                data-reveal-distance=\"12\" data-reveal-delay=\"0.12\" data-reveal-once=\"true\">\n              <p>Rally Board\u00a065 simplifie la visioconf\u00e9rence gr\u00e2ce \u00e0 un dispositif de collaboration tout-en-un extr\u00eamement facile \u00e0 d\u00e9ployer qui combine un son et une vid\u00e9o puissants avec un \u00e9cran tactile de 65\u00a0pouces.<\/p>\n<p>Simplifiez vos r\u00e9unions et votre collaboration. L\u2019\u00e9cran tactile de 65\u00a0pouces offre une exp\u00e9rience de collaboration fluide dans n\u2019importe quel environnement. Profitez d\u2019une configuration rapide et facile, de fonctionnalit\u00e9s bas\u00e9es sur l\u2019IA et d\u2019options d\u2019installation flexibles.<\/p>\n\n            <\/div>\n          \n                    \n                      <div class=\"mt-8 flex flex-wrap items-center gap-6 mb-16 js-reveal\"\n                data-reveal-from=\"up\" data-reveal-distance=\"16\"\n                data-reveal-delay=\"0.18\" data-reveal-once=\"true\">\n                                                  \n                    \n                \n\n<a href=\"https:\/\/hi-technologies.ch\/fr\/contact\/\" class=\"cta_link tone-teal\">\n  <span>Contactez-nous<\/span>\n  <\/a>\n      \n                        \n            <\/div>\n          \n        <\/div>\n      <\/div>\n\n\n    <\/div>\n  <\/div>\n<\/section>\n\n\n\n\n\n\n\n\n\n<section id=\"block_8e8d566bca21242e6edc6593ca1d9332\" class=\"spotlight relative  mt-5 mb-5\">\n  <div class=\"max-w-7xl mx-auto px-4 md:px-6 py-12 md:py-16\">\n\n        <div\n      class=\"hidden md:block absolute inset-y-6 md:inset-y-8 bg-[#f7f7f7] rounded-2xl w-1\/2 left-0\"\n      aria-hidden=\"true\"><\/div>\n\n    <div class=\"relative grid grid-cols-1 md:grid-cols-12 gap-8 md:gap-12 items-center z-10\">\n\n            <div class=\"md:order-2 md:col-span-7 md:-ml-10 lg:-ml-12 js-reveal\"\n        data-reveal-from=\"right\"\n        data-reveal-distance=\"120\"\n        data-reveal-delay=\"0\">\n                          <img decoding=\"async\" class=\"w-auto rounded-xl shadow-sm max-h-[550px] overflow-y-auto m-auto\" src=\"https:\/\/hi-technologies.ch\/app\/uploads\/2025\/10\/logitech-spot-introduction-banner-2-1.jpg\" alt=\"\">\n        \n                      <\/div>\n\n            <div class=\"md:order-1 md:col-span-5\">\n        <div class=\"px-5 py-15 md:px-10 md:py-30 \">\n\n          \n                      <h2 class=\"text-3xl md:text-4xl fw-600 leading-tight mb-8 mt-16 js-reveal\"\n                data-reveal-from=\"left\" data-reveal-distance=\"24\" data-reveal-once=\"true\">\n              Logitech Spot\n            <\/h2>\n          \n                      <p class=\"text-lg uppercase tracking-wide opacity-80 mb-6 u-title fw-500 js-reveal\"\n              data-reveal-from=\"left\" data-reveal-distance=\"20\"\n              data-reveal-delay=\"0.06\" data-reveal-once=\"true\">\n              Capteur de pr\u00e9sence &#038; environnemental\n            <\/p>\n          \n                      <div class=\"mt-2 text-sm md:text-base leading-relaxed js-reveal-blur\"\n                data-reveal-distance=\"12\" data-reveal-delay=\"0.12\" data-reveal-once=\"true\">\n              <p>Le <span lang=\"fr-CH\">nouveau <\/span>capteur Logitech Spot <span lang=\"fr-CH\">(sortie fin 2025) <\/span>combine d\u00e9tection de pr\u00e9sence par radar et mesure environnementale (CO\u2082, particules, temp\u00e9rature, humidit\u00e9) pour automatiser la r\u00e9servation de salles, lib\u00e9rer les espaces inoccup\u00e9s et fournir des insights sur la qualit\u00e9 de l\u2019air et l\u2019optimisation \u00e9nerg\u00e9tique.<\/p>\n\n            <\/div>\n          \n                    \n                      <div class=\"mt-8 flex flex-wrap items-center gap-6 mb-16 js-reveal\"\n                data-reveal-from=\"up\" data-reveal-distance=\"16\"\n                data-reveal-delay=\"0.18\" data-reveal-once=\"true\">\n                                                  \n                    \n                \n\n<a href=\"https:\/\/hi-technologies.ch\/fr\/contact\/\" class=\"cta_link tone-teal\">\n  <span>Contactez-nous<\/span>\n  <\/a>\n      \n                        \n            <\/div>\n          \n        <\/div>\n      <\/div>\n\n\n    <\/div>\n  <\/div>\n<\/section>\n\n\n\n<p><\/p>\n","protected":false},"excerpt":{"rendered":"<p>Nous vous apportons les derni\u00e8res innovations LOGITECH<\/p>\n","protected":false},"author":1,"featured_media":141,"parent":96,"menu_order":0,"comment_status":"closed","ping_status":"closed","template":"page-templates\/page-marque.php","meta":{"_acf_changed":false,"inline_featured_image":false,"footnotes":""},"domaine_solution":[52],"class_list":["post-628","page","type-page","status-publish","has-post-thumbnail","hentry"],"acf":[],"yoast_head":"<!-- This site is optimized with the Yoast SEO plugin v25.8 - https:\/\/yoast.com\/wordpress\/plugins\/seo\/ -->\n<title>Logitech - Hi-Technologies<\/title>\n<meta name=\"description\" content=\"Solutions de visioconf\u00e9rence Logitech : barres vid\u00e9o, cam\u00e9ras, accessoires, syst\u00e8mes mobiles et r\u00e9servation de salles. Conseil, int\u00e9gration et d\u00e9ploiement par Hi Technologies.\" \/>\n<meta name=\"robots\" content=\"index, follow, max-snippet:-1, max-image-preview:large, max-video-preview:-1\" \/>\n<link rel=\"canonical\" href=\"https:\/\/hi-technologies.ch\/fr\/marques-partenaires\/logitech\/\" \/>\n<meta property=\"og:locale\" content=\"fr_FR\" \/>\n<meta property=\"og:type\" content=\"article\" \/>\n<meta property=\"og:title\" content=\"Logitech - Hi-Technologies\" \/>\n<meta property=\"og:description\" content=\"Solutions de visioconf\u00e9rence Logitech : barres vid\u00e9o, cam\u00e9ras, accessoires, syst\u00e8mes mobiles et r\u00e9servation de salles. Conseil, int\u00e9gration et d\u00e9ploiement par Hi Technologies.\" \/>\n<meta property=\"og:url\" content=\"https:\/\/hi-technologies.ch\/fr\/marques-partenaires\/logitech\/\" \/>\n<meta property=\"og:site_name\" content=\"Hi-Technologies\" \/>\n<meta property=\"article:modified_time\" content=\"2026-03-18T14:07:40+00:00\" \/>\n<meta name=\"twitter:card\" content=\"summary_large_image\" \/>\n<meta name=\"twitter:label1\" content=\"Est. reading time\" \/>\n\t<meta name=\"twitter:data1\" content=\"1 minute\" \/>\n<script type=\"application\/ld+json\" class=\"yoast-schema-graph\">{\"@context\":\"https:\/\/schema.org\",\"@graph\":[{\"@type\":\"WebPage\",\"@id\":\"https:\/\/hi-technologies.ch\/fr\/marques-partenaires\/logitech\/\",\"url\":\"https:\/\/hi-technologies.ch\/fr\/marques-partenaires\/logitech\/\",\"name\":\"Logitech - Hi-Technologies\",\"isPartOf\":{\"@id\":\"https:\/\/hi-technologies.ch\/fr\/#website\"},\"primaryImageOfPage\":{\"@id\":\"https:\/\/hi-technologies.ch\/fr\/marques-partenaires\/logitech\/#primaryimage\"},\"image\":{\"@id\":\"https:\/\/hi-technologies.ch\/fr\/marques-partenaires\/logitech\/#primaryimage\"},\"thumbnailUrl\":\"https:\/\/hi-technologies.ch\/app\/uploads\/2025\/10\/Logitech_logo.svg\",\"datePublished\":\"2025-10-20T13:43:06+00:00\",\"dateModified\":\"2026-03-18T14:07:40+00:00\",\"description\":\"Solutions de visioconf\u00e9rence Logitech : barres vid\u00e9o, cam\u00e9ras, accessoires, syst\u00e8mes mobiles et r\u00e9servation de salles. Conseil, int\u00e9gration et d\u00e9ploiement par Hi Technologies.\",\"breadcrumb\":{\"@id\":\"https:\/\/hi-technologies.ch\/fr\/marques-partenaires\/logitech\/#breadcrumb\"},\"inLanguage\":\"fr-FR\",\"potentialAction\":[{\"@type\":\"ReadAction\",\"target\":[\"https:\/\/hi-technologies.ch\/fr\/marques-partenaires\/logitech\/\"]}]},{\"@type\":\"ImageObject\",\"inLanguage\":\"fr-FR\",\"@id\":\"https:\/\/hi-technologies.ch\/fr\/marques-partenaires\/logitech\/#primaryimage\",\"url\":\"https:\/\/hi-technologies.ch\/app\/uploads\/2025\/10\/Logitech_logo.svg\",\"contentUrl\":\"https:\/\/hi-technologies.ch\/app\/uploads\/2025\/10\/Logitech_logo.svg\",\"width\":1000,\"height\":304},{\"@type\":\"BreadcrumbList\",\"@id\":\"https:\/\/hi-technologies.ch\/fr\/marques-partenaires\/logitech\/#breadcrumb\",\"itemListElement\":[{\"@type\":\"ListItem\",\"position\":1,\"name\":\"Home\",\"item\":\"https:\/\/hi-technologies.ch\/fr\/\"},{\"@type\":\"ListItem\",\"position\":2,\"name\":\"Marques &amp; Partenaires\",\"item\":\"https:\/\/hi-technologies.ch\/fr\/marques-partenaires\/\"},{\"@type\":\"ListItem\",\"position\":3,\"name\":\"Logitech\"}]},{\"@type\":\"WebSite\",\"@id\":\"https:\/\/hi-technologies.ch\/fr\/#website\",\"url\":\"https:\/\/hi-technologies.ch\/fr\/\",\"name\":\"Hi-Technologies\",\"description\":\"\",\"publisher\":{\"@id\":\"https:\/\/hi-technologies.ch\/fr\/#organization\"},\"potentialAction\":[{\"@type\":\"SearchAction\",\"target\":{\"@type\":\"EntryPoint\",\"urlTemplate\":\"https:\/\/hi-technologies.ch\/fr\/?s={search_term_string}\"},\"query-input\":{\"@type\":\"PropertyValueSpecification\",\"valueRequired\":true,\"valueName\":\"search_term_string\"}}],\"inLanguage\":\"fr-FR\"},{\"@type\":\"Organization\",\"@id\":\"https:\/\/hi-technologies.ch\/fr\/#organization\",\"name\":\"Hi-Technologies\",\"url\":\"https:\/\/hi-technologies.ch\/fr\/\",\"logo\":{\"@type\":\"ImageObject\",\"inLanguage\":\"fr-FR\",\"@id\":\"https:\/\/hi-technologies.ch\/fr\/#\/schema\/logo\/image\/\",\"url\":\"https:\/\/hi-technologies.ch\/app\/uploads\/2025\/12\/hi-technologies_logo2025-2.png\",\"contentUrl\":\"https:\/\/hi-technologies.ch\/app\/uploads\/2025\/12\/hi-technologies_logo2025-2.png\",\"width\":849,\"height\":281,\"caption\":\"Hi-Technologies\"},\"image\":{\"@id\":\"https:\/\/hi-technologies.ch\/fr\/#\/schema\/logo\/image\/\"},\"sameAs\":[\"https:\/\/www.linkedin.com\/company\/hitechnologies\/\"]}]}<\/script>\n<!-- \/ Yoast SEO plugin. -->","yoast_head_json":{"title":"Logitech - Hi-Technologies","description":"Solutions de visioconf\u00e9rence Logitech : barres vid\u00e9o, cam\u00e9ras, accessoires, syst\u00e8mes mobiles et r\u00e9servation de salles. Conseil, int\u00e9gration et d\u00e9ploiement par Hi Technologies.","robots":{"index":"index","follow":"follow","max-snippet":"max-snippet:-1","max-image-preview":"max-image-preview:large","max-video-preview":"max-video-preview:-1"},"canonical":"https:\/\/hi-technologies.ch\/fr\/marques-partenaires\/logitech\/","og_locale":"fr_FR","og_type":"article","og_title":"Logitech - Hi-Technologies","og_description":"Solutions de visioconf\u00e9rence Logitech : barres vid\u00e9o, cam\u00e9ras, accessoires, syst\u00e8mes mobiles et r\u00e9servation de salles. Conseil, int\u00e9gration et d\u00e9ploiement par Hi Technologies.","og_url":"https:\/\/hi-technologies.ch\/fr\/marques-partenaires\/logitech\/","og_site_name":"Hi-Technologies","article_modified_time":"2026-03-18T14:07:40+00:00","twitter_card":"summary_large_image","twitter_misc":{"Est. reading time":"1 minute"},"schema":{"@context":"https:\/\/schema.org","@graph":[{"@type":"WebPage","@id":"https:\/\/hi-technologies.ch\/fr\/marques-partenaires\/logitech\/","url":"https:\/\/hi-technologies.ch\/fr\/marques-partenaires\/logitech\/","name":"Logitech - Hi-Technologies","isPartOf":{"@id":"https:\/\/hi-technologies.ch\/fr\/#website"},"primaryImageOfPage":{"@id":"https:\/\/hi-technologies.ch\/fr\/marques-partenaires\/logitech\/#primaryimage"},"image":{"@id":"https:\/\/hi-technologies.ch\/fr\/marques-partenaires\/logitech\/#primaryimage"},"thumbnailUrl":"https:\/\/hi-technologies.ch\/app\/uploads\/2025\/10\/Logitech_logo.svg","datePublished":"2025-10-20T13:43:06+00:00","dateModified":"2026-03-18T14:07:40+00:00","description":"Solutions de visioconf\u00e9rence Logitech : barres vid\u00e9o, cam\u00e9ras, accessoires, syst\u00e8mes mobiles et r\u00e9servation de salles. Conseil, int\u00e9gration et d\u00e9ploiement par Hi Technologies.","breadcrumb":{"@id":"https:\/\/hi-technologies.ch\/fr\/marques-partenaires\/logitech\/#breadcrumb"},"inLanguage":"fr-FR","potentialAction":[{"@type":"ReadAction","target":["https:\/\/hi-technologies.ch\/fr\/marques-partenaires\/logitech\/"]}]},{"@type":"ImageObject","inLanguage":"fr-FR","@id":"https:\/\/hi-technologies.ch\/fr\/marques-partenaires\/logitech\/#primaryimage","url":"https:\/\/hi-technologies.ch\/app\/uploads\/2025\/10\/Logitech_logo.svg","contentUrl":"https:\/\/hi-technologies.ch\/app\/uploads\/2025\/10\/Logitech_logo.svg","width":1000,"height":304},{"@type":"BreadcrumbList","@id":"https:\/\/hi-technologies.ch\/fr\/marques-partenaires\/logitech\/#breadcrumb","itemListElement":[{"@type":"ListItem","position":1,"name":"Home","item":"https:\/\/hi-technologies.ch\/fr\/"},{"@type":"ListItem","position":2,"name":"Marques &amp; Partenaires","item":"https:\/\/hi-technologies.ch\/fr\/marques-partenaires\/"},{"@type":"ListItem","position":3,"name":"Logitech"}]},{"@type":"WebSite","@id":"https:\/\/hi-technologies.ch\/fr\/#website","url":"https:\/\/hi-technologies.ch\/fr\/","name":"Hi-Technologies","description":"","publisher":{"@id":"https:\/\/hi-technologies.ch\/fr\/#organization"},"potentialAction":[{"@type":"SearchAction","target":{"@type":"EntryPoint","urlTemplate":"https:\/\/hi-technologies.ch\/fr\/?s={search_term_string}"},"query-input":{"@type":"PropertyValueSpecification","valueRequired":true,"valueName":"search_term_string"}}],"inLanguage":"fr-FR"},{"@type":"Organization","@id":"https:\/\/hi-technologies.ch\/fr\/#organization","name":"Hi-Technologies","url":"https:\/\/hi-technologies.ch\/fr\/","logo":{"@type":"ImageObject","inLanguage":"fr-FR","@id":"https:\/\/hi-technologies.ch\/fr\/#\/schema\/logo\/image\/","url":"https:\/\/hi-technologies.ch\/app\/uploads\/2025\/12\/hi-technologies_logo2025-2.png","contentUrl":"https:\/\/hi-technologies.ch\/app\/uploads\/2025\/12\/hi-technologies_logo2025-2.png","width":849,"height":281,"caption":"Hi-Technologies"},"image":{"@id":"https:\/\/hi-technologies.ch\/fr\/#\/schema\/logo\/image\/"},"sameAs":["https:\/\/www.linkedin.com\/company\/hitechnologies\/"]}]}},"_links":{"self":[{"href":"https:\/\/hi-technologies.ch\/fr\/wp-json\/wp\/v2\/pages\/628","targetHints":{"allow":["GET"]}}],"collection":[{"href":"https:\/\/hi-technologies.ch\/fr\/wp-json\/wp\/v2\/pages"}],"about":[{"href":"https:\/\/hi-technologies.ch\/fr\/wp-json\/wp\/v2\/types\/page"}],"author":[{"embeddable":true,"href":"https:\/\/hi-technologies.ch\/fr\/wp-json\/wp\/v2\/users\/1"}],"replies":[{"embeddable":true,"href":"https:\/\/hi-technologies.ch\/fr\/wp-json\/wp\/v2\/comments?post=628"}],"version-history":[{"count":27,"href":"https:\/\/hi-technologies.ch\/fr\/wp-json\/wp\/v2\/pages\/628\/revisions"}],"predecessor-version":[{"id":5777,"href":"https:\/\/hi-technologies.ch\/fr\/wp-json\/wp\/v2\/pages\/628\/revisions\/5777"}],"up":[{"embeddable":true,"href":"https:\/\/hi-technologies.ch\/fr\/wp-json\/wp\/v2\/pages\/96"}],"wp:featuredmedia":[{"embeddable":true,"href":"https:\/\/hi-technologies.ch\/fr\/wp-json\/wp\/v2\/media\/141"}],"wp:attachment":[{"href":"https:\/\/hi-technologies.ch\/fr\/wp-json\/wp\/v2\/media?parent=628"}],"wp:term":[{"taxonomy":"domaine_solution","embeddable":true,"href":"https:\/\/hi-technologies.ch\/fr\/wp-json\/wp\/v2\/domaine_solution?post=628"}],"curies":[{"name":"wp","href":"https:\/\/api.w.org\/{rel}","templated":true}]}}