{"id":4957,"date":"2025-12-09T15:31:36","date_gmt":"2025-12-09T14:31:36","guid":{"rendered":"https:\/\/hi-technologies.ch\/?page_id=4957"},"modified":"2025-12-10T13:49:09","modified_gmt":"2025-12-10T12:49:09","slug":"residentiel-luxe","status":"publish","type":"page","link":"https:\/\/hi-technologies.ch\/fr\/services\/residentiel-luxe\/","title":{"rendered":"R\u00e9sidentiel Luxe"},"content":{"rendered":"\n\n          \n    \n  <section\n    id=\"block_b56c7854e6c3684af81dc8331285a151\"\n    class=\"c-shader-hero \"\n    data-shader-type=\"dissolve\"\n    data-shader-height=\"600\"\n    data-shader-mask=\"\"\n    data-shader-intensity=\"0.6\"\n    data-shader-uv-x=\"1.5\"\n    data-shader-uv-y=\"1\"\n  >\n    <div class=\"c-shader-hero__inner container\">\n      <div\n        class=\"splide js-splide-shader c-shader-hero__splide\"\n        aria-label=\"Shader hero carousel\"\n      >\n        <div class=\"splide__track c-shader-hero__track\">\n          <ul class=\"splide__list\">\n                                        \n              <li class=\"splide__slide c-shader-hero__slide\">\n                                                  <img decoding=\"async\"\n                    src=\"https:\/\/hi-technologies.ch\/app\/uploads\/2025\/12\/hit_residentiel_luxe_Cinema-prive.jpg\"\n                    alt=\"\"\n                    class=\"c-shader-hero__image\"\n                  >\n                \n                <div class=\"c-shader-hero__overlay\"><\/div>\n\n                                <div class=\"c-shader-hero__content \">\n                                      <p class=\"c-shader-hero__eyebrow\">\n                      Prochainement\n                    <\/p>\n                  \n                                      <h2 class=\"c-shader-hero__title\">\n                      R\u00e9sidentiel Luxe\n                    <\/h2>\n                  \n                                      <div class=\"c-shader-hero__text\">\n                      <p>Hi Technologies pr\u00e9pare une nouvelle vitrine de notre offre d\u00e9di\u00e9e au <strong data-start=\"463\" data-end=\"492\">r\u00e9sidentiel haut de gamme<\/strong> et \u00e0 l\u2019<strong data-start=\"500\" data-end=\"526\">h\u00f4tellerie de prestige<\/strong>.<br data-start=\"527\" data-end=\"530\" \/>Une approche o\u00f9 technologie, design et confort se rencontrent pour cr\u00e9er des espaces d\u2019exception.<\/p>\n\n                    <\/div>\n                  \n                                      \n                                    <\/div>\n              <\/li>\n                                        \n              <li class=\"splide__slide c-shader-hero__slide\">\n                                                  <img decoding=\"async\"\n                    src=\"https:\/\/hi-technologies.ch\/app\/uploads\/2025\/12\/hit_residentiel_luxe_Interior-luxury.jpg\"\n                    alt=\"\"\n                    class=\"c-shader-hero__image\"\n                  >\n                \n                <div class=\"c-shader-hero__overlay\"><\/div>\n\n                                <div class=\"c-shader-hero__content \">\n                                      <p class=\"c-shader-hero__eyebrow\">\n                      Prochainement\n                    <\/p>\n                  \n                                      <h2 class=\"c-shader-hero__title\">\n                      R\u00e9sidentiel Luxe\n                    <\/h2>\n                  \n                                      <div class=\"c-shader-hero__text\">\n                      <p>Un <strong data-start=\"673\" data-end=\"699\">site enti\u00e8rement d\u00e9di\u00e9<\/strong> ouvrira au premier trimestre 2026.<br data-start=\"753\" data-end=\"756\" \/>Vous y trouverez une s\u00e9lection de projets, nos approches, et l\u2019\u00e9tendue de notre expertise pour ces environnements uniques.<\/p>\n\n                    <\/div>\n                  \n                                      \n                                    <\/div>\n              <\/li>\n                      <\/ul>\n        <\/div>\n\n                <div class=\"splide__arrows c-shader-hero__arrows\">\n          <button class=\"splide__arrow splide__arrow--prev\" type=\"button\" aria-label=\"Slide pr\u00e9c\u00e9dent\">\n            <svg viewBox=\"0 0 40 40\" aria-hidden=\"true\" focusable=\"false\">\n              <path d=\"m31.9 13.4-1.41 1.41 4.21 4.21h-33.1v2h33.1l-4.21 4.21 1.41 1.41 5.21-5.21 1.42-1.41-1.42-1.41z\"><\/path>\n            <\/svg>\n          <\/button>\n          <button class=\"splide__arrow splide__arrow--next\" type=\"button\" aria-label=\"Slide suivant\">\n            <svg viewBox=\"0 0 40 40\" aria-hidden=\"true\" focusable=\"false\">\n              <path d=\"m31.9 13.4-1.41 1.41 4.21 4.21h-33.1v2h33.1l-4.21 4.21 1.41 1.41 5.21-5.21 1.42-1.41-1.42-1.41z\"><\/path>\n            <\/svg>\n          <\/button>\n        <\/div>\n      <\/div>\n    <\/div>\n  <\/section>\n","protected":false},"excerpt":{"rendered":"","protected":false},"author":1,"featured_media":0,"parent":2739,"menu_order":0,"comment_status":"closed","ping_status":"closed","template":"","meta":{"_acf_changed":false,"inline_featured_image":false,"footnotes":""},"domaine_solution":[],"class_list":["post-4957","page","type-page","status-publish","hentry"],"acf":[],"yoast_head":"<!-- This site is optimized with the Yoast SEO plugin v25.8 - https:\/\/yoast.com\/wordpress\/plugins\/seo\/ -->\n<title>R\u00e9sidentiel Luxe - Hi-Technologies<\/title>\n<meta name=\"robots\" content=\"index, follow, max-snippet:-1, max-image-preview:large, max-video-preview:-1\" \/>\n<link rel=\"canonical\" href=\"https:\/\/hi-technologies.ch\/fr\/services\/residentiel-luxe\/\" \/>\n<meta property=\"og:locale\" content=\"fr_FR\" \/>\n<meta property=\"og:type\" content=\"article\" \/>\n<meta property=\"og:title\" content=\"R\u00e9sidentiel Luxe - Hi-Technologies\" \/>\n<meta property=\"og:url\" content=\"https:\/\/hi-technologies.ch\/fr\/services\/residentiel-luxe\/\" \/>\n<meta property=\"og:site_name\" content=\"Hi-Technologies\" \/>\n<meta property=\"article:modified_time\" content=\"2025-12-10T12:49:09+00:00\" \/>\n<meta name=\"twitter:card\" content=\"summary_large_image\" \/>\n<script type=\"application\/ld+json\" class=\"yoast-schema-graph\">{\"@context\":\"https:\/\/schema.org\",\"@graph\":[{\"@type\":\"WebPage\",\"@id\":\"https:\/\/hi-technologies.ch\/fr\/services\/residentiel-luxe\/\",\"url\":\"https:\/\/hi-technologies.ch\/fr\/services\/residentiel-luxe\/\",\"name\":\"R\u00e9sidentiel Luxe - Hi-Technologies\",\"isPartOf\":{\"@id\":\"https:\/\/hi-technologies.ch\/fr\/#website\"},\"datePublished\":\"2025-12-09T14:31:36+00:00\",\"dateModified\":\"2025-12-10T12:49:09+00:00\",\"breadcrumb\":{\"@id\":\"https:\/\/hi-technologies.ch\/fr\/services\/residentiel-luxe\/#breadcrumb\"},\"inLanguage\":\"fr-FR\",\"potentialAction\":[{\"@type\":\"ReadAction\",\"target\":[\"https:\/\/hi-technologies.ch\/fr\/services\/residentiel-luxe\/\"]}]},{\"@type\":\"BreadcrumbList\",\"@id\":\"https:\/\/hi-technologies.ch\/fr\/services\/residentiel-luxe\/#breadcrumb\",\"itemListElement\":[{\"@type\":\"ListItem\",\"position\":1,\"name\":\"Home\",\"item\":\"https:\/\/hi-technologies.ch\/fr\/\"},{\"@type\":\"ListItem\",\"position\":2,\"name\":\"Services\",\"item\":\"https:\/\/hi-technologies.ch\/fr\/services\/\"},{\"@type\":\"ListItem\",\"position\":3,\"name\":\"R\u00e9sidentiel Luxe\"}]},{\"@type\":\"WebSite\",\"@id\":\"https:\/\/hi-technologies.ch\/fr\/#website\",\"url\":\"https:\/\/hi-technologies.ch\/fr\/\",\"name\":\"Hi-Technologies\",\"description\":\"\",\"publisher\":{\"@id\":\"https:\/\/hi-technologies.ch\/fr\/#organization\"},\"potentialAction\":[{\"@type\":\"SearchAction\",\"target\":{\"@type\":\"EntryPoint\",\"urlTemplate\":\"https:\/\/hi-technologies.ch\/fr\/?s={search_term_string}\"},\"query-input\":{\"@type\":\"PropertyValueSpecification\",\"valueRequired\":true,\"valueName\":\"search_term_string\"}}],\"inLanguage\":\"fr-FR\"},{\"@type\":\"Organization\",\"@id\":\"https:\/\/hi-technologies.ch\/fr\/#organization\",\"name\":\"Hi-Technologies\",\"url\":\"https:\/\/hi-technologies.ch\/fr\/\",\"logo\":{\"@type\":\"ImageObject\",\"inLanguage\":\"fr-FR\",\"@id\":\"https:\/\/hi-technologies.ch\/fr\/#\/schema\/logo\/image\/\",\"url\":\"https:\/\/hi-technologies.ch\/app\/uploads\/2025\/12\/hi-technologies_logo2025-2.png\",\"contentUrl\":\"https:\/\/hi-technologies.ch\/app\/uploads\/2025\/12\/hi-technologies_logo2025-2.png\",\"width\":849,\"height\":281,\"caption\":\"Hi-Technologies\"},\"image\":{\"@id\":\"https:\/\/hi-technologies.ch\/fr\/#\/schema\/logo\/image\/\"},\"sameAs\":[\"https:\/\/www.linkedin.com\/company\/hitechnologies\/\"]}]}<\/script>\n<!-- \/ Yoast SEO plugin. -->","yoast_head_json":{"title":"R\u00e9sidentiel Luxe - Hi-Technologies","robots":{"index":"index","follow":"follow","max-snippet":"max-snippet:-1","max-image-preview":"max-image-preview:large","max-video-preview":"max-video-preview:-1"},"canonical":"https:\/\/hi-technologies.ch\/fr\/services\/residentiel-luxe\/","og_locale":"fr_FR","og_type":"article","og_title":"R\u00e9sidentiel Luxe - Hi-Technologies","og_url":"https:\/\/hi-technologies.ch\/fr\/services\/residentiel-luxe\/","og_site_name":"Hi-Technologies","article_modified_time":"2025-12-10T12:49:09+00:00","twitter_card":"summary_large_image","schema":{"@context":"https:\/\/schema.org","@graph":[{"@type":"WebPage","@id":"https:\/\/hi-technologies.ch\/fr\/services\/residentiel-luxe\/","url":"https:\/\/hi-technologies.ch\/fr\/services\/residentiel-luxe\/","name":"R\u00e9sidentiel Luxe - Hi-Technologies","isPartOf":{"@id":"https:\/\/hi-technologies.ch\/fr\/#website"},"datePublished":"2025-12-09T14:31:36+00:00","dateModified":"2025-12-10T12:49:09+00:00","breadcrumb":{"@id":"https:\/\/hi-technologies.ch\/fr\/services\/residentiel-luxe\/#breadcrumb"},"inLanguage":"fr-FR","potentialAction":[{"@type":"ReadAction","target":["https:\/\/hi-technologies.ch\/fr\/services\/residentiel-luxe\/"]}]},{"@type":"BreadcrumbList","@id":"https:\/\/hi-technologies.ch\/fr\/services\/residentiel-luxe\/#breadcrumb","itemListElement":[{"@type":"ListItem","position":1,"name":"Home","item":"https:\/\/hi-technologies.ch\/fr\/"},{"@type":"ListItem","position":2,"name":"Services","item":"https:\/\/hi-technologies.ch\/fr\/services\/"},{"@type":"ListItem","position":3,"name":"R\u00e9sidentiel Luxe"}]},{"@type":"WebSite","@id":"https:\/\/hi-technologies.ch\/fr\/#website","url":"https:\/\/hi-technologies.ch\/fr\/","name":"Hi-Technologies","description":"","publisher":{"@id":"https:\/\/hi-technologies.ch\/fr\/#organization"},"potentialAction":[{"@type":"SearchAction","target":{"@type":"EntryPoint","urlTemplate":"https:\/\/hi-technologies.ch\/fr\/?s={search_term_string}"},"query-input":{"@type":"PropertyValueSpecification","valueRequired":true,"valueName":"search_term_string"}}],"inLanguage":"fr-FR"},{"@type":"Organization","@id":"https:\/\/hi-technologies.ch\/fr\/#organization","name":"Hi-Technologies","url":"https:\/\/hi-technologies.ch\/fr\/","logo":{"@type":"ImageObject","inLanguage":"fr-FR","@id":"https:\/\/hi-technologies.ch\/fr\/#\/schema\/logo\/image\/","url":"https:\/\/hi-technologies.ch\/app\/uploads\/2025\/12\/hi-technologies_logo2025-2.png","contentUrl":"https:\/\/hi-technologies.ch\/app\/uploads\/2025\/12\/hi-technologies_logo2025-2.png","width":849,"height":281,"caption":"Hi-Technologies"},"image":{"@id":"https:\/\/hi-technologies.ch\/fr\/#\/schema\/logo\/image\/"},"sameAs":["https:\/\/www.linkedin.com\/company\/hitechnologies\/"]}]}},"_links":{"self":[{"href":"https:\/\/hi-technologies.ch\/fr\/wp-json\/wp\/v2\/pages\/4957","targetHints":{"allow":["GET"]}}],"collection":[{"href":"https:\/\/hi-technologies.ch\/fr\/wp-json\/wp\/v2\/pages"}],"about":[{"href":"https:\/\/hi-technologies.ch\/fr\/wp-json\/wp\/v2\/types\/page"}],"author":[{"embeddable":true,"href":"https:\/\/hi-technologies.ch\/fr\/wp-json\/wp\/v2\/users\/1"}],"replies":[{"embeddable":true,"href":"https:\/\/hi-technologies.ch\/fr\/wp-json\/wp\/v2\/comments?post=4957"}],"version-history":[{"count":7,"href":"https:\/\/hi-technologies.ch\/fr\/wp-json\/wp\/v2\/pages\/4957\/revisions"}],"predecessor-version":[{"id":5042,"href":"https:\/\/hi-technologies.ch\/fr\/wp-json\/wp\/v2\/pages\/4957\/revisions\/5042"}],"up":[{"embeddable":true,"href":"https:\/\/hi-technologies.ch\/fr\/wp-json\/wp\/v2\/pages\/2739"}],"wp:attachment":[{"href":"https:\/\/hi-technologies.ch\/fr\/wp-json\/wp\/v2\/media?parent=4957"}],"wp:term":[{"taxonomy":"domaine_solution","embeddable":true,"href":"https:\/\/hi-technologies.ch\/fr\/wp-json\/wp\/v2\/domaine_solution?post=4957"}],"curies":[{"name":"wp","href":"https:\/\/api.w.org\/{rel}","templated":true}]}}