{"id":4378,"date":"2025-12-04T15:10:32","date_gmt":"2025-12-04T14:10:32","guid":{"rendered":"https:\/\/hi-technologies.ch\/?page_id=4378"},"modified":"2025-12-18T17:05:02","modified_gmt":"2025-12-18T16:05:02","slug":"recrutement","status":"publish","type":"page","link":"https:\/\/hi-technologies.ch\/fr\/recrutement\/","title":{"rendered":"Recrutement"},"content":{"rendered":"\n\n\n\n   \n\n\n  \n\n\n\n\n        \n<section\n  id=\"block_dfd8f3ffba0af7dfde67cf1e6973eb21\"\n  class=\"hero_section relative isolate   w-full overflow-hidden md:rounded-2xl md:mt-6 mt-0 js-hero\"\n  data-hero-tone=\"dark\"\n  style=\"background-image:linear-gradient(90deg, rgba(247,247,247,1) 0%, rgba(247,247,247,.10) 60%, rgba(247,247,247,0) 100%), url(https:\/\/hi-technologies.ch\/app\/uploads\/2025\/12\/hi-technologies-recrutement.jpg); background-size:cover; background-position:center; min-height:48vh;\">\n\n\n    \n\n    \n    \n  <div class=\"relative z-20 max-w-7xl px-4 md:px-6 mx-auto\" style=\"min-height:48vh;\">\n    <div class=\"flex items-center\" style=\"min-height:48vh;\">\n              \n        <div class=\"hero__content py-12 md:py-16 lg:py-20 text-black text-left\">\n\n          \n                      <h1 class=\"text-3xl md:text-6xl fw-600 uppercase leading-tight js-reveal\"\n                data-reveal-from=\"left\" data-reveal-distance=\"24\"\n                data-reveal-delay=\"0.06\" data-reveal-once=\"true\">\n              Recrutement &#038; Carri\u00e8res\n            <\/h1>\n          \n                      <div class=\"mt-4 text-sm md:text-base leading-relaxed opacity-95 js-reveal-blur\"\n                data-reveal-distance=\"12\" data-reveal-delay=\"0.12\" data-reveal-once=\"true\">\n              <p>Depuis nos bureaux de <strong>Gen\u00e8ve<\/strong> et sur le terrain, nous vivons notre m\u00e9tier avec <strong>passion<\/strong> et <strong>engagement<\/strong> et intervenons aupr\u00e8s d\u2019une client\u00e8le professionnelle souvent prestigieuse (horlogerie de luxe, banques priv\u00e9es, institutions internationales\u2026).<\/p>\n<p>Si vous partagez notre passion pour <strong>la belle int\u00e9gration audiovisuelle professionnelle<\/strong>, nous sommes faits pour nous rencontrer.<\/p>\n\n            <\/div>\n          \n                                          <div class=\"mt-6 flex flex-wrap items-center gap-4 js-reveal\"\n                data-reveal-from=\"up\" data-reveal-distance=\"16\"\n                data-reveal-delay=\"0.18\" data-reveal-once=\"true\">\n                        \n                        \n            <\/div>\n          \n        <\/div>\n\n    <\/div>\n  <\/div>\n<\/section>\n\n<script>\n  (function () {\n    var hero = document.currentScript && document.currentScript.previousElementSibling;\n    if (!hero) return;\n    var tone = hero.getAttribute('data-hero-tone') || 'light';\n    document.body.classList.add('has-hero', 'hero-tone-' + tone);\n  })();\n<\/script>\n\n\n\n\n\n\n\n\n\n\n\n<section class=\"bg-white py-24 sm:py-32 \" id=\"block_2633d76f41b8508a1e2624525e4ce852\">\n  <div class=\"mx-auto max-w-7xl px-6 lg:px-8\">\n\n    <div class=\"mx-auto max-w-2xl text-center\">\n      <h2 class=\"text-4xl font-semibold tracking-tight text-gray-900 sm:text-5xl js-reveal\">\n        Offre(s) d&#8217;emploi\n      <\/h2>\n      <p class=\"mt-4 text-lg leading-8 text-gray-600 js-reveal\">\n        \n      <\/p>\n    <\/div>\n\n          <div class=\"mx-auto mt-16 grid max-w-2xl grid-cols-1 gap-x-8 gap-y-20\n                  lg:max-w-2xl lg:mx-auto lg:grid-cols-1\n                  lg:justify-items-center\">\n                  <div class=\"js-reveal\" data-reveal-stagger=\"0.04\">\n            \n<article class=\"w-full lg:max-w-md flex flex-col items-start justify-between group js-reveal\"\n         data-reveal-from=\"up\" data-reveal-distance=\"18\">\n\n  <a href=\"https:\/\/hi-technologies.ch\/fr\/technicien-support-audiovisuel-h-f-100\/\" class=\"w-full\">\n\n          <div class=\"relative w-full js-reveal-blur\" data-reveal-from=\"up\" data-reveal-distance=\"12\">\n        <img\n          src=\"https:\/\/hi-technologies.ch\/app\/uploads\/2025\/12\/HiT_Maintenance-corrective.jpg\"\n          alt=\"Technicien Audiovisuel (H\/F) 100% &#8211; PARIS\"\n          class=\"aspect-[3\/2] w-full rounded-2xl bg-gray-100 object-cover transition-transform duration-300 group-hover:scale-[1.02]\"\n          loading=\"lazy\"\n          decoding=\"async\"\n        \/>\n        <div class=\"absolute inset-0 rounded-2xl ring-1 ring-gray-900\/10\"><\/div>\n      <\/div>\n    \n    <div class=\"mt-6 flex items-center gap-x-4 text-xs js-reveal\" data-reveal-stagger=\"0.04\">\n      <time class=\"font-semibold uppercase tracking-[0.24em] text-[#0080A2] js-reveal\" data-reveal-delay=\"0.02\">\n        02.04.2026\n      <\/time>\n\n              <span class=\"text-gray-400 js-reveal\" data-reveal-delay=\"0.04\">\u00b7<\/span>\n        <span class=\"text-xs font-semibold uppercase tracking-wide text-gray-500 js-reveal\" data-reveal-delay=\"0.06\">\n          Emploi\n        <\/span>\n          <\/div>\n\n    <div class=\"group relative\">\n      <h3 class=\"mt-3 text-lg font-semibold leading-snug text-gray-900 group-hover:text-gray-600 js-reveal\" data-reveal-delay=\"0.08\">\n        Technicien Audiovisuel (H\/F) 100% &#8211; PARIS\n      <\/h3>\n\n              <p class=\"mt-4 text-sm leading-6 text-gray-600 js-reveal\" data-reveal-delay=\"0.12\">\n          Vous connaissez bien le secteur de l\u2019int\u00e9gration audiovisuelle en milieu professionnel (visioconf\u00e9rence, salles de r\u00e9union connect\u00e9es, diffusion et captation audio et vid\u00e9o, domotique, room booking, etc.) et vous \u00eates reconnu(e) pour votre sens du service, votre r\u00e9activit\u00e9 et votre capacit\u00e9 \u00e0 r\u00e9soudre des probl\u00e9matiques techniques chez les clients ?\nVous appr\u00e9ciez le contact client et le travail en \u00e9quipe dans un environnement technique exigeant ?\nDans ce cas, ce poste est fait pour vous.\n        <\/p>\n          <\/div>\n\n  <\/a>\n<\/article>\n          <\/div>\n              <\/div>\n\n          \n  <\/div>\n<\/section>\n\n\n\n\n\n\n\n\n\n<section id=\"block_4ad4c046b19f4f7af5c6d5ed58f0e0d1\" class=\"spotlight relative  mt-5 mb-5\">\n  <div class=\"max-w-7xl mx-auto px-4 md:px-6 py-12 md:py-16\">\n\n        <div\n      class=\"hidden md:block absolute inset-y-6 md:inset-y-8 bg-[#f7f7f7] rounded-2xl w-1\/2 right-0\"\n      aria-hidden=\"true\"><\/div>\n\n    <div class=\"relative grid grid-cols-1 md:grid-cols-12 gap-8 md:gap-12 items-center z-10\">\n\n            <div class=\"md:order-1 md:col-span-7 md:-mr-10 lg:-mr-12 js-reveal\"\n        data-reveal-from=\"left\"\n        data-reveal-distance=\"120\"\n        data-reveal-delay=\"0\">\n                          <img decoding=\"async\" class=\"w-auto rounded-xl shadow-sm max-h-[550px] overflow-y-auto m-auto\" src=\"https:\/\/hi-technologies.ch\/app\/uploads\/2025\/12\/hit-carrieres-job.svg\" alt=\"\">\n        \n                      <\/div>\n\n            <div class=\"md:order-2 md:col-span-5\">\n        <div class=\"px-5 py-15 md:px-10 md:py-30 \">\n\n          \n                      <h2 class=\"text-3xl md:text-4xl fw-600 leading-tight mb-8 mt-16 js-reveal\"\n                data-reveal-from=\"right\" data-reveal-distance=\"24\" data-reveal-once=\"true\">\n              Recrutement\n            <\/h2>\n          \n                      <p class=\"text-lg uppercase tracking-wide opacity-80 mb-6 u-title fw-500 js-reveal\"\n              data-reveal-from=\"right\" data-reveal-distance=\"20\"\n              data-reveal-delay=\"0.06\" data-reveal-once=\"true\">\n              A ce jour, nous n\u2019avons aucune autre position ouverte.\n            <\/p>\n          \n                      <div class=\"mt-2 text-sm md:text-base leading-relaxed js-reveal-blur\"\n                data-reveal-distance=\"12\" data-reveal-delay=\"0.12\" data-reveal-once=\"true\">\n              <p>Nous restons toutefois \u00e0 l\u2019\u00e9coute si vous disposez d\u2019un\u00a0<strong>profil exp\u00e9riment\u00e9 en int\u00e9gration audiovisuelle professionnelle<\/strong>\u00a0(installation de syst\u00e8mes audiovisuels en espaces collaboratifs, contr\u00f4le et automation\u2026).<\/p>\n<p>Tout autre profil (sans exp\u00e9rience significative dans notre domaine d\u2019activit\u00e9) ne pourra recevoir une r\u00e9ponse (positive ou n\u00e9gative) de notre part, merci de votre compr\u00e9hension.<\/p>\n\n            <\/div>\n          \n                    \n                      <div class=\"mt-8 flex flex-wrap items-center gap-6 mb-16 js-reveal\"\n                data-reveal-from=\"up\" data-reveal-distance=\"16\"\n                data-reveal-delay=\"0.18\" data-reveal-once=\"true\">\n                        \n                                                  \n                    \n                \n\n<a href=\"mailto:recrutement@hi-technologies.ch\" class=\"cta_link tone-neutral\">\n  <span>Envoyer votre candidature spontan\u00e9e<\/span>\n    <svg class=\"cta_icon\" viewBox=\"0 0 24 24\" fill=\"none\" aria-hidden=\"true\">\n    <path d=\"M9 5l7 7-7 7\" stroke=\"currentColor\" stroke-width=\"2\" stroke-linecap=\"round\" stroke-linejoin=\"round\"\/>\n  <\/svg>\n  <\/a>\n      \n            <\/div>\n          \n        <\/div>\n      <\/div>\n\n\n    <\/div>\n  <\/div>\n<\/section>\n","protected":false},"excerpt":{"rendered":"","protected":false},"author":1,"featured_media":0,"parent":0,"menu_order":0,"comment_status":"closed","ping_status":"closed","template":"","meta":{"_acf_changed":false,"inline_featured_image":false,"footnotes":""},"domaine_solution":[],"class_list":["post-4378","page","type-page","status-publish","hentry"],"acf":[],"yoast_head":"<!-- This site is optimized with the Yoast SEO plugin v25.8 - https:\/\/yoast.com\/wordpress\/plugins\/seo\/ -->\n<title>Recrutement - Hi-Technologies<\/title>\n<meta name=\"description\" content=\"Carri\u00e8re chez Hi Technologies : postes ouverts en audiovisuel, programmation de syst\u00e8mes AV, support technique et int\u00e9gration professionnelle en Suisse Romande.\" \/>\n<meta name=\"robots\" content=\"index, follow, max-snippet:-1, max-image-preview:large, max-video-preview:-1\" \/>\n<link rel=\"canonical\" href=\"https:\/\/hi-technologies.ch\/fr\/recrutement\/\" \/>\n<meta property=\"og:locale\" content=\"fr_FR\" \/>\n<meta property=\"og:type\" content=\"article\" \/>\n<meta property=\"og:title\" content=\"Recrutement - Hi-Technologies\" \/>\n<meta property=\"og:description\" content=\"Carri\u00e8re chez Hi Technologies : postes ouverts en audiovisuel, programmation de syst\u00e8mes AV, support technique et int\u00e9gration professionnelle en Suisse Romande.\" \/>\n<meta property=\"og:url\" content=\"https:\/\/hi-technologies.ch\/fr\/recrutement\/\" \/>\n<meta property=\"og:site_name\" content=\"Hi-Technologies\" \/>\n<meta property=\"article:modified_time\" content=\"2025-12-18T16:05:02+00:00\" \/>\n<meta name=\"twitter:card\" content=\"summary_large_image\" \/>\n<script type=\"application\/ld+json\" class=\"yoast-schema-graph\">{\"@context\":\"https:\/\/schema.org\",\"@graph\":[{\"@type\":\"WebPage\",\"@id\":\"https:\/\/hi-technologies.ch\/fr\/recrutement\/\",\"url\":\"https:\/\/hi-technologies.ch\/fr\/recrutement\/\",\"name\":\"Recrutement - Hi-Technologies\",\"isPartOf\":{\"@id\":\"https:\/\/hi-technologies.ch\/fr\/#website\"},\"datePublished\":\"2025-12-04T14:10:32+00:00\",\"dateModified\":\"2025-12-18T16:05:02+00:00\",\"description\":\"Carri\u00e8re chez Hi Technologies : postes ouverts en audiovisuel, programmation de syst\u00e8mes AV, support technique et int\u00e9gration professionnelle en Suisse Romande.\",\"breadcrumb\":{\"@id\":\"https:\/\/hi-technologies.ch\/fr\/recrutement\/#breadcrumb\"},\"inLanguage\":\"fr-FR\",\"potentialAction\":[{\"@type\":\"ReadAction\",\"target\":[\"https:\/\/hi-technologies.ch\/fr\/recrutement\/\"]}]},{\"@type\":\"BreadcrumbList\",\"@id\":\"https:\/\/hi-technologies.ch\/fr\/recrutement\/#breadcrumb\",\"itemListElement\":[{\"@type\":\"ListItem\",\"position\":1,\"name\":\"Home\",\"item\":\"https:\/\/hi-technologies.ch\/fr\/\"},{\"@type\":\"ListItem\",\"position\":2,\"name\":\"Recrutement\"}]},{\"@type\":\"WebSite\",\"@id\":\"https:\/\/hi-technologies.ch\/fr\/#website\",\"url\":\"https:\/\/hi-technologies.ch\/fr\/\",\"name\":\"Hi-Technologies\",\"description\":\"\",\"publisher\":{\"@id\":\"https:\/\/hi-technologies.ch\/fr\/#organization\"},\"potentialAction\":[{\"@type\":\"SearchAction\",\"target\":{\"@type\":\"EntryPoint\",\"urlTemplate\":\"https:\/\/hi-technologies.ch\/fr\/?s={search_term_string}\"},\"query-input\":{\"@type\":\"PropertyValueSpecification\",\"valueRequired\":true,\"valueName\":\"search_term_string\"}}],\"inLanguage\":\"fr-FR\"},{\"@type\":\"Organization\",\"@id\":\"https:\/\/hi-technologies.ch\/fr\/#organization\",\"name\":\"Hi-Technologies\",\"url\":\"https:\/\/hi-technologies.ch\/fr\/\",\"logo\":{\"@type\":\"ImageObject\",\"inLanguage\":\"fr-FR\",\"@id\":\"https:\/\/hi-technologies.ch\/fr\/#\/schema\/logo\/image\/\",\"url\":\"https:\/\/hi-technologies.ch\/app\/uploads\/2025\/12\/hi-technologies_logo2025-2.png\",\"contentUrl\":\"https:\/\/hi-technologies.ch\/app\/uploads\/2025\/12\/hi-technologies_logo2025-2.png\",\"width\":849,\"height\":281,\"caption\":\"Hi-Technologies\"},\"image\":{\"@id\":\"https:\/\/hi-technologies.ch\/fr\/#\/schema\/logo\/image\/\"},\"sameAs\":[\"https:\/\/www.linkedin.com\/company\/hitechnologies\/\"]}]}<\/script>\n<!-- \/ Yoast SEO plugin. -->","yoast_head_json":{"title":"Recrutement - Hi-Technologies","description":"Carri\u00e8re chez Hi Technologies : postes ouverts en audiovisuel, programmation de syst\u00e8mes AV, support technique et int\u00e9gration professionnelle en Suisse Romande.","robots":{"index":"index","follow":"follow","max-snippet":"max-snippet:-1","max-image-preview":"max-image-preview:large","max-video-preview":"max-video-preview:-1"},"canonical":"https:\/\/hi-technologies.ch\/fr\/recrutement\/","og_locale":"fr_FR","og_type":"article","og_title":"Recrutement - Hi-Technologies","og_description":"Carri\u00e8re chez Hi Technologies : postes ouverts en audiovisuel, programmation de syst\u00e8mes AV, support technique et int\u00e9gration professionnelle en Suisse Romande.","og_url":"https:\/\/hi-technologies.ch\/fr\/recrutement\/","og_site_name":"Hi-Technologies","article_modified_time":"2025-12-18T16:05:02+00:00","twitter_card":"summary_large_image","schema":{"@context":"https:\/\/schema.org","@graph":[{"@type":"WebPage","@id":"https:\/\/hi-technologies.ch\/fr\/recrutement\/","url":"https:\/\/hi-technologies.ch\/fr\/recrutement\/","name":"Recrutement - Hi-Technologies","isPartOf":{"@id":"https:\/\/hi-technologies.ch\/fr\/#website"},"datePublished":"2025-12-04T14:10:32+00:00","dateModified":"2025-12-18T16:05:02+00:00","description":"Carri\u00e8re chez Hi Technologies : postes ouverts en audiovisuel, programmation de syst\u00e8mes AV, support technique et int\u00e9gration professionnelle en Suisse Romande.","breadcrumb":{"@id":"https:\/\/hi-technologies.ch\/fr\/recrutement\/#breadcrumb"},"inLanguage":"fr-FR","potentialAction":[{"@type":"ReadAction","target":["https:\/\/hi-technologies.ch\/fr\/recrutement\/"]}]},{"@type":"BreadcrumbList","@id":"https:\/\/hi-technologies.ch\/fr\/recrutement\/#breadcrumb","itemListElement":[{"@type":"ListItem","position":1,"name":"Home","item":"https:\/\/hi-technologies.ch\/fr\/"},{"@type":"ListItem","position":2,"name":"Recrutement"}]},{"@type":"WebSite","@id":"https:\/\/hi-technologies.ch\/fr\/#website","url":"https:\/\/hi-technologies.ch\/fr\/","name":"Hi-Technologies","description":"","publisher":{"@id":"https:\/\/hi-technologies.ch\/fr\/#organization"},"potentialAction":[{"@type":"SearchAction","target":{"@type":"EntryPoint","urlTemplate":"https:\/\/hi-technologies.ch\/fr\/?s={search_term_string}"},"query-input":{"@type":"PropertyValueSpecification","valueRequired":true,"valueName":"search_term_string"}}],"inLanguage":"fr-FR"},{"@type":"Organization","@id":"https:\/\/hi-technologies.ch\/fr\/#organization","name":"Hi-Technologies","url":"https:\/\/hi-technologies.ch\/fr\/","logo":{"@type":"ImageObject","inLanguage":"fr-FR","@id":"https:\/\/hi-technologies.ch\/fr\/#\/schema\/logo\/image\/","url":"https:\/\/hi-technologies.ch\/app\/uploads\/2025\/12\/hi-technologies_logo2025-2.png","contentUrl":"https:\/\/hi-technologies.ch\/app\/uploads\/2025\/12\/hi-technologies_logo2025-2.png","width":849,"height":281,"caption":"Hi-Technologies"},"image":{"@id":"https:\/\/hi-technologies.ch\/fr\/#\/schema\/logo\/image\/"},"sameAs":["https:\/\/www.linkedin.com\/company\/hitechnologies\/"]}]}},"_links":{"self":[{"href":"https:\/\/hi-technologies.ch\/fr\/wp-json\/wp\/v2\/pages\/4378","targetHints":{"allow":["GET"]}}],"collection":[{"href":"https:\/\/hi-technologies.ch\/fr\/wp-json\/wp\/v2\/pages"}],"about":[{"href":"https:\/\/hi-technologies.ch\/fr\/wp-json\/wp\/v2\/types\/page"}],"author":[{"embeddable":true,"href":"https:\/\/hi-technologies.ch\/fr\/wp-json\/wp\/v2\/users\/1"}],"replies":[{"embeddable":true,"href":"https:\/\/hi-technologies.ch\/fr\/wp-json\/wp\/v2\/comments?post=4378"}],"version-history":[{"count":14,"href":"https:\/\/hi-technologies.ch\/fr\/wp-json\/wp\/v2\/pages\/4378\/revisions"}],"predecessor-version":[{"id":6396,"href":"https:\/\/hi-technologies.ch\/fr\/wp-json\/wp\/v2\/pages\/4378\/revisions\/6396"}],"wp:attachment":[{"href":"https:\/\/hi-technologies.ch\/fr\/wp-json\/wp\/v2\/media?parent=4378"}],"wp:term":[{"taxonomy":"domaine_solution","embeddable":true,"href":"https:\/\/hi-technologies.ch\/fr\/wp-json\/wp\/v2\/domaine_solution?post=4378"}],"curies":[{"name":"wp","href":"https:\/\/api.w.org\/{rel}","templated":true}]}}