{"id":4368,"date":"2025-12-04T14:51:19","date_gmt":"2025-12-04T13:51:19","guid":{"rendered":"https:\/\/hi-technologies.ch\/?page_id=4368"},"modified":"2025-12-23T09:39:22","modified_gmt":"2025-12-23T08:39:22","slug":"notre-equipe","status":"publish","type":"page","link":"https:\/\/hi-technologies.ch\/fr\/notre-entreprise\/notre-equipe\/","title":{"rendered":"Notre \u00e9quipe"},"content":{"rendered":"\n<section\n  class=\"py-16 md:py-24 rounded-2xl md:rounded-3xl mt-24 mb-24 md:mt-12 md:mb-12\"\n  style=\"--tile-right-w: 44rem; --tile-small-w: 38rem; --text-max: 58ch;\"\n>\n\n    <div class=\"container mx-auto max-w-7xl grid lg:grid-cols-[minmax(22rem,var(--text-max))_1fr] gap-8 items-center\">\n          <div class=\"max-w-[var(--text-max)]\">\n\n                  <h2 class=\"text-3xl md:text-4xl font-semibold tracking-tight text-neutral-900\n                    js-reveal\"\n              data-reveal-from=\"down\" data-reveal-distance=\"20\"\n              data-reveal-once=\"true\">\n            Qui sommes nous&nbsp;?\n          <\/h2>\n        \n                  <p class=\"text-xl tracking-tight leading-tight mt-6 mb-6 js-reveal\n                    js-reveal\"\n            data-reveal-from=\"down\" data-reveal-distance=\"18\"\n            data-reveal-delay=\"0.06\" data-reveal-once=\"true\">\n            Chez Hi Technologies, nous r\u00e9unissons une \u00e9quipe de 36 collaboratrices et collaborateurs passionn\u00e9s, r\u00e9partis entre notre Si\u00e8ge \u00e0 Gen\u00e8ve et notre filiale \u00e0 Paris.\n          <\/p>\n        \n                            <div class=\"prose prose-neutral max-w-none text-neutral-700\n                      js-reveal-blur\"\n              data-reveal-distance=\"12\"\n              data-reveal-delay=\"0.12\" data-reveal-once=\"true\">\n            <p data-start=\"117\" data-end=\"484\">Sp\u00e9cialis\u00e9s dans l\u2019int\u00e9gration audiovisuelle professionnelle et r\u00e9sidentielle, nous ma\u00eetrisons la <strong>visioconf\u00e9rence<\/strong>, les <strong>syst\u00e8mes de contr\u00f4le<\/strong>, les <strong>outils de collaboration unifi\u00e9e<\/strong>, la cr\u00e9ation de<strong> salles cin\u00e9ma priv\u00e9es<\/strong>, ainsi que la gestion <strong>audio et vid\u00e9o multizone<\/strong>. Nous intervenons \u00e9galement sur de nombreuses autres solutions adapt\u00e9es \u00e0 des environnements exigeants.<\/p>\n<p data-start=\"491\" data-end=\"775\">Notre force repose sur une \u00e9quipe pluridisciplinaire compos\u00e9e de <strong>programmeurs certifi\u00e9s, d\u2019ing\u00e9nieurs d\u2019\u00e9tudes, de techniciens et d\u2019experts support<\/strong>. Elle vous accompagne \u00e0 chaque \u00e9tape de votre projet, depuis la phase de conception jusqu\u2019\u00e0 la maintenance et au support op\u00e9rationnel.<\/p>\n<p data-start=\"782\" data-end=\"1246\">Chaque jour, nous intervenons aupr\u00e8s d\u2019entreprises de toutes tailles, qu\u2019il s\u2019agisse de<strong> start-up<\/strong>, de <strong>PME<\/strong> ou de <strong>grands groupes internationaux<\/strong>. Nous collaborons \u00e9galement avec des <strong>institutions communales<\/strong>, <strong>cantonales<\/strong> et <strong>f\u00e9d\u00e9rales<\/strong>, ainsi qu\u2019avec des organisations internationales. Toutes partagent une m\u00eame exigence en mati\u00e8re de <strong>qualit\u00e9<\/strong>, de <strong>fiabilit\u00e9<\/strong>, de <strong>r\u00e9activit\u00e9<\/strong> et de <strong>soin apport\u00e9 \u00e0 l\u2019int\u00e9gration audiovisuelle<\/strong>, des valeurs qui guident l\u2019ensemble de notre \u00e9quipe<\/p>\n\n          <\/div>\n        \n                  <div class=\"mt-8 js-reveal\"\n              data-reveal-from=\"up\" data-reveal-distance=\"16\"\n              data-reveal-delay=\"0.18\" data-reveal-once=\"true\">\n            \n\n    \n\n\n\n\n      \n        \n    \n      <a href=\"https:\/\/hi-technologies.ch\/fr\/recrutement\/\"\n       class=\"cta_btn cta_btn--md cta_btn--wipe tone-teal cta_btn--hairline halo-none\"\n       >\n      <span>Rejoindre Hi Technologies<\/span>\n          <\/a>\n            <\/div>\n              <\/div>\n\n\n          <div class=\"overflow-hidden rounded-xl bg-neutral-100 justify-self-end w-full lg:w-[var(--tile-right-w)]\n                  js-reveal\"\n          data-reveal-from=\"right\"\n          data-reveal-distance=\"120\"\n          data-reveal-once=\"true\">\n                  <img decoding=\"async\" src=\"https:\/\/hi-technologies.ch\/app\/uploads\/2025\/12\/hit_1-Equipe-seance-Juin-2025.jpg\" alt=\"\"\n              class=\"aspect-[7\/5] w-full object-cover transition-transform duration-300 ease-out hover:scale-[1.02]\">\n              <\/div>\n\n  <\/div>\n\n    <div class=\"container mx-auto max-w-7xl mt-10\">\n    <div class=\"grid grid-cols-3 md:grid-cols-[1fr_var(--tile-right-w)_1fr] gap-8 items-end overflow-visible\"\n        data-reveal-stagger=\"0.08\">\n      \n            <div class=\"col-span-1 hidden md:block justify-self-start md:-ml-[80%] js-reveal\"\n          data-reveal-from=\"left\"\n          data-reveal-distance=\"56\"\n          data-reveal-once=\"true\">\n                  <img decoding=\"async\" src=\"https:\/\/hi-technologies.ch\/app\/uploads\/2025\/12\/hit_2-team.jpg\" alt=\"\"\n              class=\"aspect-[4\/3] w-[var(--tile-small-w)] rounded-md bg-neutral-100 object-cover transition-transform duration-300 ease-out hover:scale-[1.02]\">\n              <\/div>\n\n            <div class=\"col-span-3 md:col-start-2 md:col-end-3 place-self-center js-reveal\"\n          data-reveal-from=\"down\"\n          data-reveal-distance=\"64\"\n          data-reveal-delay=\"0.04\"\n          data-reveal-once=\"true\">\n                  <img decoding=\"async\" src=\"https:\/\/hi-technologies.ch\/app\/uploads\/2025\/12\/hit_3-Inauguration-HI-TECH-097.jpg\" alt=\"\"\n              class=\"aspect-[7\/5] w-full rounded-xl bg-neutral-100 object-cover transition-transform duration-300 ease-out hover:scale-[1.02]\">\n              <\/div>\n\n            <div class=\"hidden md:block md:col-start-3 md:col-end-4 justify-self-end self-start md:-mr-[80%] js-reveal\"\n          data-reveal-from=\"right\"\n          data-reveal-distance=\"56\"\n          data-reveal-delay=\"0.08\"\n          data-reveal-once=\"true\">\n                  <img decoding=\"async\" src=\"https:\/\/hi-technologies.ch\/app\/uploads\/2025\/12\/HiT_Maintenance-corrective.jpg\" alt=\"\"\n              class=\"aspect-[4\/3] w-[var(--tile-small-w)] rounded-md bg-neutral-100 object-cover transition-transform duration-300 ease-out hover:scale-[1.02]\">\n              <\/div>\n    <\/div>\n\n  <\/div>\n<\/section>\n","protected":false},"excerpt":{"rendered":"","protected":false},"author":1,"featured_media":0,"parent":3569,"menu_order":0,"comment_status":"closed","ping_status":"closed","template":"","meta":{"_acf_changed":false,"inline_featured_image":false,"footnotes":""},"domaine_solution":[],"class_list":["post-4368","page","type-page","status-publish","hentry"],"acf":[],"yoast_head":"<!-- This site is optimized with the Yoast SEO plugin v25.8 - https:\/\/yoast.com\/wordpress\/plugins\/seo\/ -->\n<title>Notre \u00e9quipe - Hi-Technologies<\/title>\n<meta name=\"description\" content=\"Programmeurs certifi\u00e9s, techniciens AV, ing\u00e9nieurs d\u2019\u00e9tude et support client : Hi Technologies r\u00e9unit une \u00e9quipe experte en int\u00e9gration audiovisuelle Suisse et France.\" \/>\n<meta name=\"robots\" content=\"index, follow, max-snippet:-1, max-image-preview:large, max-video-preview:-1\" \/>\n<link rel=\"canonical\" href=\"https:\/\/hi-technologies.ch\/fr\/notre-entreprise\/notre-equipe\/\" \/>\n<meta property=\"og:locale\" content=\"fr_FR\" \/>\n<meta property=\"og:type\" content=\"article\" \/>\n<meta property=\"og:title\" content=\"Notre \u00e9quipe - Hi-Technologies\" \/>\n<meta property=\"og:description\" content=\"Programmeurs certifi\u00e9s, techniciens AV, ing\u00e9nieurs d\u2019\u00e9tude et support client : Hi Technologies r\u00e9unit une \u00e9quipe experte en int\u00e9gration audiovisuelle Suisse et France.\" \/>\n<meta property=\"og:url\" content=\"https:\/\/hi-technologies.ch\/fr\/notre-entreprise\/notre-equipe\/\" \/>\n<meta property=\"og:site_name\" content=\"Hi-Technologies\" \/>\n<meta property=\"article:modified_time\" content=\"2025-12-23T08:39:22+00:00\" \/>\n<meta name=\"twitter:card\" content=\"summary_large_image\" \/>\n<script type=\"application\/ld+json\" class=\"yoast-schema-graph\">{\"@context\":\"https:\/\/schema.org\",\"@graph\":[{\"@type\":\"WebPage\",\"@id\":\"https:\/\/hi-technologies.ch\/fr\/notre-entreprise\/notre-equipe\/\",\"url\":\"https:\/\/hi-technologies.ch\/fr\/notre-entreprise\/notre-equipe\/\",\"name\":\"Notre \u00e9quipe - Hi-Technologies\",\"isPartOf\":{\"@id\":\"https:\/\/hi-technologies.ch\/fr\/#website\"},\"datePublished\":\"2025-12-04T13:51:19+00:00\",\"dateModified\":\"2025-12-23T08:39:22+00:00\",\"description\":\"Programmeurs certifi\u00e9s, techniciens AV, ing\u00e9nieurs d\u2019\u00e9tude et support client : Hi Technologies r\u00e9unit une \u00e9quipe experte en int\u00e9gration audiovisuelle Suisse et France.\",\"breadcrumb\":{\"@id\":\"https:\/\/hi-technologies.ch\/fr\/notre-entreprise\/notre-equipe\/#breadcrumb\"},\"inLanguage\":\"fr-FR\",\"potentialAction\":[{\"@type\":\"ReadAction\",\"target\":[\"https:\/\/hi-technologies.ch\/fr\/notre-entreprise\/notre-equipe\/\"]}]},{\"@type\":\"BreadcrumbList\",\"@id\":\"https:\/\/hi-technologies.ch\/fr\/notre-entreprise\/notre-equipe\/#breadcrumb\",\"itemListElement\":[{\"@type\":\"ListItem\",\"position\":1,\"name\":\"Home\",\"item\":\"https:\/\/hi-technologies.ch\/fr\/\"},{\"@type\":\"ListItem\",\"position\":2,\"name\":\"Notre entreprise\",\"item\":\"https:\/\/hi-technologies.ch\/fr\/notre-entreprise\/\"},{\"@type\":\"ListItem\",\"position\":3,\"name\":\"Notre \u00e9quipe\"}]},{\"@type\":\"WebSite\",\"@id\":\"https:\/\/hi-technologies.ch\/fr\/#website\",\"url\":\"https:\/\/hi-technologies.ch\/fr\/\",\"name\":\"Hi-Technologies\",\"description\":\"\",\"publisher\":{\"@id\":\"https:\/\/hi-technologies.ch\/fr\/#organization\"},\"potentialAction\":[{\"@type\":\"SearchAction\",\"target\":{\"@type\":\"EntryPoint\",\"urlTemplate\":\"https:\/\/hi-technologies.ch\/fr\/?s={search_term_string}\"},\"query-input\":{\"@type\":\"PropertyValueSpecification\",\"valueRequired\":true,\"valueName\":\"search_term_string\"}}],\"inLanguage\":\"fr-FR\"},{\"@type\":\"Organization\",\"@id\":\"https:\/\/hi-technologies.ch\/fr\/#organization\",\"name\":\"Hi-Technologies\",\"url\":\"https:\/\/hi-technologies.ch\/fr\/\",\"logo\":{\"@type\":\"ImageObject\",\"inLanguage\":\"fr-FR\",\"@id\":\"https:\/\/hi-technologies.ch\/fr\/#\/schema\/logo\/image\/\",\"url\":\"https:\/\/hi-technologies.ch\/app\/uploads\/2025\/12\/hi-technologies_logo2025-2.png\",\"contentUrl\":\"https:\/\/hi-technologies.ch\/app\/uploads\/2025\/12\/hi-technologies_logo2025-2.png\",\"width\":849,\"height\":281,\"caption\":\"Hi-Technologies\"},\"image\":{\"@id\":\"https:\/\/hi-technologies.ch\/fr\/#\/schema\/logo\/image\/\"},\"sameAs\":[\"https:\/\/www.linkedin.com\/company\/hitechnologies\/\"]}]}<\/script>\n<!-- \/ Yoast SEO plugin. -->","yoast_head_json":{"title":"Notre \u00e9quipe - Hi-Technologies","description":"Programmeurs certifi\u00e9s, techniciens AV, ing\u00e9nieurs d\u2019\u00e9tude et support client : Hi Technologies r\u00e9unit une \u00e9quipe experte en int\u00e9gration audiovisuelle Suisse et France.","robots":{"index":"index","follow":"follow","max-snippet":"max-snippet:-1","max-image-preview":"max-image-preview:large","max-video-preview":"max-video-preview:-1"},"canonical":"https:\/\/hi-technologies.ch\/fr\/notre-entreprise\/notre-equipe\/","og_locale":"fr_FR","og_type":"article","og_title":"Notre \u00e9quipe - Hi-Technologies","og_description":"Programmeurs certifi\u00e9s, techniciens AV, ing\u00e9nieurs d\u2019\u00e9tude et support client : Hi Technologies r\u00e9unit une \u00e9quipe experte en int\u00e9gration audiovisuelle Suisse et France.","og_url":"https:\/\/hi-technologies.ch\/fr\/notre-entreprise\/notre-equipe\/","og_site_name":"Hi-Technologies","article_modified_time":"2025-12-23T08:39:22+00:00","twitter_card":"summary_large_image","schema":{"@context":"https:\/\/schema.org","@graph":[{"@type":"WebPage","@id":"https:\/\/hi-technologies.ch\/fr\/notre-entreprise\/notre-equipe\/","url":"https:\/\/hi-technologies.ch\/fr\/notre-entreprise\/notre-equipe\/","name":"Notre \u00e9quipe - Hi-Technologies","isPartOf":{"@id":"https:\/\/hi-technologies.ch\/fr\/#website"},"datePublished":"2025-12-04T13:51:19+00:00","dateModified":"2025-12-23T08:39:22+00:00","description":"Programmeurs certifi\u00e9s, techniciens AV, ing\u00e9nieurs d\u2019\u00e9tude et support client : Hi Technologies r\u00e9unit une \u00e9quipe experte en int\u00e9gration audiovisuelle Suisse et France.","breadcrumb":{"@id":"https:\/\/hi-technologies.ch\/fr\/notre-entreprise\/notre-equipe\/#breadcrumb"},"inLanguage":"fr-FR","potentialAction":[{"@type":"ReadAction","target":["https:\/\/hi-technologies.ch\/fr\/notre-entreprise\/notre-equipe\/"]}]},{"@type":"BreadcrumbList","@id":"https:\/\/hi-technologies.ch\/fr\/notre-entreprise\/notre-equipe\/#breadcrumb","itemListElement":[{"@type":"ListItem","position":1,"name":"Home","item":"https:\/\/hi-technologies.ch\/fr\/"},{"@type":"ListItem","position":2,"name":"Notre entreprise","item":"https:\/\/hi-technologies.ch\/fr\/notre-entreprise\/"},{"@type":"ListItem","position":3,"name":"Notre \u00e9quipe"}]},{"@type":"WebSite","@id":"https:\/\/hi-technologies.ch\/fr\/#website","url":"https:\/\/hi-technologies.ch\/fr\/","name":"Hi-Technologies","description":"","publisher":{"@id":"https:\/\/hi-technologies.ch\/fr\/#organization"},"potentialAction":[{"@type":"SearchAction","target":{"@type":"EntryPoint","urlTemplate":"https:\/\/hi-technologies.ch\/fr\/?s={search_term_string}"},"query-input":{"@type":"PropertyValueSpecification","valueRequired":true,"valueName":"search_term_string"}}],"inLanguage":"fr-FR"},{"@type":"Organization","@id":"https:\/\/hi-technologies.ch\/fr\/#organization","name":"Hi-Technologies","url":"https:\/\/hi-technologies.ch\/fr\/","logo":{"@type":"ImageObject","inLanguage":"fr-FR","@id":"https:\/\/hi-technologies.ch\/fr\/#\/schema\/logo\/image\/","url":"https:\/\/hi-technologies.ch\/app\/uploads\/2025\/12\/hi-technologies_logo2025-2.png","contentUrl":"https:\/\/hi-technologies.ch\/app\/uploads\/2025\/12\/hi-technologies_logo2025-2.png","width":849,"height":281,"caption":"Hi-Technologies"},"image":{"@id":"https:\/\/hi-technologies.ch\/fr\/#\/schema\/logo\/image\/"},"sameAs":["https:\/\/www.linkedin.com\/company\/hitechnologies\/"]}]}},"_links":{"self":[{"href":"https:\/\/hi-technologies.ch\/fr\/wp-json\/wp\/v2\/pages\/4368","targetHints":{"allow":["GET"]}}],"collection":[{"href":"https:\/\/hi-technologies.ch\/fr\/wp-json\/wp\/v2\/pages"}],"about":[{"href":"https:\/\/hi-technologies.ch\/fr\/wp-json\/wp\/v2\/types\/page"}],"author":[{"embeddable":true,"href":"https:\/\/hi-technologies.ch\/fr\/wp-json\/wp\/v2\/users\/1"}],"replies":[{"embeddable":true,"href":"https:\/\/hi-technologies.ch\/fr\/wp-json\/wp\/v2\/comments?post=4368"}],"version-history":[{"count":10,"href":"https:\/\/hi-technologies.ch\/fr\/wp-json\/wp\/v2\/pages\/4368\/revisions"}],"predecessor-version":[{"id":4501,"href":"https:\/\/hi-technologies.ch\/fr\/wp-json\/wp\/v2\/pages\/4368\/revisions\/4501"}],"up":[{"embeddable":true,"href":"https:\/\/hi-technologies.ch\/fr\/wp-json\/wp\/v2\/pages\/3569"}],"wp:attachment":[{"href":"https:\/\/hi-technologies.ch\/fr\/wp-json\/wp\/v2\/media?parent=4368"}],"wp:term":[{"taxonomy":"domaine_solution","embeddable":true,"href":"https:\/\/hi-technologies.ch\/fr\/wp-json\/wp\/v2\/domaine_solution?post=4368"}],"curies":[{"name":"wp","href":"https:\/\/api.w.org\/{rel}","templated":true}]}}