{"id":4329,"date":"2025-12-04T13:44:01","date_gmt":"2025-12-04T12:44:01","guid":{"rendered":"https:\/\/hi-technologies.ch\/?page_id=4329"},"modified":"2026-03-16T16:48:57","modified_gmt":"2026-03-16T15:48:57","slug":"la-formation-au-service-de-la-performance-technique","status":"publish","type":"page","link":"https:\/\/hi-technologies.ch\/fr\/expertise-audiovisuelle\/la-formation-au-service-de-la-performance-technique\/","title":{"rendered":"La Formation au Service de la Performance Technique"},"content":{"rendered":"\n\n\n\n   \n\n\n  \n\n\n\n\n        \n<section\n  id=\"block_3f1e37a797d5c6fb1ae243164d0c87b6\"\n  class=\"hero_section relative isolate   w-full overflow-hidden md:rounded-2xl md:mt-6 mt-0 js-hero\"\n  data-hero-tone=\"dark\"\n  style=\"background-image:linear-gradient(90deg, rgba(247,247,247,1) 0%, rgba(247,247,247,.10) 60%, rgba(247,247,247,0) 100%), url(https:\/\/hi-technologies.ch\/app\/uploads\/2025\/12\/formation-AVIXA-CTS.jpg); background-size:cover; background-position:center; min-height:48vh;\">\n\n\n    \n\n    \n    \n  <div class=\"relative z-20 max-w-7xl px-4 md:px-6 mx-auto\" style=\"min-height:48vh;\">\n    <div class=\"flex items-center\" style=\"min-height:48vh;\">\n              \n        <div class=\"hero__content py-12 md:py-16 lg:py-20 text-black text-left\">\n\n          \n                      <h1 class=\"text-3xl md:text-6xl fw-600 uppercase leading-tight js-reveal\"\n                data-reveal-from=\"left\" data-reveal-distance=\"24\"\n                data-reveal-delay=\"0.06\" data-reveal-once=\"true\">\n              La Formation au Service de la Performance Technique\n            <\/h1>\n          \n                      <div class=\"mt-4 text-sm md:text-base leading-relaxed opacity-95 js-reveal-blur\"\n                data-reveal-distance=\"12\" data-reveal-delay=\"0.12\" data-reveal-once=\"true\">\n              <p>Chez Hi Technologies, la formation continue est au c\u0153ur de notre culture. Sant\u00e9, s\u00e9curit\u00e9, comp\u00e9tences techniques ou expertise commerciale : nous investissons chaque ann\u00e9e pour garantir un service toujours plus pr\u00e9cis, fiable et innovant.<\/p>\n<p>Cet engagement nous permet d\u2019offrir \u00e0 nos clients des solutions audiovisuelles \u00e0 la pointe, dans un secteur en constante \u00e9volution.<\/p>\n<p>&nbsp;<\/p>\n\n            <\/div>\n          \n                                          <div class=\"mt-6 flex flex-wrap items-center gap-4 js-reveal\"\n                data-reveal-from=\"up\" data-reveal-distance=\"16\"\n                data-reveal-delay=\"0.18\" data-reveal-once=\"true\">\n                        \n                        \n            <\/div>\n          \n        <\/div>\n\n    <\/div>\n  <\/div>\n<\/section>\n\n<script>\n  (function () {\n    var hero = document.currentScript && document.currentScript.previousElementSibling;\n    if (!hero) return;\n    var tone = hero.getAttribute('data-hero-tone') || 'light';\n    document.body.classList.add('has-hero', 'hero-tone-' + tone);\n  })();\n<\/script>\n\n\n\n\n\n\n\n\n\n\n\n<section id=\"block_020937835ccb7ad475a1e5b783c4e602\" class=\"spotlight relative solutions mt-5 mb-5\">\n  <div class=\"max-w-7xl mx-auto px-4 md:px-6 py-12 md:py-16\">\n\n        <div\n      class=\"hidden md:block absolute inset-y-6 md:inset-y-8 bg-[#f7f7f7] rounded-2xl w-1\/2 right-0\"\n      aria-hidden=\"true\"><\/div>\n\n    <div class=\"relative grid grid-cols-1 md:grid-cols-12 gap-8 md:gap-12 items-center z-10\">\n\n            <div class=\"md:order-1 md:col-span-7 md:-mr-10 lg:-mr-12 js-reveal\"\n        data-reveal-from=\"left\"\n        data-reveal-distance=\"120\"\n        data-reveal-delay=\"0\">\n                          <img decoding=\"async\" class=\"w-auto rounded-xl shadow-sm max-h-[550px] overflow-y-auto m-auto\" src=\"https:\/\/hi-technologies.ch\/app\/uploads\/2025\/11\/10.-AVIXA-Silver-Member.png\" alt=\"\">\n        \n                          <div class=\"mt-6 md:mt-8\">\n            <div class=\"md:w-[420px] md:ml-[160px] md:mr-[160px] md:pr-4\">\n                            <div class=\"inline-block align-top max-w-[40ch] border-l border-l-[#0080A2] pl-4 py-4 text-base md:text-lg opacity-90 js-reveal\"\n                  data-reveal-from=\"left\"\n                  data-reveal-distance=\"80\"\n                  data-reveal-delay=\"0.12\">\n                    <p>Aller l\u00e0 o\u00f9 l\u2019innovation se cr\u00e9e, pour toujours rester \u00e0 la pointe<\/p>\n\n              <\/div>\n            <\/div>\n          <\/div>\n              <\/div>\n\n            <div class=\"md:order-2 md:col-span-5\">\n        <div class=\"px-5 py-15 md:px-10 md:py-30 \">\n\n          \n                      <h2 class=\"text-3xl md:text-4xl fw-600 leading-tight mb-8 mt-16 js-reveal\"\n                data-reveal-from=\"right\" data-reveal-distance=\"24\" data-reveal-once=\"true\">\n              Certifications AVIXA\n            <\/h2>\n          \n                      <p class=\"text-lg uppercase tracking-wide opacity-80 mb-6 u-title fw-500 js-reveal\"\n              data-reveal-from=\"right\" data-reveal-distance=\"20\"\n              data-reveal-delay=\"0.06\" data-reveal-once=\"true\">\n              Silver Member et \u00e9quipe certifi\u00e9e CTS\n            <\/p>\n          \n                      <div class=\"mt-2 text-sm md:text-base leading-relaxed js-reveal-blur\"\n                data-reveal-distance=\"12\" data-reveal-delay=\"0.12\" data-reveal-once=\"true\">\n              <p>Hi Technologies est fier d\u2019\u00eatre <strong>AVIXA Silver Member<\/strong>, une reconnaissance internationale dans le domaine de l\u2019audiovisuel professionnel.<br \/>\nUn tiers de notre \u00e9quipe d\u00e9tient la certification <strong>AVIXA CTS (Certified Technology Specialist)<\/strong>, r\u00e9f\u00e9rence mondiale en mati\u00e8re de comp\u00e9tences techniques, de conception et de mise en \u0153uvre de solutions AV.<\/p>\n<p><strong>Ce que cela signifie pour nos clients:<br \/>\n<\/strong><\/p>\n<ul>\n<li>Des conseils bas\u00e9s sur les standards les plus \u00e9lev\u00e9s de l\u2019industrie<\/li>\n<li>La ma\u00eetrise des bonnes pratiques en ing\u00e9nierie audiovisuelle<\/li>\n<li>Une approche structur\u00e9e et conforme aux normes internationales<\/li>\n<li>Un niveau de service homog\u00e8ne et fiable sur tous nos projets<\/li>\n<\/ul>\n<p><strong>\u00a0<\/strong><\/p>\n<p>&nbsp;<\/p>\n\n            <\/div>\n          \n                    \n          \n        <\/div>\n      <\/div>\n\n\n    <\/div>\n  <\/div>\n<\/section>\n\n\n\n\n\n\n\n\n\n<section id=\"block_b0d21130ebfb540d54d82b55da1afb3f\" class=\"spotlight relative solutions mt-5 mb-5\">\n  <div class=\"max-w-7xl mx-auto px-4 md:px-6 py-12 md:py-16\">\n\n        <div\n      class=\"hidden md:block absolute inset-y-6 md:inset-y-8 bg-[#f7f7f7] rounded-2xl w-1\/2 left-0\"\n      aria-hidden=\"true\"><\/div>\n\n    <div class=\"relative grid grid-cols-1 md:grid-cols-12 gap-8 md:gap-12 items-center z-10\">\n\n            <div class=\"md:order-2 md:col-span-7 md:-ml-10 lg:-ml-12 js-reveal\"\n        data-reveal-from=\"right\"\n        data-reveal-distance=\"120\"\n        data-reveal-delay=\"0\">\n                          <img decoding=\"async\" class=\"w-auto rounded-xl shadow-sm max-h-[550px] overflow-y-auto m-auto\" src=\"https:\/\/hi-technologies.ch\/app\/uploads\/2025\/12\/Formations-2025.png\" alt=\"\">\n        \n                          <div class=\"mt-6 md:mt-8\">\n            <div class=\"md:w-[420px] md:ml-[160px] md:mr-[160px] md:pl-4\">\n                            <div class=\"inline-block align-top max-w-[40ch] border-l border-l-[#0080A2] pl-4 py-4 text-base md:text-lg opacity-90 js-reveal\"\n                  data-reveal-from=\"right\"\n                  data-reveal-distance=\"80\"\n                  data-reveal-delay=\"0.12\">\n                    <p>A fin 2025, les collaborateurs Hi Technologies comptent plus de 170 certificats de formations techniques obtenus aupr\u00e8s de plus de 20 marques majeures d\u2019\u00e9quipements audiovisuels. Celles-ci sont fournies \u00e0 nos clients sur demande.<\/p>\n\n              <\/div>\n            <\/div>\n          <\/div>\n              <\/div>\n\n            <div class=\"md:order-1 md:col-span-5\">\n        <div class=\"px-5 py-15 md:px-10 md:py-30 \">\n\n          \n                      <h2 class=\"text-3xl md:text-4xl fw-600 leading-tight mb-8 mt-16 js-reveal\"\n                data-reveal-from=\"left\" data-reveal-distance=\"24\" data-reveal-once=\"true\">\n              Un parcours de formation structur\u00e9 pour nos \u00e9quipes techniques\n            <\/h2>\n          \n          \n                      <div class=\"mt-2 text-sm md:text-base leading-relaxed js-reveal-blur\"\n                data-reveal-distance=\"12\" data-reveal-delay=\"0.12\" data-reveal-once=\"true\">\n              <p>\u00c0 leur arriv\u00e9e, nos collaborateurs techniques suivent un programme de formation d\u00e9di\u00e9 durant leur premi\u00e8re ann\u00e9e, combinant certifications, modules pratiques et accompagnement interne.<br \/>\nCe parcours garantit une mont\u00e9e en comp\u00e9tence rapide et solide, leur permettant d\u2019intervenir en toute autonomie dans des environnements exigeants.<\/p>\n<p>Au-del\u00e0 de cette phase initiale, chaque collaborateur est encourag\u00e9 \u00e0 se former en continu, afin de maintenir un haut niveau d\u2019expertise tout au long de sa carri\u00e8re chez HI-Technologies.<\/p>\n<p>&nbsp;<\/p>\n\n            <\/div>\n          \n                    \n          \n        <\/div>\n      <\/div>\n\n\n    <\/div>\n  <\/div>\n<\/section>\n\n\n\n\n\n\n\n\n\n<section id=\"block_00ab4bc631c69966bed19ca40fdba70f\" class=\"spotlight relative  mt-5 mb-5\">\n  <div class=\"max-w-7xl mx-auto px-4 md:px-6 py-12 md:py-16\">\n\n        <div\n      class=\"hidden md:block absolute inset-y-6 md:inset-y-8 bg-[#f7f7f7] rounded-2xl w-1\/2 right-0\"\n      aria-hidden=\"true\"><\/div>\n\n    <div class=\"relative grid grid-cols-1 md:grid-cols-12 gap-8 md:gap-12 items-center z-10\">\n\n            <div class=\"md:order-1 md:col-span-7 md:-mr-10 lg:-mr-12 js-reveal\"\n        data-reveal-from=\"left\"\n        data-reveal-distance=\"120\"\n        data-reveal-delay=\"0\">\n                          <img decoding=\"async\" class=\"w-auto rounded-xl shadow-sm max-h-[550px] overflow-y-auto m-auto\" src=\"https:\/\/hi-technologies.ch\/app\/uploads\/2025\/12\/ISE-2025.png\" alt=\"\">\n        \n                          <div class=\"mt-6 md:mt-8\">\n            <div class=\"md:w-[420px] md:ml-[160px] md:mr-[160px] md:pr-4\">\n                            <div class=\"inline-block align-top max-w-[40ch] border-l border-l-[#0080A2] pl-4 py-4 text-base md:text-lg opacity-90 js-reveal\"\n                  data-reveal-from=\"left\"\n                  data-reveal-distance=\"80\"\n                  data-reveal-delay=\"0.12\">\n                    <p>Les certifications ne sont pas des titres : ce sont des engagements durables envers l\u2019excellence.<\/p>\n\n              <\/div>\n            <\/div>\n          <\/div>\n              <\/div>\n\n            <div class=\"md:order-2 md:col-span-5\">\n        <div class=\"px-5 py-15 md:px-10 md:py-30 \">\n\n          \n                      <h2 class=\"text-3xl md:text-4xl fw-600 leading-tight mb-8 mt-16 js-reveal\"\n                data-reveal-from=\"right\" data-reveal-distance=\"24\" data-reveal-once=\"true\">\n              Participation annuelle au Salon Integrated System Europe\n            <\/h2>\n          \n                      <p class=\"text-lg uppercase tracking-wide opacity-80 mb-6 u-title fw-500 js-reveal\"\n              data-reveal-from=\"right\" data-reveal-distance=\"20\"\n              data-reveal-delay=\"0.06\" data-reveal-once=\"true\">\n              Une veille technologique active\n            <\/p>\n          \n                      <div class=\"mt-2 text-sm md:text-base leading-relaxed js-reveal-blur\"\n                data-reveal-distance=\"12\" data-reveal-delay=\"0.12\" data-reveal-once=\"true\">\n              <p>Chaque ann\u00e9e, plus de la moiti\u00e9 de notre \u00e9quipe se rend \u00e0 l\u2019<strong>Integrated Systems Europe (ISE)<\/strong> \u00e0 Barcelone, le plus grand salon mondial d\u00e9di\u00e9 \u00e0 l\u2019int\u00e9gration de syst\u00e8mes audiovisuels.<br \/>\nPendant plusieurs jours, nos collaborateurs y d\u00e9couvrent :<\/p>\n<ul>\n<li>Les derni\u00e8res innovations de nos partenaires<\/li>\n<li>Les tendances technologiques majeures du march\u00e9<\/li>\n<li>Les outils et solutions qui fa\u00e7onneront les projets de demain<\/li>\n<\/ul>\n<p>Cette immersion permet d\u2019assurer une <strong>veille technologique proactive<\/strong>, essentielle dans un secteur en perp\u00e9tuelle \u00e9volution.<\/p>\n\n            <\/div>\n          \n                    \n          \n        <\/div>\n      <\/div>\n\n\n    <\/div>\n  <\/div>\n<\/section>\n\n\n\n<section\n  id=\"block_c20517d558517845e8a5290ba9559f84\"\n  class=\"c-links-row relative \"\n>\n  <div class=\"container mx-auto px-4 md:px-6 py-12 md:py-16\">\n          <h2 class=\"text-center text-2xl md:text-3xl font-semibold tracking-tight mb-6 md:mb-8\">\n        Aller plus loin sur d\u2019autres services et comp\u00e9tences\n      <\/h2>\n    \n          <div class=\"flex flex-wrap justify-center gap-3 md:gap-4\">\n                                                <div class=\"basis-1\/2 md:basis-1\/4 flex justify-center\">\n              <a\n                href=\"https:\/\/hi-technologies.ch\/fr\/expertise-audiovisuelle\/bureau-detude-interne\/\"\n                target=\"_self\"\n                class=\"inline-flex items-center justify-center text-sm md:text-base font-medium text-slate-900 hover:text-teal-700 transition-colors px-4 py-2 rounded-full border border-slate-200 hover:border-teal-500 bg-white\/60 backdrop-blur-sm shadow-sm hover:shadow-md text-center w-full max-w-xs\"\n              >\n                Bureau d\u2019\u00e9tude interne\n              <\/a>\n            <\/div>\n                                                  <div class=\"basis-1\/2 md:basis-1\/4 flex justify-center\">\n              <a\n                href=\"https:\/\/hi-technologies.ch\/fr\/expertise-audiovisuelle\/maintenance-preventive-et-corrective\/\"\n                target=\"_self\"\n                class=\"inline-flex items-center justify-center text-sm md:text-base font-medium text-slate-900 hover:text-teal-700 transition-colors px-4 py-2 rounded-full border border-slate-200 hover:border-teal-500 bg-white\/60 backdrop-blur-sm shadow-sm hover:shadow-md text-center w-full max-w-xs\"\n              >\n                Maintenance pr\u00e9ventive et corrective\n              <\/a>\n            <\/div>\n                                                  <div class=\"basis-1\/2 md:basis-1\/4 flex justify-center\">\n              <a\n                href=\"https:\/\/hi-technologies.ch\/fr\/expertise-audiovisuelle\/service-avant-vente-et-commercial\/\"\n                target=\"_self\"\n                class=\"inline-flex items-center justify-center text-sm md:text-base font-medium text-slate-900 hover:text-teal-700 transition-colors px-4 py-2 rounded-full border border-slate-200 hover:border-teal-500 bg-white\/60 backdrop-blur-sm shadow-sm hover:shadow-md text-center w-full max-w-xs\"\n              >\n                Service avant-vente et commercial\n              <\/a>\n            <\/div>\n                                                  <div class=\"basis-1\/2 md:basis-1\/4 flex justify-center\">\n              <a\n                href=\"https:\/\/hi-technologies.ch\/fr\/expertise-audiovisuelle\/programmation\/\"\n                target=\"_self\"\n                class=\"inline-flex items-center justify-center text-sm md:text-base font-medium text-slate-900 hover:text-teal-700 transition-colors px-4 py-2 rounded-full border border-slate-200 hover:border-teal-500 bg-white\/60 backdrop-blur-sm shadow-sm hover:shadow-md text-center w-full max-w-xs\"\n              >\n                Programmation de syst\u00e8mes audiovisuels\n              <\/a>\n            <\/div>\n                        <\/div>\n      <\/div>\n<\/section>\n","protected":false},"excerpt":{"rendered":"","protected":false},"author":1,"featured_media":0,"parent":2935,"menu_order":0,"comment_status":"closed","ping_status":"closed","template":"","meta":{"_acf_changed":false,"inline_featured_image":false,"footnotes":""},"domaine_solution":[],"class_list":["post-4329","page","type-page","status-publish","hentry"],"acf":[],"yoast_head":"<!-- This site is optimized with the Yoast SEO plugin v25.8 - https:\/\/yoast.com\/wordpress\/plugins\/seo\/ -->\n<title>La Formation au Service de la Performance Technique - Hi-Technologies<\/title>\n<meta name=\"description\" content=\"Certifications AVIXA CTS, formations continues et veille technologique : Hi Technologies assure un haut niveau d\u2019expertise pour des projets audiovisuels fiables et durables.\" \/>\n<meta name=\"robots\" content=\"index, follow, max-snippet:-1, max-image-preview:large, max-video-preview:-1\" \/>\n<link rel=\"canonical\" href=\"https:\/\/hi-technologies.ch\/fr\/expertise-audiovisuelle\/la-formation-au-service-de-la-performance-technique\/\" \/>\n<meta property=\"og:locale\" content=\"fr_FR\" \/>\n<meta property=\"og:type\" content=\"article\" \/>\n<meta property=\"og:title\" content=\"La Formation au Service de la Performance Technique - Hi-Technologies\" \/>\n<meta property=\"og:description\" content=\"Certifications AVIXA CTS, formations continues et veille technologique : Hi Technologies assure un haut niveau d\u2019expertise pour des projets audiovisuels fiables et durables.\" \/>\n<meta property=\"og:url\" content=\"https:\/\/hi-technologies.ch\/fr\/expertise-audiovisuelle\/la-formation-au-service-de-la-performance-technique\/\" \/>\n<meta property=\"og:site_name\" content=\"Hi-Technologies\" \/>\n<meta property=\"article:modified_time\" content=\"2026-03-16T15:48:57+00:00\" \/>\n<meta name=\"twitter:card\" content=\"summary_large_image\" \/>\n<script type=\"application\/ld+json\" class=\"yoast-schema-graph\">{\"@context\":\"https:\/\/schema.org\",\"@graph\":[{\"@type\":\"WebPage\",\"@id\":\"https:\/\/hi-technologies.ch\/fr\/expertise-audiovisuelle\/la-formation-au-service-de-la-performance-technique\/\",\"url\":\"https:\/\/hi-technologies.ch\/fr\/expertise-audiovisuelle\/la-formation-au-service-de-la-performance-technique\/\",\"name\":\"La Formation au Service de la Performance Technique - Hi-Technologies\",\"isPartOf\":{\"@id\":\"https:\/\/hi-technologies.ch\/fr\/#website\"},\"datePublished\":\"2025-12-04T12:44:01+00:00\",\"dateModified\":\"2026-03-16T15:48:57+00:00\",\"description\":\"Certifications AVIXA CTS, formations continues et veille technologique : Hi Technologies assure un haut niveau d\u2019expertise pour des projets audiovisuels fiables et durables.\",\"breadcrumb\":{\"@id\":\"https:\/\/hi-technologies.ch\/fr\/expertise-audiovisuelle\/la-formation-au-service-de-la-performance-technique\/#breadcrumb\"},\"inLanguage\":\"fr-FR\",\"potentialAction\":[{\"@type\":\"ReadAction\",\"target\":[\"https:\/\/hi-technologies.ch\/fr\/expertise-audiovisuelle\/la-formation-au-service-de-la-performance-technique\/\"]}]},{\"@type\":\"BreadcrumbList\",\"@id\":\"https:\/\/hi-technologies.ch\/fr\/expertise-audiovisuelle\/la-formation-au-service-de-la-performance-technique\/#breadcrumb\",\"itemListElement\":[{\"@type\":\"ListItem\",\"position\":1,\"name\":\"Home\",\"item\":\"https:\/\/hi-technologies.ch\/fr\/\"},{\"@type\":\"ListItem\",\"position\":2,\"name\":\"Expertise Audiovisuelle\",\"item\":\"https:\/\/hi-technologies.ch\/fr\/expertise-audiovisuelle\/\"},{\"@type\":\"ListItem\",\"position\":3,\"name\":\"La Formation au Service de la Performance Technique\"}]},{\"@type\":\"WebSite\",\"@id\":\"https:\/\/hi-technologies.ch\/fr\/#website\",\"url\":\"https:\/\/hi-technologies.ch\/fr\/\",\"name\":\"Hi-Technologies\",\"description\":\"\",\"publisher\":{\"@id\":\"https:\/\/hi-technologies.ch\/fr\/#organization\"},\"potentialAction\":[{\"@type\":\"SearchAction\",\"target\":{\"@type\":\"EntryPoint\",\"urlTemplate\":\"https:\/\/hi-technologies.ch\/fr\/?s={search_term_string}\"},\"query-input\":{\"@type\":\"PropertyValueSpecification\",\"valueRequired\":true,\"valueName\":\"search_term_string\"}}],\"inLanguage\":\"fr-FR\"},{\"@type\":\"Organization\",\"@id\":\"https:\/\/hi-technologies.ch\/fr\/#organization\",\"name\":\"Hi-Technologies\",\"url\":\"https:\/\/hi-technologies.ch\/fr\/\",\"logo\":{\"@type\":\"ImageObject\",\"inLanguage\":\"fr-FR\",\"@id\":\"https:\/\/hi-technologies.ch\/fr\/#\/schema\/logo\/image\/\",\"url\":\"https:\/\/hi-technologies.ch\/app\/uploads\/2025\/12\/hi-technologies_logo2025-2.png\",\"contentUrl\":\"https:\/\/hi-technologies.ch\/app\/uploads\/2025\/12\/hi-technologies_logo2025-2.png\",\"width\":849,\"height\":281,\"caption\":\"Hi-Technologies\"},\"image\":{\"@id\":\"https:\/\/hi-technologies.ch\/fr\/#\/schema\/logo\/image\/\"},\"sameAs\":[\"https:\/\/www.linkedin.com\/company\/hitechnologies\/\"]}]}<\/script>\n<!-- \/ Yoast SEO plugin. -->","yoast_head_json":{"title":"La Formation au Service de la Performance Technique - Hi-Technologies","description":"Certifications AVIXA CTS, formations continues et veille technologique : Hi Technologies assure un haut niveau d\u2019expertise pour des projets audiovisuels fiables et durables.","robots":{"index":"index","follow":"follow","max-snippet":"max-snippet:-1","max-image-preview":"max-image-preview:large","max-video-preview":"max-video-preview:-1"},"canonical":"https:\/\/hi-technologies.ch\/fr\/expertise-audiovisuelle\/la-formation-au-service-de-la-performance-technique\/","og_locale":"fr_FR","og_type":"article","og_title":"La Formation au Service de la Performance Technique - Hi-Technologies","og_description":"Certifications AVIXA CTS, formations continues et veille technologique : Hi Technologies assure un haut niveau d\u2019expertise pour des projets audiovisuels fiables et durables.","og_url":"https:\/\/hi-technologies.ch\/fr\/expertise-audiovisuelle\/la-formation-au-service-de-la-performance-technique\/","og_site_name":"Hi-Technologies","article_modified_time":"2026-03-16T15:48:57+00:00","twitter_card":"summary_large_image","schema":{"@context":"https:\/\/schema.org","@graph":[{"@type":"WebPage","@id":"https:\/\/hi-technologies.ch\/fr\/expertise-audiovisuelle\/la-formation-au-service-de-la-performance-technique\/","url":"https:\/\/hi-technologies.ch\/fr\/expertise-audiovisuelle\/la-formation-au-service-de-la-performance-technique\/","name":"La Formation au Service de la Performance Technique - Hi-Technologies","isPartOf":{"@id":"https:\/\/hi-technologies.ch\/fr\/#website"},"datePublished":"2025-12-04T12:44:01+00:00","dateModified":"2026-03-16T15:48:57+00:00","description":"Certifications AVIXA CTS, formations continues et veille technologique : Hi Technologies assure un haut niveau d\u2019expertise pour des projets audiovisuels fiables et durables.","breadcrumb":{"@id":"https:\/\/hi-technologies.ch\/fr\/expertise-audiovisuelle\/la-formation-au-service-de-la-performance-technique\/#breadcrumb"},"inLanguage":"fr-FR","potentialAction":[{"@type":"ReadAction","target":["https:\/\/hi-technologies.ch\/fr\/expertise-audiovisuelle\/la-formation-au-service-de-la-performance-technique\/"]}]},{"@type":"BreadcrumbList","@id":"https:\/\/hi-technologies.ch\/fr\/expertise-audiovisuelle\/la-formation-au-service-de-la-performance-technique\/#breadcrumb","itemListElement":[{"@type":"ListItem","position":1,"name":"Home","item":"https:\/\/hi-technologies.ch\/fr\/"},{"@type":"ListItem","position":2,"name":"Expertise Audiovisuelle","item":"https:\/\/hi-technologies.ch\/fr\/expertise-audiovisuelle\/"},{"@type":"ListItem","position":3,"name":"La Formation au Service de la Performance Technique"}]},{"@type":"WebSite","@id":"https:\/\/hi-technologies.ch\/fr\/#website","url":"https:\/\/hi-technologies.ch\/fr\/","name":"Hi-Technologies","description":"","publisher":{"@id":"https:\/\/hi-technologies.ch\/fr\/#organization"},"potentialAction":[{"@type":"SearchAction","target":{"@type":"EntryPoint","urlTemplate":"https:\/\/hi-technologies.ch\/fr\/?s={search_term_string}"},"query-input":{"@type":"PropertyValueSpecification","valueRequired":true,"valueName":"search_term_string"}}],"inLanguage":"fr-FR"},{"@type":"Organization","@id":"https:\/\/hi-technologies.ch\/fr\/#organization","name":"Hi-Technologies","url":"https:\/\/hi-technologies.ch\/fr\/","logo":{"@type":"ImageObject","inLanguage":"fr-FR","@id":"https:\/\/hi-technologies.ch\/fr\/#\/schema\/logo\/image\/","url":"https:\/\/hi-technologies.ch\/app\/uploads\/2025\/12\/hi-technologies_logo2025-2.png","contentUrl":"https:\/\/hi-technologies.ch\/app\/uploads\/2025\/12\/hi-technologies_logo2025-2.png","width":849,"height":281,"caption":"Hi-Technologies"},"image":{"@id":"https:\/\/hi-technologies.ch\/fr\/#\/schema\/logo\/image\/"},"sameAs":["https:\/\/www.linkedin.com\/company\/hitechnologies\/"]}]}},"_links":{"self":[{"href":"https:\/\/hi-technologies.ch\/fr\/wp-json\/wp\/v2\/pages\/4329","targetHints":{"allow":["GET"]}}],"collection":[{"href":"https:\/\/hi-technologies.ch\/fr\/wp-json\/wp\/v2\/pages"}],"about":[{"href":"https:\/\/hi-technologies.ch\/fr\/wp-json\/wp\/v2\/types\/page"}],"author":[{"embeddable":true,"href":"https:\/\/hi-technologies.ch\/fr\/wp-json\/wp\/v2\/users\/1"}],"replies":[{"embeddable":true,"href":"https:\/\/hi-technologies.ch\/fr\/wp-json\/wp\/v2\/comments?post=4329"}],"version-history":[{"count":18,"href":"https:\/\/hi-technologies.ch\/fr\/wp-json\/wp\/v2\/pages\/4329\/revisions"}],"predecessor-version":[{"id":4396,"href":"https:\/\/hi-technologies.ch\/fr\/wp-json\/wp\/v2\/pages\/4329\/revisions\/4396"}],"up":[{"embeddable":true,"href":"https:\/\/hi-technologies.ch\/fr\/wp-json\/wp\/v2\/pages\/2935"}],"wp:attachment":[{"href":"https:\/\/hi-technologies.ch\/fr\/wp-json\/wp\/v2\/media?parent=4329"}],"wp:term":[{"taxonomy":"domaine_solution","embeddable":true,"href":"https:\/\/hi-technologies.ch\/fr\/wp-json\/wp\/v2\/domaine_solution?post=4329"}],"curies":[{"name":"wp","href":"https:\/\/api.w.org\/{rel}","templated":true}]}}