{"id":4309,"date":"2025-12-04T13:20:35","date_gmt":"2025-12-04T12:20:35","guid":{"rendered":"https:\/\/hi-technologies.ch\/?page_id=4309"},"modified":"2025-12-08T09:51:55","modified_gmt":"2025-12-08T08:51:55","slug":"programmation","status":"publish","type":"page","link":"https:\/\/hi-technologies.ch\/fr\/expertise-audiovisuelle\/programmation\/","title":{"rendered":"Programmation de syst\u00e8mes audiovisuels"},"content":{"rendered":"\n\n\n\n   \n\n\n  \n\n\n\n\n        \n<section\n  id=\"block_ab9ae66bd8868af5366400d12fe02e15\"\n  class=\"hero_section relative isolate   w-full overflow-hidden md:rounded-2xl md:mt-6 mt-0 js-hero\"\n  data-hero-tone=\"light\"\n  style=\"background-image:linear-gradient(90deg, rgba(0,0,0,.90) 0%, rgba(0,0,0,.40) 50%), url(https:\/\/hi-technologies.ch\/app\/uploads\/2025\/12\/hit_programmation-Crestron-header.jpg); background-size:cover; background-position:center; min-height:48vh;\">\n\n\n    \n\n    \n    \n  <div class=\"relative z-20 max-w-7xl px-4 md:px-6 mx-auto\" style=\"min-height:48vh;\">\n    <div class=\"flex items-center\" style=\"min-height:48vh;\">\n              \n        <div class=\"hero__content py-12 md:py-16 lg:py-20 text-white text-left\">\n\n          \n                      <h1 class=\"text-3xl md:text-6xl fw-600 uppercase leading-tight js-reveal\"\n                data-reveal-from=\"left\" data-reveal-distance=\"24\"\n                data-reveal-delay=\"0.06\" data-reveal-once=\"true\">\n              Programmation de syst\u00e8mes audiovisuels\n            <\/h1>\n          \n                      <div class=\"mt-4 text-sm md:text-base leading-relaxed opacity-95 js-reveal-blur\"\n                data-reveal-distance=\"12\" data-reveal-delay=\"0.12\" data-reveal-once=\"true\">\n              <p>Au <strong>1er janvier 2026<\/strong>, Hi Technologies compte une <strong>\u00e9quipe <\/strong><strong>forte de 4 sp\u00e9cialistes d\u00e9di\u00e9s \u00e0 la programmation de syst\u00e8mes audiovisuels<\/strong>.<br \/>\nNotre \u00e9quipe de programmeurs intervient sur les solutions de pilotage <strong>Crestron, Extron<\/strong><strong>, QSC\u2026<\/strong> et assure \u00e9galement la <strong>cr\u00e9ation d\u2019interfaces graphiques sur<\/strong><strong>-mesure<\/strong><strong> en HTML5.<\/strong><\/p>\n<p>Hi Technologies est ainsi <strong>le premier int\u00e9grateur audiovisuel en Suisse Romande<\/strong> en terme de capacit\u00e9 ETP en programmation de syst\u00e8mes audiovisuels et le premier \u00e0 disposer d\u2019un poste en interne enti\u00e8rement d\u00e9di\u00e9 \u00e0 la cr\u00e9ation d\u2019interfaces HTML5, permettant de proposer avec r\u00e9activit\u00e9 des <strong>solutions de pilotage <\/strong>alliant <strong>fonctionnalit\u00e9<\/strong><strong>s et esth\u00e9tique<\/strong><strong> pointues<\/strong>, adapt\u00e9es aux clients les plus exigeants.<\/p>\n\n            <\/div>\n          \n                                          <div class=\"mt-6 flex flex-wrap items-center gap-4 js-reveal\"\n                data-reveal-from=\"up\" data-reveal-distance=\"16\"\n                data-reveal-delay=\"0.18\" data-reveal-once=\"true\">\n                        \n                        \n            <\/div>\n          \n        <\/div>\n\n    <\/div>\n  <\/div>\n<\/section>\n\n<script>\n  (function () {\n    var hero = document.currentScript && document.currentScript.previousElementSibling;\n    if (!hero) return;\n    var tone = hero.getAttribute('data-hero-tone') || 'light';\n    document.body.classList.add('has-hero', 'hero-tone-' + tone);\n  })();\n<\/script>\n\n\n\n\n\n\n\n\n\n\n\n<section id=\"block_d344a8530bd9d1845dff473f5b6efabd\" class=\"spotlight relative  mt-5 mb-5\">\n  <div class=\"max-w-7xl mx-auto px-4 md:px-6 py-12 md:py-16\">\n\n        <div\n      class=\"hidden md:block absolute inset-y-6 md:inset-y-8 bg-[#f7f7f7] rounded-2xl w-1\/2 right-0\"\n      aria-hidden=\"true\"><\/div>\n\n    <div class=\"relative grid grid-cols-1 md:grid-cols-12 gap-8 md:gap-12 items-center z-10\">\n\n            <div class=\"md:order-1 md:col-span-7 md:-mr-10 lg:-mr-12 js-reveal\"\n        data-reveal-from=\"left\"\n        data-reveal-distance=\"120\"\n        data-reveal-delay=\"0\">\n                          <img decoding=\"async\" class=\"w-auto rounded-xl shadow-sm max-h-[550px] overflow-y-auto m-auto\" src=\"https:\/\/hi-technologies.ch\/app\/uploads\/2025\/12\/hit_ISE-2025-Crestron.jpg\" alt=\"\">\n        \n                          <div class=\"mt-6 md:mt-8\">\n            <div class=\"md:w-[420px] md:ml-[160px] md:mr-[160px] md:pr-4\">\n                            <div class=\"inline-block align-top max-w-[40ch] border-l border-l-[#0080A2] pl-4 py-4 text-base md:text-lg opacity-90 js-reveal\"\n                  data-reveal-from=\"left\"\n                  data-reveal-distance=\"80\"\n                  data-reveal-delay=\"0.12\">\n                    <p>La ma\u00eetrise technique et la formation continue nous permettent de transformer les projets complexes en solutions fiables et \u00e9l\u00e9gantes.<\/p>\n\n              <\/div>\n            <\/div>\n          <\/div>\n              <\/div>\n\n            <div class=\"md:order-2 md:col-span-5\">\n        <div class=\"px-5 py-15 md:px-10 md:py-30 \">\n\n          \n                      <h2 class=\"text-3xl md:text-4xl fw-600 leading-tight mb-8 mt-16 js-reveal\"\n                data-reveal-from=\"right\" data-reveal-distance=\"24\" data-reveal-once=\"true\">\n              Formation continue et expertise reconnue\n            <\/h2>\n          \n          \n                      <div class=\"mt-2 text-sm md:text-base leading-relaxed js-reveal-blur\"\n                data-reveal-distance=\"12\" data-reveal-delay=\"0.12\" data-reveal-once=\"true\">\n              <p>Notre \u00e9quipe de programmation assure formation et veille r\u00e9guli\u00e8re, en participant r\u00e9guli\u00e8rement \u00e0 :<\/p>\n<ul>\n<li><strong>Salon ISE Barcelone<\/strong>, pour d\u00e9couvrir les derni\u00e8res innovations et tendances du secteur audiovisuel,<\/li>\n<li><strong>Crestron Masters<\/strong> et autres certifications avanc\u00e9es, garantissant une expertise technique de pointe.<\/li>\n<\/ul>\n<p>Nous sommes aussi fiers d\u2019\u00eatre <strong>Crestron Elite Partners<\/strong>, gage de notre connaissance approfondie de l\u2019environnement Crestron et de ses solutions. Par ailleurs, l\u2019un de nos programmeurs Senior d\u00e9tient le titre de <strong>Crestron Certified Programmer<\/strong>, le plus haut niveau de certification Crestron..<\/p>\n\n            <\/div>\n          \n                    \n                      <div class=\"mt-8 flex flex-wrap items-center gap-6 mb-16 js-reveal\"\n                data-reveal-from=\"up\" data-reveal-distance=\"16\"\n                data-reveal-delay=\"0.18\" data-reveal-once=\"true\">\n                                                  \n                    \n                \n\n<a href=\"https:\/\/hi-technologies.ch\/fr\/contact\/\" class=\"cta_link tone-teal\">\n  <span>Contactez-nous<\/span>\n  <\/a>\n      \n                        \n            <\/div>\n          \n        <\/div>\n      <\/div>\n\n\n    <\/div>\n  <\/div>\n<\/section>\n\n\n\n\n\n\n\n\n\n<section id=\"block_8bc1cdab088f825c29eac061fc52136a\" class=\"spotlight relative  mt-5 mb-5\">\n  <div class=\"max-w-7xl mx-auto px-4 md:px-6 py-12 md:py-16\">\n\n        <div\n      class=\"hidden md:block absolute inset-y-6 md:inset-y-8 bg-[#f7f7f7] rounded-2xl w-1\/2 left-0\"\n      aria-hidden=\"true\"><\/div>\n\n    <div class=\"relative grid grid-cols-1 md:grid-cols-12 gap-8 md:gap-12 items-center z-10\">\n\n            <div class=\"md:order-2 md:col-span-7 md:-ml-10 lg:-ml-12 js-reveal\"\n        data-reveal-from=\"right\"\n        data-reveal-distance=\"120\"\n        data-reveal-delay=\"0\">\n                          <div class=\"rounded-xl overflow-hidden shadow-sm\">\n                                                            <video class=\"w-full h-auto block\"\n                  playsinline    controls\n                                    data-autoplay-on-scroll>\n              <source src=\"https:\/\/hi-technologies.ch\/app\/uploads\/2025\/12\/hi-technologies-interfaces_crestron_html5.m4v\" type=\"video\/mp4\">\n            <\/video>\n          <\/div>\n        \n                          <div class=\"mt-6 md:mt-8\">\n            <div class=\"md:w-[420px] md:ml-[160px] md:mr-[160px] md:pl-4\">\n                            <div class=\"inline-block align-top max-w-[40ch] border-l border-l-[#0080A2] pl-4 py-4 text-base md:text-lg opacity-90 js-reveal\"\n                  data-reveal-from=\"right\"\n                  data-reveal-distance=\"80\"\n                  data-reveal-delay=\"0.12\">\n                    <p>Nos interfaces ne sont pas seulement fonctionnelles, elles refl\u00e8tent l\u2019identit\u00e9 et les besoins sp\u00e9cifiques de chaque client.<\/p>\n\n              <\/div>\n            <\/div>\n          <\/div>\n              <\/div>\n\n            <div class=\"md:order-1 md:col-span-5\">\n        <div class=\"px-5 py-15 md:px-10 md:py-30 \">\n\n          \n                      <h2 class=\"text-3xl md:text-4xl fw-600 leading-tight mb-8 mt-16 js-reveal\"\n                data-reveal-from=\"left\" data-reveal-distance=\"24\" data-reveal-once=\"true\">\n              Solutions sur-mesure et interfaces UX\/UI\n            <\/h2>\n          \n          \n                      <div class=\"mt-2 text-sm md:text-base leading-relaxed js-reveal-blur\"\n                data-reveal-distance=\"12\" data-reveal-delay=\"0.12\" data-reveal-once=\"true\">\n              <p>En 2025, Hi Technologies a fait le choix d\u2019investir dans l\u2019internalisation de comp\u00e9tences en cr\u00e9ation d\u2019interface Crestron GUI en recrutant un Designer UX\/UI sp\u00e9cialis\u00e9 HTML5 \/ CSS \/ JS. L\u2019objectif, en lien avec nos programmeurs, chefs de projets et service commercial, s\u2019assurer que chaque interface de pilotage soit :<\/p>\n<ul>\n<li>pens\u00e9e pour \u00eatre <strong>intuitive<\/strong> et simple \u00e0 utiliser<\/li>\n<li>adapt\u00e9e aux besoins sp\u00e9cifiques du client<\/li>\n<li>con\u00e7ue avec une <strong>esth\u00e9tique moderne et professionnelle<\/strong><strong> permise par la conception HTML.<\/strong><\/li>\n<\/ul>\n\n            <\/div>\n          \n                    \n                      <div class=\"mt-8 flex flex-wrap items-center gap-6 mb-16 js-reveal\"\n                data-reveal-from=\"up\" data-reveal-distance=\"16\"\n                data-reveal-delay=\"0.18\" data-reveal-once=\"true\">\n                                                  \n                    \n                \n\n<a href=\"https:\/\/hi-technologies.ch\/fr\/contact\/\" class=\"cta_link tone-teal\">\n  <span>Nous contacter<\/span>\n  <\/a>\n      \n                        \n            <\/div>\n          \n        <\/div>\n      <\/div>\n\n\n    <\/div>\n  <\/div>\n<\/section>\n\n\n\n<section\n  id=\"block_8664245310b03859545bf30cd361b1cb\"\n  class=\"c-links-row relative \"\n>\n  <div class=\"container mx-auto px-4 md:px-6 py-12 md:py-16\">\n          <h2 class=\"text-center text-2xl md:text-3xl font-semibold tracking-tight mb-6 md:mb-8\">\n        Aller plus loin sur nos autres services et comp\u00e9tences\n      <\/h2>\n    \n          <div class=\"flex flex-wrap justify-center gap-3 md:gap-4\">\n                                                <div class=\"basis-1\/2 md:basis-1\/4 flex justify-center\">\n              <a\n                href=\"https:\/\/hi-technologies.ch\/fr\/expertise-audiovisuelle\/bureau-detude-interne\/\"\n                target=\"_self\"\n                class=\"inline-flex items-center justify-center text-sm md:text-base font-medium text-slate-900 hover:text-teal-700 transition-colors px-4 py-2 rounded-full border border-slate-200 hover:border-teal-500 bg-white\/60 backdrop-blur-sm shadow-sm hover:shadow-md text-center w-full max-w-xs\"\n              >\n                Bureau d\u2019\u00e9tude interne\n              <\/a>\n            <\/div>\n                                                  <div class=\"basis-1\/2 md:basis-1\/4 flex justify-center\">\n              <a\n                href=\"https:\/\/hi-technologies.ch\/fr\/expertise-audiovisuelle\/la-formation-au-service-de-la-performance-technique\/\"\n                target=\"_self\"\n                class=\"inline-flex items-center justify-center text-sm md:text-base font-medium text-slate-900 hover:text-teal-700 transition-colors px-4 py-2 rounded-full border border-slate-200 hover:border-teal-500 bg-white\/60 backdrop-blur-sm shadow-sm hover:shadow-md text-center w-full max-w-xs\"\n              >\n                Formations et Certifications\n              <\/a>\n            <\/div>\n                                                  <div class=\"basis-1\/2 md:basis-1\/4 flex justify-center\">\n              <a\n                href=\"https:\/\/hi-technologies.ch\/fr\/expertise-audiovisuelle\/maintenance-preventive-et-corrective\/\"\n                target=\"_self\"\n                class=\"inline-flex items-center justify-center text-sm md:text-base font-medium text-slate-900 hover:text-teal-700 transition-colors px-4 py-2 rounded-full border border-slate-200 hover:border-teal-500 bg-white\/60 backdrop-blur-sm shadow-sm hover:shadow-md text-center w-full max-w-xs\"\n              >\n                Maintenance pr\u00e9ventive et corrective\n              <\/a>\n            <\/div>\n                                                  <div class=\"basis-1\/2 md:basis-1\/4 flex justify-center\">\n              <a\n                href=\"https:\/\/hi-technologies.ch\/fr\/expertise-audiovisuelle\/programmation\/\"\n                target=\"_self\"\n                class=\"inline-flex items-center justify-center text-sm md:text-base font-medium text-slate-900 hover:text-teal-700 transition-colors px-4 py-2 rounded-full border border-slate-200 hover:border-teal-500 bg-white\/60 backdrop-blur-sm shadow-sm hover:shadow-md text-center w-full max-w-xs\"\n              >\n                Programmation de syst\u00e8mes audiovisuels\n              <\/a>\n            <\/div>\n                        <\/div>\n      <\/div>\n<\/section>\n","protected":false},"excerpt":{"rendered":"","protected":false},"author":1,"featured_media":0,"parent":2935,"menu_order":0,"comment_status":"closed","ping_status":"closed","template":"","meta":{"_acf_changed":false,"inline_featured_image":false,"footnotes":""},"domaine_solution":[],"class_list":["post-4309","page","type-page","status-publish","hentry"],"acf":[],"yoast_head":"<!-- This site is optimized with the Yoast SEO plugin v25.8 - https:\/\/yoast.com\/wordpress\/plugins\/seo\/ -->\n<title>Programmation de syst\u00e8mes audiovisuels - Hi-Technologies<\/title>\n<meta name=\"description\" content=\"Programmation audiovisuelle sur mesure : Crestron, Extron, QSC et interfaces HTML5. Hi Technologies propose pilotage fiable, intuitif et hautement personnalis\u00e9.\" \/>\n<meta name=\"robots\" content=\"index, follow, max-snippet:-1, max-image-preview:large, max-video-preview:-1\" \/>\n<link rel=\"canonical\" href=\"https:\/\/hi-technologies.ch\/fr\/expertise-audiovisuelle\/programmation\/\" \/>\n<meta property=\"og:locale\" content=\"fr_FR\" \/>\n<meta property=\"og:type\" content=\"article\" \/>\n<meta property=\"og:title\" content=\"Programmation de syst\u00e8mes audiovisuels - Hi-Technologies\" \/>\n<meta property=\"og:description\" content=\"Programmation audiovisuelle sur mesure : Crestron, Extron, QSC et interfaces HTML5. Hi Technologies propose pilotage fiable, intuitif et hautement personnalis\u00e9.\" \/>\n<meta property=\"og:url\" content=\"https:\/\/hi-technologies.ch\/fr\/expertise-audiovisuelle\/programmation\/\" \/>\n<meta property=\"og:site_name\" content=\"Hi-Technologies\" \/>\n<meta property=\"article:modified_time\" content=\"2025-12-08T08:51:55+00:00\" \/>\n<meta name=\"twitter:card\" content=\"summary_large_image\" \/>\n<script type=\"application\/ld+json\" class=\"yoast-schema-graph\">{\"@context\":\"https:\/\/schema.org\",\"@graph\":[{\"@type\":\"WebPage\",\"@id\":\"https:\/\/hi-technologies.ch\/fr\/expertise-audiovisuelle\/programmation\/\",\"url\":\"https:\/\/hi-technologies.ch\/fr\/expertise-audiovisuelle\/programmation\/\",\"name\":\"Programmation de syst\u00e8mes audiovisuels - Hi-Technologies\",\"isPartOf\":{\"@id\":\"https:\/\/hi-technologies.ch\/fr\/#website\"},\"datePublished\":\"2025-12-04T12:20:35+00:00\",\"dateModified\":\"2025-12-08T08:51:55+00:00\",\"description\":\"Programmation audiovisuelle sur mesure : Crestron, Extron, QSC et interfaces HTML5. Hi Technologies propose pilotage fiable, intuitif et hautement personnalis\u00e9.\",\"breadcrumb\":{\"@id\":\"https:\/\/hi-technologies.ch\/fr\/expertise-audiovisuelle\/programmation\/#breadcrumb\"},\"inLanguage\":\"fr-FR\",\"potentialAction\":[{\"@type\":\"ReadAction\",\"target\":[\"https:\/\/hi-technologies.ch\/fr\/expertise-audiovisuelle\/programmation\/\"]}]},{\"@type\":\"BreadcrumbList\",\"@id\":\"https:\/\/hi-technologies.ch\/fr\/expertise-audiovisuelle\/programmation\/#breadcrumb\",\"itemListElement\":[{\"@type\":\"ListItem\",\"position\":1,\"name\":\"Home\",\"item\":\"https:\/\/hi-technologies.ch\/fr\/\"},{\"@type\":\"ListItem\",\"position\":2,\"name\":\"Expertise Audiovisuelle\",\"item\":\"https:\/\/hi-technologies.ch\/fr\/expertise-audiovisuelle\/\"},{\"@type\":\"ListItem\",\"position\":3,\"name\":\"Programmation de syst\u00e8mes audiovisuels\"}]},{\"@type\":\"WebSite\",\"@id\":\"https:\/\/hi-technologies.ch\/fr\/#website\",\"url\":\"https:\/\/hi-technologies.ch\/fr\/\",\"name\":\"Hi-Technologies\",\"description\":\"\",\"publisher\":{\"@id\":\"https:\/\/hi-technologies.ch\/fr\/#organization\"},\"potentialAction\":[{\"@type\":\"SearchAction\",\"target\":{\"@type\":\"EntryPoint\",\"urlTemplate\":\"https:\/\/hi-technologies.ch\/fr\/?s={search_term_string}\"},\"query-input\":{\"@type\":\"PropertyValueSpecification\",\"valueRequired\":true,\"valueName\":\"search_term_string\"}}],\"inLanguage\":\"fr-FR\"},{\"@type\":\"Organization\",\"@id\":\"https:\/\/hi-technologies.ch\/fr\/#organization\",\"name\":\"Hi-Technologies\",\"url\":\"https:\/\/hi-technologies.ch\/fr\/\",\"logo\":{\"@type\":\"ImageObject\",\"inLanguage\":\"fr-FR\",\"@id\":\"https:\/\/hi-technologies.ch\/fr\/#\/schema\/logo\/image\/\",\"url\":\"https:\/\/hi-technologies.ch\/app\/uploads\/2025\/12\/hi-technologies_logo2025-2.png\",\"contentUrl\":\"https:\/\/hi-technologies.ch\/app\/uploads\/2025\/12\/hi-technologies_logo2025-2.png\",\"width\":849,\"height\":281,\"caption\":\"Hi-Technologies\"},\"image\":{\"@id\":\"https:\/\/hi-technologies.ch\/fr\/#\/schema\/logo\/image\/\"},\"sameAs\":[\"https:\/\/www.linkedin.com\/company\/hitechnologies\/\"]}]}<\/script>\n<!-- \/ Yoast SEO plugin. -->","yoast_head_json":{"title":"Programmation de syst\u00e8mes audiovisuels - Hi-Technologies","description":"Programmation audiovisuelle sur mesure : Crestron, Extron, QSC et interfaces HTML5. Hi Technologies propose pilotage fiable, intuitif et hautement personnalis\u00e9.","robots":{"index":"index","follow":"follow","max-snippet":"max-snippet:-1","max-image-preview":"max-image-preview:large","max-video-preview":"max-video-preview:-1"},"canonical":"https:\/\/hi-technologies.ch\/fr\/expertise-audiovisuelle\/programmation\/","og_locale":"fr_FR","og_type":"article","og_title":"Programmation de syst\u00e8mes audiovisuels - Hi-Technologies","og_description":"Programmation audiovisuelle sur mesure : Crestron, Extron, QSC et interfaces HTML5. Hi Technologies propose pilotage fiable, intuitif et hautement personnalis\u00e9.","og_url":"https:\/\/hi-technologies.ch\/fr\/expertise-audiovisuelle\/programmation\/","og_site_name":"Hi-Technologies","article_modified_time":"2025-12-08T08:51:55+00:00","twitter_card":"summary_large_image","schema":{"@context":"https:\/\/schema.org","@graph":[{"@type":"WebPage","@id":"https:\/\/hi-technologies.ch\/fr\/expertise-audiovisuelle\/programmation\/","url":"https:\/\/hi-technologies.ch\/fr\/expertise-audiovisuelle\/programmation\/","name":"Programmation de syst\u00e8mes audiovisuels - Hi-Technologies","isPartOf":{"@id":"https:\/\/hi-technologies.ch\/fr\/#website"},"datePublished":"2025-12-04T12:20:35+00:00","dateModified":"2025-12-08T08:51:55+00:00","description":"Programmation audiovisuelle sur mesure : Crestron, Extron, QSC et interfaces HTML5. Hi Technologies propose pilotage fiable, intuitif et hautement personnalis\u00e9.","breadcrumb":{"@id":"https:\/\/hi-technologies.ch\/fr\/expertise-audiovisuelle\/programmation\/#breadcrumb"},"inLanguage":"fr-FR","potentialAction":[{"@type":"ReadAction","target":["https:\/\/hi-technologies.ch\/fr\/expertise-audiovisuelle\/programmation\/"]}]},{"@type":"BreadcrumbList","@id":"https:\/\/hi-technologies.ch\/fr\/expertise-audiovisuelle\/programmation\/#breadcrumb","itemListElement":[{"@type":"ListItem","position":1,"name":"Home","item":"https:\/\/hi-technologies.ch\/fr\/"},{"@type":"ListItem","position":2,"name":"Expertise Audiovisuelle","item":"https:\/\/hi-technologies.ch\/fr\/expertise-audiovisuelle\/"},{"@type":"ListItem","position":3,"name":"Programmation de syst\u00e8mes audiovisuels"}]},{"@type":"WebSite","@id":"https:\/\/hi-technologies.ch\/fr\/#website","url":"https:\/\/hi-technologies.ch\/fr\/","name":"Hi-Technologies","description":"","publisher":{"@id":"https:\/\/hi-technologies.ch\/fr\/#organization"},"potentialAction":[{"@type":"SearchAction","target":{"@type":"EntryPoint","urlTemplate":"https:\/\/hi-technologies.ch\/fr\/?s={search_term_string}"},"query-input":{"@type":"PropertyValueSpecification","valueRequired":true,"valueName":"search_term_string"}}],"inLanguage":"fr-FR"},{"@type":"Organization","@id":"https:\/\/hi-technologies.ch\/fr\/#organization","name":"Hi-Technologies","url":"https:\/\/hi-technologies.ch\/fr\/","logo":{"@type":"ImageObject","inLanguage":"fr-FR","@id":"https:\/\/hi-technologies.ch\/fr\/#\/schema\/logo\/image\/","url":"https:\/\/hi-technologies.ch\/app\/uploads\/2025\/12\/hi-technologies_logo2025-2.png","contentUrl":"https:\/\/hi-technologies.ch\/app\/uploads\/2025\/12\/hi-technologies_logo2025-2.png","width":849,"height":281,"caption":"Hi-Technologies"},"image":{"@id":"https:\/\/hi-technologies.ch\/fr\/#\/schema\/logo\/image\/"},"sameAs":["https:\/\/www.linkedin.com\/company\/hitechnologies\/"]}]}},"_links":{"self":[{"href":"https:\/\/hi-technologies.ch\/fr\/wp-json\/wp\/v2\/pages\/4309","targetHints":{"allow":["GET"]}}],"collection":[{"href":"https:\/\/hi-technologies.ch\/fr\/wp-json\/wp\/v2\/pages"}],"about":[{"href":"https:\/\/hi-technologies.ch\/fr\/wp-json\/wp\/v2\/types\/page"}],"author":[{"embeddable":true,"href":"https:\/\/hi-technologies.ch\/fr\/wp-json\/wp\/v2\/users\/1"}],"replies":[{"embeddable":true,"href":"https:\/\/hi-technologies.ch\/fr\/wp-json\/wp\/v2\/comments?post=4309"}],"version-history":[{"count":14,"href":"https:\/\/hi-technologies.ch\/fr\/wp-json\/wp\/v2\/pages\/4309\/revisions"}],"predecessor-version":[{"id":4875,"href":"https:\/\/hi-technologies.ch\/fr\/wp-json\/wp\/v2\/pages\/4309\/revisions\/4875"}],"up":[{"embeddable":true,"href":"https:\/\/hi-technologies.ch\/fr\/wp-json\/wp\/v2\/pages\/2935"}],"wp:attachment":[{"href":"https:\/\/hi-technologies.ch\/fr\/wp-json\/wp\/v2\/media?parent=4309"}],"wp:term":[{"taxonomy":"domaine_solution","embeddable":true,"href":"https:\/\/hi-technologies.ch\/fr\/wp-json\/wp\/v2\/domaine_solution?post=4309"}],"curies":[{"name":"wp","href":"https:\/\/api.w.org\/{rel}","templated":true}]}}