{"id":394,"date":"2025-10-13T17:24:05","date_gmt":"2025-10-13T15:24:05","guid":{"rendered":"https:\/\/hi-technologies.ch\/?page_id=394"},"modified":"2026-03-18T17:18:53","modified_gmt":"2026-03-18T16:18:53","slug":"axeos","status":"publish","type":"page","link":"https:\/\/hi-technologies.ch\/fr\/marques-partenaires\/axeos\/","title":{"rendered":"Axeos"},"content":{"rendered":"\n\n\n\n   \n\n\n  \n\n\n\n\n        \n<section\n  id=\"block_9e465b919259e65cd4c4a72fa043a698\"\n  class=\"hero_section relative isolate   w-full overflow-hidden md:rounded-2xl md:mt-6 mt-0 js-hero\"\n  data-hero-tone=\"dark\"\n  style=\"background-image:linear-gradient(90deg, rgba(247,247,247,1) 0%, rgba(247,247,247,.10) 60%, rgba(247,247,247,0) 100%), url(https:\/\/hi-technologies.ch\/app\/uploads\/2025\/10\/hi-technologies-Axeos-hero.jpg); background-size:cover; background-position:center; min-height:48vh;\">\n\n\n    \n\n    \n    \n  <div class=\"relative z-20 max-w-7xl px-4 md:px-6 mx-auto\" style=\"min-height:48vh;\">\n    <div class=\"flex items-center\" style=\"min-height:48vh;\">\n              \n        <div class=\"hero__content py-12 md:py-16 lg:py-20 text-black text-left\">\n\n          \n                      <h1 class=\"text-3xl md:text-6xl fw-600 uppercase leading-tight js-reveal\"\n                data-reveal-from=\"left\" data-reveal-distance=\"24\"\n                data-reveal-delay=\"0.06\" data-reveal-once=\"true\">\n              Axeos\n            <\/h1>\n          \n                      <div class=\"mt-4 text-sm md:text-base leading-relaxed opacity-95 js-reveal-blur\"\n                data-reveal-distance=\"12\" data-reveal-delay=\"0.12\" data-reveal-once=\"true\">\n              <p><a href=\"https:\/\/www.axeos.net\/\"><span style=\"color: #00000a;\">Axeos<\/span><\/a>\u00a0est sp\u00e9cialis\u00e9 en am\u00e9nagement d\u2019espaces connect\u00e9s et en mobilier pour l\u2019int\u00e9gration des technologies audiovisuelles<\/p>\n\n            <\/div>\n          \n                                          <div class=\"mt-6 flex flex-wrap items-center gap-4 js-reveal\"\n                data-reveal-from=\"up\" data-reveal-distance=\"16\"\n                data-reveal-delay=\"0.18\" data-reveal-once=\"true\">\n                                                  \n                    \n                \n\n<a href=\"#solutions\" class=\"cta_link tone-teal\">\n  <span>D\u00e9couvrir les solutions Axeos<\/span>\n  <\/a>\n      \n                                                  \n                    \n                \n\n\n\n\n\n\n      \n        \n    \n      <a href=\"https:\/\/hi-technologies.ch\/fr\/contact\/\"\n       class=\"cta_btn cta_btn--md cta_btn--wipe tone-teal cta_btn--hairline halo-none\"\n       >\n      <span>Contactez nos sp\u00e9cialistes<\/span>\n          <\/a>\n        \n            <\/div>\n          \n        <\/div>\n\n    <\/div>\n  <\/div>\n<\/section>\n\n<script>\n  (function () {\n    var hero = document.currentScript && document.currentScript.previousElementSibling;\n    if (!hero) return;\n    var tone = hero.getAttribute('data-hero-tone') || 'light';\n    document.body.classList.add('has-hero', 'hero-tone-' + tone);\n  })();\n<\/script>\n\n\n\n\n\n\n\n\n<section id=\"block_dfa066a8c3e801de7c2941c94cea941c\"\n         class=\"b2 block_2col mt-12 rounded-2xl \"\n         style=\"background-color:#f7f7f7;\">\n  <div class=\"max-w-7xl mx-auto px-4 md:px-6 py-12 md:py-16\">\n    <div class=\"grid grid-cols-1 md:grid-cols-12 gap-8 md:gap-10 items-center\">\n\n            <div class=\"md:order-1 md:col-span-6 pl-12 pr-12 js-reveal\" data-reveal-distance=\"24\">\n                                  <img decoding=\"async\" class=\"b2-logo max-w-[340px] w-full h-auto\" src=\"https:\/\/hi-technologies.ch\/app\/uploads\/2025\/10\/Axeos_logo_baseline2021_N80_1x1.png\" alt=\"\">\n        \n        \n              <\/div>\n\n            <div class=\"md:order-2 md:col-span-6 pl-12 pr-12 js-reveal\" data-reveal-distance=\"24\">\n                  <h2 class=\"text-3xl md:text-4xl fw-500 leading-tight mb-12 mt-12 js-reveal-blur\" data-reveal-stagger=\"0.06\">\n            Axeos\n          <\/h2>\n        \n                  <div class=\"text-xs md:text-base leading-relaxed mt-12 mb-6\">\n            <p><span lang=\"fr-CH\">Cr\u00e9\u00e9e en 2006 en France,<\/span><b> <\/b>Axeos propose du mobilier de qualit\u00e9 qui s\u2019associe parfaitement aux nouvelles technologies collaboratives afin de cr\u00e9er des environnements de travail optimis\u00e9s, modernes et immersifs. Les solutions Axeos peuvent \u00eatre utilis\u00e9s avec toutes les marques et technologies disponibles sur le march\u00e9.<\/p>\n<p>La gamme de solutions haut de gamme d\u2019Axeos est con\u00e7ue pour accueillir des syst\u00e8mes de visioconf\u00e9rence, d\u2019affichage dynamique, des \u00e9crans interactifs, etc.<\/p>\n<p>Quelle que soit la taille et la configuration de votre espace \u00e0 am\u00e9nager (huddle room, salle de visioconf\u00e9rence, boardroom\u2026), les produits Axeos sauront r\u00e9pondre au mieux \u00e0 vos besoins et vous permettront de vivre des exp\u00e9riences de travail uniques.<\/p>\n\n          <\/div>\n        \n                        \n                  <div class=\"mt-6 flex flex-wrap gap-4\">\n                                                \n                    \n                \n\n<a href=\"#solutions\" class=\"cta_link tone-teal\">\n  <span>Focus sur deux solutions AXEOS<\/span>\n  <\/a>\n      \n                                                \n                    \n                \n\n\n\n\n\n\n      \n        \n    \n      <a href=\"#produits\"\n       class=\"cta_btn cta_btn--md cta_btn--wipe tone-teal cta_btn--hairline halo-none\"\n       >\n      <span>Gamme de produits<\/span>\n          <\/a>\n        \n          <\/div>\n              <\/div>\n\n    <\/div>\n  <\/div>\n<\/section>\n\n\n\n<h2 class=\"wp-block-heading has-text-align-center\">Le meilleur des solutions de mobilier Axeos<br> est chez Hi Technologies<\/h2>\n\n\n\n\n\n\n\n\n\n<section id=\"solutions\" class=\"spotlight relative  mt-5 mb-5\">\n  <div class=\"max-w-7xl mx-auto px-4 md:px-6 py-12 md:py-16\">\n\n        <div\n      class=\"hidden md:block absolute inset-y-6 md:inset-y-8 bg-[#f7f7f7] rounded-2xl w-1\/2 right-0\"\n      aria-hidden=\"true\"><\/div>\n\n    <div class=\"relative grid grid-cols-1 md:grid-cols-12 gap-8 md:gap-12 items-center z-10\">\n\n            <div class=\"md:order-1 md:col-span-7 md:-mr-10 lg:-mr-12 js-reveal\"\n        data-reveal-from=\"left\"\n        data-reveal-distance=\"120\"\n        data-reveal-delay=\"0\">\n                          <img decoding=\"async\" class=\"w-auto rounded-xl shadow-sm max-h-[550px] overflow-y-auto m-auto\" src=\"https:\/\/hi-technologies.ch\/app\/uploads\/2025\/10\/Xenon-axeos-hi-technologies.jpg\" alt=\"\">\n        \n                      <\/div>\n\n            <div class=\"md:order-2 md:col-span-5\">\n        <div class=\"px-5 py-15 md:px-10 md:py-30 \">\n\n          \n                      <h2 class=\"text-3xl md:text-4xl fw-600 leading-tight mb-8 mt-16 js-reveal\"\n                data-reveal-from=\"right\" data-reveal-distance=\"24\" data-reveal-once=\"true\">\n              Meuble Visioconf\u00e9rence Xenon Wide\n            <\/h2>\n          \n                      <p class=\"text-lg uppercase tracking-wide opacity-80 mb-6 u-title fw-500 js-reveal\"\n              data-reveal-from=\"right\" data-reveal-distance=\"20\"\n              data-reveal-delay=\"0.06\" data-reveal-once=\"true\">\n              Design, robustesse et praticit\u00e9\n            <\/p>\n          \n                      <div class=\"mt-2 text-sm md:text-base leading-relaxed js-reveal-blur\"\n                data-reveal-distance=\"12\" data-reveal-delay=\"0.12\" data-reveal-once=\"true\">\n              <p>Le Xenon Wide d\u2019Axeos est un meuble de visioconf\u00e9rence haut de gamme con\u00e7u pour accueillir un ou deux \u00e9crans grand format. Id\u00e9al pour les salles de r\u00e9union, les espaces collaboratifs ou les auditoriums, il associe design, robustesse et praticit\u00e9.<\/p>\n<p>La version Simple \u00e9cran prend en charge des moniteurs de 65 \u00e0 100 pouces, tandis que la version Double \u00e9cran peut accueillir deux \u00e9crans de 52 \u00e0 90 pouces. Son support universel VESA garantit une compatibilit\u00e9 optimale et un r\u00e9glage de hauteur ergonomique. Fabriqu\u00e9 avec des mat\u00e9riaux durables comme l\u2019inox bross\u00e9 et le plexiglas noir \u00e9coresponsable, il offre un passage de c\u00e2bles int\u00e9gr\u00e9, un support codec et une fixation cam\u00e9ra discr\u00e8te.<\/p>\n<p>Le Xenon Wide combine esth\u00e9tique contemporaine et performance technique pour valoriser vos espaces professionnels. Polyvalent, \u00e9l\u00e9gant et durable, il s\u2019impose comme la solution id\u00e9ale pour toutes vos installations de visioconf\u00e9rence mode<\/p>\n\n            <\/div>\n          \n                    \n                      <div class=\"mt-8 flex flex-wrap items-center gap-6 mb-16 js-reveal\"\n                data-reveal-from=\"up\" data-reveal-distance=\"16\"\n                data-reveal-delay=\"0.18\" data-reveal-once=\"true\">\n                                                  \n                    \n                \n\n<a href=\"https:\/\/hi-technologies.ch\/fr\/contact\/\" class=\"cta_link tone-teal\">\n  <span>Contactez-nous<\/span>\n  <\/a>\n      \n                        \n            <\/div>\n          \n        <\/div>\n      <\/div>\n\n\n    <\/div>\n  <\/div>\n<\/section>\n\n\n\n\n\n\n\n\n\n<section id=\"block_4e9fa947cf378e90db72c753d08611e0\" class=\"spotlight relative  mt-5 mb-5\">\n  <div class=\"max-w-7xl mx-auto px-4 md:px-6 py-12 md:py-16\">\n\n        <div\n      class=\"hidden md:block absolute inset-y-6 md:inset-y-8 bg-[#f7f7f7] rounded-2xl w-1\/2 left-0\"\n      aria-hidden=\"true\"><\/div>\n\n    <div class=\"relative grid grid-cols-1 md:grid-cols-12 gap-8 md:gap-12 items-center z-10\">\n\n            <div class=\"md:order-2 md:col-span-7 md:-ml-10 lg:-ml-12 js-reveal\"\n        data-reveal-from=\"right\"\n        data-reveal-distance=\"120\"\n        data-reveal-delay=\"0\">\n                          <img decoding=\"async\" class=\"w-auto rounded-xl shadow-sm max-h-[550px] overflow-y-auto m-auto\" src=\"https:\/\/hi-technologies.ch\/app\/uploads\/2025\/10\/neonyx-touch-lift-lectern-conference-meeting-axeos.webp\" alt=\"\">\n        \n                      <\/div>\n\n            <div class=\"md:order-1 md:col-span-5\">\n        <div class=\"px-5 py-15 md:px-10 md:py-30 \">\n\n          \n                      <h2 class=\"text-3xl md:text-4xl fw-600 leading-tight mb-8 mt-16 js-reveal\"\n                data-reveal-from=\"left\" data-reveal-distance=\"24\" data-reveal-once=\"true\">\n              Pupitre Neonyx Touch Lift\n            <\/h2>\n          \n                      <p class=\"text-lg uppercase tracking-wide opacity-80 mb-6 u-title fw-500 js-reveal\"\n              data-reveal-from=\"left\" data-reveal-distance=\"20\"\n              data-reveal-delay=\"0.06\" data-reveal-once=\"true\">\n              Solution de pr\u00e9sentation moderne, \u00e9co-responsable\n            <\/p>\n          \n                      <div class=\"mt-2 text-sm md:text-base leading-relaxed js-reveal-blur\"\n                data-reveal-distance=\"12\" data-reveal-delay=\"0.12\" data-reveal-once=\"true\">\n              <p>Le <b>Neonyx Touch Lift<\/b> d\u2019<b>Axeos<\/b> est un pupitre de conf\u00e9rence design et innovant, pens\u00e9 pour les espaces professionnels, les salles de r\u00e9union et les amphith\u00e9\u00e2tres modernes. Il associe technologie, ergonomie et durabilit\u00e9 pour offrir une exp\u00e9rience fluide et confortable \u00e0 chaque intervenant.<\/p>\n<p>\u00c9quip\u00e9 d\u2019un <b>\u00e9cran tactile 19,5 pouces Elo Touch<\/b>, le Neonyx Touch Lift permet de piloter des pr\u00e9sentations, d\u2019annoter et d\u2019interagir en toute simplicit\u00e9. Son <b>r\u00e9glage \u00e9lectrique en hauteur<\/b>, de 970 \u00e0 1270 mm, s\u2019adapte \u00e0 toutes les postures, qu\u2019on soit assis ou debout. Construit en <b>plexiglas recycl\u00e9 et recyclable<\/b>, il allie \u00e9l\u00e9gance et engagement environnemental, avec des finitions satin blanc ou noir mat.<\/p>\n<p>Pr\u00eat \u00e0 l\u2019emploi, le pupitre int\u00e8gre deux emplacements pour micros <b>Sennheiser<\/b>, une <b>plaque personnalisable<\/b> pour apposer un logo et une <b>connectique compl\u00e8te<\/b> (RJ45, HDMI, USB-A). Sa conception robuste et soign\u00e9e assure stabilit\u00e9 et confort d\u2019utilisation.<\/p>\n<p>Choisir le Neonyx Touch Lift, c\u2019est opter pour une solution de pr\u00e9sentation moderne, \u00e9co-responsable et valorisante. Alliant performance, design et praticit\u00e9, il incarne le savoir-faire d\u2019Axeos dans le mobilier audiovisuel professionnel et transforme chaque conf\u00e9rence en un moment d\u2019excellence.<\/p>\n\n            <\/div>\n          \n                    \n                      <div class=\"mt-8 flex flex-wrap items-center gap-6 mb-16 js-reveal\"\n                data-reveal-from=\"up\" data-reveal-distance=\"16\"\n                data-reveal-delay=\"0.18\" data-reveal-once=\"true\">\n                                                  \n                    \n                \n\n<a href=\"https:\/\/hi-technologies.ch\/fr\/contact\/\" class=\"cta_link tone-teal\">\n  <span>Contactez-nous<\/span>\n  <\/a>\n      \n                        \n            <\/div>\n          \n        <\/div>\n      <\/div>\n\n\n    <\/div>\n  <\/div>\n<\/section>\n\n\n\n<p><\/p>\n","protected":false},"excerpt":{"rendered":"<p>Le meilleur des solutions de mobilier Axeos est chez Hi Technologies<\/p>\n","protected":false},"author":1,"featured_media":396,"parent":96,"menu_order":0,"comment_status":"closed","ping_status":"closed","template":"page-templates\/page-marque.php","meta":{"_acf_changed":false,"inline_featured_image":false,"footnotes":""},"domaine_solution":[63],"class_list":["post-394","page","type-page","status-publish","has-post-thumbnail","hentry"],"acf":[],"yoast_head":"<!-- This site is optimized with the Yoast SEO plugin v25.8 - https:\/\/yoast.com\/wordpress\/plugins\/seo\/ -->\n<title>Axeos - Hi-Technologies<\/title>\n<meta name=\"description\" content=\"Axeos con\u00e7oit du mobilier premium pour espaces connect\u00e9s et int\u00e9gration audiovisuelle (visioconf\u00e9rence, \u00e9crans, solutions collaboratives). Conseil et int\u00e9gration par Hi Technologies.\" \/>\n<meta name=\"robots\" content=\"index, follow, max-snippet:-1, max-image-preview:large, max-video-preview:-1\" \/>\n<link rel=\"canonical\" href=\"https:\/\/hi-technologies.ch\/fr\/marques-partenaires\/axeos\/\" \/>\n<meta property=\"og:locale\" content=\"fr_FR\" \/>\n<meta property=\"og:type\" content=\"article\" \/>\n<meta property=\"og:title\" content=\"Axeos - Hi-Technologies\" \/>\n<meta property=\"og:description\" content=\"Axeos con\u00e7oit du mobilier premium pour espaces connect\u00e9s et int\u00e9gration audiovisuelle (visioconf\u00e9rence, \u00e9crans, solutions collaboratives). Conseil et int\u00e9gration par Hi Technologies.\" \/>\n<meta property=\"og:url\" content=\"https:\/\/hi-technologies.ch\/fr\/marques-partenaires\/axeos\/\" \/>\n<meta property=\"og:site_name\" content=\"Hi-Technologies\" \/>\n<meta property=\"article:modified_time\" content=\"2026-03-18T16:18:53+00:00\" \/>\n<meta property=\"og:image\" content=\"https:\/\/hi-technologies.ch\/app\/uploads\/2025\/10\/Axeos_logo_baseline2021_N80_1x1.png\" \/>\n\t<meta property=\"og:image:width\" content=\"1685\" \/>\n\t<meta property=\"og:image:height\" content=\"1685\" \/>\n\t<meta property=\"og:image:type\" content=\"image\/png\" \/>\n<meta name=\"twitter:card\" content=\"summary_large_image\" \/>\n<meta name=\"twitter:label1\" content=\"Est. reading time\" \/>\n\t<meta name=\"twitter:data1\" content=\"1 minute\" \/>\n<script type=\"application\/ld+json\" class=\"yoast-schema-graph\">{\"@context\":\"https:\/\/schema.org\",\"@graph\":[{\"@type\":\"WebPage\",\"@id\":\"https:\/\/hi-technologies.ch\/fr\/marques-partenaires\/axeos\/\",\"url\":\"https:\/\/hi-technologies.ch\/fr\/marques-partenaires\/axeos\/\",\"name\":\"Axeos - Hi-Technologies\",\"isPartOf\":{\"@id\":\"https:\/\/hi-technologies.ch\/fr\/#website\"},\"primaryImageOfPage\":{\"@id\":\"https:\/\/hi-technologies.ch\/fr\/marques-partenaires\/axeos\/#primaryimage\"},\"image\":{\"@id\":\"https:\/\/hi-technologies.ch\/fr\/marques-partenaires\/axeos\/#primaryimage\"},\"thumbnailUrl\":\"https:\/\/hi-technologies.ch\/app\/uploads\/2025\/10\/Axeos_logo_baseline2021_N80_1x1.png\",\"datePublished\":\"2025-10-13T15:24:05+00:00\",\"dateModified\":\"2026-03-18T16:18:53+00:00\",\"description\":\"Axeos con\u00e7oit du mobilier premium pour espaces connect\u00e9s et int\u00e9gration audiovisuelle (visioconf\u00e9rence, \u00e9crans, solutions collaboratives). Conseil et int\u00e9gration par Hi Technologies.\",\"breadcrumb\":{\"@id\":\"https:\/\/hi-technologies.ch\/fr\/marques-partenaires\/axeos\/#breadcrumb\"},\"inLanguage\":\"fr-FR\",\"potentialAction\":[{\"@type\":\"ReadAction\",\"target\":[\"https:\/\/hi-technologies.ch\/fr\/marques-partenaires\/axeos\/\"]}]},{\"@type\":\"ImageObject\",\"inLanguage\":\"fr-FR\",\"@id\":\"https:\/\/hi-technologies.ch\/fr\/marques-partenaires\/axeos\/#primaryimage\",\"url\":\"https:\/\/hi-technologies.ch\/app\/uploads\/2025\/10\/Axeos_logo_baseline2021_N80_1x1.png\",\"contentUrl\":\"https:\/\/hi-technologies.ch\/app\/uploads\/2025\/10\/Axeos_logo_baseline2021_N80_1x1.png\",\"width\":1685,\"height\":1685},{\"@type\":\"BreadcrumbList\",\"@id\":\"https:\/\/hi-technologies.ch\/fr\/marques-partenaires\/axeos\/#breadcrumb\",\"itemListElement\":[{\"@type\":\"ListItem\",\"position\":1,\"name\":\"Home\",\"item\":\"https:\/\/hi-technologies.ch\/fr\/\"},{\"@type\":\"ListItem\",\"position\":2,\"name\":\"Marques &amp; Partenaires\",\"item\":\"https:\/\/hi-technologies.ch\/fr\/marques-partenaires\/\"},{\"@type\":\"ListItem\",\"position\":3,\"name\":\"Axeos\"}]},{\"@type\":\"WebSite\",\"@id\":\"https:\/\/hi-technologies.ch\/fr\/#website\",\"url\":\"https:\/\/hi-technologies.ch\/fr\/\",\"name\":\"Hi-Technologies\",\"description\":\"\",\"publisher\":{\"@id\":\"https:\/\/hi-technologies.ch\/fr\/#organization\"},\"potentialAction\":[{\"@type\":\"SearchAction\",\"target\":{\"@type\":\"EntryPoint\",\"urlTemplate\":\"https:\/\/hi-technologies.ch\/fr\/?s={search_term_string}\"},\"query-input\":{\"@type\":\"PropertyValueSpecification\",\"valueRequired\":true,\"valueName\":\"search_term_string\"}}],\"inLanguage\":\"fr-FR\"},{\"@type\":\"Organization\",\"@id\":\"https:\/\/hi-technologies.ch\/fr\/#organization\",\"name\":\"Hi-Technologies\",\"url\":\"https:\/\/hi-technologies.ch\/fr\/\",\"logo\":{\"@type\":\"ImageObject\",\"inLanguage\":\"fr-FR\",\"@id\":\"https:\/\/hi-technologies.ch\/fr\/#\/schema\/logo\/image\/\",\"url\":\"https:\/\/hi-technologies.ch\/app\/uploads\/2025\/12\/hi-technologies_logo2025-2.png\",\"contentUrl\":\"https:\/\/hi-technologies.ch\/app\/uploads\/2025\/12\/hi-technologies_logo2025-2.png\",\"width\":849,\"height\":281,\"caption\":\"Hi-Technologies\"},\"image\":{\"@id\":\"https:\/\/hi-technologies.ch\/fr\/#\/schema\/logo\/image\/\"},\"sameAs\":[\"https:\/\/www.linkedin.com\/company\/hitechnologies\/\"]}]}<\/script>\n<!-- \/ Yoast SEO plugin. -->","yoast_head_json":{"title":"Axeos - Hi-Technologies","description":"Axeos con\u00e7oit du mobilier premium pour espaces connect\u00e9s et int\u00e9gration audiovisuelle (visioconf\u00e9rence, \u00e9crans, solutions collaboratives). Conseil et int\u00e9gration par Hi Technologies.","robots":{"index":"index","follow":"follow","max-snippet":"max-snippet:-1","max-image-preview":"max-image-preview:large","max-video-preview":"max-video-preview:-1"},"canonical":"https:\/\/hi-technologies.ch\/fr\/marques-partenaires\/axeos\/","og_locale":"fr_FR","og_type":"article","og_title":"Axeos - Hi-Technologies","og_description":"Axeos con\u00e7oit du mobilier premium pour espaces connect\u00e9s et int\u00e9gration audiovisuelle (visioconf\u00e9rence, \u00e9crans, solutions collaboratives). Conseil et int\u00e9gration par Hi Technologies.","og_url":"https:\/\/hi-technologies.ch\/fr\/marques-partenaires\/axeos\/","og_site_name":"Hi-Technologies","article_modified_time":"2026-03-18T16:18:53+00:00","og_image":[{"width":1685,"height":1685,"url":"https:\/\/hi-technologies.ch\/app\/uploads\/2025\/10\/Axeos_logo_baseline2021_N80_1x1.png","type":"image\/png"}],"twitter_card":"summary_large_image","twitter_misc":{"Est. reading time":"1 minute"},"schema":{"@context":"https:\/\/schema.org","@graph":[{"@type":"WebPage","@id":"https:\/\/hi-technologies.ch\/fr\/marques-partenaires\/axeos\/","url":"https:\/\/hi-technologies.ch\/fr\/marques-partenaires\/axeos\/","name":"Axeos - Hi-Technologies","isPartOf":{"@id":"https:\/\/hi-technologies.ch\/fr\/#website"},"primaryImageOfPage":{"@id":"https:\/\/hi-technologies.ch\/fr\/marques-partenaires\/axeos\/#primaryimage"},"image":{"@id":"https:\/\/hi-technologies.ch\/fr\/marques-partenaires\/axeos\/#primaryimage"},"thumbnailUrl":"https:\/\/hi-technologies.ch\/app\/uploads\/2025\/10\/Axeos_logo_baseline2021_N80_1x1.png","datePublished":"2025-10-13T15:24:05+00:00","dateModified":"2026-03-18T16:18:53+00:00","description":"Axeos con\u00e7oit du mobilier premium pour espaces connect\u00e9s et int\u00e9gration audiovisuelle (visioconf\u00e9rence, \u00e9crans, solutions collaboratives). Conseil et int\u00e9gration par Hi Technologies.","breadcrumb":{"@id":"https:\/\/hi-technologies.ch\/fr\/marques-partenaires\/axeos\/#breadcrumb"},"inLanguage":"fr-FR","potentialAction":[{"@type":"ReadAction","target":["https:\/\/hi-technologies.ch\/fr\/marques-partenaires\/axeos\/"]}]},{"@type":"ImageObject","inLanguage":"fr-FR","@id":"https:\/\/hi-technologies.ch\/fr\/marques-partenaires\/axeos\/#primaryimage","url":"https:\/\/hi-technologies.ch\/app\/uploads\/2025\/10\/Axeos_logo_baseline2021_N80_1x1.png","contentUrl":"https:\/\/hi-technologies.ch\/app\/uploads\/2025\/10\/Axeos_logo_baseline2021_N80_1x1.png","width":1685,"height":1685},{"@type":"BreadcrumbList","@id":"https:\/\/hi-technologies.ch\/fr\/marques-partenaires\/axeos\/#breadcrumb","itemListElement":[{"@type":"ListItem","position":1,"name":"Home","item":"https:\/\/hi-technologies.ch\/fr\/"},{"@type":"ListItem","position":2,"name":"Marques &amp; Partenaires","item":"https:\/\/hi-technologies.ch\/fr\/marques-partenaires\/"},{"@type":"ListItem","position":3,"name":"Axeos"}]},{"@type":"WebSite","@id":"https:\/\/hi-technologies.ch\/fr\/#website","url":"https:\/\/hi-technologies.ch\/fr\/","name":"Hi-Technologies","description":"","publisher":{"@id":"https:\/\/hi-technologies.ch\/fr\/#organization"},"potentialAction":[{"@type":"SearchAction","target":{"@type":"EntryPoint","urlTemplate":"https:\/\/hi-technologies.ch\/fr\/?s={search_term_string}"},"query-input":{"@type":"PropertyValueSpecification","valueRequired":true,"valueName":"search_term_string"}}],"inLanguage":"fr-FR"},{"@type":"Organization","@id":"https:\/\/hi-technologies.ch\/fr\/#organization","name":"Hi-Technologies","url":"https:\/\/hi-technologies.ch\/fr\/","logo":{"@type":"ImageObject","inLanguage":"fr-FR","@id":"https:\/\/hi-technologies.ch\/fr\/#\/schema\/logo\/image\/","url":"https:\/\/hi-technologies.ch\/app\/uploads\/2025\/12\/hi-technologies_logo2025-2.png","contentUrl":"https:\/\/hi-technologies.ch\/app\/uploads\/2025\/12\/hi-technologies_logo2025-2.png","width":849,"height":281,"caption":"Hi-Technologies"},"image":{"@id":"https:\/\/hi-technologies.ch\/fr\/#\/schema\/logo\/image\/"},"sameAs":["https:\/\/www.linkedin.com\/company\/hitechnologies\/"]}]}},"_links":{"self":[{"href":"https:\/\/hi-technologies.ch\/fr\/wp-json\/wp\/v2\/pages\/394","targetHints":{"allow":["GET"]}}],"collection":[{"href":"https:\/\/hi-technologies.ch\/fr\/wp-json\/wp\/v2\/pages"}],"about":[{"href":"https:\/\/hi-technologies.ch\/fr\/wp-json\/wp\/v2\/types\/page"}],"author":[{"embeddable":true,"href":"https:\/\/hi-technologies.ch\/fr\/wp-json\/wp\/v2\/users\/1"}],"replies":[{"embeddable":true,"href":"https:\/\/hi-technologies.ch\/fr\/wp-json\/wp\/v2\/comments?post=394"}],"version-history":[{"count":26,"href":"https:\/\/hi-technologies.ch\/fr\/wp-json\/wp\/v2\/pages\/394\/revisions"}],"predecessor-version":[{"id":5652,"href":"https:\/\/hi-technologies.ch\/fr\/wp-json\/wp\/v2\/pages\/394\/revisions\/5652"}],"up":[{"embeddable":true,"href":"https:\/\/hi-technologies.ch\/fr\/wp-json\/wp\/v2\/pages\/96"}],"wp:featuredmedia":[{"embeddable":true,"href":"https:\/\/hi-technologies.ch\/fr\/wp-json\/wp\/v2\/media\/396"}],"wp:attachment":[{"href":"https:\/\/hi-technologies.ch\/fr\/wp-json\/wp\/v2\/media?parent=394"}],"wp:term":[{"taxonomy":"domaine_solution","embeddable":true,"href":"https:\/\/hi-technologies.ch\/fr\/wp-json\/wp\/v2\/domaine_solution?post=394"}],"curies":[{"name":"wp","href":"https:\/\/api.w.org\/{rel}","templated":true}]}}