{"id":3916,"date":"2025-12-02T09:54:41","date_gmt":"2025-12-02T08:54:41","guid":{"rendered":"https:\/\/hi-technologies.ch\/?page_id=3916"},"modified":"2025-12-18T11:04:53","modified_gmt":"2025-12-18T10:04:53","slug":"bureau-detude-interne","status":"publish","type":"page","link":"https:\/\/hi-technologies.ch\/fr\/expertise-audiovisuelle\/bureau-detude-interne\/","title":{"rendered":"Bureau d&#8217;\u00e9tude interne"},"content":{"rendered":"\n\n\n\n   \n\n\n  \n\n\n\n\n        \n<section\n  id=\"block_fc823db26a0fd3fdf4a051d865aefe76\"\n  class=\"hero_section relative isolate   w-full overflow-hidden md:rounded-2xl md:mt-6 mt-0 js-hero\"\n  data-hero-tone=\"light\"\n  style=\"background-image:linear-gradient(90deg, rgba(0,0,0,.90) 0%, rgba(0,0,0,.40) 50%), url(https:\/\/hi-technologies.ch\/app\/uploads\/2025\/12\/hit_bureau-etude-interne.jpg); background-size:cover; background-position:center; min-height:62vh;\">\n\n\n    \n\n    \n    \n  <div class=\"relative z-20 max-w-7xl px-4 md:px-6 mx-auto\" style=\"min-height:62vh;\">\n    <div class=\"flex items-center\" style=\"min-height:62vh;\">\n              \n        <div class=\"hero__content py-12 md:py-16 lg:py-20 text-white text-left\">\n\n          \n                      <h1 class=\"text-3xl md:text-6xl fw-600 uppercase leading-tight js-reveal\"\n                data-reveal-from=\"left\" data-reveal-distance=\"24\"\n                data-reveal-delay=\"0.06\" data-reveal-once=\"true\">\n              Bureau d&#8217;\u00e9tude interne : Anticiper, visualiser, valider\n            <\/h1>\n          \n                      <div class=\"mt-4 text-sm md:text-base leading-relaxed opacity-95 js-reveal-blur\"\n                data-reveal-distance=\"12\" data-reveal-delay=\"0.12\" data-reveal-once=\"true\">\n              <p>Hi Technologies accompagne vos projets audiovisuels d\u00e8s leur phase de conception gr\u00e2ce \u00e0 notre bureau d\u2019\u00e9tude interne capable de produire aussi bien des plans techniques pr\u00e9cis que des simulations 3D photor\u00e9alistes.<br \/>\nNotre objectif : vous aider \u00e0 anticiper, visualiser et valider chaque implantation d\u2019\u00e9quipement avant m\u00eame le d\u00e9but des travaux.<\/p>\n\n            <\/div>\n          \n                                          <div class=\"mt-6 flex flex-wrap items-center gap-4 js-reveal\"\n                data-reveal-from=\"up\" data-reveal-distance=\"16\"\n                data-reveal-delay=\"0.18\" data-reveal-once=\"true\">\n                        \n                        \n            <\/div>\n          \n        <\/div>\n\n    <\/div>\n  <\/div>\n<\/section>\n\n<script>\n  (function () {\n    var hero = document.currentScript && document.currentScript.previousElementSibling;\n    if (!hero) return;\n    var tone = hero.getAttribute('data-hero-tone') || 'light';\n    document.body.classList.add('has-hero', 'hero-tone-' + tone);\n  })();\n<\/script>\n\n\n\n\n\n\n\n\n\n\n\n<section id=\"block_7c3f7fb455b66547287bc837fb7cf0ed\" class=\"spotlight relative solutions mt-5 mb-5\">\n  <div class=\"max-w-7xl mx-auto px-4 md:px-6 py-12 md:py-16\">\n\n        <div\n      class=\"hidden md:block absolute inset-y-6 md:inset-y-8 bg-[#f7f7f7] rounded-2xl w-1\/2 right-0\"\n      aria-hidden=\"true\"><\/div>\n\n    <div class=\"relative grid grid-cols-1 md:grid-cols-12 gap-8 md:gap-12 items-center z-10\">\n\n            <div class=\"md:order-1 md:col-span-7 md:-mr-10 lg:-mr-12 js-reveal\"\n        data-reveal-from=\"left\"\n        data-reveal-distance=\"120\"\n        data-reveal-delay=\"0\">\n                          <img decoding=\"async\" class=\"w-auto rounded-xl shadow-sm max-h-[550px] overflow-y-auto m-auto\" src=\"https:\/\/hi-technologies.ch\/app\/uploads\/2025\/12\/hit_bureau-eteude-Rendu-photorealiste.png\" alt=\"\">\n        \n                      <\/div>\n\n            <div class=\"md:order-2 md:col-span-5\">\n        <div class=\"px-5 py-15 md:px-10 md:py-30 \">\n\n          \n                      <h2 class=\"text-3xl md:text-4xl fw-600 leading-tight mb-8 mt-16 js-reveal\"\n                data-reveal-from=\"right\" data-reveal-distance=\"24\" data-reveal-once=\"true\">\n              Mod\u00e9lisation 3D et visualisation de projets\n            <\/h2>\n          \n          \n                      <div class=\"mt-2 text-sm md:text-base leading-relaxed js-reveal-blur\"\n                data-reveal-distance=\"12\" data-reveal-delay=\"0.12\" data-reveal-once=\"true\">\n              <p>Nous cr\u00e9ons des <strong>vues 3D<\/strong> haute qualit\u00e9 pour permettre \u00e0 nos clients de se projeter imm\u00e9diatement dans leur futur espace audiovisuel.<br \/>\nCes rendus permettent de :<\/p>\n<ul>\n<li>visualiser l\u2019int\u00e9gration des \u00e9crans, enceintes et autres \u00e9quipements,<\/li>\n<li>comprendre l\u2019impact esth\u00e9tique et spatial,<\/li>\n<li>faciliter les d\u00e9cisions avant installation,<\/li>\n<li>communiquer efficacement avec les \u00e9quipes techniques ou architectes.<\/li>\n<\/ul>\n<p><strong>Simulation d\u2019int\u00e9gration d\u2019\u00e9quipements AV<\/strong><\/p>\n<p>Nos mod\u00e9lisations prennent en compte <strong>les dimensions r\u00e9elles<\/strong> des produits :<\/p>\n<ul>\n<li>\u00e9crans, vid\u00e9oprojecteurs, LED walls,<\/li>\n<li>enceintes, racks, cam\u00e9ras,<\/li>\n<li>\u00e9l\u00e9ments structurels et mobiliers.<\/li>\n<\/ul>\n<p>Nous simulons leur implantation dans vos espaces existants afin de valider :<\/p>\n<ul>\n<li>la visibilit\u00e9,<\/li>\n<li>les distances,<\/li>\n<li>les angles de vue,<\/li>\n<li>l\u2019harmonie esth\u00e9tique,<\/li>\n<li>la faisabilit\u00e9 technique.<\/li>\n<\/ul>\n<ul>\n<li>Hi Technologies accompagne vos projets audiovisuels d\u00e8s leur phase de conception gr\u00e2ce \u00e0 notre bureau d\u2019\u00e9tude interne capable de produire aussi bien des <strong>plans techniques pr\u00e9cis<\/strong> que des <strong>simulations 3D photor\u00e9alistes<\/strong>.<br \/>\nNotre objectif : vous aider \u00e0 <strong>anticiper<\/strong>, <strong>visualiser<\/strong> et <strong>valider<\/strong> chaque implantation d\u2019\u00e9quipement avant m\u00eame le d\u00e9but des travaux.<\/li>\n<\/ul>\n\n            <\/div>\n          \n                    \n                      <div class=\"mt-8 flex flex-wrap items-center gap-6 mb-16 js-reveal\"\n                data-reveal-from=\"up\" data-reveal-distance=\"16\"\n                data-reveal-delay=\"0.18\" data-reveal-once=\"true\">\n                                                  \n                    \n                \n\n<a href=\"https:\/\/hi-technologies.ch\/fr\/contact\/\" class=\"cta_link tone-teal\">\n  <span>Consultez nos sp\u00e9cialistes<\/span>\n  <\/a>\n      \n                        \n            <\/div>\n          \n        <\/div>\n      <\/div>\n\n\n    <\/div>\n  <\/div>\n<\/section>\n\n\n\n\n\n\n\n\n\n<section id=\"block_423c44a886d12bc550784e5fa0785ace\" class=\"spotlight relative  mt-5 mb-5\">\n  <div class=\"max-w-7xl mx-auto px-4 md:px-6 py-12 md:py-16\">\n\n        <div\n      class=\"hidden md:block absolute inset-y-6 md:inset-y-8 bg-[#f7f7f7] rounded-2xl w-1\/2 left-0\"\n      aria-hidden=\"true\"><\/div>\n\n    <div class=\"relative grid grid-cols-1 md:grid-cols-12 gap-8 md:gap-12 items-center z-10\">\n\n            <div class=\"md:order-2 md:col-span-7 md:-ml-10 lg:-ml-12 js-reveal\"\n        data-reveal-from=\"right\"\n        data-reveal-distance=\"120\"\n        data-reveal-delay=\"0\">\n                          <img decoding=\"async\" class=\"w-auto rounded-xl shadow-sm max-h-[550px] overflow-y-auto m-auto\" src=\"https:\/\/hi-technologies.ch\/app\/uploads\/2025\/12\/hit_Conception-pieces-sur-mesure.jpg\" alt=\"\">\n        \n                      <\/div>\n\n            <div class=\"md:order-1 md:col-span-5\">\n        <div class=\"px-5 py-15 md:px-10 md:py-30 \">\n\n          \n                      <h2 class=\"text-3xl md:text-4xl fw-600 leading-tight mb-8 mt-16 js-reveal\"\n                data-reveal-from=\"left\" data-reveal-distance=\"24\" data-reveal-once=\"true\">\n              Cr\u00e9ation de pi\u00e8ces sur mesure\n            <\/h2>\n          \n          \n                      <div class=\"mt-2 text-sm md:text-base leading-relaxed js-reveal-blur\"\n                data-reveal-distance=\"12\" data-reveal-delay=\"0.12\" data-reveal-once=\"true\">\n              <p>Notre \u00e9quipe r\u00e9alise \u00e9galement la <strong>mod\u00e9lisation 3D de pi\u00e8ces sp\u00e9cifiques<\/strong> : supports, fixations, accessoires\u2026<br \/>\nCes \u00e9l\u00e9ments peuvent ensuite \u00eatre int\u00e9gr\u00e9s dans les plans techniques et les rendus 3D afin de garantir une coh\u00e9rence totale du projet.<\/p>\n<p>Une fois valid\u00e9, nous faisons r\u00e9aliser la ou les pi\u00e8ces sur-mesure via nos partenaires artisans locaux (menuisier, serrurier\u2026)<\/p>\n\n            <\/div>\n          \n                    \n                      <div class=\"mt-8 flex flex-wrap items-center gap-6 mb-16 js-reveal\"\n                data-reveal-from=\"up\" data-reveal-distance=\"16\"\n                data-reveal-delay=\"0.18\" data-reveal-once=\"true\">\n                                                  \n                    \n                \n\n<a href=\"https:\/\/hi-technologies.ch\/fr\/contact\/\" class=\"cta_link tone-teal\">\n  <span>Consultez nos sp\u00e9cialistes<\/span>\n  <\/a>\n      \n                        \n            <\/div>\n          \n        <\/div>\n      <\/div>\n\n\n    <\/div>\n  <\/div>\n<\/section>\n\n\n\n\n\n\n\n\n\n<section id=\"block_c22eeab887eb1938a9b3e13734452a11\" class=\"spotlight relative  mt-5 mb-5\">\n  <div class=\"max-w-7xl mx-auto px-4 md:px-6 py-12 md:py-16\">\n\n        <div\n      class=\"hidden md:block absolute inset-y-6 md:inset-y-8 bg-[#f7f7f7] rounded-2xl w-1\/2 right-0\"\n      aria-hidden=\"true\"><\/div>\n\n    <div class=\"relative grid grid-cols-1 md:grid-cols-12 gap-8 md:gap-12 items-center z-10\">\n\n            <div class=\"md:order-1 md:col-span-7 md:-mr-10 lg:-mr-12 js-reveal\"\n        data-reveal-from=\"left\"\n        data-reveal-distance=\"120\"\n        data-reveal-delay=\"0\">\n                          <img decoding=\"async\" class=\"w-auto rounded-xl shadow-sm max-h-[550px] overflow-y-auto m-auto\" src=\"https:\/\/hi-technologies.ch\/app\/uploads\/2025\/12\/hit_Schema-synoptique.jpg\" alt=\"\">\n        \n                      <\/div>\n\n            <div class=\"md:order-2 md:col-span-5\">\n        <div class=\"px-5 py-15 md:px-10 md:py-30 \">\n\n          \n                      <h2 class=\"text-3xl md:text-4xl fw-600 leading-tight mb-8 mt-16 js-reveal\"\n                data-reveal-from=\"right\" data-reveal-distance=\"24\" data-reveal-once=\"true\">\n              Ing\u00e9nierie des Plans &#038; Sch\u00e9mas Techniques\n            <\/h2>\n          \n                      <p class=\"text-lg uppercase tracking-wide opacity-80 mb-6 u-title fw-500 js-reveal\"\n              data-reveal-from=\"right\" data-reveal-distance=\"20\"\n              data-reveal-delay=\"0.06\" data-reveal-once=\"true\">\n              Plans et sch\u00e9mas synoptiques\n            <\/p>\n          \n                      <div class=\"mt-2 text-sm md:text-base leading-relaxed js-reveal-blur\"\n                data-reveal-distance=\"12\" data-reveal-delay=\"0.12\" data-reveal-once=\"true\">\n              <p>Nous r\u00e9alisons des <strong>plans techniques d\u00e9taill\u00e9s<\/strong> permettant aux installateurs et partenaires de disposer d\u2019une vision claire du projet :<\/p>\n<ul>\n<li>plans d\u2019implantation,<\/li>\n<li>plans de c\u00e2blage AV,<\/li>\n<li>sch\u00e9mas synoptiques,<\/li>\n<li>plans d\u2019ex\u00e9cution et de coordination.<\/li>\n<\/ul>\n<p><strong>Pr\u00e9cision et conformit\u00e9<\/strong><\/p>\n<p>Chaque plan est r\u00e9alis\u00e9 dans le respect :<\/p>\n<ul>\n<li>des normes en vigueur,<\/li>\n<li>des contraintes d\u2019architecture,<\/li>\n<li>des besoins \u00e9lectriques et r\u00e9seaux,<\/li>\n<li>du mat\u00e9riel choisi.<\/li>\n<\/ul>\n<p><strong>Documents pr\u00eats pour l\u2019ex\u00e9cution<\/strong><\/p>\n<p>Nos livrables AutoCAD sont con\u00e7us pour \u00eatre imm\u00e9diatement exploitables par :<\/p>\n<ul>\n<li>les \u00e9quipes d\u2019installation,<\/li>\n<li>les architectes,<\/li>\n<li>les bureaux techniques (\u00e9lectriciens, menuisiers, acousticiens\u2026).<\/li>\n<\/ul>\n\n            <\/div>\n          \n                    \n                      <div class=\"mt-8 flex flex-wrap items-center gap-6 mb-16 js-reveal\"\n                data-reveal-from=\"up\" data-reveal-distance=\"16\"\n                data-reveal-delay=\"0.18\" data-reveal-once=\"true\">\n                                                  \n                    \n                \n\n<a href=\"https:\/\/hi-technologies.ch\/fr\/contact\/\" class=\"cta_link tone-teal\">\n  <span>Consultez nos sp\u00e9cialistes<\/span>\n  <\/a>\n      \n                        \n            <\/div>\n          \n        <\/div>\n      <\/div>\n\n\n    <\/div>\n  <\/div>\n<\/section>\n\n\n\n<section\n  id=\"block_a9e613f4dfbd3ebc2f742e43092f84b7\"\n  class=\"c-links-row relative \"\n>\n  <div class=\"container mx-auto px-4 md:px-6 py-12 md:py-16\">\n          <h2 class=\"text-center text-2xl md:text-3xl font-semibold tracking-tight mb-6 md:mb-8\">\n        Aller plus loin sur d\u2019autres services et comp\u00e9tences\n      <\/h2>\n    \n          <div class=\"flex flex-wrap justify-center gap-3 md:gap-4\">\n                                                <div class=\"basis-1\/2 md:basis-1\/4 flex justify-center\">\n              <a\n                href=\"https:\/\/hi-technologies.ch\/fr\/expertise-audiovisuelle\/la-formation-au-service-de-la-performance-technique\/\"\n                target=\"_self\"\n                class=\"inline-flex items-center justify-center text-sm md:text-base font-medium text-slate-900 hover:text-teal-700 transition-colors px-4 py-2 rounded-full border border-slate-200 hover:border-teal-500 bg-white\/60 backdrop-blur-sm shadow-sm hover:shadow-md text-center w-full max-w-xs\"\n              >\n                Formations et certifications\n              <\/a>\n            <\/div>\n                                                  <div class=\"basis-1\/2 md:basis-1\/4 flex justify-center\">\n              <a\n                href=\"https:\/\/hi-technologies.ch\/fr\/expertise-audiovisuelle\/maintenance-preventive-et-corrective\/\"\n                target=\"_self\"\n                class=\"inline-flex items-center justify-center text-sm md:text-base font-medium text-slate-900 hover:text-teal-700 transition-colors px-4 py-2 rounded-full border border-slate-200 hover:border-teal-500 bg-white\/60 backdrop-blur-sm shadow-sm hover:shadow-md text-center w-full max-w-xs\"\n              >\n                Maintenance pr\u00e9ventive et corrective\n              <\/a>\n            <\/div>\n                                                  <div class=\"basis-1\/2 md:basis-1\/4 flex justify-center\">\n              <a\n                href=\"https:\/\/hi-technologies.ch\/fr\/expertise-audiovisuelle\/la-formation-au-service-de-la-performance-technique\/\"\n                target=\"_self\"\n                class=\"inline-flex items-center justify-center text-sm md:text-base font-medium text-slate-900 hover:text-teal-700 transition-colors px-4 py-2 rounded-full border border-slate-200 hover:border-teal-500 bg-white\/60 backdrop-blur-sm shadow-sm hover:shadow-md text-center w-full max-w-xs\"\n              >\n                Programmation de syst\u00e8mes audiovisuels\n              <\/a>\n            <\/div>\n                                                  <div class=\"basis-1\/2 md:basis-1\/4 flex justify-center\">\n              <a\n                href=\"https:\/\/hi-technologies.ch\/fr\/expertise-audiovisuelle\/la-formation-au-service-de-la-performance-technique\/\"\n                target=\"_self\"\n                class=\"inline-flex items-center justify-center text-sm md:text-base font-medium text-slate-900 hover:text-teal-700 transition-colors px-4 py-2 rounded-full border border-slate-200 hover:border-teal-500 bg-white\/60 backdrop-blur-sm shadow-sm hover:shadow-md text-center w-full max-w-xs\"\n              >\n                Formations et Certifications\n              <\/a>\n            <\/div>\n                        <\/div>\n      <\/div>\n<\/section>\n","protected":false},"excerpt":{"rendered":"","protected":false},"author":1,"featured_media":0,"parent":2935,"menu_order":0,"comment_status":"closed","ping_status":"closed","template":"","meta":{"_acf_changed":false,"inline_featured_image":false,"footnotes":""},"domaine_solution":[],"class_list":["post-3916","page","type-page","status-publish","hentry"],"acf":[],"yoast_head":"<!-- This site is optimized with the Yoast SEO plugin v25.8 - https:\/\/yoast.com\/wordpress\/plugins\/seo\/ -->\n<title>Bureau d&#039;\u00e9tude interne - Hi-Technologies<\/title>\n<meta name=\"description\" content=\"Hi Technologies accompagne vos projets audiovisuels d\u00e8s leur phase de conception gr\u00e2ce \u00e0 notre bureau d\u2019\u00e9tude interne capable de produire aussi bien des plans techniques pr\u00e9cis que des simulations 3D photor\u00e9alistes.\" \/>\n<meta name=\"robots\" content=\"index, follow, max-snippet:-1, max-image-preview:large, max-video-preview:-1\" \/>\n<link rel=\"canonical\" href=\"https:\/\/hi-technologies.ch\/fr\/expertise-audiovisuelle\/bureau-detude-interne\/\" \/>\n<meta property=\"og:locale\" content=\"fr_FR\" \/>\n<meta property=\"og:type\" content=\"article\" \/>\n<meta property=\"og:title\" content=\"Bureau d&#039;\u00e9tude interne - Hi-Technologies\" \/>\n<meta property=\"og:description\" content=\"Hi Technologies accompagne vos projets audiovisuels d\u00e8s leur phase de conception gr\u00e2ce \u00e0 notre bureau d\u2019\u00e9tude interne capable de produire aussi bien des plans techniques pr\u00e9cis que des simulations 3D photor\u00e9alistes.\" \/>\n<meta property=\"og:url\" content=\"https:\/\/hi-technologies.ch\/fr\/expertise-audiovisuelle\/bureau-detude-interne\/\" \/>\n<meta property=\"og:site_name\" content=\"Hi-Technologies\" \/>\n<meta property=\"article:modified_time\" content=\"2025-12-18T10:04:53+00:00\" \/>\n<meta name=\"twitter:card\" content=\"summary_large_image\" \/>\n<script type=\"application\/ld+json\" class=\"yoast-schema-graph\">{\"@context\":\"https:\/\/schema.org\",\"@graph\":[{\"@type\":\"WebPage\",\"@id\":\"https:\/\/hi-technologies.ch\/fr\/expertise-audiovisuelle\/bureau-detude-interne\/\",\"url\":\"https:\/\/hi-technologies.ch\/fr\/expertise-audiovisuelle\/bureau-detude-interne\/\",\"name\":\"Bureau d'\u00e9tude interne - Hi-Technologies\",\"isPartOf\":{\"@id\":\"https:\/\/hi-technologies.ch\/fr\/#website\"},\"datePublished\":\"2025-12-02T08:54:41+00:00\",\"dateModified\":\"2025-12-18T10:04:53+00:00\",\"description\":\"Hi Technologies accompagne vos projets audiovisuels d\u00e8s leur phase de conception gr\u00e2ce \u00e0 notre bureau d\u2019\u00e9tude interne capable de produire aussi bien des plans techniques pr\u00e9cis que des simulations 3D photor\u00e9alistes.\",\"breadcrumb\":{\"@id\":\"https:\/\/hi-technologies.ch\/fr\/expertise-audiovisuelle\/bureau-detude-interne\/#breadcrumb\"},\"inLanguage\":\"fr-FR\",\"potentialAction\":[{\"@type\":\"ReadAction\",\"target\":[\"https:\/\/hi-technologies.ch\/fr\/expertise-audiovisuelle\/bureau-detude-interne\/\"]}]},{\"@type\":\"BreadcrumbList\",\"@id\":\"https:\/\/hi-technologies.ch\/fr\/expertise-audiovisuelle\/bureau-detude-interne\/#breadcrumb\",\"itemListElement\":[{\"@type\":\"ListItem\",\"position\":1,\"name\":\"Home\",\"item\":\"https:\/\/hi-technologies.ch\/fr\/\"},{\"@type\":\"ListItem\",\"position\":2,\"name\":\"Expertise Audiovisuelle\",\"item\":\"https:\/\/hi-technologies.ch\/fr\/expertise-audiovisuelle\/\"},{\"@type\":\"ListItem\",\"position\":3,\"name\":\"Bureau d&#8217;\u00e9tude interne\"}]},{\"@type\":\"WebSite\",\"@id\":\"https:\/\/hi-technologies.ch\/fr\/#website\",\"url\":\"https:\/\/hi-technologies.ch\/fr\/\",\"name\":\"Hi-Technologies\",\"description\":\"\",\"publisher\":{\"@id\":\"https:\/\/hi-technologies.ch\/fr\/#organization\"},\"potentialAction\":[{\"@type\":\"SearchAction\",\"target\":{\"@type\":\"EntryPoint\",\"urlTemplate\":\"https:\/\/hi-technologies.ch\/fr\/?s={search_term_string}\"},\"query-input\":{\"@type\":\"PropertyValueSpecification\",\"valueRequired\":true,\"valueName\":\"search_term_string\"}}],\"inLanguage\":\"fr-FR\"},{\"@type\":\"Organization\",\"@id\":\"https:\/\/hi-technologies.ch\/fr\/#organization\",\"name\":\"Hi-Technologies\",\"url\":\"https:\/\/hi-technologies.ch\/fr\/\",\"logo\":{\"@type\":\"ImageObject\",\"inLanguage\":\"fr-FR\",\"@id\":\"https:\/\/hi-technologies.ch\/fr\/#\/schema\/logo\/image\/\",\"url\":\"https:\/\/hi-technologies.ch\/app\/uploads\/2025\/12\/hi-technologies_logo2025-2.png\",\"contentUrl\":\"https:\/\/hi-technologies.ch\/app\/uploads\/2025\/12\/hi-technologies_logo2025-2.png\",\"width\":849,\"height\":281,\"caption\":\"Hi-Technologies\"},\"image\":{\"@id\":\"https:\/\/hi-technologies.ch\/fr\/#\/schema\/logo\/image\/\"},\"sameAs\":[\"https:\/\/www.linkedin.com\/company\/hitechnologies\/\"]}]}<\/script>\n<!-- \/ Yoast SEO plugin. -->","yoast_head_json":{"title":"Bureau d'\u00e9tude interne - Hi-Technologies","description":"Hi Technologies accompagne vos projets audiovisuels d\u00e8s leur phase de conception gr\u00e2ce \u00e0 notre bureau d\u2019\u00e9tude interne capable de produire aussi bien des plans techniques pr\u00e9cis que des simulations 3D photor\u00e9alistes.","robots":{"index":"index","follow":"follow","max-snippet":"max-snippet:-1","max-image-preview":"max-image-preview:large","max-video-preview":"max-video-preview:-1"},"canonical":"https:\/\/hi-technologies.ch\/fr\/expertise-audiovisuelle\/bureau-detude-interne\/","og_locale":"fr_FR","og_type":"article","og_title":"Bureau d'\u00e9tude interne - Hi-Technologies","og_description":"Hi Technologies accompagne vos projets audiovisuels d\u00e8s leur phase de conception gr\u00e2ce \u00e0 notre bureau d\u2019\u00e9tude interne capable de produire aussi bien des plans techniques pr\u00e9cis que des simulations 3D photor\u00e9alistes.","og_url":"https:\/\/hi-technologies.ch\/fr\/expertise-audiovisuelle\/bureau-detude-interne\/","og_site_name":"Hi-Technologies","article_modified_time":"2025-12-18T10:04:53+00:00","twitter_card":"summary_large_image","schema":{"@context":"https:\/\/schema.org","@graph":[{"@type":"WebPage","@id":"https:\/\/hi-technologies.ch\/fr\/expertise-audiovisuelle\/bureau-detude-interne\/","url":"https:\/\/hi-technologies.ch\/fr\/expertise-audiovisuelle\/bureau-detude-interne\/","name":"Bureau d'\u00e9tude interne - Hi-Technologies","isPartOf":{"@id":"https:\/\/hi-technologies.ch\/fr\/#website"},"datePublished":"2025-12-02T08:54:41+00:00","dateModified":"2025-12-18T10:04:53+00:00","description":"Hi Technologies accompagne vos projets audiovisuels d\u00e8s leur phase de conception gr\u00e2ce \u00e0 notre bureau d\u2019\u00e9tude interne capable de produire aussi bien des plans techniques pr\u00e9cis que des simulations 3D photor\u00e9alistes.","breadcrumb":{"@id":"https:\/\/hi-technologies.ch\/fr\/expertise-audiovisuelle\/bureau-detude-interne\/#breadcrumb"},"inLanguage":"fr-FR","potentialAction":[{"@type":"ReadAction","target":["https:\/\/hi-technologies.ch\/fr\/expertise-audiovisuelle\/bureau-detude-interne\/"]}]},{"@type":"BreadcrumbList","@id":"https:\/\/hi-technologies.ch\/fr\/expertise-audiovisuelle\/bureau-detude-interne\/#breadcrumb","itemListElement":[{"@type":"ListItem","position":1,"name":"Home","item":"https:\/\/hi-technologies.ch\/fr\/"},{"@type":"ListItem","position":2,"name":"Expertise Audiovisuelle","item":"https:\/\/hi-technologies.ch\/fr\/expertise-audiovisuelle\/"},{"@type":"ListItem","position":3,"name":"Bureau d&#8217;\u00e9tude interne"}]},{"@type":"WebSite","@id":"https:\/\/hi-technologies.ch\/fr\/#website","url":"https:\/\/hi-technologies.ch\/fr\/","name":"Hi-Technologies","description":"","publisher":{"@id":"https:\/\/hi-technologies.ch\/fr\/#organization"},"potentialAction":[{"@type":"SearchAction","target":{"@type":"EntryPoint","urlTemplate":"https:\/\/hi-technologies.ch\/fr\/?s={search_term_string}"},"query-input":{"@type":"PropertyValueSpecification","valueRequired":true,"valueName":"search_term_string"}}],"inLanguage":"fr-FR"},{"@type":"Organization","@id":"https:\/\/hi-technologies.ch\/fr\/#organization","name":"Hi-Technologies","url":"https:\/\/hi-technologies.ch\/fr\/","logo":{"@type":"ImageObject","inLanguage":"fr-FR","@id":"https:\/\/hi-technologies.ch\/fr\/#\/schema\/logo\/image\/","url":"https:\/\/hi-technologies.ch\/app\/uploads\/2025\/12\/hi-technologies_logo2025-2.png","contentUrl":"https:\/\/hi-technologies.ch\/app\/uploads\/2025\/12\/hi-technologies_logo2025-2.png","width":849,"height":281,"caption":"Hi-Technologies"},"image":{"@id":"https:\/\/hi-technologies.ch\/fr\/#\/schema\/logo\/image\/"},"sameAs":["https:\/\/www.linkedin.com\/company\/hitechnologies\/"]}]}},"_links":{"self":[{"href":"https:\/\/hi-technologies.ch\/fr\/wp-json\/wp\/v2\/pages\/3916","targetHints":{"allow":["GET"]}}],"collection":[{"href":"https:\/\/hi-technologies.ch\/fr\/wp-json\/wp\/v2\/pages"}],"about":[{"href":"https:\/\/hi-technologies.ch\/fr\/wp-json\/wp\/v2\/types\/page"}],"author":[{"embeddable":true,"href":"https:\/\/hi-technologies.ch\/fr\/wp-json\/wp\/v2\/users\/1"}],"replies":[{"embeddable":true,"href":"https:\/\/hi-technologies.ch\/fr\/wp-json\/wp\/v2\/comments?post=3916"}],"version-history":[{"count":17,"href":"https:\/\/hi-technologies.ch\/fr\/wp-json\/wp\/v2\/pages\/3916\/revisions"}],"predecessor-version":[{"id":4398,"href":"https:\/\/hi-technologies.ch\/fr\/wp-json\/wp\/v2\/pages\/3916\/revisions\/4398"}],"up":[{"embeddable":true,"href":"https:\/\/hi-technologies.ch\/fr\/wp-json\/wp\/v2\/pages\/2935"}],"wp:attachment":[{"href":"https:\/\/hi-technologies.ch\/fr\/wp-json\/wp\/v2\/media?parent=3916"}],"wp:term":[{"taxonomy":"domaine_solution","embeddable":true,"href":"https:\/\/hi-technologies.ch\/fr\/wp-json\/wp\/v2\/domaine_solution?post=3916"}],"curies":[{"name":"wp","href":"https:\/\/api.w.org\/{rel}","templated":true}]}}