{"id":3803,"date":"2025-11-27T14:01:41","date_gmt":"2025-11-27T13:01:41","guid":{"rendered":"https:\/\/hi-technologies.ch\/?page_id=3803"},"modified":"2025-12-08T14:22:46","modified_gmt":"2025-12-08T13:22:46","slug":"responsabilite-societale","status":"publish","type":"page","link":"https:\/\/hi-technologies.ch\/fr\/notre-entreprise\/responsabilite-societale\/","title":{"rendered":"Responsabilit\u00e9 Soci\u00e9tale"},"content":{"rendered":"\n\n\n\n   \n\n\n  \n\n\n\n\n        \n<section\n  id=\"block_0bcacde77442438c7127bab9be1488e2\"\n  class=\"hero_section relative isolate   w-full overflow-hidden md:rounded-2xl md:mt-6 mt-0 js-hero\"\n  data-hero-tone=\"dark\"\n  style=\"background-image:linear-gradient(90deg, rgba(255,255,255,.55) 0%, rgba(255,255,255,0) 60%), url(https:\/\/hi-technologies.ch\/app\/uploads\/2025\/12\/Sustainability-Hi-Technologies.jpg); background-size:cover; background-position:center; min-height:62vh;\">\n\n\n    \n\n    \n    \n  <div class=\"relative z-20 max-w-7xl px-4 md:px-6 mx-auto\" style=\"min-height:62vh;\">\n    <div class=\"flex items-center\" style=\"min-height:62vh;\">\n              \n        <div class=\"hero__content py-12 md:py-16 lg:py-20 text-black text-left\">\n\n          \n                      <h1 class=\"text-3xl md:text-6xl fw-600 uppercase leading-tight js-reveal\"\n                data-reveal-from=\"left\" data-reveal-distance=\"24\"\n                data-reveal-delay=\"0.06\" data-reveal-once=\"true\">\n              Notre Responsabilit\u00e9 Soci\u00e9tale &#038; Notre engagement vers la Durabilit\u00e9\n            <\/h1>\n          \n          \n                                          <div class=\"mt-6 flex flex-wrap items-center gap-4 js-reveal\"\n                data-reveal-from=\"up\" data-reveal-distance=\"16\"\n                data-reveal-delay=\"0.18\" data-reveal-once=\"true\">\n                        \n                        \n            <\/div>\n          \n        <\/div>\n\n    <\/div>\n  <\/div>\n<\/section>\n\n<script>\n  (function () {\n    var hero = document.currentScript && document.currentScript.previousElementSibling;\n    if (!hero) return;\n    var tone = hero.getAttribute('data-hero-tone') || 'light';\n    document.body.classList.add('has-hero', 'hero-tone-' + tone);\n  })();\n<\/script>\n\n\n\n\n\n<section\n  id=\"block_dc59dac4cfa05d7d74a7abb3e077f832\"\n  class=\"c-images-short-paragraph relative bg-white py-24 md:py-32 lg:py-40 \"\n>\n  <div class=\"mx-auto max-w-7xl px-6 lg:px-8\">\n        <div class=\"grid grid-cols-1 gap-16 lg:grid-cols-2 lg:gap-20 items-start\">\n            <div class=\"mx-auto max-w-2xl lg:mx-0\">\n                  <h2 class=\"text-4xl font-semibold tracking-tight text-pretty text-gray-900 sm:text-5xl\">\n            Comit\u00e9 RSE\n          <\/h2>\n        \n                  <div class=\"mt-6 text-lg\/8 text-gray-600\">\n            <h4 class=\"uppercase\"><strong>Un Comit\u00e9 engag\u00e9 pour piloter notre politique soci\u00e9tale<\/strong><\/h4>\n<p>&nbsp;<\/p>\n<p>Parce que les enjeux li\u00e9s \u00e0 la durabilit\u00e9 et la responsabilit\u00e9 soci\u00e9tale d\u2019une entreprise n\u00e9cessitent un v\u00e9ritable pilotage au quotidien tout comme sur le long terme, nous avons cr\u00e9\u00e9 en d\u00e9but 2024 un Comit\u00e9 RSE au sein de l\u2019entreprise.<\/p>\n<p><strong>Son r\u00f4le ?<\/strong><\/p>\n<p>En lien avec la Direction, d\u00e9finir la politique RSE de l\u2019entreprise, fixer les objectifs quantitatifs et qualitatifs \u00e0 atteindre, mettre en place diverses actions et en mesurer les r\u00e9sultats. Les grandes th\u00e9matiques abord\u00e9es concernent la r\u00e9duction de notre empreinte environnementale, le bien-\u00eatre des salari\u00e9s au travail, l\u2019\u00e9thique au c\u0153ur de nos relations internes et externes, ainsi qu\u2019une politique d\u2019achat plus responsable.<\/p>\n\n          <\/div>\n        \n                  <div class=\"mt-8\">\n            <a\n              href=\"mailto:sebastien.trinque@hi-technologies.ch\"\n              class=\"cta_link tone-teal ink-dark\"\n                          >\n              <span>Contacter le Comit\u00e9 RSE<\/span>\n            <\/a>\n          <\/div>\n              <\/div>\n\n                    <ul\n          role=\"list\"\n          class=\"mx-auto mt-10 grid max-w-2xl grid-cols-1 gap-x-6 gap-y-16 sm:grid-cols-2 lg:mx-0 lg:max-w-none lg:gap-x-8\"\n        >\n                                  <li>\n                              <div class=\"c-images-short-paragraph__item-media\">\n                  <img\n                    src=\"https:\/\/hi-technologies.ch\/app\/uploads\/2025\/11\/Anais.png\"\n                    alt=\"\"\n                    loading=\"lazy\"\n                    decoding=\"async\"\n                    class=\"c-images-short-paragraph__item-img\"\n                  \/>\n                <\/div>\n              \n                              <h3 class=\"mt-6 text-lg\/8 font-semibold text-gray-900\">\n                  Anais Bontaz\n                <\/h3>\n              \n                              <p class=\"text-base\/7 text-gray-600\">\n                  Membre Comit\u00e9 RSE &#8211; Assistante Administrative &#038; Ressources Humaines\n                <\/p>\n              \n                          <\/li>\n                                  <li>\n                              <div class=\"c-images-short-paragraph__item-media\">\n                  <img\n                    src=\"https:\/\/hi-technologies.ch\/app\/uploads\/2025\/11\/Anthony-2.png\"\n                    alt=\"\"\n                    loading=\"lazy\"\n                    decoding=\"async\"\n                    class=\"c-images-short-paragraph__item-img\"\n                  \/>\n                <\/div>\n              \n                              <h3 class=\"mt-6 text-lg\/8 font-semibold text-gray-900\">\n                  Anthony Di Paola\n                <\/h3>\n              \n                              <p class=\"text-base\/7 text-gray-600\">\n                  Membre Comit\u00e9 RSE &#8211; Office Manager\n                <\/p>\n              \n                          <\/li>\n                                  <li>\n                              <div class=\"c-images-short-paragraph__item-media\">\n                  <img\n                    src=\"https:\/\/hi-technologies.ch\/app\/uploads\/2025\/11\/Sebastien-T.png\"\n                    alt=\"\"\n                    loading=\"lazy\"\n                    decoding=\"async\"\n                    class=\"c-images-short-paragraph__item-img\"\n                  \/>\n                <\/div>\n              \n                              <h3 class=\"mt-6 text-lg\/8 font-semibold text-gray-900\">\n                  S\u00e9bastien Trinque\n                <\/h3>\n              \n                              <p class=\"text-base\/7 text-gray-600\">\n                  R\u00e9f\u00e9rent RSE &#8211; Responsable Communication &#038; Marketing\n                <\/p>\n              \n                          <\/li>\n                  <\/ul>\n          <\/div>\n  <\/div>\n<\/section>\n\n\n\n\n\n\n\n\n\n<section id=\"block_16afd4d653a756ff74f1886f12c18659\" class=\"spotlight relative  mt-5 mb-5\">\n  <div class=\"max-w-7xl mx-auto px-4 md:px-6 py-12 md:py-16\">\n\n        <div\n      class=\"hidden md:block absolute inset-y-6 md:inset-y-8 bg-transparent rounded-2xl w-1\/2 right-0\"\n      aria-hidden=\"true\"><\/div>\n\n    <div class=\"relative grid grid-cols-1 md:grid-cols-12 gap-8 md:gap-12 items-center z-10\">\n\n            <div class=\"md:order-1 md:col-span-7 md:-mr-10 lg:-mr-12 js-reveal\"\n        data-reveal-from=\"left\"\n        data-reveal-distance=\"120\"\n        data-reveal-delay=\"0\">\n                          <img decoding=\"async\" class=\"w-auto rounded-xl shadow-sm max-h-[550px] overflow-y-auto m-auto\" src=\"https:\/\/hi-technologies.ch\/app\/uploads\/2025\/11\/Vision-2027.png\" alt=\"\">\n        \n                      <\/div>\n\n            <div class=\"md:order-2 md:col-span-5\">\n        <div class=\"px-5 py-15 md:px-10 md:py-30 \">\n\n          \n                      <h2 class=\"text-3xl md:text-4xl fw-600 leading-tight mb-8 mt-16 js-reveal\"\n                data-reveal-from=\"right\" data-reveal-distance=\"24\" data-reveal-once=\"true\">\n              VIsion 2027\n            <\/h2>\n          \n          \n                      <div class=\"mt-2 text-sm md:text-base leading-relaxed js-reveal-blur\"\n                data-reveal-distance=\"12\" data-reveal-delay=\"0.12\" data-reveal-once=\"true\">\n              <p>En 2025, la mise en place de notre plan strat\u00e9gique vers la durabilit\u00e9 \u00abVISION 2027\u00bb prend vie \u00e0 travers de nombreux chantiers couvrant ces 4 domaines.<br \/>\nPlus de pr\u00e9cisions sur demande et au sein de notre Rapport RSE 2024-2025.<\/p>\n\n            <\/div>\n          \n                    \n          \n        <\/div>\n      <\/div>\n\n\n    <\/div>\n  <\/div>\n<\/section>\n\n\n\n\n\n\n\n\n\n<section id=\"block_b32ff9b4a25b104485ba82038e2504b7\" class=\"spotlight relative  mt-5 mb-5\">\n  <div class=\"max-w-7xl mx-auto px-4 md:px-6 py-12 md:py-16\">\n\n        <div\n      class=\"hidden md:block absolute inset-y-6 md:inset-y-8 bg-[#f7f7f7] rounded-2xl w-1\/2 left-0\"\n      aria-hidden=\"true\"><\/div>\n\n    <div class=\"relative grid grid-cols-1 md:grid-cols-12 gap-8 md:gap-12 items-center z-10\">\n\n            <div class=\"md:order-2 md:col-span-7 md:-ml-10 lg:-ml-12 js-reveal\"\n        data-reveal-from=\"right\"\n        data-reveal-distance=\"120\"\n        data-reveal-delay=\"0\">\n                          <img decoding=\"async\" class=\"w-auto rounded-xl shadow-sm max-h-[550px] overflow-y-auto m-auto\" src=\"https:\/\/hi-technologies.ch\/app\/uploads\/2025\/11\/Medailles-ECOVADIS-2024-et-2025.gif\" alt=\"\">\n        \n                          <div class=\"mt-6 md:mt-8\">\n            <div class=\"md:w-[420px] md:ml-[160px] md:mr-[160px] md:pl-4\">\n                            <div class=\"inline-block align-top max-w-[40ch] border-l border-l-[#0080A2] pl-4 py-4 text-base md:text-lg opacity-90 js-reveal\"\n                  data-reveal-from=\"right\"\n                  data-reveal-distance=\"80\"\n                  data-reveal-delay=\"0.12\">\n                    <p>Les axes d\u2019am\u00e9lioration point\u00e9s par ECOVADIS nous permettent de guider nos actions \u00e0 venir pour esp\u00e9rer atteindre le cercle restreint du TOP 10% en 2026.<\/p>\n\n              <\/div>\n            <\/div>\n          <\/div>\n              <\/div>\n\n            <div class=\"md:order-1 md:col-span-5\">\n        <div class=\"px-5 py-15 md:px-10 md:py-30 \">\n\n          \n                      <h2 class=\"text-3xl md:text-4xl fw-600 leading-tight mb-8 mt-16 js-reveal\"\n                data-reveal-from=\"left\" data-reveal-distance=\"24\" data-reveal-once=\"true\">\n              L\u2019\u00e9valuation de notre politique RSE \n            <\/h2>\n          \n                      <p class=\"text-lg uppercase tracking-wide opacity-80 mb-6 u-title fw-500 js-reveal\"\n              data-reveal-from=\"left\" data-reveal-distance=\"20\"\n              data-reveal-delay=\"0.06\" data-reveal-once=\"true\">\n              Avec ECOVADIS\n            <\/p>\n          \n                      <div class=\"mt-2 text-sm md:text-base leading-relaxed js-reveal-blur\"\n                data-reveal-distance=\"12\" data-reveal-delay=\"0.12\" data-reveal-once=\"true\">\n              <p><strong>ECOVADIS<\/strong> est aujourd\u2019hui la r\u00e9f\u00e9rence internationale des organismes d\u2019\u00e9valuation en mati\u00e8re de politique RSE des organisations, avec plus de 130.000 entreprises et institutions not\u00e9es depuis sa cr\u00e9ation en 2007.<\/p>\n<p>Les th\u00e8mes abord\u00e9s concernent l\u2019environnement, le bien-\u00eatre au travail et le respect des droits humains, l\u2019\u00e9thique comme moteur des relations et l\u2019engagement soci\u00e9tal des partenaires au sein de la chaine d\u2019approvisionnement.<\/p>\n<p>Plus d\u2019informations sur : <strong><a href=\"https:\/\/www.ecovadis.com\" target=\"_blank\" rel=\"noopener\">www.ecovadis.com<\/a><\/strong><\/p>\n<p>Lors de notre seconde \u00e9valuation ECOVADIS en Octobre 2025, Hi Technologies a obtenu la note de 77\/100, nous classant ainsi au 88\u00e8me percentile. En d\u2019autres termes, notre politique soci\u00e9tale et environnementale nous permet de<strong> nous classer parmi les 12% des organisations<\/strong> les plus avanc\u00e9es sur le sujet parmi les organisations de taille similaire (25 \u00e0 100 salari\u00e9s) \u00e9valu\u00e9es par ECOVADIS.<br \/>\nLoin d\u2019\u00eatre une fin en soi, cette notation est pour nous un premier jalon sur le chemin vertueux de la durabilit\u00e9.<\/p>\n\n            <\/div>\n          \n                    \n          \n        <\/div>\n      <\/div>\n\n\n    <\/div>\n  <\/div>\n<\/section>\n","protected":false},"excerpt":{"rendered":"","protected":false},"author":1,"featured_media":0,"parent":3569,"menu_order":0,"comment_status":"closed","ping_status":"closed","template":"","meta":{"_acf_changed":false,"inline_featured_image":false,"footnotes":""},"domaine_solution":[],"class_list":["post-3803","page","type-page","status-publish","hentry"],"acf":[],"yoast_head":"<!-- This site is optimized with the Yoast SEO plugin v25.8 - https:\/\/yoast.com\/wordpress\/plugins\/seo\/ -->\n<title>Responsabilit\u00e9 Soci\u00e9tale - Hi-Technologies<\/title>\n<meta name=\"description\" content=\"D\u00e9couvrez notre engagement RSE : gouvernance responsable, certification EcoVadis, actions durables et vision pour le futur.\" \/>\n<meta name=\"robots\" content=\"index, follow, max-snippet:-1, max-image-preview:large, max-video-preview:-1\" \/>\n<link rel=\"canonical\" href=\"https:\/\/hi-technologies.ch\/fr\/notre-entreprise\/responsabilite-societale\/\" \/>\n<meta property=\"og:locale\" content=\"fr_FR\" \/>\n<meta property=\"og:type\" content=\"article\" \/>\n<meta property=\"og:title\" content=\"Responsabilit\u00e9 Soci\u00e9tale - Hi-Technologies\" \/>\n<meta property=\"og:description\" content=\"D\u00e9couvrez notre engagement RSE : gouvernance responsable, certification EcoVadis, actions durables et vision pour le futur.\" \/>\n<meta property=\"og:url\" content=\"https:\/\/hi-technologies.ch\/fr\/notre-entreprise\/responsabilite-societale\/\" \/>\n<meta property=\"og:site_name\" content=\"Hi-Technologies\" \/>\n<meta property=\"article:modified_time\" content=\"2025-12-08T13:22:46+00:00\" \/>\n<meta name=\"twitter:card\" content=\"summary_large_image\" \/>\n<script type=\"application\/ld+json\" class=\"yoast-schema-graph\">{\"@context\":\"https:\/\/schema.org\",\"@graph\":[{\"@type\":\"WebPage\",\"@id\":\"https:\/\/hi-technologies.ch\/fr\/notre-entreprise\/responsabilite-societale\/\",\"url\":\"https:\/\/hi-technologies.ch\/fr\/notre-entreprise\/responsabilite-societale\/\",\"name\":\"Responsabilit\u00e9 Soci\u00e9tale - Hi-Technologies\",\"isPartOf\":{\"@id\":\"https:\/\/hi-technologies.ch\/fr\/#website\"},\"datePublished\":\"2025-11-27T13:01:41+00:00\",\"dateModified\":\"2025-12-08T13:22:46+00:00\",\"description\":\"D\u00e9couvrez notre engagement RSE : gouvernance responsable, certification EcoVadis, actions durables et vision pour le futur.\",\"breadcrumb\":{\"@id\":\"https:\/\/hi-technologies.ch\/fr\/notre-entreprise\/responsabilite-societale\/#breadcrumb\"},\"inLanguage\":\"fr-FR\",\"potentialAction\":[{\"@type\":\"ReadAction\",\"target\":[\"https:\/\/hi-technologies.ch\/fr\/notre-entreprise\/responsabilite-societale\/\"]}]},{\"@type\":\"BreadcrumbList\",\"@id\":\"https:\/\/hi-technologies.ch\/fr\/notre-entreprise\/responsabilite-societale\/#breadcrumb\",\"itemListElement\":[{\"@type\":\"ListItem\",\"position\":1,\"name\":\"Home\",\"item\":\"https:\/\/hi-technologies.ch\/fr\/\"},{\"@type\":\"ListItem\",\"position\":2,\"name\":\"Notre entreprise\",\"item\":\"https:\/\/hi-technologies.ch\/fr\/notre-entreprise\/\"},{\"@type\":\"ListItem\",\"position\":3,\"name\":\"Responsabilit\u00e9 Soci\u00e9tale\"}]},{\"@type\":\"WebSite\",\"@id\":\"https:\/\/hi-technologies.ch\/fr\/#website\",\"url\":\"https:\/\/hi-technologies.ch\/fr\/\",\"name\":\"Hi-Technologies\",\"description\":\"\",\"publisher\":{\"@id\":\"https:\/\/hi-technologies.ch\/fr\/#organization\"},\"potentialAction\":[{\"@type\":\"SearchAction\",\"target\":{\"@type\":\"EntryPoint\",\"urlTemplate\":\"https:\/\/hi-technologies.ch\/fr\/?s={search_term_string}\"},\"query-input\":{\"@type\":\"PropertyValueSpecification\",\"valueRequired\":true,\"valueName\":\"search_term_string\"}}],\"inLanguage\":\"fr-FR\"},{\"@type\":\"Organization\",\"@id\":\"https:\/\/hi-technologies.ch\/fr\/#organization\",\"name\":\"Hi-Technologies\",\"url\":\"https:\/\/hi-technologies.ch\/fr\/\",\"logo\":{\"@type\":\"ImageObject\",\"inLanguage\":\"fr-FR\",\"@id\":\"https:\/\/hi-technologies.ch\/fr\/#\/schema\/logo\/image\/\",\"url\":\"https:\/\/hi-technologies.ch\/app\/uploads\/2025\/12\/hi-technologies_logo2025-2.png\",\"contentUrl\":\"https:\/\/hi-technologies.ch\/app\/uploads\/2025\/12\/hi-technologies_logo2025-2.png\",\"width\":849,\"height\":281,\"caption\":\"Hi-Technologies\"},\"image\":{\"@id\":\"https:\/\/hi-technologies.ch\/fr\/#\/schema\/logo\/image\/\"},\"sameAs\":[\"https:\/\/www.linkedin.com\/company\/hitechnologies\/\"]}]}<\/script>\n<!-- \/ Yoast SEO plugin. -->","yoast_head_json":{"title":"Responsabilit\u00e9 Soci\u00e9tale - Hi-Technologies","description":"D\u00e9couvrez notre engagement RSE : gouvernance responsable, certification EcoVadis, actions durables et vision pour le futur.","robots":{"index":"index","follow":"follow","max-snippet":"max-snippet:-1","max-image-preview":"max-image-preview:large","max-video-preview":"max-video-preview:-1"},"canonical":"https:\/\/hi-technologies.ch\/fr\/notre-entreprise\/responsabilite-societale\/","og_locale":"fr_FR","og_type":"article","og_title":"Responsabilit\u00e9 Soci\u00e9tale - Hi-Technologies","og_description":"D\u00e9couvrez notre engagement RSE : gouvernance responsable, certification EcoVadis, actions durables et vision pour le futur.","og_url":"https:\/\/hi-technologies.ch\/fr\/notre-entreprise\/responsabilite-societale\/","og_site_name":"Hi-Technologies","article_modified_time":"2025-12-08T13:22:46+00:00","twitter_card":"summary_large_image","schema":{"@context":"https:\/\/schema.org","@graph":[{"@type":"WebPage","@id":"https:\/\/hi-technologies.ch\/fr\/notre-entreprise\/responsabilite-societale\/","url":"https:\/\/hi-technologies.ch\/fr\/notre-entreprise\/responsabilite-societale\/","name":"Responsabilit\u00e9 Soci\u00e9tale - Hi-Technologies","isPartOf":{"@id":"https:\/\/hi-technologies.ch\/fr\/#website"},"datePublished":"2025-11-27T13:01:41+00:00","dateModified":"2025-12-08T13:22:46+00:00","description":"D\u00e9couvrez notre engagement RSE : gouvernance responsable, certification EcoVadis, actions durables et vision pour le futur.","breadcrumb":{"@id":"https:\/\/hi-technologies.ch\/fr\/notre-entreprise\/responsabilite-societale\/#breadcrumb"},"inLanguage":"fr-FR","potentialAction":[{"@type":"ReadAction","target":["https:\/\/hi-technologies.ch\/fr\/notre-entreprise\/responsabilite-societale\/"]}]},{"@type":"BreadcrumbList","@id":"https:\/\/hi-technologies.ch\/fr\/notre-entreprise\/responsabilite-societale\/#breadcrumb","itemListElement":[{"@type":"ListItem","position":1,"name":"Home","item":"https:\/\/hi-technologies.ch\/fr\/"},{"@type":"ListItem","position":2,"name":"Notre entreprise","item":"https:\/\/hi-technologies.ch\/fr\/notre-entreprise\/"},{"@type":"ListItem","position":3,"name":"Responsabilit\u00e9 Soci\u00e9tale"}]},{"@type":"WebSite","@id":"https:\/\/hi-technologies.ch\/fr\/#website","url":"https:\/\/hi-technologies.ch\/fr\/","name":"Hi-Technologies","description":"","publisher":{"@id":"https:\/\/hi-technologies.ch\/fr\/#organization"},"potentialAction":[{"@type":"SearchAction","target":{"@type":"EntryPoint","urlTemplate":"https:\/\/hi-technologies.ch\/fr\/?s={search_term_string}"},"query-input":{"@type":"PropertyValueSpecification","valueRequired":true,"valueName":"search_term_string"}}],"inLanguage":"fr-FR"},{"@type":"Organization","@id":"https:\/\/hi-technologies.ch\/fr\/#organization","name":"Hi-Technologies","url":"https:\/\/hi-technologies.ch\/fr\/","logo":{"@type":"ImageObject","inLanguage":"fr-FR","@id":"https:\/\/hi-technologies.ch\/fr\/#\/schema\/logo\/image\/","url":"https:\/\/hi-technologies.ch\/app\/uploads\/2025\/12\/hi-technologies_logo2025-2.png","contentUrl":"https:\/\/hi-technologies.ch\/app\/uploads\/2025\/12\/hi-technologies_logo2025-2.png","width":849,"height":281,"caption":"Hi-Technologies"},"image":{"@id":"https:\/\/hi-technologies.ch\/fr\/#\/schema\/logo\/image\/"},"sameAs":["https:\/\/www.linkedin.com\/company\/hitechnologies\/"]}]}},"_links":{"self":[{"href":"https:\/\/hi-technologies.ch\/fr\/wp-json\/wp\/v2\/pages\/3803","targetHints":{"allow":["GET"]}}],"collection":[{"href":"https:\/\/hi-technologies.ch\/fr\/wp-json\/wp\/v2\/pages"}],"about":[{"href":"https:\/\/hi-technologies.ch\/fr\/wp-json\/wp\/v2\/types\/page"}],"author":[{"embeddable":true,"href":"https:\/\/hi-technologies.ch\/fr\/wp-json\/wp\/v2\/users\/1"}],"replies":[{"embeddable":true,"href":"https:\/\/hi-technologies.ch\/fr\/wp-json\/wp\/v2\/comments?post=3803"}],"version-history":[{"count":28,"href":"https:\/\/hi-technologies.ch\/fr\/wp-json\/wp\/v2\/pages\/3803\/revisions"}],"predecessor-version":[{"id":4708,"href":"https:\/\/hi-technologies.ch\/fr\/wp-json\/wp\/v2\/pages\/3803\/revisions\/4708"}],"up":[{"embeddable":true,"href":"https:\/\/hi-technologies.ch\/fr\/wp-json\/wp\/v2\/pages\/3569"}],"wp:attachment":[{"href":"https:\/\/hi-technologies.ch\/fr\/wp-json\/wp\/v2\/media?parent=3803"}],"wp:term":[{"taxonomy":"domaine_solution","embeddable":true,"href":"https:\/\/hi-technologies.ch\/fr\/wp-json\/wp\/v2\/domaine_solution?post=3803"}],"curies":[{"name":"wp","href":"https:\/\/api.w.org\/{rel}","templated":true}]}}