{"id":3569,"date":"2025-11-20T17:21:12","date_gmt":"2025-11-20T16:21:12","guid":{"rendered":"https:\/\/hi-technologies.ch\/?page_id=3569"},"modified":"2025-12-04T15:46:53","modified_gmt":"2025-12-04T14:46:53","slug":"notre-entreprise","status":"publish","type":"page","link":"https:\/\/hi-technologies.ch\/fr\/notre-entreprise\/","title":{"rendered":"Notre entreprise"},"content":{"rendered":"\n<section\n  id=\"block_de7e206e84a49d9797b389ac6475de8d\"\n  class=\"c-links-row relative \"\n>\n  <div class=\"container mx-auto px-4 md:px-6 py-12 md:py-16\">\n          <h2 class=\"text-center text-2xl md:text-3xl font-semibold tracking-tight mb-6 md:mb-8\">\n        D\u00e9couvrez notre soci\u00e9t\u00e9 d\u2019int\u00e9gration audiovisuelle<br \/> Hi Technologies au travers les liens suivants\n      <\/h2>\n    \n          <div class=\"flex flex-wrap justify-center gap-3 md:gap-4\">\n                                                <div class=\"basis-1\/2 md:basis-1\/4 flex justify-center\">\n              <a\n                href=\"https:\/\/hi-technologies.ch\/fr\/notre-entreprise\/historique\/\"\n                target=\"_self\"\n                class=\"inline-flex items-center justify-center text-sm md:text-base font-medium text-slate-900 hover:text-teal-700 transition-colors px-4 py-2 rounded-full border border-slate-200 hover:border-teal-500 bg-white\/60 backdrop-blur-sm shadow-sm hover:shadow-md text-center w-full max-w-xs\"\n              >\n                Historique\n              <\/a>\n            <\/div>\n                                                  <div class=\"basis-1\/2 md:basis-1\/4 flex justify-center\">\n              <a\n                href=\"https:\/\/hi-technologies.ch\/fr\/notre-entreprise\/notre-equipe\/\"\n                target=\"_self\"\n                class=\"inline-flex items-center justify-center text-sm md:text-base font-medium text-slate-900 hover:text-teal-700 transition-colors px-4 py-2 rounded-full border border-slate-200 hover:border-teal-500 bg-white\/60 backdrop-blur-sm shadow-sm hover:shadow-md text-center w-full max-w-xs\"\n              >\n                Notre \u00e9quipe\n              <\/a>\n            <\/div>\n                                                  <div class=\"basis-1\/2 md:basis-1\/4 flex justify-center\">\n              <a\n                href=\"https:\/\/hi-technologies.ch\/fr\/showroom\/\"\n                target=\"_self\"\n                class=\"inline-flex items-center justify-center text-sm md:text-base font-medium text-slate-900 hover:text-teal-700 transition-colors px-4 py-2 rounded-full border border-slate-200 hover:border-teal-500 bg-white\/60 backdrop-blur-sm shadow-sm hover:shadow-md text-center w-full max-w-xs\"\n              >\n                Showroom\n              <\/a>\n            <\/div>\n                                                  <div class=\"basis-1\/2 md:basis-1\/4 flex justify-center\">\n              <a\n                href=\"https:\/\/hi-technologies.ch\/fr\/nos-references\/\"\n                target=\"_self\"\n                class=\"inline-flex items-center justify-center text-sm md:text-base font-medium text-slate-900 hover:text-teal-700 transition-colors px-4 py-2 rounded-full border border-slate-200 hover:border-teal-500 bg-white\/60 backdrop-blur-sm shadow-sm hover:shadow-md text-center w-full max-w-xs\"\n              >\n                Nos R\u00e9f\u00e9rences\n              <\/a>\n            <\/div>\n                                                  <div class=\"basis-1\/2 md:basis-1\/4 flex justify-center\">\n              <a\n                href=\"https:\/\/hi-technologies.ch\/fr\/responsabilite-societale\/\"\n                target=\"_self\"\n                class=\"inline-flex items-center justify-center text-sm md:text-base font-medium text-slate-900 hover:text-teal-700 transition-colors px-4 py-2 rounded-full border border-slate-200 hover:border-teal-500 bg-white\/60 backdrop-blur-sm shadow-sm hover:shadow-md text-center w-full max-w-xs\"\n              >\n                Responsabilit\u00e9 Soci\u00e9tale\n              <\/a>\n            <\/div>\n                                                  <div class=\"basis-1\/2 md:basis-1\/4 flex justify-center\">\n              <a\n                href=\"https:\/\/hi-technologies.ch\/fr\/recrutement\/\"\n                target=\"_self\"\n                class=\"inline-flex items-center justify-center text-sm md:text-base font-medium text-slate-900 hover:text-teal-700 transition-colors px-4 py-2 rounded-full border border-slate-200 hover:border-teal-500 bg-white\/60 backdrop-blur-sm shadow-sm hover:shadow-md text-center w-full max-w-xs\"\n              >\n                Recrutement\n              <\/a>\n            <\/div>\n                        <\/div>\n      <\/div>\n<\/section>\n","protected":false},"excerpt":{"rendered":"","protected":false},"author":1,"featured_media":0,"parent":0,"menu_order":0,"comment_status":"closed","ping_status":"closed","template":"","meta":{"_acf_changed":false,"inline_featured_image":false,"footnotes":""},"domaine_solution":[],"class_list":["post-3569","page","type-page","status-publish","hentry"],"acf":[],"yoast_head":"<!-- This site is optimized with the Yoast SEO plugin v25.8 - https:\/\/yoast.com\/wordpress\/plugins\/seo\/ -->\n<title>Notre entreprise - Hi-Technologies<\/title>\n<meta name=\"robots\" content=\"index, follow, max-snippet:-1, max-image-preview:large, max-video-preview:-1\" \/>\n<link rel=\"canonical\" href=\"https:\/\/hi-technologies.ch\/fr\/notre-entreprise\/\" \/>\n<meta property=\"og:locale\" content=\"fr_FR\" \/>\n<meta property=\"og:type\" content=\"article\" \/>\n<meta property=\"og:title\" content=\"Notre entreprise - Hi-Technologies\" \/>\n<meta property=\"og:url\" content=\"https:\/\/hi-technologies.ch\/fr\/notre-entreprise\/\" \/>\n<meta property=\"og:site_name\" content=\"Hi-Technologies\" \/>\n<meta property=\"article:modified_time\" content=\"2025-12-04T14:46:53+00:00\" \/>\n<meta name=\"twitter:card\" content=\"summary_large_image\" \/>\n<script type=\"application\/ld+json\" class=\"yoast-schema-graph\">{\"@context\":\"https:\/\/schema.org\",\"@graph\":[{\"@type\":\"WebPage\",\"@id\":\"https:\/\/hi-technologies.ch\/fr\/notre-entreprise\/\",\"url\":\"https:\/\/hi-technologies.ch\/fr\/notre-entreprise\/\",\"name\":\"Notre entreprise - Hi-Technologies\",\"isPartOf\":{\"@id\":\"https:\/\/hi-technologies.ch\/fr\/#website\"},\"datePublished\":\"2025-11-20T16:21:12+00:00\",\"dateModified\":\"2025-12-04T14:46:53+00:00\",\"breadcrumb\":{\"@id\":\"https:\/\/hi-technologies.ch\/fr\/notre-entreprise\/#breadcrumb\"},\"inLanguage\":\"fr-FR\",\"potentialAction\":[{\"@type\":\"ReadAction\",\"target\":[\"https:\/\/hi-technologies.ch\/fr\/notre-entreprise\/\"]}]},{\"@type\":\"BreadcrumbList\",\"@id\":\"https:\/\/hi-technologies.ch\/fr\/notre-entreprise\/#breadcrumb\",\"itemListElement\":[{\"@type\":\"ListItem\",\"position\":1,\"name\":\"Home\",\"item\":\"https:\/\/hi-technologies.ch\/fr\/\"},{\"@type\":\"ListItem\",\"position\":2,\"name\":\"Notre entreprise\"}]},{\"@type\":\"WebSite\",\"@id\":\"https:\/\/hi-technologies.ch\/fr\/#website\",\"url\":\"https:\/\/hi-technologies.ch\/fr\/\",\"name\":\"Hi-Technologies\",\"description\":\"\",\"publisher\":{\"@id\":\"https:\/\/hi-technologies.ch\/fr\/#organization\"},\"potentialAction\":[{\"@type\":\"SearchAction\",\"target\":{\"@type\":\"EntryPoint\",\"urlTemplate\":\"https:\/\/hi-technologies.ch\/fr\/?s={search_term_string}\"},\"query-input\":{\"@type\":\"PropertyValueSpecification\",\"valueRequired\":true,\"valueName\":\"search_term_string\"}}],\"inLanguage\":\"fr-FR\"},{\"@type\":\"Organization\",\"@id\":\"https:\/\/hi-technologies.ch\/fr\/#organization\",\"name\":\"Hi-Technologies\",\"url\":\"https:\/\/hi-technologies.ch\/fr\/\",\"logo\":{\"@type\":\"ImageObject\",\"inLanguage\":\"fr-FR\",\"@id\":\"https:\/\/hi-technologies.ch\/fr\/#\/schema\/logo\/image\/\",\"url\":\"https:\/\/hi-technologies.ch\/app\/uploads\/2025\/12\/hi-technologies_logo2025-2.png\",\"contentUrl\":\"https:\/\/hi-technologies.ch\/app\/uploads\/2025\/12\/hi-technologies_logo2025-2.png\",\"width\":849,\"height\":281,\"caption\":\"Hi-Technologies\"},\"image\":{\"@id\":\"https:\/\/hi-technologies.ch\/fr\/#\/schema\/logo\/image\/\"},\"sameAs\":[\"https:\/\/www.linkedin.com\/company\/hitechnologies\/\"]}]}<\/script>\n<!-- \/ Yoast SEO plugin. -->","yoast_head_json":{"title":"Notre entreprise - Hi-Technologies","robots":{"index":"index","follow":"follow","max-snippet":"max-snippet:-1","max-image-preview":"max-image-preview:large","max-video-preview":"max-video-preview:-1"},"canonical":"https:\/\/hi-technologies.ch\/fr\/notre-entreprise\/","og_locale":"fr_FR","og_type":"article","og_title":"Notre entreprise - Hi-Technologies","og_url":"https:\/\/hi-technologies.ch\/fr\/notre-entreprise\/","og_site_name":"Hi-Technologies","article_modified_time":"2025-12-04T14:46:53+00:00","twitter_card":"summary_large_image","schema":{"@context":"https:\/\/schema.org","@graph":[{"@type":"WebPage","@id":"https:\/\/hi-technologies.ch\/fr\/notre-entreprise\/","url":"https:\/\/hi-technologies.ch\/fr\/notre-entreprise\/","name":"Notre entreprise - Hi-Technologies","isPartOf":{"@id":"https:\/\/hi-technologies.ch\/fr\/#website"},"datePublished":"2025-11-20T16:21:12+00:00","dateModified":"2025-12-04T14:46:53+00:00","breadcrumb":{"@id":"https:\/\/hi-technologies.ch\/fr\/notre-entreprise\/#breadcrumb"},"inLanguage":"fr-FR","potentialAction":[{"@type":"ReadAction","target":["https:\/\/hi-technologies.ch\/fr\/notre-entreprise\/"]}]},{"@type":"BreadcrumbList","@id":"https:\/\/hi-technologies.ch\/fr\/notre-entreprise\/#breadcrumb","itemListElement":[{"@type":"ListItem","position":1,"name":"Home","item":"https:\/\/hi-technologies.ch\/fr\/"},{"@type":"ListItem","position":2,"name":"Notre entreprise"}]},{"@type":"WebSite","@id":"https:\/\/hi-technologies.ch\/fr\/#website","url":"https:\/\/hi-technologies.ch\/fr\/","name":"Hi-Technologies","description":"","publisher":{"@id":"https:\/\/hi-technologies.ch\/fr\/#organization"},"potentialAction":[{"@type":"SearchAction","target":{"@type":"EntryPoint","urlTemplate":"https:\/\/hi-technologies.ch\/fr\/?s={search_term_string}"},"query-input":{"@type":"PropertyValueSpecification","valueRequired":true,"valueName":"search_term_string"}}],"inLanguage":"fr-FR"},{"@type":"Organization","@id":"https:\/\/hi-technologies.ch\/fr\/#organization","name":"Hi-Technologies","url":"https:\/\/hi-technologies.ch\/fr\/","logo":{"@type":"ImageObject","inLanguage":"fr-FR","@id":"https:\/\/hi-technologies.ch\/fr\/#\/schema\/logo\/image\/","url":"https:\/\/hi-technologies.ch\/app\/uploads\/2025\/12\/hi-technologies_logo2025-2.png","contentUrl":"https:\/\/hi-technologies.ch\/app\/uploads\/2025\/12\/hi-technologies_logo2025-2.png","width":849,"height":281,"caption":"Hi-Technologies"},"image":{"@id":"https:\/\/hi-technologies.ch\/fr\/#\/schema\/logo\/image\/"},"sameAs":["https:\/\/www.linkedin.com\/company\/hitechnologies\/"]}]}},"_links":{"self":[{"href":"https:\/\/hi-technologies.ch\/fr\/wp-json\/wp\/v2\/pages\/3569","targetHints":{"allow":["GET"]}}],"collection":[{"href":"https:\/\/hi-technologies.ch\/fr\/wp-json\/wp\/v2\/pages"}],"about":[{"href":"https:\/\/hi-technologies.ch\/fr\/wp-json\/wp\/v2\/types\/page"}],"author":[{"embeddable":true,"href":"https:\/\/hi-technologies.ch\/fr\/wp-json\/wp\/v2\/users\/1"}],"replies":[{"embeddable":true,"href":"https:\/\/hi-technologies.ch\/fr\/wp-json\/wp\/v2\/comments?post=3569"}],"version-history":[{"count":14,"href":"https:\/\/hi-technologies.ch\/fr\/wp-json\/wp\/v2\/pages\/3569\/revisions"}],"predecessor-version":[{"id":4393,"href":"https:\/\/hi-technologies.ch\/fr\/wp-json\/wp\/v2\/pages\/3569\/revisions\/4393"}],"wp:attachment":[{"href":"https:\/\/hi-technologies.ch\/fr\/wp-json\/wp\/v2\/media?parent=3569"}],"wp:term":[{"taxonomy":"domaine_solution","embeddable":true,"href":"https:\/\/hi-technologies.ch\/fr\/wp-json\/wp\/v2\/domaine_solution?post=3569"}],"curies":[{"name":"wp","href":"https:\/\/api.w.org\/{rel}","templated":true}]}}