{"id":342,"date":"2025-10-13T15:01:22","date_gmt":"2025-10-13T13:01:22","guid":{"rendered":"https:\/\/hi-technologies.ch\/?page_id=342"},"modified":"2026-03-18T15:06:36","modified_gmt":"2026-03-18T14:06:36","slug":"barco-clickshare","status":"publish","type":"page","link":"https:\/\/hi-technologies.ch\/fr\/marques-partenaires\/barco-clickshare\/","title":{"rendered":"Barco ClickShare"},"content":{"rendered":"\n\n\n\n   \n\n\n  \n\n\n\n\n        \n<section\n  id=\"block_6822f162b9e5ae456ccb92fda4d2544e\"\n  class=\"hero_section relative isolate   w-full overflow-hidden md:rounded-2xl md:mt-6 mt-0 js-hero\"\n  data-hero-tone=\"dark\"\n  style=\"background-image:linear-gradient(90deg, rgba(247,247,247,1) 0%, rgba(247,247,247,.10) 60%, rgba(247,247,247,0) 100%), url(https:\/\/hi-technologies.ch\/app\/uploads\/2025\/10\/hi-technologies_barco-ClickShare-1.jpg); background-size:cover; background-position:center; min-height:48vh;\">\n\n\n    \n\n    \n    \n  <div class=\"relative z-20 max-w-7xl px-4 md:px-6 mx-auto\" style=\"min-height:48vh;\">\n    <div class=\"flex items-center\" style=\"min-height:48vh;\">\n              \n        <div class=\"hero__content py-12 md:py-16 lg:py-20 text-black text-left\">\n\n          \n                      <h1 class=\"text-3xl md:text-6xl fw-600 uppercase leading-tight js-reveal\"\n                data-reveal-from=\"left\" data-reveal-distance=\"24\"\n                data-reveal-delay=\"0.06\" data-reveal-once=\"true\">\n              Barco<br \/>ClickShare\n            <\/h1>\n          \n                      <div class=\"mt-4 text-sm md:text-base leading-relaxed opacity-95 js-reveal-blur\"\n                data-reveal-distance=\"12\" data-reveal-delay=\"0.12\" data-reveal-once=\"true\">\n              <p>Les solutions ClickShare de Barco offrent un partage sans fil instantan\u00e9 pour vos r\u00e9unions, depuis n\u2019importe quel appareil. Simples et intuitives, elles favorisent la collaboration et s\u2019adaptent \u00e0 toutes les tailles de salles.<\/p>\n\n            <\/div>\n          \n                                          <div class=\"mt-6 flex flex-wrap items-center gap-4 js-reveal\"\n                data-reveal-from=\"up\" data-reveal-distance=\"16\"\n                data-reveal-delay=\"0.18\" data-reveal-once=\"true\">\n                                                  \n                    \n                \n\n<a href=\"#solutions\" class=\"cta_link tone-teal\">\n  <span>D\u00e9couvrir les solutions Barco ClickShare<\/span>\n  <\/a>\n      \n                                                  \n                    \n                \n\n\n\n\n\n\n      \n        \n    \n      <a href=\"https:\/\/hi-technologies.ch\/fr\/contact\/\"\n       class=\"cta_btn cta_btn--md cta_btn--wipe tone-teal cta_btn--hairline halo-none\"\n       >\n      <span>Contactez nos sp\u00e9cialistes<\/span>\n          <\/a>\n        \n            <\/div>\n          \n        <\/div>\n\n    <\/div>\n  <\/div>\n<\/section>\n\n<script>\n  (function () {\n    var hero = document.currentScript && document.currentScript.previousElementSibling;\n    if (!hero) return;\n    var tone = hero.getAttribute('data-hero-tone') || 'light';\n    document.body.classList.add('has-hero', 'hero-tone-' + tone);\n  })();\n<\/script>\n\n\n\n\n\n\n\n\n<section id=\"block_15c4c8d47b71292ab9560cd02ae7dcee\"\n         class=\"b2 block_2col mt-12 rounded-2xl \"\n         style=\"background-color:#f7f7f7;\">\n  <div class=\"max-w-7xl mx-auto px-4 md:px-6 py-12 md:py-16\">\n    <div class=\"grid grid-cols-1 md:grid-cols-12 gap-8 md:gap-10 items-center\">\n\n            <div class=\"md:order-1 md:col-span-6 pl-12 pr-12 js-reveal\" data-reveal-distance=\"24\">\n                                  <img decoding=\"async\" class=\"b2-logo max-w-[340px] w-full h-auto\" src=\"https:\/\/hi-technologies.ch\/app\/uploads\/2025\/10\/Barco-ClickShare-Logos-.png\" alt=\"\">\n        \n                  <div class=\"b2-badge flex items-center gap-4 mt-6\">\n                                      <div class=\"b2-badge-wrap w-40 shrink-0\">\n                <img decoding=\"async\" class=\"b2-badge-img block w-full h-auto max-w-none\"\n                     src=\"https:\/\/hi-technologies.ch\/app\/uploads\/2025\/10\/Barco-ClickShare-GoldPartner-regular3.svg\" alt=\"\">\n              <\/div>\n                                      <div class=\"b2-badge-text text-lg md:text-xl fw-600 u-title\">\n                HI-Technologies Gold Partner Barco ClickShare\n              <\/div>\n                      <\/div>\n        \n              <\/div>\n\n            <div class=\"md:order-2 md:col-span-6 pl-12 pr-12 js-reveal\" data-reveal-distance=\"24\">\n                  <h2 class=\"text-3xl md:text-4xl fw-500 leading-tight mb-12 mt-12 js-reveal-blur\" data-reveal-stagger=\"0.06\">\n            ClickShare &#8211;  La solution de conf\u00e9rence sans fil sign\u00e9e Barco\n          <\/h2>\n        \n                  <div class=\"text-xs md:text-base leading-relaxed mt-12 mb-6\">\n            <p><b>ClickShare<\/b> de <b>Barco<\/b> est une solution de conf\u00e9rence sans fil prim\u00e9e qui r\u00e9volutionne la collaboration en entreprise. Elle permet de connecter instantan\u00e9ment votre ordinateur portable aux \u00e9quipements audio et vid\u00e9o de la salle de r\u00e9union, sans c\u00e2bles ni configurations complexes. En un seul clic, via le <b>Bouton ClickShare<\/b> ou l\u2019application d\u00e9di\u00e9e, vous lancez votre visioconf\u00e9rence en moins de sept secondes.<\/p>\n<p>Pens\u00e9 pour les environnements de travail hybrides, ClickShare se d\u00e9cline en <b>trois gammes compl\u00e9mentaires<\/b> : les <b>solutions de salle<\/b> pour des visioconf\u00e9rences sans fil fluides, les <b>solutions modulaires ou tout-en-un<\/b> adapt\u00e9es aux diff\u00e9rents types de salles de r\u00e9union, et les <b>solutions de pr\u00e9sentation sans fil<\/b> pour un partage de contenu rapide et intuitif.<\/p>\n<p>Compatible avec toutes les plateformes de visioconf\u00e9rence (Teams, Zoom, Google Meet, Webex\u2026), ClickShare garantit des r\u00e9unions plus simples, plus dynamiques et v\u00e9ritablement collaboratives, tout en offrant une exp\u00e9rience utilisateur fiable et s\u00e9curis\u00e9e.<\/p>\n\n          <\/div>\n        \n                        \n                  <div class=\"mt-6 flex flex-wrap gap-4\">\n                                                \n                    \n                \n\n<a href=\"#solutions\" class=\"cta_link tone-teal\">\n  <span>Nos coups de c\u0153ur ClickShare<\/span>\n  <\/a>\n      \n                                                \n                    \n                \n\n\n\n\n\n\n      \n        \n    \n      <a href=\"#produits\"\n       class=\"cta_btn cta_btn--md cta_btn--wipe tone-teal cta_btn--hairline halo-none\"\n       >\n      <span>Gamme de produits<\/span>\n          <\/a>\n        \n          <\/div>\n              <\/div>\n\n    <\/div>\n  <\/div>\n<\/section>\n\n\n\n<h2 class=\"wp-block-heading has-text-align-center\">D\u00e9couvrez deux innovations ClickShare<br> avec Hi Technologies<\/h2>\n\n\n\n\n\n\n\n\n\n<section id=\"solutions\" class=\"spotlight relative  mt-5 mb-5\">\n  <div class=\"max-w-7xl mx-auto px-4 md:px-6 py-12 md:py-16\">\n\n        <div\n      class=\"hidden md:block absolute inset-y-6 md:inset-y-8 bg-[#f7f7f7] rounded-2xl w-1\/2 right-0\"\n      aria-hidden=\"true\"><\/div>\n\n    <div class=\"relative grid grid-cols-1 md:grid-cols-12 gap-8 md:gap-12 items-center z-10\">\n\n            <div class=\"md:order-1 md:col-span-7 md:-mr-10 lg:-mr-12 js-reveal\"\n        data-reveal-from=\"left\"\n        data-reveal-distance=\"120\"\n        data-reveal-delay=\"0\">\n                          <div class=\"rounded-xl overflow-hidden shadow-sm\">\n                                                            <video class=\"w-full h-auto block\"\n                  playsinline    controls\n                                    data-autoplay-on-scroll>\n              <source src=\"https:\/\/hi-technologies.ch\/app\/uploads\/2025\/10\/CS_webBanner_1920x720.mp4\" type=\"video\/mp4\">\n            <\/video>\n          <\/div>\n        \n                      <\/div>\n\n            <div class=\"md:order-2 md:col-span-5\">\n        <div class=\"px-5 py-15 md:px-10 md:py-30 \">\n\n          \n                      <h2 class=\"text-3xl md:text-4xl fw-600 leading-tight mb-8 mt-16 js-reveal\"\n                data-reveal-from=\"right\" data-reveal-distance=\"24\" data-reveal-once=\"true\">\n              ClickShare Hub\n            <\/h2>\n          \n                      <p class=\"text-lg uppercase tracking-wide opacity-80 mb-6 u-title fw-500 js-reveal\"\n              data-reveal-from=\"right\" data-reveal-distance=\"20\"\n              data-reveal-delay=\"0.06\" data-reveal-once=\"true\">\n               Le syst\u00e8me de salle de visioconf\u00e9rence sans fil par Barco\n            <\/p>\n          \n                      <div class=\"mt-2 text-sm md:text-base leading-relaxed js-reveal-blur\"\n                data-reveal-distance=\"12\" data-reveal-delay=\"0.12\" data-reveal-once=\"true\">\n              <p>Le <b>ClickShare Hub<\/b> de <b>Barco<\/b> est un syst\u00e8me de salle de visioconf\u00e9rence sans fil con\u00e7u pour simplifier les r\u00e9unions hybrides. Gr\u00e2ce \u00e0 sa plateforme intelligente, il connecte instantan\u00e9ment ordinateurs, \u00e9crans et \u00e9quipements audio sans aucun c\u00e2ble. Compatible avec toutes les solutions de visioconf\u00e9rence (Microsoft Teams, Zoom, Webex\u2026), il offre une exp\u00e9rience fluide et s\u00e9curis\u00e9e.<\/p>\n<p>Disponible en versions <b>Core<\/b> et <b>Pro<\/b>, le ClickShare Hub s\u2019adapte \u00e0 toutes les tailles de salles, avec partage de contenu <b>4K<\/b>, double affichage et gestion centralis\u00e9e. Intuitif, performant et \u00e9volutif, il transforme chaque salle en un espace de collaboration moderne et connect\u00e9.<\/p>\n\n            <\/div>\n          \n                    \n                      <div class=\"mt-8 flex flex-wrap items-center gap-6 mb-16 js-reveal\"\n                data-reveal-from=\"up\" data-reveal-distance=\"16\"\n                data-reveal-delay=\"0.18\" data-reveal-once=\"true\">\n                                                  \n                    \n                \n\n<a href=\"https:\/\/hi-technologies.ch\/fr\/contact\/\" class=\"cta_link tone-teal\">\n  <span>Contactez-nous<\/span>\n  <\/a>\n      \n                        \n            <\/div>\n          \n        <\/div>\n      <\/div>\n\n\n    <\/div>\n  <\/div>\n<\/section>\n\n\n\n\n\n\n\n\n\n<section id=\"block_13e4ad37ec2720add591c974cfc32c80\" class=\"spotlight relative  mt-5 mb-5\">\n  <div class=\"max-w-7xl mx-auto px-4 md:px-6 py-12 md:py-16\">\n\n        <div\n      class=\"hidden md:block absolute inset-y-6 md:inset-y-8 bg-[#f7f7f7] rounded-2xl w-1\/2 left-0\"\n      aria-hidden=\"true\"><\/div>\n\n    <div class=\"relative grid grid-cols-1 md:grid-cols-12 gap-8 md:gap-12 items-center z-10\">\n\n            <div class=\"md:order-2 md:col-span-7 md:-ml-10 lg:-ml-12 js-reveal\"\n        data-reveal-from=\"right\"\n        data-reveal-distance=\"120\"\n        data-reveal-delay=\"0\">\n                          <div class=\"rounded-xl overflow-hidden shadow-sm\">\n                                                            <video class=\"w-full h-auto block\"\n                  playsinline    controls\n                                    data-autoplay-on-scroll>\n              <source src=\"https:\/\/hi-technologies.ch\/app\/uploads\/2025\/10\/Next-gen-ClickShare-Button.mp4\" type=\"video\/mp4\">\n            <\/video>\n          <\/div>\n        \n                      <\/div>\n\n            <div class=\"md:order-1 md:col-span-5\">\n        <div class=\"px-5 py-15 md:px-10 md:py-30 \">\n\n          \n                      <h2 class=\"text-3xl md:text-4xl fw-600 leading-tight mb-8 mt-16 js-reveal\"\n                data-reveal-from=\"left\" data-reveal-distance=\"24\" data-reveal-once=\"true\">\n              L&#8217;exp\u00e9rience embl\u00e9matique du bouton ClickShare\n            <\/h2>\n          \n                      <p class=\"text-lg uppercase tracking-wide opacity-80 mb-6 u-title fw-500 js-reveal\"\n              data-reveal-from=\"left\" data-reveal-distance=\"20\"\n              data-reveal-delay=\"0.06\" data-reveal-once=\"true\">\n              Bouton ClickShare 5\u00e8me g\u00e9n\u00e9ration\n            <\/p>\n          \n                      <div class=\"mt-2 text-sm md:text-base leading-relaxed js-reveal-blur\"\n                data-reveal-distance=\"12\" data-reveal-delay=\"0.12\" data-reveal-once=\"true\">\n              <p>L\u2019exp\u00e9rience embl\u00e9matique du <b>bouton ClickShare<\/b>, d\u00e9sormais dot\u00e9e de <b>performances nouvelle g\u00e9n\u00e9ration<\/b>.<\/p>\n<p>Profitez d\u2019un <b>partage de contenu 4K<\/b> pour des r\u00e9unions immersives et visuellement percutantes. Gr\u00e2ce \u00e0 la <b>connectivit\u00e9 Wi-Fi 6E<\/b>, b\u00e9n\u00e9ficiez d\u2019une vitesse Internet optimis\u00e9e pour une collaboration encore plus fluide. Le partage s\u2019effectue <b>en un seul clic<\/b> via le <b>port USB-C DisplayPort\u2122<\/b>, sans installation de logiciel ni pilote, pour une utilisation instantan\u00e9e.<\/p>\n<p>La connexion, <b>s\u00e9curis\u00e9e et stable<\/b>, garantit des r\u00e9unions sans interruption, tandis que la compatibilit\u00e9 universelle avec <b>tous les principaux syst\u00e8mes d\u2019exploitation<\/b> assure une int\u00e9gration simple dans tous les environnements professionnels.<\/p>\n\n            <\/div>\n          \n                    \n                      <div class=\"mt-8 flex flex-wrap items-center gap-6 mb-16 js-reveal\"\n                data-reveal-from=\"up\" data-reveal-distance=\"16\"\n                data-reveal-delay=\"0.18\" data-reveal-once=\"true\">\n                                                  \n                    \n                \n\n\n\n\n\n\n      \n        \n    \n      <a href=\"https:\/\/hi-technologies.ch\/fr\/contact\/\"\n       class=\"cta_btn cta_btn--md cta_btn--wipe tone-teal cta_btn--hairline halo-none\"\n       >\n      <span>Contactez-nous<\/span>\n          <\/a>\n        \n                        \n            <\/div>\n          \n        <\/div>\n      <\/div>\n\n\n    <\/div>\n  <\/div>\n<\/section>\n\n\n\n<p><\/p>\n","protected":false},"excerpt":{"rendered":"<p>D\u00e9couvrez deux innovations ClickShare avec Hi Technologies<\/p>\n","protected":false},"author":1,"featured_media":73,"parent":96,"menu_order":0,"comment_status":"closed","ping_status":"closed","template":"page-templates\/page-marque.php","meta":{"_acf_changed":false,"inline_featured_image":false,"footnotes":""},"domaine_solution":[52],"class_list":["post-342","page","type-page","status-publish","has-post-thumbnail","hentry"],"acf":[],"yoast_head":"<!-- This site is optimized with the Yoast SEO plugin v25.8 - https:\/\/yoast.com\/wordpress\/plugins\/seo\/ -->\n<title>Barco ClickShare - Hi-Technologies<\/title>\n<meta name=\"description\" content=\"Barco ClickShare : partage sans fil instantan\u00e9 en r\u00e9union, compatible Teams, Zoom, Google Meet et Webex. Hi Technologies d\u00e9ploie des salles simples, s\u00e9curis\u00e9es et collaboratives.\" \/>\n<meta name=\"robots\" content=\"index, follow, max-snippet:-1, max-image-preview:large, max-video-preview:-1\" \/>\n<link rel=\"canonical\" href=\"https:\/\/hi-technologies.ch\/fr\/marques-partenaires\/barco-clickshare\/\" \/>\n<meta property=\"og:locale\" content=\"fr_FR\" \/>\n<meta property=\"og:type\" content=\"article\" \/>\n<meta property=\"og:title\" content=\"Barco ClickShare - Hi-Technologies\" \/>\n<meta property=\"og:description\" content=\"Barco ClickShare : partage sans fil instantan\u00e9 en r\u00e9union, compatible Teams, Zoom, Google Meet et Webex. Hi Technologies d\u00e9ploie des salles simples, s\u00e9curis\u00e9es et collaboratives.\" \/>\n<meta property=\"og:url\" content=\"https:\/\/hi-technologies.ch\/fr\/marques-partenaires\/barco-clickshare\/\" \/>\n<meta property=\"og:site_name\" content=\"Hi-Technologies\" \/>\n<meta property=\"article:modified_time\" content=\"2026-03-18T14:06:36+00:00\" \/>\n<meta property=\"og:image\" content=\"https:\/\/hi-technologies.ch\/app\/uploads\/2025\/09\/barco-logo-640x204-1.jpg\" \/>\n\t<meta property=\"og:image:width\" content=\"640\" \/>\n\t<meta property=\"og:image:height\" content=\"204\" \/>\n\t<meta property=\"og:image:type\" content=\"image\/jpeg\" \/>\n<meta name=\"twitter:card\" content=\"summary_large_image\" \/>\n<meta name=\"twitter:label1\" content=\"Est. reading time\" \/>\n\t<meta name=\"twitter:data1\" content=\"1 minute\" \/>\n<script type=\"application\/ld+json\" class=\"yoast-schema-graph\">{\"@context\":\"https:\/\/schema.org\",\"@graph\":[{\"@type\":\"WebPage\",\"@id\":\"https:\/\/hi-technologies.ch\/fr\/marques-partenaires\/barco-clickshare\/\",\"url\":\"https:\/\/hi-technologies.ch\/fr\/marques-partenaires\/barco-clickshare\/\",\"name\":\"Barco ClickShare - Hi-Technologies\",\"isPartOf\":{\"@id\":\"https:\/\/hi-technologies.ch\/fr\/#website\"},\"primaryImageOfPage\":{\"@id\":\"https:\/\/hi-technologies.ch\/fr\/marques-partenaires\/barco-clickshare\/#primaryimage\"},\"image\":{\"@id\":\"https:\/\/hi-technologies.ch\/fr\/marques-partenaires\/barco-clickshare\/#primaryimage\"},\"thumbnailUrl\":\"https:\/\/hi-technologies.ch\/app\/uploads\/2025\/09\/barco-logo-640x204-1.jpg\",\"datePublished\":\"2025-10-13T13:01:22+00:00\",\"dateModified\":\"2026-03-18T14:06:36+00:00\",\"description\":\"Barco ClickShare : partage sans fil instantan\u00e9 en r\u00e9union, compatible Teams, Zoom, Google Meet et Webex. Hi Technologies d\u00e9ploie des salles simples, s\u00e9curis\u00e9es et collaboratives.\",\"breadcrumb\":{\"@id\":\"https:\/\/hi-technologies.ch\/fr\/marques-partenaires\/barco-clickshare\/#breadcrumb\"},\"inLanguage\":\"fr-FR\",\"potentialAction\":[{\"@type\":\"ReadAction\",\"target\":[\"https:\/\/hi-technologies.ch\/fr\/marques-partenaires\/barco-clickshare\/\"]}]},{\"@type\":\"ImageObject\",\"inLanguage\":\"fr-FR\",\"@id\":\"https:\/\/hi-technologies.ch\/fr\/marques-partenaires\/barco-clickshare\/#primaryimage\",\"url\":\"https:\/\/hi-technologies.ch\/app\/uploads\/2025\/09\/barco-logo-640x204-1.jpg\",\"contentUrl\":\"https:\/\/hi-technologies.ch\/app\/uploads\/2025\/09\/barco-logo-640x204-1.jpg\",\"width\":640,\"height\":204},{\"@type\":\"BreadcrumbList\",\"@id\":\"https:\/\/hi-technologies.ch\/fr\/marques-partenaires\/barco-clickshare\/#breadcrumb\",\"itemListElement\":[{\"@type\":\"ListItem\",\"position\":1,\"name\":\"Home\",\"item\":\"https:\/\/hi-technologies.ch\/fr\/\"},{\"@type\":\"ListItem\",\"position\":2,\"name\":\"Marques &amp; Partenaires\",\"item\":\"https:\/\/hi-technologies.ch\/fr\/marques-partenaires\/\"},{\"@type\":\"ListItem\",\"position\":3,\"name\":\"Barco ClickShare\"}]},{\"@type\":\"WebSite\",\"@id\":\"https:\/\/hi-technologies.ch\/fr\/#website\",\"url\":\"https:\/\/hi-technologies.ch\/fr\/\",\"name\":\"Hi-Technologies\",\"description\":\"\",\"publisher\":{\"@id\":\"https:\/\/hi-technologies.ch\/fr\/#organization\"},\"potentialAction\":[{\"@type\":\"SearchAction\",\"target\":{\"@type\":\"EntryPoint\",\"urlTemplate\":\"https:\/\/hi-technologies.ch\/fr\/?s={search_term_string}\"},\"query-input\":{\"@type\":\"PropertyValueSpecification\",\"valueRequired\":true,\"valueName\":\"search_term_string\"}}],\"inLanguage\":\"fr-FR\"},{\"@type\":\"Organization\",\"@id\":\"https:\/\/hi-technologies.ch\/fr\/#organization\",\"name\":\"Hi-Technologies\",\"url\":\"https:\/\/hi-technologies.ch\/fr\/\",\"logo\":{\"@type\":\"ImageObject\",\"inLanguage\":\"fr-FR\",\"@id\":\"https:\/\/hi-technologies.ch\/fr\/#\/schema\/logo\/image\/\",\"url\":\"https:\/\/hi-technologies.ch\/app\/uploads\/2025\/12\/hi-technologies_logo2025-2.png\",\"contentUrl\":\"https:\/\/hi-technologies.ch\/app\/uploads\/2025\/12\/hi-technologies_logo2025-2.png\",\"width\":849,\"height\":281,\"caption\":\"Hi-Technologies\"},\"image\":{\"@id\":\"https:\/\/hi-technologies.ch\/fr\/#\/schema\/logo\/image\/\"},\"sameAs\":[\"https:\/\/www.linkedin.com\/company\/hitechnologies\/\"]}]}<\/script>\n<!-- \/ Yoast SEO plugin. -->","yoast_head_json":{"title":"Barco ClickShare - Hi-Technologies","description":"Barco ClickShare : partage sans fil instantan\u00e9 en r\u00e9union, compatible Teams, Zoom, Google Meet et Webex. Hi Technologies d\u00e9ploie des salles simples, s\u00e9curis\u00e9es et collaboratives.","robots":{"index":"index","follow":"follow","max-snippet":"max-snippet:-1","max-image-preview":"max-image-preview:large","max-video-preview":"max-video-preview:-1"},"canonical":"https:\/\/hi-technologies.ch\/fr\/marques-partenaires\/barco-clickshare\/","og_locale":"fr_FR","og_type":"article","og_title":"Barco ClickShare - Hi-Technologies","og_description":"Barco ClickShare : partage sans fil instantan\u00e9 en r\u00e9union, compatible Teams, Zoom, Google Meet et Webex. Hi Technologies d\u00e9ploie des salles simples, s\u00e9curis\u00e9es et collaboratives.","og_url":"https:\/\/hi-technologies.ch\/fr\/marques-partenaires\/barco-clickshare\/","og_site_name":"Hi-Technologies","article_modified_time":"2026-03-18T14:06:36+00:00","og_image":[{"width":640,"height":204,"url":"https:\/\/hi-technologies.ch\/app\/uploads\/2025\/09\/barco-logo-640x204-1.jpg","type":"image\/jpeg"}],"twitter_card":"summary_large_image","twitter_misc":{"Est. reading time":"1 minute"},"schema":{"@context":"https:\/\/schema.org","@graph":[{"@type":"WebPage","@id":"https:\/\/hi-technologies.ch\/fr\/marques-partenaires\/barco-clickshare\/","url":"https:\/\/hi-technologies.ch\/fr\/marques-partenaires\/barco-clickshare\/","name":"Barco ClickShare - Hi-Technologies","isPartOf":{"@id":"https:\/\/hi-technologies.ch\/fr\/#website"},"primaryImageOfPage":{"@id":"https:\/\/hi-technologies.ch\/fr\/marques-partenaires\/barco-clickshare\/#primaryimage"},"image":{"@id":"https:\/\/hi-technologies.ch\/fr\/marques-partenaires\/barco-clickshare\/#primaryimage"},"thumbnailUrl":"https:\/\/hi-technologies.ch\/app\/uploads\/2025\/09\/barco-logo-640x204-1.jpg","datePublished":"2025-10-13T13:01:22+00:00","dateModified":"2026-03-18T14:06:36+00:00","description":"Barco ClickShare : partage sans fil instantan\u00e9 en r\u00e9union, compatible Teams, Zoom, Google Meet et Webex. Hi Technologies d\u00e9ploie des salles simples, s\u00e9curis\u00e9es et collaboratives.","breadcrumb":{"@id":"https:\/\/hi-technologies.ch\/fr\/marques-partenaires\/barco-clickshare\/#breadcrumb"},"inLanguage":"fr-FR","potentialAction":[{"@type":"ReadAction","target":["https:\/\/hi-technologies.ch\/fr\/marques-partenaires\/barco-clickshare\/"]}]},{"@type":"ImageObject","inLanguage":"fr-FR","@id":"https:\/\/hi-technologies.ch\/fr\/marques-partenaires\/barco-clickshare\/#primaryimage","url":"https:\/\/hi-technologies.ch\/app\/uploads\/2025\/09\/barco-logo-640x204-1.jpg","contentUrl":"https:\/\/hi-technologies.ch\/app\/uploads\/2025\/09\/barco-logo-640x204-1.jpg","width":640,"height":204},{"@type":"BreadcrumbList","@id":"https:\/\/hi-technologies.ch\/fr\/marques-partenaires\/barco-clickshare\/#breadcrumb","itemListElement":[{"@type":"ListItem","position":1,"name":"Home","item":"https:\/\/hi-technologies.ch\/fr\/"},{"@type":"ListItem","position":2,"name":"Marques &amp; Partenaires","item":"https:\/\/hi-technologies.ch\/fr\/marques-partenaires\/"},{"@type":"ListItem","position":3,"name":"Barco ClickShare"}]},{"@type":"WebSite","@id":"https:\/\/hi-technologies.ch\/fr\/#website","url":"https:\/\/hi-technologies.ch\/fr\/","name":"Hi-Technologies","description":"","publisher":{"@id":"https:\/\/hi-technologies.ch\/fr\/#organization"},"potentialAction":[{"@type":"SearchAction","target":{"@type":"EntryPoint","urlTemplate":"https:\/\/hi-technologies.ch\/fr\/?s={search_term_string}"},"query-input":{"@type":"PropertyValueSpecification","valueRequired":true,"valueName":"search_term_string"}}],"inLanguage":"fr-FR"},{"@type":"Organization","@id":"https:\/\/hi-technologies.ch\/fr\/#organization","name":"Hi-Technologies","url":"https:\/\/hi-technologies.ch\/fr\/","logo":{"@type":"ImageObject","inLanguage":"fr-FR","@id":"https:\/\/hi-technologies.ch\/fr\/#\/schema\/logo\/image\/","url":"https:\/\/hi-technologies.ch\/app\/uploads\/2025\/12\/hi-technologies_logo2025-2.png","contentUrl":"https:\/\/hi-technologies.ch\/app\/uploads\/2025\/12\/hi-technologies_logo2025-2.png","width":849,"height":281,"caption":"Hi-Technologies"},"image":{"@id":"https:\/\/hi-technologies.ch\/fr\/#\/schema\/logo\/image\/"},"sameAs":["https:\/\/www.linkedin.com\/company\/hitechnologies\/"]}]}},"_links":{"self":[{"href":"https:\/\/hi-technologies.ch\/fr\/wp-json\/wp\/v2\/pages\/342","targetHints":{"allow":["GET"]}}],"collection":[{"href":"https:\/\/hi-technologies.ch\/fr\/wp-json\/wp\/v2\/pages"}],"about":[{"href":"https:\/\/hi-technologies.ch\/fr\/wp-json\/wp\/v2\/types\/page"}],"author":[{"embeddable":true,"href":"https:\/\/hi-technologies.ch\/fr\/wp-json\/wp\/v2\/users\/1"}],"replies":[{"embeddable":true,"href":"https:\/\/hi-technologies.ch\/fr\/wp-json\/wp\/v2\/comments?post=342"}],"version-history":[{"count":41,"href":"https:\/\/hi-technologies.ch\/fr\/wp-json\/wp\/v2\/pages\/342\/revisions"}],"predecessor-version":[{"id":5749,"href":"https:\/\/hi-technologies.ch\/fr\/wp-json\/wp\/v2\/pages\/342\/revisions\/5749"}],"up":[{"embeddable":true,"href":"https:\/\/hi-technologies.ch\/fr\/wp-json\/wp\/v2\/pages\/96"}],"wp:featuredmedia":[{"embeddable":true,"href":"https:\/\/hi-technologies.ch\/fr\/wp-json\/wp\/v2\/media\/73"}],"wp:attachment":[{"href":"https:\/\/hi-technologies.ch\/fr\/wp-json\/wp\/v2\/media?parent=342"}],"wp:term":[{"taxonomy":"domaine_solution","embeddable":true,"href":"https:\/\/hi-technologies.ch\/fr\/wp-json\/wp\/v2\/domaine_solution?post=342"}],"curies":[{"name":"wp","href":"https:\/\/api.w.org\/{rel}","templated":true}]}}