{"id":2663,"date":"2025-11-11T10:54:58","date_gmt":"2025-11-11T09:54:58","guid":{"rendered":"https:\/\/hi-technologies.ch\/?page_id=2663"},"modified":"2025-11-26T10:59:00","modified_gmt":"2025-11-26T09:59:00","slug":"politique-de-confidentialite","status":"publish","type":"page","link":"https:\/\/hi-technologies.ch\/fr\/politique-de-confidentialite\/","title":{"rendered":"Politique de confidentialit\u00e9"},"content":{"rendered":"\n<h1 class=\"wp-block-heading\"><strong>Politique de confidentialit\u00e9<\/strong><\/h1>\n\n\n\n<p>En tant qu\u2019entreprise suisse proposant ses services sur le territoire suisse Hi Technologies SA respecte la nouvelle loi f\u00e9d\u00e9rale sur la protection des donn\u00e9es (nLPD).<br>De plus, suite \u00e0 l&#8217;ouverture de notre filiale fran\u00e7aise en Mai 2024, nous mettons \u00e9galement tout en \u0153uvre pour respecter la r\u00e9glementation de l\u2019Union europ\u00e9enne (<a href=\"https:\/\/fr.wikipedia.org\/wiki\/R%C3%A8glement_g%C3%A9n%C3%A9ral_sur_la_protection_des_donn%C3%A9es\">RGPD<\/a>) pour les visiteurs de notre site web venant de l\u2019Union Europ\u00e9enne.<\/p>\n\n\n\n<h2 class=\"wp-block-heading\"><strong>Collecte des renseignements personnels<\/strong><\/h2>\n\n\n\n<p>Nous collectons les renseignements suivants :<\/p>\n\n\n\n<ul class=\"wp-block-list\">\n<li>Nom<\/li>\n\n\n\n<li>Pr\u00e9nom<\/li>\n\n\n\n<li>Adresse \u00e9lectronique<\/li>\n\n\n\n<li>Num\u00e9ro de t\u00e9l\u00e9phone<\/li>\n<\/ul>\n\n\n\n<p>Les renseignements personnels que nous collectons sont recueillis au travers de formulaires et gr\u00e2ce \u00e0 l\u2019interactivit\u00e9 \u00e9tablie entre vous et notre site Web. Nous utilisons \u00e9galement, comme indiqu\u00e9 dans la section suivante, des fichiers t\u00e9moins et\/ou journaux pour r\u00e9unir des informations vous concernant.<\/p>\n\n\n\n<p>\u200bCes donn\u00e9es ne sont en aucun cas transmises ou revendues \u00e0 des tiers.<\/p>\n\n\n\n<h2 class=\"wp-block-heading\"><strong>Formulaires et interactivit\u00e9 :<\/strong><\/h2>\n\n\n\n<p>Vos renseignements personnels sont collect\u00e9s par le biais de formulaire, \u00e0 savoir :<\/p>\n\n\n\n<ul class=\"wp-block-list\">\n<li>Formulaire de contact<\/li>\n<\/ul>\n\n\n\n<p>Nous utilisons les renseignements ainsi collect\u00e9s pour les finalit\u00e9s suivantes :<\/p>\n\n\n\n<ul class=\"wp-block-list\">\n<li>Prise de contact avec vous suite \u00e0 votre demande (de devis, de renseignement, demandes diverses)<\/li>\n<\/ul>\n\n\n\n<p>Vos renseignements sont \u00e9galement collect\u00e9s par le biais de l\u2019interactivit\u00e9 pouvant s\u2019\u00e9tablir entre vous et notre site Web et ce, de la fa\u00e7on suivante :<\/p>\n\n\n\n<ul class=\"wp-block-list\">\n<li>Statistiques<\/li>\n\n\n\n<li>Contact<\/li>\n<\/ul>\n\n\n\n<p>Nous utilisons les renseignements ainsi collect\u00e9s pour les finalit\u00e9s suivantes :<\/p>\n\n\n\n<ul class=\"wp-block-list\">\n<li>Commentaires<\/li>\n\n\n\n<li>Correspondance<\/li>\n<\/ul>\n\n\n\n<h2 class=\"wp-block-heading\"><strong>\u200b<\/strong><strong>Droit d\u2019opposition et de retrait<\/strong><\/h2>\n\n\n\n<p>Nous nous engageons \u00e0 vous offrir un droit d\u2019opposition et de retrait quant \u00e0 vos renseignements personnels.<br>Le droit d\u2019opposition s\u2019entend comme \u00e9tant la possibilit\u00e9 offerte aux internautes de refuser que leurs renseignements personnels soient utilis\u00e9es \u00e0 certaines fins mentionn\u00e9es lors de la collecte.<br>Le droit de retrait s\u2019entend comme \u00e9tant la possibilit\u00e9 offerte aux internautes de demander \u00e0 ce que leurs renseignements personnels ne figurent plus, par exemple, dans une liste de diffusion.<br>Pour pouvoir exercer ces droits, prenez contact avec nous en utilisant les coordonn\u00e9es de contact indiqu\u00e9es en pied de page.<\/p>\n\n\n\n<h2 class=\"wp-block-heading\"><strong>Droit d\u2019acc\u00e8s<\/strong><\/h2>\n\n\n\n<p>Nous nous engageons \u00e0 reconna\u00eetre un droit d\u2019acc\u00e8s et de rectification aux personnes concern\u00e9es d\u00e9sireuses de consulter, modifier, voire radier les informations les concernant.<br>Pour pouvoir exercer ces droits, prenez contact avec nous en utilisant les coordonn\u00e9es de contact indiqu\u00e9es en pied de page.<\/p>\n\n\n\n<h2 class=\"wp-block-heading\"><strong>\u200b<\/strong><strong>S\u00e9curit\u00e9<\/strong><\/h2>\n\n\n\n<p>Les renseignements personnels que nous collectons sont conserv\u00e9s dans un environnement s\u00e9curis\u00e9. Les personnes travaillant pour nous sont tenues de respecter la confidentialit\u00e9 de vos informations.<br>Pour assurer la s\u00e9curit\u00e9 de vos renseignements personnels, nous avons recours aux mesures suivantes :<\/p>\n\n\n\n<ul class=\"wp-block-list\">\n<li>Protocole SSL (Secure Sockets Layer)<\/li>\n<\/ul>\n\n\n\n<p>Nous nous engageons \u00e0 maintenir un haut degr\u00e9 de confidentialit\u00e9 en int\u00e9grant les derni\u00e8res innovations technologiques permettant d\u2019assurer la confidentialit\u00e9 de vos transactions. Toutefois, comme aucun m\u00e9canisme n\u2019offre une s\u00e9curit\u00e9 maximale, une part de risque est toujours pr\u00e9sente lorsque l\u2019on utilise Internet pour transmettre des renseignements personnels.<\/p>\n\n\n\n<h2 class=\"wp-block-heading\"><strong>Services tiers<\/strong><\/h2>\n\n\n\n<p><strong>H\u00e9bergement<\/strong><br>Notre site Internet est h\u00e9berg\u00e9 par :<\/p>\n\n\n\n<p>Infomaniak Network SA : Rue Eug\u00e8ne Marziano 25 &#8211; 1227 Les Acacias (GE)<\/p>\n\n\n\n<p>Num\u00e9ro IDE : CHE-103.167.648<\/p>\n\n\n\n<p><strong>Tags Management Systems (TMS)<\/strong><br>Notre site utilise Google Tag Manager (GTM). Ce syst\u00e8me permet de g\u00e9rer les diff\u00e9rentes balises utilis\u00e9es sur notre site.<br>Nous ne g\u00e9rons aucune donn\u00e9e personnelle dans GTM. GTM&nbsp;peut recueillir certaines informations, par exemple le mode d\u2019utilisation du Service, les balises effectivement d\u00e9ploy\u00e9es et la mani\u00e8re dont elles le sont. Ces donn\u00e9es sont susceptibles de leur servir \u00e0 am\u00e9liorer, maintenir, prot\u00e9ger et d\u00e9velopper leurs services.<br>Notre prestataire est la soci\u00e9t\u00e9 Google Inc. aux USA.<\/p>\n\n\n\n<p><strong>Analytics<\/strong><br>Notre site utilise Google Analytics. Ce syst\u00e8me permet d\u2019\u00e9tablir diverses analyse de la fr\u00e9quentation et l\u2019usage de notre site internet.<br>Les informations r\u00e9colt\u00e9es sont constitu\u00e9es notamment de votre adresse IP, votre configuration (appareil, navigateur, r\u00e9solution, etc.), votre fournisseur d\u2019acc\u00e8s, la page consult\u00e9e, la page pr\u00e9c\u00e9dente ainsi que les diverses interactions avec notre site (temps de consultation, clics, formulaires remplis, etc.).<br>Nous utilisons ces donn\u00e9es d\u2019une mani\u00e8re anonyme (anonymisation des adresses IP), afin d\u2019am\u00e9liorer nos services et nos offres, mais \u00e9galement afin de personnaliser les contenus de notre site.<br>Notre prestataire est la soci\u00e9t\u00e9 Google Inc. aux USA.<br>\u200b<br><strong>Autres services et contenus tiers<\/strong><br>Notre site peut int\u00e9grer des contenus tiers comme par exemple des vid\u00e9os YouTube, des cartes Google Maps, des pr\u00e9sentations Slideshare, des boutons de partage sur les r\u00e9seaux sociaux ou d\u2019autres \u00e9l\u00e9ments.<br>Cela implique que les fournisseurs de ces contenus enregistrent votre adresse IP ou d\u2019autres \u00e9l\u00e9ments. Par exemple, si vous \u00eates connect\u00e9 \u00e0 votre compte Google, l\u2019acc\u00e8s \u00e0 une page contenant une vid\u00e9o Youtube pourra \u00eatre attribu\u00e9e \u00e0 votre compte.<\/p>\n\n\n\n<h2 class=\"wp-block-heading\"><strong>Dur\u00e9e de conservation<\/strong><\/h2>\n\n\n\n<p>Les donn\u00e9es personnelles que nous traitons via notre site sont conserv\u00e9es comme suit, selon leur type :<\/p>\n\n\n\n<ul class=\"wp-block-list\">\n<li>Google Analytics : les donn\u00e9es r\u00e9colt\u00e9es sont anonymis\u00e9es, et nous avons fix\u00e9 une dur\u00e9e de r\u00e9tention de 26 mois.<\/li>\n\n\n\n<li>E-mailing : si aucune interaction n\u2019a lieu (ouverture, clic, ..), vos donn\u00e9es sont anonymis\u00e9es au maximum 30 mois d\u00e8s la derni\u00e8re interaction.<\/li>\n\n\n\n<li>Donn\u00e9es saisies dans les formulaires : maximum 30 mois.<\/li>\n<\/ul>\n\n\n\n<h2 class=\"wp-block-heading\"><strong>\u200b<\/strong><strong>L\u00e9gislation<\/strong><\/h2>\n\n\n\n<p>Nous nous engageons \u00e0 respecter les dispositions l\u00e9gislatives destin\u00e9es \u00e0 la Suisse (pays d&#8217;implantation de notre soci\u00e9t\u00e9 m\u00e8re H.I. Technologies SA) ainsi qu&#8217;\u00e0 la France (pays d&#8217;implantation de notre filiale HI Technologies) .<\/p>\n","protected":false},"excerpt":{"rendered":"<p>Politique de confidentialit\u00e9 En tant qu\u2019entreprise suisse proposant ses services sur le territoire suisse Hi Technologies SA respecte la nouvelle loi f\u00e9d\u00e9rale sur la protection des donn\u00e9es (nLPD).De plus, suite \u00e0 l&#8217;ouverture de notre filiale fran\u00e7aise en Mai 2024, nous mettons \u00e9galement tout en \u0153uvre pour respecter la r\u00e9glementation de l\u2019Union europ\u00e9enne (RGPD) pour les [&hellip;]<\/p>\n","protected":false},"author":1,"featured_media":0,"parent":0,"menu_order":0,"comment_status":"closed","ping_status":"closed","template":"","meta":{"_acf_changed":false,"inline_featured_image":false,"footnotes":""},"domaine_solution":[],"class_list":["post-2663","page","type-page","status-publish","hentry"],"acf":[],"yoast_head":"<!-- This site is optimized with the Yoast SEO plugin v25.8 - https:\/\/yoast.com\/wordpress\/plugins\/seo\/ -->\n<title>Politique de confidentialit\u00e9 - Hi-Technologies<\/title>\n<meta name=\"robots\" content=\"index, follow, max-snippet:-1, max-image-preview:large, max-video-preview:-1\" \/>\n<link rel=\"canonical\" href=\"https:\/\/hi-technologies.ch\/fr\/politique-de-confidentialite\/\" \/>\n<meta property=\"og:locale\" content=\"fr_FR\" \/>\n<meta property=\"og:type\" content=\"article\" \/>\n<meta property=\"og:title\" content=\"Politique de confidentialit\u00e9 - Hi-Technologies\" \/>\n<meta property=\"og:description\" content=\"Politique de confidentialit\u00e9 En tant qu\u2019entreprise suisse proposant ses services sur le territoire suisse Hi Technologies SA respecte la nouvelle loi f\u00e9d\u00e9rale sur la protection des donn\u00e9es (nLPD).De plus, suite \u00e0 l&#8217;ouverture de notre filiale fran\u00e7aise en Mai 2024, nous mettons \u00e9galement tout en \u0153uvre pour respecter la r\u00e9glementation de l\u2019Union europ\u00e9enne (RGPD) pour les [&hellip;]\" \/>\n<meta property=\"og:url\" content=\"https:\/\/hi-technologies.ch\/fr\/politique-de-confidentialite\/\" \/>\n<meta property=\"og:site_name\" content=\"Hi-Technologies\" \/>\n<meta property=\"article:modified_time\" content=\"2025-11-26T09:59:00+00:00\" \/>\n<meta name=\"twitter:card\" content=\"summary_large_image\" \/>\n<meta name=\"twitter:label1\" content=\"Est. reading time\" \/>\n\t<meta name=\"twitter:data1\" content=\"5 minutes\" \/>\n<script type=\"application\/ld+json\" class=\"yoast-schema-graph\">{\"@context\":\"https:\/\/schema.org\",\"@graph\":[{\"@type\":\"WebPage\",\"@id\":\"https:\/\/hi-technologies.ch\/fr\/politique-de-confidentialite\/\",\"url\":\"https:\/\/hi-technologies.ch\/fr\/politique-de-confidentialite\/\",\"name\":\"Politique de confidentialit\u00e9 - Hi-Technologies\",\"isPartOf\":{\"@id\":\"https:\/\/hi-technologies.ch\/fr\/#website\"},\"datePublished\":\"2025-11-11T09:54:58+00:00\",\"dateModified\":\"2025-11-26T09:59:00+00:00\",\"breadcrumb\":{\"@id\":\"https:\/\/hi-technologies.ch\/fr\/politique-de-confidentialite\/#breadcrumb\"},\"inLanguage\":\"fr-FR\",\"potentialAction\":[{\"@type\":\"ReadAction\",\"target\":[\"https:\/\/hi-technologies.ch\/fr\/politique-de-confidentialite\/\"]}]},{\"@type\":\"BreadcrumbList\",\"@id\":\"https:\/\/hi-technologies.ch\/fr\/politique-de-confidentialite\/#breadcrumb\",\"itemListElement\":[{\"@type\":\"ListItem\",\"position\":1,\"name\":\"Home\",\"item\":\"https:\/\/hi-technologies.ch\/fr\/\"},{\"@type\":\"ListItem\",\"position\":2,\"name\":\"Politique de confidentialit\u00e9\"}]},{\"@type\":\"WebSite\",\"@id\":\"https:\/\/hi-technologies.ch\/fr\/#website\",\"url\":\"https:\/\/hi-technologies.ch\/fr\/\",\"name\":\"Hi-Technologies\",\"description\":\"\",\"publisher\":{\"@id\":\"https:\/\/hi-technologies.ch\/fr\/#organization\"},\"potentialAction\":[{\"@type\":\"SearchAction\",\"target\":{\"@type\":\"EntryPoint\",\"urlTemplate\":\"https:\/\/hi-technologies.ch\/fr\/?s={search_term_string}\"},\"query-input\":{\"@type\":\"PropertyValueSpecification\",\"valueRequired\":true,\"valueName\":\"search_term_string\"}}],\"inLanguage\":\"fr-FR\"},{\"@type\":\"Organization\",\"@id\":\"https:\/\/hi-technologies.ch\/fr\/#organization\",\"name\":\"Hi-Technologies\",\"url\":\"https:\/\/hi-technologies.ch\/fr\/\",\"logo\":{\"@type\":\"ImageObject\",\"inLanguage\":\"fr-FR\",\"@id\":\"https:\/\/hi-technologies.ch\/fr\/#\/schema\/logo\/image\/\",\"url\":\"https:\/\/hi-technologies.ch\/app\/uploads\/2025\/12\/hi-technologies_logo2025-2.png\",\"contentUrl\":\"https:\/\/hi-technologies.ch\/app\/uploads\/2025\/12\/hi-technologies_logo2025-2.png\",\"width\":849,\"height\":281,\"caption\":\"Hi-Technologies\"},\"image\":{\"@id\":\"https:\/\/hi-technologies.ch\/fr\/#\/schema\/logo\/image\/\"},\"sameAs\":[\"https:\/\/www.linkedin.com\/company\/hitechnologies\/\"]}]}<\/script>\n<!-- \/ Yoast SEO plugin. -->","yoast_head_json":{"title":"Politique de confidentialit\u00e9 - Hi-Technologies","robots":{"index":"index","follow":"follow","max-snippet":"max-snippet:-1","max-image-preview":"max-image-preview:large","max-video-preview":"max-video-preview:-1"},"canonical":"https:\/\/hi-technologies.ch\/fr\/politique-de-confidentialite\/","og_locale":"fr_FR","og_type":"article","og_title":"Politique de confidentialit\u00e9 - Hi-Technologies","og_description":"Politique de confidentialit\u00e9 En tant qu\u2019entreprise suisse proposant ses services sur le territoire suisse Hi Technologies SA respecte la nouvelle loi f\u00e9d\u00e9rale sur la protection des donn\u00e9es (nLPD).De plus, suite \u00e0 l&#8217;ouverture de notre filiale fran\u00e7aise en Mai 2024, nous mettons \u00e9galement tout en \u0153uvre pour respecter la r\u00e9glementation de l\u2019Union europ\u00e9enne (RGPD) pour les [&hellip;]","og_url":"https:\/\/hi-technologies.ch\/fr\/politique-de-confidentialite\/","og_site_name":"Hi-Technologies","article_modified_time":"2025-11-26T09:59:00+00:00","twitter_card":"summary_large_image","twitter_misc":{"Est. reading time":"5 minutes"},"schema":{"@context":"https:\/\/schema.org","@graph":[{"@type":"WebPage","@id":"https:\/\/hi-technologies.ch\/fr\/politique-de-confidentialite\/","url":"https:\/\/hi-technologies.ch\/fr\/politique-de-confidentialite\/","name":"Politique de confidentialit\u00e9 - Hi-Technologies","isPartOf":{"@id":"https:\/\/hi-technologies.ch\/fr\/#website"},"datePublished":"2025-11-11T09:54:58+00:00","dateModified":"2025-11-26T09:59:00+00:00","breadcrumb":{"@id":"https:\/\/hi-technologies.ch\/fr\/politique-de-confidentialite\/#breadcrumb"},"inLanguage":"fr-FR","potentialAction":[{"@type":"ReadAction","target":["https:\/\/hi-technologies.ch\/fr\/politique-de-confidentialite\/"]}]},{"@type":"BreadcrumbList","@id":"https:\/\/hi-technologies.ch\/fr\/politique-de-confidentialite\/#breadcrumb","itemListElement":[{"@type":"ListItem","position":1,"name":"Home","item":"https:\/\/hi-technologies.ch\/fr\/"},{"@type":"ListItem","position":2,"name":"Politique de confidentialit\u00e9"}]},{"@type":"WebSite","@id":"https:\/\/hi-technologies.ch\/fr\/#website","url":"https:\/\/hi-technologies.ch\/fr\/","name":"Hi-Technologies","description":"","publisher":{"@id":"https:\/\/hi-technologies.ch\/fr\/#organization"},"potentialAction":[{"@type":"SearchAction","target":{"@type":"EntryPoint","urlTemplate":"https:\/\/hi-technologies.ch\/fr\/?s={search_term_string}"},"query-input":{"@type":"PropertyValueSpecification","valueRequired":true,"valueName":"search_term_string"}}],"inLanguage":"fr-FR"},{"@type":"Organization","@id":"https:\/\/hi-technologies.ch\/fr\/#organization","name":"Hi-Technologies","url":"https:\/\/hi-technologies.ch\/fr\/","logo":{"@type":"ImageObject","inLanguage":"fr-FR","@id":"https:\/\/hi-technologies.ch\/fr\/#\/schema\/logo\/image\/","url":"https:\/\/hi-technologies.ch\/app\/uploads\/2025\/12\/hi-technologies_logo2025-2.png","contentUrl":"https:\/\/hi-technologies.ch\/app\/uploads\/2025\/12\/hi-technologies_logo2025-2.png","width":849,"height":281,"caption":"Hi-Technologies"},"image":{"@id":"https:\/\/hi-technologies.ch\/fr\/#\/schema\/logo\/image\/"},"sameAs":["https:\/\/www.linkedin.com\/company\/hitechnologies\/"]}]}},"_links":{"self":[{"href":"https:\/\/hi-technologies.ch\/fr\/wp-json\/wp\/v2\/pages\/2663","targetHints":{"allow":["GET"]}}],"collection":[{"href":"https:\/\/hi-technologies.ch\/fr\/wp-json\/wp\/v2\/pages"}],"about":[{"href":"https:\/\/hi-technologies.ch\/fr\/wp-json\/wp\/v2\/types\/page"}],"author":[{"embeddable":true,"href":"https:\/\/hi-technologies.ch\/fr\/wp-json\/wp\/v2\/users\/1"}],"replies":[{"embeddable":true,"href":"https:\/\/hi-technologies.ch\/fr\/wp-json\/wp\/v2\/comments?post=2663"}],"version-history":[{"count":1,"href":"https:\/\/hi-technologies.ch\/fr\/wp-json\/wp\/v2\/pages\/2663\/revisions"}],"predecessor-version":[{"id":2664,"href":"https:\/\/hi-technologies.ch\/fr\/wp-json\/wp\/v2\/pages\/2663\/revisions\/2664"}],"wp:attachment":[{"href":"https:\/\/hi-technologies.ch\/fr\/wp-json\/wp\/v2\/media?parent=2663"}],"wp:term":[{"taxonomy":"domaine_solution","embeddable":true,"href":"https:\/\/hi-technologies.ch\/fr\/wp-json\/wp\/v2\/domaine_solution?post=2663"}],"curies":[{"name":"wp","href":"https:\/\/api.w.org\/{rel}","templated":true}]}}