{"id":1709,"date":"2025-10-28T16:36:23","date_gmt":"2025-10-28T15:36:23","guid":{"rendered":"https:\/\/hi-technologies.ch\/?page_id=1709"},"modified":"2025-12-19T08:22:16","modified_gmt":"2025-12-19T07:22:16","slug":"samsung","status":"publish","type":"page","link":"https:\/\/hi-technologies.ch\/fr\/marques-partenaires\/samsung\/","title":{"rendered":"Samsung"},"content":{"rendered":"\n\n\n\n   \n\n\n  \n\n\n\n\n        \n<section\n  id=\"block_822999ee2b34548cc90f338dbe0322e3\"\n  class=\"hero_section relative isolate   w-full overflow-hidden md:rounded-2xl md:mt-6 mt-0 js-hero\"\n  data-hero-tone=\"light\"\n  style=\"background-image:linear-gradient(90deg, rgba(0,0,0,.40) 0%, rgba(0,0,0,0) 50%), url(https:\/\/hi-technologies.ch\/app\/uploads\/2025\/10\/HitSamsung-Header-02.jpg); background-size:cover; background-position:center; min-height:48vh;\">\n\n\n    \n\n    \n    \n  <div class=\"relative z-20 max-w-7xl px-4 md:px-6 mx-auto\" style=\"min-height:48vh;\">\n    <div class=\"flex items-center\" style=\"min-height:48vh;\">\n              \n        <div class=\"hero__content py-12 md:py-16 lg:py-20 text-white text-left\">\n\n          \n                      <h1 class=\"text-3xl md:text-6xl fw-600 uppercase leading-tight js-reveal\"\n                data-reveal-from=\"left\" data-reveal-distance=\"24\"\n                data-reveal-delay=\"0.06\" data-reveal-once=\"true\">\n              Samsung\n            <\/h1>\n          \n                      <div class=\"mt-4 text-sm md:text-base leading-relaxed opacity-95 js-reveal-blur\"\n                data-reveal-distance=\"12\" data-reveal-delay=\"0.12\" data-reveal-once=\"true\">\n              <p>D\u00e9couvrez l\u2019univers d\u2019affichage professionnel Samsung : \u00e9crans UHD, LED, interactifs et solutions de gestion centralis\u00e9e, adapt\u00e9s \u00e0 chaque espace et besoin de communication visuelle.<\/p>\n\n            <\/div>\n          \n                                          <div class=\"mt-6 flex flex-wrap items-center gap-4 js-reveal\"\n                data-reveal-from=\"up\" data-reveal-distance=\"16\"\n                data-reveal-delay=\"0.18\" data-reveal-once=\"true\">\n                                                  \n                    \n                \n\n<a href=\"#solutions\" class=\"cta_link tone-teal\">\n  <span>D\u00e9couvrir les solutions d&#8217;affichage vid\u00e9o Samsung<\/span>\n  <\/a>\n      \n                                                  \n                    \n                \n\n\n\n\n\n\n      \n        \n    \n      <a href=\"https:\/\/hi-technologies.ch\/fr\/contact\/\"\n       class=\"cta_btn cta_btn--md cta_btn--wipe tone-teal cta_btn--hairline halo-none\"\n       >\n      <span>Prendre rendez-vous<\/span>\n          <\/a>\n        \n            <\/div>\n          \n        <\/div>\n\n    <\/div>\n  <\/div>\n<\/section>\n\n<script>\n  (function () {\n    var hero = document.currentScript && document.currentScript.previousElementSibling;\n    if (!hero) return;\n    var tone = hero.getAttribute('data-hero-tone') || 'light';\n    document.body.classList.add('has-hero', 'hero-tone-' + tone);\n  })();\n<\/script>\n\n\n\n\n\n\n\n\n<section id=\"block_568991c56dfee5a403921fc2aff0fa65\"\n         class=\"b2 block_2col mt-12 rounded-2xl \"\n         style=\"background-color:#f7f7f7;\">\n  <div class=\"max-w-7xl mx-auto px-4 md:px-6 py-12 md:py-16\">\n    <div class=\"grid grid-cols-1 md:grid-cols-12 gap-8 md:gap-10 items-center\">\n\n            <div class=\"md:order-1 md:col-span-6 pl-12 pr-12 js-reveal\" data-reveal-distance=\"24\">\n                                  <img decoding=\"async\" class=\"b2-logo max-w-[340px] w-full h-auto\" src=\"https:\/\/hi-technologies.ch\/app\/uploads\/2025\/10\/Hit_Samsung_Orig_Wordmark_BLACK_RGB.png\" alt=\"\">\n        \n        \n              <\/div>\n\n            <div class=\"md:order-2 md:col-span-6 pl-12 pr-12 js-reveal\" data-reveal-distance=\"24\">\n                  <h2 class=\"text-3xl md:text-4xl fw-500 leading-tight mb-12 mt-12 js-reveal-blur\" data-reveal-stagger=\"0.06\">\n            Des solutions d\u2019affichage innovantes pour tous les environnements professionnels\n          <\/h2>\n        \n                  <div class=\"text-xs md:text-base leading-relaxed mt-12 mb-6\">\n            <p>Samsung propose une large gamme d\u2019\u00e9crans et solutions d\u2019affichage d\u00e9di\u00e9es aux environnements professionnels, alliant performance, fiabilit\u00e9 et design moderne.<\/p>\n<p>La marque met \u00e0 disposition des entreprises, commerces et espaces collaboratifs des <b>\u00e9crans professionnels, panneaux LED, \u00e9crans interactifs et solutions de signal\u00e9tique num\u00e9rique<\/b>, adapt\u00e9s \u00e0 chaque usage.<\/p>\n<p>Gr\u00e2ce \u00e0 des technologies avanc\u00e9es comme la <b>4K UHD, la dalle anti-reflet et les plateformes de gestion centralis\u00e9e<\/b>, Samsung garantit une qualit\u00e9 d\u2019image exceptionnelle, une visibilit\u00e9 optimale et une durabilit\u00e9 renforc\u00e9e.<\/p>\n<p>Que ce soit pour les salles de r\u00e9union, les vitrines, les halls d\u2019accueil ou les espaces \u00e9v\u00e9nementiels, les solutions professionnelles Samsung optimisent la communication, la productivit\u00e9 et l\u2019exp\u00e9rience visuelle au sein de tout environnement professionnel.<\/p>\n\n          <\/div>\n        \n                        \n                  <div class=\"mt-6 flex flex-wrap gap-4\">\n                                                \n                    \n                \n\n<a href=\"#solutions\" class=\"cta_link tone-teal\">\n  <span>Focus sur 2 solutions Samsung<\/span>\n  <\/a>\n      \n                                                \n                    \n                \n\n\n\n\n\n\n      \n        \n    \n      <a href=\"#produits\"\n       class=\"cta_btn cta_btn--md cta_btn--wipe tone-teal cta_btn--hairline halo-none\"\n       >\n      <span>Gammes de produits<\/span>\n          <\/a>\n        \n          <\/div>\n              <\/div>\n\n    <\/div>\n  <\/div>\n<\/section>\n\n\n\n<h2 class=\"wp-block-heading has-text-align-center\" id=\"solutions\">Deux solutions professionnelles Samsung<br> mises en avant par Hi Technologies<\/h2>\n\n\n\n\n\n\n\n\n\n<section id=\"block_c50074adc1598eacbc150f50a4df7a84\" class=\"spotlight relative  mt-5 mb-5\">\n  <div class=\"max-w-7xl mx-auto px-4 md:px-6 py-12 md:py-16\">\n\n        <div\n      class=\"hidden md:block absolute inset-y-6 md:inset-y-8 bg-[#f7f7f7] rounded-2xl w-1\/2 right-0\"\n      aria-hidden=\"true\"><\/div>\n\n    <div class=\"relative grid grid-cols-1 md:grid-cols-12 gap-8 md:gap-12 items-center z-10\">\n\n            <div class=\"md:order-1 md:col-span-7 md:-mr-10 lg:-mr-12 js-reveal\"\n        data-reveal-from=\"left\"\n        data-reveal-distance=\"120\"\n        data-reveal-delay=\"0\">\n                          <div class=\"rounded-xl overflow-hidden shadow-sm\">\n                                                            <video class=\"w-full h-auto block\"\n                  playsinline    controls\n                                    data-autoplay-on-scroll>\n              <source src=\"https:\/\/hi-technologies.ch\/app\/uploads\/2025\/10\/samsung-wall.mp4\" type=\"video\/mp4\">\n            <\/video>\n          <\/div>\n        \n                      <\/div>\n\n            <div class=\"md:order-2 md:col-span-5\">\n        <div class=\"px-5 py-15 md:px-10 md:py-30 \">\n\n          \n                      <h2 class=\"text-3xl md:text-4xl fw-600 leading-tight mb-8 mt-16 js-reveal\"\n                data-reveal-from=\"right\" data-reveal-distance=\"24\" data-reveal-once=\"true\">\n              Samsung The Wall All-in-On\n            <\/h2>\n          \n                      <p class=\"text-lg uppercase tracking-wide opacity-80 mb-6 u-title fw-500 js-reveal\"\n              data-reveal-from=\"right\" data-reveal-distance=\"20\"\n              data-reveal-delay=\"0.06\" data-reveal-once=\"true\">\n              L\u2019affichage LED professionnel cl\u00e9 en main\n            <\/p>\n          \n                      <div class=\"mt-2 text-sm md:text-base leading-relaxed js-reveal-blur\"\n                data-reveal-distance=\"12\" data-reveal-delay=\"0.12\" data-reveal-once=\"true\">\n              <p>Samsung The Wall All-in-One est une solution d\u2019affichage LED haut de gamme con\u00e7ue pour les environnements professionnels exigeants. Cette s\u00e9rie offre des \u00e9crans modulaires pr\u00e9assembl\u00e9s, facilitant une installation rapide et sans complexit\u00e9.<\/p>\n<ul>\n<li>Tailles disponibles : 110&#8243; (2K), 146&#8243; (2K) et 146&#8243; (4K)<\/li>\n<li>Caract\u00e9ristiques principales :\n<ul>\n<li>MicroLED et HDR : Technologie MicroLED offrant une qualit\u00e9 d\u2019image exceptionnelle avec des noirs profonds et une large gamme de couleurs.<\/li>\n<li>Processeur AI 4K : Optimisation automatique du contenu pour une qualit\u00e9 visuelle optimale.<\/li>\n<li>Installation simplifi\u00e9e : Composants pr\u00e9assembl\u00e9s incluant le bo\u00eetier de contr\u00f4le, les supports muraux, les haut-parleurs et les cadres d\u00e9coratifs.<\/li>\n<li>Maintenance frontale : Acc\u00e8s facile pour l&#8217;entretien et la mise \u00e0 jour des modules.<\/li>\n<\/ul>\n<\/li>\n<li>Applications : Id\u00e9al pour les halls d\u2019accueil, les auditoriums, les espaces \u00e9v\u00e9nementiels et les installations de signal\u00e9tique num\u00e9rique.<\/li>\n<\/ul>\n<p>Samsung The Wall All-in-One combine performance, design et simplicit\u00e9 d\u2019utilisation, offrant une solution d\u2019affichage professionnelle compl\u00e8te et pr\u00eate \u00e0 l\u2019emploi.<\/p>\n<p><span lang=\"fr-CH\">Samsung The Wall existe aussi en version modulaire pour la cr\u00e9ation de surface d\u2019\u00e9cran sur-mesure.<\/span><\/p>\n\n            <\/div>\n          \n                    \n                      <div class=\"mt-8 flex flex-wrap items-center gap-6 mb-16 js-reveal\"\n                data-reveal-from=\"up\" data-reveal-distance=\"16\"\n                data-reveal-delay=\"0.18\" data-reveal-once=\"true\">\n                                                  \n                    \n                \n\n<a href=\"https:\/\/hi-technologies.ch\/fr\/contact\/\" class=\"cta_link tone-teal\">\n  <span>Contactez-nous<\/span>\n  <\/a>\n      \n                        \n            <\/div>\n          \n        <\/div>\n      <\/div>\n\n\n    <\/div>\n  <\/div>\n<\/section>\n\n\n\n\n\n\n\n\n\n<section id=\"samsung-e-paper\" class=\"spotlight relative  mt-5 mb-5\">\n  <div class=\"max-w-7xl mx-auto px-4 md:px-6 py-12 md:py-16\">\n\n        <div\n      class=\"hidden md:block absolute inset-y-6 md:inset-y-8 bg-[#f7f7f7] rounded-2xl w-1\/2 left-0\"\n      aria-hidden=\"true\"><\/div>\n\n    <div class=\"relative grid grid-cols-1 md:grid-cols-12 gap-8 md:gap-12 items-center z-10\">\n\n            <div class=\"md:order-2 md:col-span-7 md:-ml-10 lg:-ml-12 js-reveal\"\n        data-reveal-from=\"right\"\n        data-reveal-distance=\"120\"\n        data-reveal-delay=\"0\">\n                          <img decoding=\"async\" class=\"w-auto rounded-xl shadow-sm max-h-[550px] overflow-y-auto m-auto\" src=\"https:\/\/hi-technologies.ch\/app\/uploads\/2025\/10\/Hit_02-Samsung-e-paper-32-pouces.jpg\" alt=\"\">\n        \n                      <\/div>\n\n            <div class=\"md:order-1 md:col-span-5\">\n        <div class=\"px-5 py-15 md:px-10 md:py-30 \">\n\n          \n                      <h2 class=\"text-3xl md:text-4xl fw-600 leading-tight mb-8 mt-16 js-reveal\"\n                data-reveal-from=\"left\" data-reveal-distance=\"24\" data-reveal-once=\"true\">\n              Samsung Color E-Paper EM32DX\n            <\/h2>\n          \n                      <p class=\"text-lg uppercase tracking-wide opacity-80 mb-6 u-title fw-500 js-reveal\"\n              data-reveal-from=\"left\" data-reveal-distance=\"20\"\n              data-reveal-delay=\"0.06\" data-reveal-once=\"true\">\n              Signal\u00e9tique num\u00e9rique \u00e9co\u00e9nerg\u00e9tique\n            <\/p>\n          \n                      <div class=\"mt-2 text-sm md:text-base leading-relaxed js-reveal-blur\"\n                data-reveal-distance=\"12\" data-reveal-delay=\"0.12\" data-reveal-once=\"true\">\n              <p>Le <b>Samsung Color E-Paper EM32DX<\/b> est un \u00e9cran de 32 pouces (QHD 2560&#215;1440) con\u00e7u pour <b>remplacer les supports papier traditionnels<\/b> dans les environnements professionnels. Gr\u00e2ce \u00e0 sa technologie d&#8217;encre num\u00e9rique, il offre une lisibilit\u00e9 optimale avec une consommation d&#8217;\u00e9nergie quasi nulle pour l&#8217;affichage d&#8217;images statiques<b>. Son design ultra-fin<\/b> (17,9 mm d&#8217;\u00e9paisseur) et l\u00e9ger (2,4 kg) facilite son installation dans divers espaces tels que les points de vente, les restaurants ou les halls d&#8217;accueil.<\/p>\n<p><b>Caract\u00e9ristiques principales :<\/b><\/p>\n<ul>\n<li><b>Technologie d&#8217;affichage :<\/b> Encre num\u00e9rique couleur avec 6 couleurs, permettant une large gamme de teintes.<\/li>\n<li><b>Autonomie :<\/b> Batterie lithium-ion de 5 000 mAh offrant jusqu&#8217;\u00e0 200 jours d&#8217;autonomie avec une mise \u00e0 jour quotidienne du contenu.<\/li>\n<li><b>Connectivit\u00e9 :<\/b> Wi-Fi, Bluetooth 5.0 et port USB-C pour la gestion du contenu sans fil.<\/li>\n<li><b>Plateforme :<\/b> Fonctionne sous Tizen 8.0, compatible avec les solutions de gestion de contenu telles que Samsung VXT.<\/li>\n<li><b>Durabilit\u00e9 :<\/b> Certifi\u00e9 IP5x, garantissant une protection contre la poussi\u00e8re et une utilisation fiable 24\/7.<\/li>\n<\/ul>\n<p>Cette solution est id\u00e9ale pour les entreprises souhaitant r\u00e9duire leur empreinte \u00e9cologique tout en offrant une communication visuelle moderne et efficace.<\/p>\n\n            <\/div>\n          \n                    \n                      <div class=\"mt-8 flex flex-wrap items-center gap-6 mb-16 js-reveal\"\n                data-reveal-from=\"up\" data-reveal-distance=\"16\"\n                data-reveal-delay=\"0.18\" data-reveal-once=\"true\">\n                                                  \n                    \n                \n\n<a href=\"https:\/\/hi-technologies.ch\/fr\/contact\/\" class=\"cta_link tone-teal\">\n  <span>Contactez-nous<\/span>\n  <\/a>\n      \n                        \n            <\/div>\n          \n        <\/div>\n      <\/div>\n\n\n    <\/div>\n  <\/div>\n<\/section>\n\n\n\n<p><\/p>\n","protected":false},"excerpt":{"rendered":"<p>Deux solutions professionnelles Samsung mises en avant par Hi Technologies<\/p>\n","protected":false},"author":1,"featured_media":1712,"parent":96,"menu_order":0,"comment_status":"closed","ping_status":"closed","template":"page-templates\/page-marque.php","meta":{"_acf_changed":false,"inline_featured_image":false,"footnotes":""},"domaine_solution":[],"class_list":["post-1709","page","type-page","status-publish","has-post-thumbnail","hentry"],"acf":[],"yoast_head":"<!-- This site is optimized with the Yoast SEO plugin v25.8 - https:\/\/yoast.com\/wordpress\/plugins\/seo\/ -->\n<title>Samsung - Hi-Technologies<\/title>\n<meta name=\"description\" content=\"Solutions d\u2019affichage professionnel Samsung : \u00e9crans UHD, LED, interactifs et signal\u00e9tique. Conseil, int\u00e9gration et gestion centralis\u00e9e pour chaque espace par Hi Technologies.\" \/>\n<meta name=\"robots\" content=\"index, follow, max-snippet:-1, max-image-preview:large, max-video-preview:-1\" \/>\n<link rel=\"canonical\" href=\"https:\/\/hi-technologies.ch\/fr\/marques-partenaires\/samsung\/\" \/>\n<meta property=\"og:locale\" content=\"fr_FR\" \/>\n<meta property=\"og:type\" content=\"article\" \/>\n<meta property=\"og:title\" content=\"Samsung - Hi-Technologies\" \/>\n<meta property=\"og:description\" content=\"Solutions d\u2019affichage professionnel Samsung : \u00e9crans UHD, LED, interactifs et signal\u00e9tique. Conseil, int\u00e9gration et gestion centralis\u00e9e pour chaque espace par Hi Technologies.\" \/>\n<meta property=\"og:url\" content=\"https:\/\/hi-technologies.ch\/fr\/marques-partenaires\/samsung\/\" \/>\n<meta property=\"og:site_name\" content=\"Hi-Technologies\" \/>\n<meta property=\"article:modified_time\" content=\"2025-12-19T07:22:16+00:00\" \/>\n<meta property=\"og:image\" content=\"https:\/\/hi-technologies.ch\/app\/uploads\/2025\/10\/Hit_Samsung_Orig_Wordmark_BLACK_RGB.png\" \/>\n\t<meta property=\"og:image:width\" content=\"480\" \/>\n\t<meta property=\"og:image:height\" content=\"128\" \/>\n\t<meta property=\"og:image:type\" content=\"image\/png\" \/>\n<meta name=\"twitter:card\" content=\"summary_large_image\" \/>\n<meta name=\"twitter:label1\" content=\"Est. reading time\" \/>\n\t<meta name=\"twitter:data1\" content=\"1 minute\" \/>\n<script type=\"application\/ld+json\" class=\"yoast-schema-graph\">{\"@context\":\"https:\/\/schema.org\",\"@graph\":[{\"@type\":\"WebPage\",\"@id\":\"https:\/\/hi-technologies.ch\/fr\/marques-partenaires\/samsung\/\",\"url\":\"https:\/\/hi-technologies.ch\/fr\/marques-partenaires\/samsung\/\",\"name\":\"Samsung - Hi-Technologies\",\"isPartOf\":{\"@id\":\"https:\/\/hi-technologies.ch\/fr\/#website\"},\"primaryImageOfPage\":{\"@id\":\"https:\/\/hi-technologies.ch\/fr\/marques-partenaires\/samsung\/#primaryimage\"},\"image\":{\"@id\":\"https:\/\/hi-technologies.ch\/fr\/marques-partenaires\/samsung\/#primaryimage\"},\"thumbnailUrl\":\"https:\/\/hi-technologies.ch\/app\/uploads\/2025\/10\/Hit_Samsung_Orig_Wordmark_BLACK_RGB.png\",\"datePublished\":\"2025-10-28T15:36:23+00:00\",\"dateModified\":\"2025-12-19T07:22:16+00:00\",\"description\":\"Solutions d\u2019affichage professionnel Samsung : \u00e9crans UHD, LED, interactifs et signal\u00e9tique. Conseil, int\u00e9gration et gestion centralis\u00e9e pour chaque espace par Hi Technologies.\",\"breadcrumb\":{\"@id\":\"https:\/\/hi-technologies.ch\/fr\/marques-partenaires\/samsung\/#breadcrumb\"},\"inLanguage\":\"fr-FR\",\"potentialAction\":[{\"@type\":\"ReadAction\",\"target\":[\"https:\/\/hi-technologies.ch\/fr\/marques-partenaires\/samsung\/\"]}]},{\"@type\":\"ImageObject\",\"inLanguage\":\"fr-FR\",\"@id\":\"https:\/\/hi-technologies.ch\/fr\/marques-partenaires\/samsung\/#primaryimage\",\"url\":\"https:\/\/hi-technologies.ch\/app\/uploads\/2025\/10\/Hit_Samsung_Orig_Wordmark_BLACK_RGB.png\",\"contentUrl\":\"https:\/\/hi-technologies.ch\/app\/uploads\/2025\/10\/Hit_Samsung_Orig_Wordmark_BLACK_RGB.png\",\"width\":480,\"height\":128},{\"@type\":\"BreadcrumbList\",\"@id\":\"https:\/\/hi-technologies.ch\/fr\/marques-partenaires\/samsung\/#breadcrumb\",\"itemListElement\":[{\"@type\":\"ListItem\",\"position\":1,\"name\":\"Home\",\"item\":\"https:\/\/hi-technologies.ch\/fr\/\"},{\"@type\":\"ListItem\",\"position\":2,\"name\":\"Marques &amp; Partenaires\",\"item\":\"https:\/\/hi-technologies.ch\/fr\/marques-partenaires\/\"},{\"@type\":\"ListItem\",\"position\":3,\"name\":\"Samsung\"}]},{\"@type\":\"WebSite\",\"@id\":\"https:\/\/hi-technologies.ch\/fr\/#website\",\"url\":\"https:\/\/hi-technologies.ch\/fr\/\",\"name\":\"Hi-Technologies\",\"description\":\"\",\"publisher\":{\"@id\":\"https:\/\/hi-technologies.ch\/fr\/#organization\"},\"potentialAction\":[{\"@type\":\"SearchAction\",\"target\":{\"@type\":\"EntryPoint\",\"urlTemplate\":\"https:\/\/hi-technologies.ch\/fr\/?s={search_term_string}\"},\"query-input\":{\"@type\":\"PropertyValueSpecification\",\"valueRequired\":true,\"valueName\":\"search_term_string\"}}],\"inLanguage\":\"fr-FR\"},{\"@type\":\"Organization\",\"@id\":\"https:\/\/hi-technologies.ch\/fr\/#organization\",\"name\":\"Hi-Technologies\",\"url\":\"https:\/\/hi-technologies.ch\/fr\/\",\"logo\":{\"@type\":\"ImageObject\",\"inLanguage\":\"fr-FR\",\"@id\":\"https:\/\/hi-technologies.ch\/fr\/#\/schema\/logo\/image\/\",\"url\":\"https:\/\/hi-technologies.ch\/app\/uploads\/2025\/12\/hi-technologies_logo2025-2.png\",\"contentUrl\":\"https:\/\/hi-technologies.ch\/app\/uploads\/2025\/12\/hi-technologies_logo2025-2.png\",\"width\":849,\"height\":281,\"caption\":\"Hi-Technologies\"},\"image\":{\"@id\":\"https:\/\/hi-technologies.ch\/fr\/#\/schema\/logo\/image\/\"},\"sameAs\":[\"https:\/\/www.linkedin.com\/company\/hitechnologies\/\"]}]}<\/script>\n<!-- \/ Yoast SEO plugin. -->","yoast_head_json":{"title":"Samsung - Hi-Technologies","description":"Solutions d\u2019affichage professionnel Samsung : \u00e9crans UHD, LED, interactifs et signal\u00e9tique. Conseil, int\u00e9gration et gestion centralis\u00e9e pour chaque espace par Hi Technologies.","robots":{"index":"index","follow":"follow","max-snippet":"max-snippet:-1","max-image-preview":"max-image-preview:large","max-video-preview":"max-video-preview:-1"},"canonical":"https:\/\/hi-technologies.ch\/fr\/marques-partenaires\/samsung\/","og_locale":"fr_FR","og_type":"article","og_title":"Samsung - Hi-Technologies","og_description":"Solutions d\u2019affichage professionnel Samsung : \u00e9crans UHD, LED, interactifs et signal\u00e9tique. Conseil, int\u00e9gration et gestion centralis\u00e9e pour chaque espace par Hi Technologies.","og_url":"https:\/\/hi-technologies.ch\/fr\/marques-partenaires\/samsung\/","og_site_name":"Hi-Technologies","article_modified_time":"2025-12-19T07:22:16+00:00","og_image":[{"width":480,"height":128,"url":"https:\/\/hi-technologies.ch\/app\/uploads\/2025\/10\/Hit_Samsung_Orig_Wordmark_BLACK_RGB.png","type":"image\/png"}],"twitter_card":"summary_large_image","twitter_misc":{"Est. reading time":"1 minute"},"schema":{"@context":"https:\/\/schema.org","@graph":[{"@type":"WebPage","@id":"https:\/\/hi-technologies.ch\/fr\/marques-partenaires\/samsung\/","url":"https:\/\/hi-technologies.ch\/fr\/marques-partenaires\/samsung\/","name":"Samsung - Hi-Technologies","isPartOf":{"@id":"https:\/\/hi-technologies.ch\/fr\/#website"},"primaryImageOfPage":{"@id":"https:\/\/hi-technologies.ch\/fr\/marques-partenaires\/samsung\/#primaryimage"},"image":{"@id":"https:\/\/hi-technologies.ch\/fr\/marques-partenaires\/samsung\/#primaryimage"},"thumbnailUrl":"https:\/\/hi-technologies.ch\/app\/uploads\/2025\/10\/Hit_Samsung_Orig_Wordmark_BLACK_RGB.png","datePublished":"2025-10-28T15:36:23+00:00","dateModified":"2025-12-19T07:22:16+00:00","description":"Solutions d\u2019affichage professionnel Samsung : \u00e9crans UHD, LED, interactifs et signal\u00e9tique. Conseil, int\u00e9gration et gestion centralis\u00e9e pour chaque espace par Hi Technologies.","breadcrumb":{"@id":"https:\/\/hi-technologies.ch\/fr\/marques-partenaires\/samsung\/#breadcrumb"},"inLanguage":"fr-FR","potentialAction":[{"@type":"ReadAction","target":["https:\/\/hi-technologies.ch\/fr\/marques-partenaires\/samsung\/"]}]},{"@type":"ImageObject","inLanguage":"fr-FR","@id":"https:\/\/hi-technologies.ch\/fr\/marques-partenaires\/samsung\/#primaryimage","url":"https:\/\/hi-technologies.ch\/app\/uploads\/2025\/10\/Hit_Samsung_Orig_Wordmark_BLACK_RGB.png","contentUrl":"https:\/\/hi-technologies.ch\/app\/uploads\/2025\/10\/Hit_Samsung_Orig_Wordmark_BLACK_RGB.png","width":480,"height":128},{"@type":"BreadcrumbList","@id":"https:\/\/hi-technologies.ch\/fr\/marques-partenaires\/samsung\/#breadcrumb","itemListElement":[{"@type":"ListItem","position":1,"name":"Home","item":"https:\/\/hi-technologies.ch\/fr\/"},{"@type":"ListItem","position":2,"name":"Marques &amp; Partenaires","item":"https:\/\/hi-technologies.ch\/fr\/marques-partenaires\/"},{"@type":"ListItem","position":3,"name":"Samsung"}]},{"@type":"WebSite","@id":"https:\/\/hi-technologies.ch\/fr\/#website","url":"https:\/\/hi-technologies.ch\/fr\/","name":"Hi-Technologies","description":"","publisher":{"@id":"https:\/\/hi-technologies.ch\/fr\/#organization"},"potentialAction":[{"@type":"SearchAction","target":{"@type":"EntryPoint","urlTemplate":"https:\/\/hi-technologies.ch\/fr\/?s={search_term_string}"},"query-input":{"@type":"PropertyValueSpecification","valueRequired":true,"valueName":"search_term_string"}}],"inLanguage":"fr-FR"},{"@type":"Organization","@id":"https:\/\/hi-technologies.ch\/fr\/#organization","name":"Hi-Technologies","url":"https:\/\/hi-technologies.ch\/fr\/","logo":{"@type":"ImageObject","inLanguage":"fr-FR","@id":"https:\/\/hi-technologies.ch\/fr\/#\/schema\/logo\/image\/","url":"https:\/\/hi-technologies.ch\/app\/uploads\/2025\/12\/hi-technologies_logo2025-2.png","contentUrl":"https:\/\/hi-technologies.ch\/app\/uploads\/2025\/12\/hi-technologies_logo2025-2.png","width":849,"height":281,"caption":"Hi-Technologies"},"image":{"@id":"https:\/\/hi-technologies.ch\/fr\/#\/schema\/logo\/image\/"},"sameAs":["https:\/\/www.linkedin.com\/company\/hitechnologies\/"]}]}},"_links":{"self":[{"href":"https:\/\/hi-technologies.ch\/fr\/wp-json\/wp\/v2\/pages\/1709","targetHints":{"allow":["GET"]}}],"collection":[{"href":"https:\/\/hi-technologies.ch\/fr\/wp-json\/wp\/v2\/pages"}],"about":[{"href":"https:\/\/hi-technologies.ch\/fr\/wp-json\/wp\/v2\/types\/page"}],"author":[{"embeddable":true,"href":"https:\/\/hi-technologies.ch\/fr\/wp-json\/wp\/v2\/users\/1"}],"replies":[{"embeddable":true,"href":"https:\/\/hi-technologies.ch\/fr\/wp-json\/wp\/v2\/comments?post=1709"}],"version-history":[{"count":19,"href":"https:\/\/hi-technologies.ch\/fr\/wp-json\/wp\/v2\/pages\/1709\/revisions"}],"predecessor-version":[{"id":5589,"href":"https:\/\/hi-technologies.ch\/fr\/wp-json\/wp\/v2\/pages\/1709\/revisions\/5589"}],"up":[{"embeddable":true,"href":"https:\/\/hi-technologies.ch\/fr\/wp-json\/wp\/v2\/pages\/96"}],"wp:featuredmedia":[{"embeddable":true,"href":"https:\/\/hi-technologies.ch\/fr\/wp-json\/wp\/v2\/media\/1712"}],"wp:attachment":[{"href":"https:\/\/hi-technologies.ch\/fr\/wp-json\/wp\/v2\/media?parent=1709"}],"wp:term":[{"taxonomy":"domaine_solution","embeddable":true,"href":"https:\/\/hi-technologies.ch\/fr\/wp-json\/wp\/v2\/domaine_solution?post=1709"}],"curies":[{"name":"wp","href":"https:\/\/api.w.org\/{rel}","templated":true}]}}