{"id":1619,"date":"2025-10-27T16:51:34","date_gmt":"2025-10-27T15:51:34","guid":{"rendered":"https:\/\/hi-technologies.ch\/?page_id=1619"},"modified":"2025-12-19T08:50:16","modified_gmt":"2025-12-19T07:50:16","slug":"prolights","status":"publish","type":"page","link":"https:\/\/hi-technologies.ch\/fr\/marques-partenaires\/prolights\/","title":{"rendered":"Prolights"},"content":{"rendered":"\n\n\n\n   \n\n\n  \n\n\n\n\n        \n<section\n  id=\"block_5129c813bb3ac84dfdebb3c123df86e1\"\n  class=\"hero_section relative isolate   w-full overflow-hidden md:rounded-2xl md:mt-6 mt-0 js-hero\"\n  data-hero-tone=\"light\"\n  style=\"background-image:linear-gradient(90deg, rgba(0,0,0,.40) 0%, rgba(0,0,0,0) 50%), url(https:\/\/hi-technologies.ch\/app\/uploads\/2025\/10\/prolights_hero.jpg); background-size:cover; background-position:center; min-height:48vh;\">\n\n\n    \n\n    \n    \n  <div class=\"relative z-20 max-w-7xl px-4 md:px-6 mx-auto\" style=\"min-height:48vh;\">\n    <div class=\"flex items-center\" style=\"min-height:48vh;\">\n              \n        <div class=\"hero__content py-12 md:py-16 lg:py-20 text-white text-left\">\n\n          \n                      <h1 class=\"text-3xl md:text-6xl fw-600 uppercase leading-tight js-reveal\"\n                data-reveal-from=\"left\" data-reveal-distance=\"24\"\n                data-reveal-delay=\"0.06\" data-reveal-once=\"true\">\n              Prolights\n            <\/h1>\n          \n                      <div class=\"mt-4 text-sm md:text-base leading-relaxed opacity-95 js-reveal-blur\"\n                data-reveal-distance=\"12\" data-reveal-delay=\"0.12\" data-reveal-once=\"true\">\n              <p>Prolights propose une gamme compl\u00e8te d\u2019\u00e9clairages professionnels, des spots LED aux projecteurs motoris\u00e9s et fresnels, offrant performance, fiabilit\u00e9 et cr\u00e9ativit\u00e9 pour le spectacle, l\u2019\u00e9v\u00e9nementiel et les installations sc\u00e9niques<\/p>\n\n            <\/div>\n          \n                                          <div class=\"mt-6 flex flex-wrap items-center gap-4 js-reveal\"\n                data-reveal-from=\"up\" data-reveal-distance=\"16\"\n                data-reveal-delay=\"0.18\" data-reveal-once=\"true\">\n                                                  \n                    \n                \n\n<a href=\"#solutions\" class=\"cta_link tone-teal\">\n  <span>D\u00e9couvrir les solutions Prolights<\/span>\n  <\/a>\n      \n                                                  \n                    \n                \n\n\n\n\n\n\n      \n        \n    \n      <a href=\"https:\/\/hi-technologies.ch\/fr\/contact\/\"\n       class=\"cta_btn cta_btn--md cta_btn--wipe tone-teal cta_btn--hairline halo-none\"\n       >\n      <span>Prendre rendez-vous<\/span>\n          <\/a>\n        \n            <\/div>\n          \n        <\/div>\n\n    <\/div>\n  <\/div>\n<\/section>\n\n<script>\n  (function () {\n    var hero = document.currentScript && document.currentScript.previousElementSibling;\n    if (!hero) return;\n    var tone = hero.getAttribute('data-hero-tone') || 'light';\n    document.body.classList.add('has-hero', 'hero-tone-' + tone);\n  })();\n<\/script>\n\n\n\n\n\n\n\n\n<section id=\"block_efbed13f1c6736b25517c4a9042ec0cd\"\n         class=\"b2 block_2col mt-12 rounded-2xl \"\n         style=\"background-color:#f7f7f7;\">\n  <div class=\"max-w-7xl mx-auto px-4 md:px-6 py-12 md:py-16\">\n    <div class=\"grid grid-cols-1 md:grid-cols-12 gap-8 md:gap-10 items-center\">\n\n            <div class=\"md:order-1 md:col-span-6 pl-12 pr-12 js-reveal\" data-reveal-distance=\"24\">\n                                  <img decoding=\"async\" class=\"b2-logo max-w-[340px] w-full h-auto\" src=\"https:\/\/hi-technologies.ch\/app\/uploads\/2025\/10\/Prolight-Logo.webp\" alt=\"\">\n        \n        \n              <\/div>\n\n            <div class=\"md:order-2 md:col-span-6 pl-12 pr-12 js-reveal\" data-reveal-distance=\"24\">\n                  <h2 class=\"text-3xl md:text-4xl fw-500 leading-tight mb-12 mt-12 js-reveal-blur\" data-reveal-stagger=\"0.06\">\n            Innovation et performance au service de l&#8217;\u00e9clairage professionnel\n          <\/h2>\n        \n                  <div class=\"text-xs md:text-base leading-relaxed mt-12 mb-6\">\n            <p>Prolights est une marque italienne sp\u00e9cialis\u00e9e dans la <b>conception et la fabrication de technologies d&#8217;\u00e9clairage de pointe<\/b> pour les secteurs du spectacle, de l&#8217;\u00e9v\u00e9nementiel, du cin\u00e9ma et de l&#8217;architecture. Fond\u00e9e en 2001 par Franco et Fabio Sorabella, l&#8217;entreprise est dirig\u00e9e de mani\u00e8re familiale, avec une forte implication de ses fondateurs dans la gestion quotidienne et le d\u00e9veloppement des produits<\/p>\n<p>Bas\u00e9e \u00e0 Minturno, en Italie, Prolights est une division de Music &amp; Lights S.r.l., une soci\u00e9t\u00e9 reconnue pour son expertise dans la production de <b>technologies pour l&#8217;industrie du spectacle<\/b>. La marque est pr\u00e9sente \u00e0 l&#8217;\u00e9chelle mondiale, avec des produits utilis\u00e9s sur des sc\u00e8nes, dans des studios et lors d&#8217;\u00e9v\u00e9nements dans le monde entier.<\/p>\n<p>Prolights se distingue par son <b>engagement envers l&#8217;innovation, la performance et la durabilit\u00e9<\/b>, offrant une large gamme de produits adapt\u00e9s aux besoins des professionnels de l&#8217;\u00e9clairage.<\/p>\n\n          <\/div>\n        \n                        \n                  <div class=\"mt-6 flex flex-wrap gap-4\">\n                                                \n                    \n                \n\n<a href=\"#solutions\" class=\"cta_link tone-teal\">\n  <span>Focus sur deux solutions d&#8217;\u00e9clairage Prolights<\/span>\n  <\/a>\n      \n                                                \n                    \n                \n\n\n\n\n\n\n      \n        \n    \n      <a href=\"#produits\"\n       class=\"cta_btn cta_btn--md cta_btn--wipe tone-teal cta_btn--hairline halo-none\"\n       >\n      <span>Gammes de produits<\/span>\n          <\/a>\n        \n          <\/div>\n              <\/div>\n\n    <\/div>\n  <\/div>\n<\/section>\n\n\n\n<h2 class=\"wp-block-heading has-text-align-center\">D\u00e9couvrez deux produits phares<br> de la gamme Prolights<\/h2>\n\n\n\n\n\n\n\n\n\n<section id=\"solutions\" class=\"spotlight relative  mt-5 mb-5\">\n  <div class=\"max-w-7xl mx-auto px-4 md:px-6 py-12 md:py-16\">\n\n        <div\n      class=\"hidden md:block absolute inset-y-6 md:inset-y-8 bg-[#f7f7f7] rounded-2xl w-1\/2 right-0\"\n      aria-hidden=\"true\"><\/div>\n\n    <div class=\"relative grid grid-cols-1 md:grid-cols-12 gap-8 md:gap-12 items-center z-10\">\n\n            <div class=\"md:order-1 md:col-span-7 md:-mr-10 lg:-mr-12 js-reveal\"\n        data-reveal-from=\"left\"\n        data-reveal-distance=\"120\"\n        data-reveal-delay=\"0\">\n                          <div class=\"rounded-xl overflow-hidden shadow-sm\">\n                                                            <video class=\"w-full h-auto block\"\n                  playsinline    controls\n                                    data-autoplay-on-scroll>\n              <source src=\"https:\/\/hi-technologies.ch\/app\/uploads\/2025\/10\/hit_PROLIGHTS-EclPar-IPMFC_3.mp4\" type=\"video\/mp4\">\n            <\/video>\n          <\/div>\n        \n                      <\/div>\n\n            <div class=\"md:order-2 md:col-span-5\">\n        <div class=\"px-5 py-15 md:px-10 md:py-30 \">\n\n          \n                      <h2 class=\"text-3xl md:text-4xl fw-600 leading-tight mb-8 mt-16 js-reveal\"\n                data-reveal-from=\"right\" data-reveal-distance=\"24\" data-reveal-once=\"true\">\n              EclPar IPMFC\n            <\/h2>\n          \n                      <p class=\"text-lg uppercase tracking-wide opacity-80 mb-6 u-title fw-500 js-reveal\"\n              data-reveal-from=\"right\" data-reveal-distance=\"20\"\n              data-reveal-delay=\"0.06\" data-reveal-once=\"true\">\n              Projecteur LED compact et polyvalent\n            <\/p>\n          \n                      <div class=\"mt-2 text-sm md:text-base leading-relaxed js-reveal-blur\"\n                data-reveal-distance=\"12\" data-reveal-delay=\"0.12\" data-reveal-once=\"true\">\n              <p>Le <b>EclPar IPMFC<\/b> est un <b>projecteur LED de 100 W<\/b> avec une source RGB + Warm White, offrant une reproduction des couleurs exceptionnelle gr\u00e2ce \u00e0 sa calibration Spektra. Avec un <b>indice de rendu des couleurs (CRI) de 93,7 \u00e0 3200K<\/b> et un flux lumineux allant jusqu&#8217;\u00e0 <b>3 462 lumens<\/b>, il est id\u00e9al pour des applications en ext\u00e9rieur ou dans des environnements n\u00e9cessitant une op\u00e9ration silencieuse.<\/p>\n<p>Son indice de protection<b> IP65<\/b> garantit une r\u00e9sistance \u00e0 l&#8217;eau et \u00e0 la poussi\u00e8re, tandis que son syst\u00e8me optique flexible permet de choisir entre des lentilles de 15\u00b0, 30\u00b0 ou 60\u00b0 pour s&#8217;adapter \u00e0 divers besoins d&#8217;\u00e9clairage.<\/p>\n\n            <\/div>\n          \n                    \n                      <div class=\"mt-8 flex flex-wrap items-center gap-6 mb-16 js-reveal\"\n                data-reveal-from=\"up\" data-reveal-distance=\"16\"\n                data-reveal-delay=\"0.18\" data-reveal-once=\"true\">\n                                                  \n                    \n                \n\n<a href=\"https:\/\/hi-technologies.ch\/fr\/contact\/\" class=\"cta_link tone-teal\">\n  <span>Contactez-nous<\/span>\n  <\/a>\n      \n                        \n            <\/div>\n          \n        <\/div>\n      <\/div>\n\n\n    <\/div>\n  <\/div>\n<\/section>\n\n\n\n\n\n\n\n\n\n<section id=\"block_c6aa93d349fdfc1f3d261b149a5be8e2\" class=\"spotlight relative  mt-5 mb-5\">\n  <div class=\"max-w-7xl mx-auto px-4 md:px-6 py-12 md:py-16\">\n\n        <div\n      class=\"hidden md:block absolute inset-y-6 md:inset-y-8 bg-[#f7f7f7] rounded-2xl w-1\/2 left-0\"\n      aria-hidden=\"true\"><\/div>\n\n    <div class=\"relative grid grid-cols-1 md:grid-cols-12 gap-8 md:gap-12 items-center z-10\">\n\n            <div class=\"md:order-2 md:col-span-7 md:-ml-10 lg:-ml-12 js-reveal\"\n        data-reveal-from=\"right\"\n        data-reveal-distance=\"120\"\n        data-reveal-delay=\"0\">\n                          <div class=\"rounded-xl overflow-hidden shadow-sm\">\n                                                            <video class=\"w-full h-auto block\"\n                  playsinline    controls\n                                    data-autoplay-on-scroll>\n              <source src=\"https:\/\/hi-technologies.ch\/app\/uploads\/2025\/10\/hit_PROLIGHTS-EclFresnelCT.mp4\" type=\"video\/mp4\">\n            <\/video>\n          <\/div>\n        \n                      <\/div>\n\n            <div class=\"md:order-1 md:col-span-5\">\n        <div class=\"px-5 py-15 md:px-10 md:py-30 \">\n\n          \n                      <h2 class=\"text-3xl md:text-4xl fw-600 leading-tight mb-8 mt-16 js-reveal\"\n                data-reveal-from=\"left\" data-reveal-distance=\"24\" data-reveal-once=\"true\">\n              EclFresnel CT+XLIP\n            <\/h2>\n          \n                      <p class=\"text-lg uppercase tracking-wide opacity-80 mb-6 u-title fw-500 js-reveal\"\n              data-reveal-from=\"left\" data-reveal-distance=\"20\"\n              data-reveal-delay=\"0.06\" data-reveal-once=\"true\">\n              Projecteur LED compact et polyvalent\n            <\/p>\n          \n                      <div class=\"mt-2 text-sm md:text-base leading-relaxed js-reveal-blur\"\n                data-reveal-distance=\"12\" data-reveal-delay=\"0.12\" data-reveal-once=\"true\">\n              <p>Le <b>EclPar IPMFC<\/b> est un <b>projecteur LED de 100 W<\/b> avec une source RGB + Warm White, offrant une reproduction des couleurs exceptionnelle gr\u00e2ce \u00e0 sa calibration Spektra. Avec un <b>indice de rendu des couleurs (CRI) de 93,7 \u00e0 3200K<\/b> et un flux lumineux allant jusqu&#8217;\u00e0 <b>3 462 lumens<\/b>, il est id\u00e9al pour des applications en ext\u00e9rieur ou dans des environnements n\u00e9cessitant une op\u00e9ration silencieuse.<\/p>\n<p>Son indice de protection<b> IP65<\/b> garantit une r\u00e9sistance \u00e0 l&#8217;eau et \u00e0 la poussi\u00e8re, tandis que son syst\u00e8me optique flexible permet de choisir entre des lentilles de 15\u00b0, 30\u00b0 ou 60\u00b0 pour s&#8217;adapter \u00e0 divers besoins d&#8217;\u00e9clairage.<\/p>\n\n            <\/div>\n          \n                    \n                      <div class=\"mt-8 flex flex-wrap items-center gap-6 mb-16 js-reveal\"\n                data-reveal-from=\"up\" data-reveal-distance=\"16\"\n                data-reveal-delay=\"0.18\" data-reveal-once=\"true\">\n                                                  \n                    \n                \n\n<a href=\"https:\/\/hi-technologies.ch\/fr\/contact\/\" class=\"cta_link tone-teal\">\n  <span>Contactez-nous<\/span>\n  <\/a>\n      \n                        \n            <\/div>\n          \n        <\/div>\n      <\/div>\n\n\n    <\/div>\n  <\/div>\n<\/section>\n\n\n\n<p><\/p>\n","protected":false},"excerpt":{"rendered":"<p>D\u00e9couvrez deux produits phares de la gamme Prolights<\/p>\n","protected":false},"author":1,"featured_media":1622,"parent":96,"menu_order":0,"comment_status":"closed","ping_status":"closed","template":"page-templates\/page-marque.php","meta":{"_acf_changed":false,"inline_featured_image":false,"footnotes":""},"domaine_solution":[],"class_list":["post-1619","page","type-page","status-publish","has-post-thumbnail","hentry"],"acf":[],"yoast_head":"<!-- This site is optimized with the Yoast SEO plugin v25.8 - https:\/\/yoast.com\/wordpress\/plugins\/seo\/ -->\n<title>Prolights - Hi-Technologies<\/title>\n<meta name=\"description\" content=\"Prolights propose une gamme compl\u00e8te d\u2019\u00e9clairages professionnels (LED, Fresnel, projecteurs motoris\u00e9s) pour le spectacle et l\u2019\u00e9v\u00e9nementiel. Conseil, int\u00e9gration et mise en \u0153uvre par Hi Technologies.\" \/>\n<meta name=\"robots\" content=\"index, follow, max-snippet:-1, max-image-preview:large, max-video-preview:-1\" \/>\n<link rel=\"canonical\" href=\"https:\/\/hi-technologies.ch\/fr\/marques-partenaires\/prolights\/\" \/>\n<meta property=\"og:locale\" content=\"fr_FR\" \/>\n<meta property=\"og:type\" content=\"article\" \/>\n<meta property=\"og:title\" content=\"Prolights - Hi-Technologies\" \/>\n<meta property=\"og:description\" content=\"Prolights propose une gamme compl\u00e8te d\u2019\u00e9clairages professionnels (LED, Fresnel, projecteurs motoris\u00e9s) pour le spectacle et l\u2019\u00e9v\u00e9nementiel. Conseil, int\u00e9gration et mise en \u0153uvre par Hi Technologies.\" \/>\n<meta property=\"og:url\" content=\"https:\/\/hi-technologies.ch\/fr\/marques-partenaires\/prolights\/\" \/>\n<meta property=\"og:site_name\" content=\"Hi-Technologies\" \/>\n<meta property=\"article:modified_time\" content=\"2025-12-19T07:50:16+00:00\" \/>\n<meta property=\"og:image\" content=\"https:\/\/hi-technologies.ch\/app\/uploads\/2025\/10\/Prolight-Logo.webp\" \/>\n\t<meta property=\"og:image:width\" content=\"496\" \/>\n\t<meta property=\"og:image:height\" content=\"118\" \/>\n\t<meta property=\"og:image:type\" content=\"image\/webp\" \/>\n<meta name=\"twitter:card\" content=\"summary_large_image\" \/>\n<meta name=\"twitter:label1\" content=\"Est. reading time\" \/>\n\t<meta name=\"twitter:data1\" content=\"1 minute\" \/>\n<script type=\"application\/ld+json\" class=\"yoast-schema-graph\">{\"@context\":\"https:\/\/schema.org\",\"@graph\":[{\"@type\":\"WebPage\",\"@id\":\"https:\/\/hi-technologies.ch\/fr\/marques-partenaires\/prolights\/\",\"url\":\"https:\/\/hi-technologies.ch\/fr\/marques-partenaires\/prolights\/\",\"name\":\"Prolights - Hi-Technologies\",\"isPartOf\":{\"@id\":\"https:\/\/hi-technologies.ch\/fr\/#website\"},\"primaryImageOfPage\":{\"@id\":\"https:\/\/hi-technologies.ch\/fr\/marques-partenaires\/prolights\/#primaryimage\"},\"image\":{\"@id\":\"https:\/\/hi-technologies.ch\/fr\/marques-partenaires\/prolights\/#primaryimage\"},\"thumbnailUrl\":\"https:\/\/hi-technologies.ch\/app\/uploads\/2025\/10\/Prolight-Logo.webp\",\"datePublished\":\"2025-10-27T15:51:34+00:00\",\"dateModified\":\"2025-12-19T07:50:16+00:00\",\"description\":\"Prolights propose une gamme compl\u00e8te d\u2019\u00e9clairages professionnels (LED, Fresnel, projecteurs motoris\u00e9s) pour le spectacle et l\u2019\u00e9v\u00e9nementiel. Conseil, int\u00e9gration et mise en \u0153uvre par Hi Technologies.\",\"breadcrumb\":{\"@id\":\"https:\/\/hi-technologies.ch\/fr\/marques-partenaires\/prolights\/#breadcrumb\"},\"inLanguage\":\"fr-FR\",\"potentialAction\":[{\"@type\":\"ReadAction\",\"target\":[\"https:\/\/hi-technologies.ch\/fr\/marques-partenaires\/prolights\/\"]}]},{\"@type\":\"ImageObject\",\"inLanguage\":\"fr-FR\",\"@id\":\"https:\/\/hi-technologies.ch\/fr\/marques-partenaires\/prolights\/#primaryimage\",\"url\":\"https:\/\/hi-technologies.ch\/app\/uploads\/2025\/10\/Prolight-Logo.webp\",\"contentUrl\":\"https:\/\/hi-technologies.ch\/app\/uploads\/2025\/10\/Prolight-Logo.webp\",\"width\":496,\"height\":118},{\"@type\":\"BreadcrumbList\",\"@id\":\"https:\/\/hi-technologies.ch\/fr\/marques-partenaires\/prolights\/#breadcrumb\",\"itemListElement\":[{\"@type\":\"ListItem\",\"position\":1,\"name\":\"Home\",\"item\":\"https:\/\/hi-technologies.ch\/fr\/\"},{\"@type\":\"ListItem\",\"position\":2,\"name\":\"Marques &amp; Partenaires\",\"item\":\"https:\/\/hi-technologies.ch\/fr\/marques-partenaires\/\"},{\"@type\":\"ListItem\",\"position\":3,\"name\":\"Prolights\"}]},{\"@type\":\"WebSite\",\"@id\":\"https:\/\/hi-technologies.ch\/fr\/#website\",\"url\":\"https:\/\/hi-technologies.ch\/fr\/\",\"name\":\"Hi-Technologies\",\"description\":\"\",\"publisher\":{\"@id\":\"https:\/\/hi-technologies.ch\/fr\/#organization\"},\"potentialAction\":[{\"@type\":\"SearchAction\",\"target\":{\"@type\":\"EntryPoint\",\"urlTemplate\":\"https:\/\/hi-technologies.ch\/fr\/?s={search_term_string}\"},\"query-input\":{\"@type\":\"PropertyValueSpecification\",\"valueRequired\":true,\"valueName\":\"search_term_string\"}}],\"inLanguage\":\"fr-FR\"},{\"@type\":\"Organization\",\"@id\":\"https:\/\/hi-technologies.ch\/fr\/#organization\",\"name\":\"Hi-Technologies\",\"url\":\"https:\/\/hi-technologies.ch\/fr\/\",\"logo\":{\"@type\":\"ImageObject\",\"inLanguage\":\"fr-FR\",\"@id\":\"https:\/\/hi-technologies.ch\/fr\/#\/schema\/logo\/image\/\",\"url\":\"https:\/\/hi-technologies.ch\/app\/uploads\/2025\/12\/hi-technologies_logo2025-2.png\",\"contentUrl\":\"https:\/\/hi-technologies.ch\/app\/uploads\/2025\/12\/hi-technologies_logo2025-2.png\",\"width\":849,\"height\":281,\"caption\":\"Hi-Technologies\"},\"image\":{\"@id\":\"https:\/\/hi-technologies.ch\/fr\/#\/schema\/logo\/image\/\"},\"sameAs\":[\"https:\/\/www.linkedin.com\/company\/hitechnologies\/\"]}]}<\/script>\n<!-- \/ Yoast SEO plugin. -->","yoast_head_json":{"title":"Prolights - Hi-Technologies","description":"Prolights propose une gamme compl\u00e8te d\u2019\u00e9clairages professionnels (LED, Fresnel, projecteurs motoris\u00e9s) pour le spectacle et l\u2019\u00e9v\u00e9nementiel. Conseil, int\u00e9gration et mise en \u0153uvre par Hi Technologies.","robots":{"index":"index","follow":"follow","max-snippet":"max-snippet:-1","max-image-preview":"max-image-preview:large","max-video-preview":"max-video-preview:-1"},"canonical":"https:\/\/hi-technologies.ch\/fr\/marques-partenaires\/prolights\/","og_locale":"fr_FR","og_type":"article","og_title":"Prolights - Hi-Technologies","og_description":"Prolights propose une gamme compl\u00e8te d\u2019\u00e9clairages professionnels (LED, Fresnel, projecteurs motoris\u00e9s) pour le spectacle et l\u2019\u00e9v\u00e9nementiel. Conseil, int\u00e9gration et mise en \u0153uvre par Hi Technologies.","og_url":"https:\/\/hi-technologies.ch\/fr\/marques-partenaires\/prolights\/","og_site_name":"Hi-Technologies","article_modified_time":"2025-12-19T07:50:16+00:00","og_image":[{"width":496,"height":118,"url":"https:\/\/hi-technologies.ch\/app\/uploads\/2025\/10\/Prolight-Logo.webp","type":"image\/webp"}],"twitter_card":"summary_large_image","twitter_misc":{"Est. reading time":"1 minute"},"schema":{"@context":"https:\/\/schema.org","@graph":[{"@type":"WebPage","@id":"https:\/\/hi-technologies.ch\/fr\/marques-partenaires\/prolights\/","url":"https:\/\/hi-technologies.ch\/fr\/marques-partenaires\/prolights\/","name":"Prolights - Hi-Technologies","isPartOf":{"@id":"https:\/\/hi-technologies.ch\/fr\/#website"},"primaryImageOfPage":{"@id":"https:\/\/hi-technologies.ch\/fr\/marques-partenaires\/prolights\/#primaryimage"},"image":{"@id":"https:\/\/hi-technologies.ch\/fr\/marques-partenaires\/prolights\/#primaryimage"},"thumbnailUrl":"https:\/\/hi-technologies.ch\/app\/uploads\/2025\/10\/Prolight-Logo.webp","datePublished":"2025-10-27T15:51:34+00:00","dateModified":"2025-12-19T07:50:16+00:00","description":"Prolights propose une gamme compl\u00e8te d\u2019\u00e9clairages professionnels (LED, Fresnel, projecteurs motoris\u00e9s) pour le spectacle et l\u2019\u00e9v\u00e9nementiel. Conseil, int\u00e9gration et mise en \u0153uvre par Hi Technologies.","breadcrumb":{"@id":"https:\/\/hi-technologies.ch\/fr\/marques-partenaires\/prolights\/#breadcrumb"},"inLanguage":"fr-FR","potentialAction":[{"@type":"ReadAction","target":["https:\/\/hi-technologies.ch\/fr\/marques-partenaires\/prolights\/"]}]},{"@type":"ImageObject","inLanguage":"fr-FR","@id":"https:\/\/hi-technologies.ch\/fr\/marques-partenaires\/prolights\/#primaryimage","url":"https:\/\/hi-technologies.ch\/app\/uploads\/2025\/10\/Prolight-Logo.webp","contentUrl":"https:\/\/hi-technologies.ch\/app\/uploads\/2025\/10\/Prolight-Logo.webp","width":496,"height":118},{"@type":"BreadcrumbList","@id":"https:\/\/hi-technologies.ch\/fr\/marques-partenaires\/prolights\/#breadcrumb","itemListElement":[{"@type":"ListItem","position":1,"name":"Home","item":"https:\/\/hi-technologies.ch\/fr\/"},{"@type":"ListItem","position":2,"name":"Marques &amp; Partenaires","item":"https:\/\/hi-technologies.ch\/fr\/marques-partenaires\/"},{"@type":"ListItem","position":3,"name":"Prolights"}]},{"@type":"WebSite","@id":"https:\/\/hi-technologies.ch\/fr\/#website","url":"https:\/\/hi-technologies.ch\/fr\/","name":"Hi-Technologies","description":"","publisher":{"@id":"https:\/\/hi-technologies.ch\/fr\/#organization"},"potentialAction":[{"@type":"SearchAction","target":{"@type":"EntryPoint","urlTemplate":"https:\/\/hi-technologies.ch\/fr\/?s={search_term_string}"},"query-input":{"@type":"PropertyValueSpecification","valueRequired":true,"valueName":"search_term_string"}}],"inLanguage":"fr-FR"},{"@type":"Organization","@id":"https:\/\/hi-technologies.ch\/fr\/#organization","name":"Hi-Technologies","url":"https:\/\/hi-technologies.ch\/fr\/","logo":{"@type":"ImageObject","inLanguage":"fr-FR","@id":"https:\/\/hi-technologies.ch\/fr\/#\/schema\/logo\/image\/","url":"https:\/\/hi-technologies.ch\/app\/uploads\/2025\/12\/hi-technologies_logo2025-2.png","contentUrl":"https:\/\/hi-technologies.ch\/app\/uploads\/2025\/12\/hi-technologies_logo2025-2.png","width":849,"height":281,"caption":"Hi-Technologies"},"image":{"@id":"https:\/\/hi-technologies.ch\/fr\/#\/schema\/logo\/image\/"},"sameAs":["https:\/\/www.linkedin.com\/company\/hitechnologies\/"]}]}},"_links":{"self":[{"href":"https:\/\/hi-technologies.ch\/fr\/wp-json\/wp\/v2\/pages\/1619","targetHints":{"allow":["GET"]}}],"collection":[{"href":"https:\/\/hi-technologies.ch\/fr\/wp-json\/wp\/v2\/pages"}],"about":[{"href":"https:\/\/hi-technologies.ch\/fr\/wp-json\/wp\/v2\/types\/page"}],"author":[{"embeddable":true,"href":"https:\/\/hi-technologies.ch\/fr\/wp-json\/wp\/v2\/users\/1"}],"replies":[{"embeddable":true,"href":"https:\/\/hi-technologies.ch\/fr\/wp-json\/wp\/v2\/comments?post=1619"}],"version-history":[{"count":21,"href":"https:\/\/hi-technologies.ch\/fr\/wp-json\/wp\/v2\/pages\/1619\/revisions"}],"predecessor-version":[{"id":5631,"href":"https:\/\/hi-technologies.ch\/fr\/wp-json\/wp\/v2\/pages\/1619\/revisions\/5631"}],"up":[{"embeddable":true,"href":"https:\/\/hi-technologies.ch\/fr\/wp-json\/wp\/v2\/pages\/96"}],"wp:featuredmedia":[{"embeddable":true,"href":"https:\/\/hi-technologies.ch\/fr\/wp-json\/wp\/v2\/media\/1622"}],"wp:attachment":[{"href":"https:\/\/hi-technologies.ch\/fr\/wp-json\/wp\/v2\/media?parent=1619"}],"wp:term":[{"taxonomy":"domaine_solution","embeddable":true,"href":"https:\/\/hi-technologies.ch\/fr\/wp-json\/wp\/v2\/domaine_solution?post=1619"}],"curies":[{"name":"wp","href":"https:\/\/api.w.org\/{rel}","templated":true}]}}