{"id":1550,"date":"2025-10-27T15:40:52","date_gmt":"2025-10-27T14:40:52","guid":{"rendered":"https:\/\/hi-technologies.ch\/?page_id=1550"},"modified":"2026-03-18T15:02:05","modified_gmt":"2026-03-18T14:02:05","slug":"crestron-control","status":"publish","type":"page","link":"https:\/\/hi-technologies.ch\/fr\/marques-partenaires\/crestron-control\/","title":{"rendered":"Crestron"},"content":{"rendered":"\n\n\n\n   \n\n\n  \n\n\n\n\n\n<section\n  id=\"block_85eafde7a22815475e2362af874a6a5f\"\n  class=\"hero_section relative isolate   w-full overflow-hidden md:rounded-2xl md:mt-6 mt-0 js-hero\"\n  data-hero-tone=\"light\"\n  style=\" min-height:48vh;\">\n\n\n    \n\n        <div class=\"absolute top-0 left-0 right-0 bottom-0 z-0 overflow-hidden\">\n      <video\n        class=\"w-full h-full object-cover\"\n        autoplay        muted                playsinline\n        preload=\"metadata\"\n              >\n        <source src=\"https:\/\/hi-technologies.ch\/app\/uploads\/2025\/10\/Hi-crestron-Ctrl_1.mp4\" type=\"video\/mp4\">\n      <\/video>\n\n            <div class=\"absolute top-0 left-0 w-full h-full block pointer-events-none\"\n           style=\"background: linear-gradient(90deg, rgba(0,0,0,.90) 0%, rgba(0,0,0,.40) 50%);\"><\/div>\n    <\/div>\n  \n    \n  <div class=\"relative z-20 max-w-7xl px-4 md:px-6 mx-auto\" style=\"min-height:48vh;\">\n    <div class=\"flex items-center\" style=\"min-height:48vh;\">\n              \n        <div class=\"hero__content py-12 md:py-16 lg:py-20 text-white text-left\">\n\n          \n                      <h1 class=\"text-3xl md:text-6xl fw-600 uppercase leading-tight js-reveal\"\n                data-reveal-from=\"left\" data-reveal-distance=\"24\"\n                data-reveal-delay=\"0.06\" data-reveal-once=\"true\">\n              Crestron\n            <\/h1>\n          \n                      <div class=\"mt-4 text-sm md:text-base leading-relaxed opacity-95 js-reveal-blur\"\n                data-reveal-distance=\"12\" data-reveal-delay=\"0.12\" data-reveal-once=\"true\">\n              <p>Crestron con\u00e7oit des solutions de contr\u00f4le et de collaboration intelligentes, connectant technologies, espaces et utilisateurs pour offrir une exp\u00e9rience fluide, intuitive et performante dans tous les environnements professionnels.<\/p>\n\n            <\/div>\n          \n                                          <div class=\"mt-6 flex flex-wrap items-center gap-4 js-reveal\"\n                data-reveal-from=\"up\" data-reveal-distance=\"16\"\n                data-reveal-delay=\"0.18\" data-reveal-once=\"true\">\n                                                  \n                    \n                \n\n<a href=\"#solutions\" class=\"cta_link tone-teal\">\n  <span>D\u00e9couvrir les solutions de contr\u00f4le Crestron<\/span>\n  <\/a>\n      \n                                                  \n                    \n                \n\n\n\n\n\n\n      \n        \n    \n      <a href=\"https:\/\/hi-technologies.ch\/fr\/contact\/\"\n       class=\"cta_btn cta_btn--md cta_btn--wipe tone-teal cta_btn--hairline halo-none\"\n       >\n      <span>Prendre rendez-vous<\/span>\n          <\/a>\n        \n            <\/div>\n          \n        <\/div>\n\n    <\/div>\n  <\/div>\n<\/section>\n\n<script>\n  (function () {\n    var hero = document.currentScript && document.currentScript.previousElementSibling;\n    if (!hero) return;\n    var tone = hero.getAttribute('data-hero-tone') || 'light';\n    document.body.classList.add('has-hero', 'hero-tone-' + tone);\n  })();\n<\/script>\n\n\n\n\n\n\n\n\n<section id=\"block_a388a28a9a47cd2c872c2b67d8833085\"\n         class=\"b2 block_2col mt-12 rounded-2xl \"\n         style=\"background-color:#f7f7f7;\">\n  <div class=\"max-w-7xl mx-auto px-4 md:px-6 py-12 md:py-16\">\n    <div class=\"grid grid-cols-1 md:grid-cols-12 gap-8 md:gap-10 items-center\">\n\n            <div class=\"md:order-1 md:col-span-6 pl-12 pr-12 js-reveal\" data-reveal-distance=\"24\">\n                                  <img decoding=\"async\" class=\"b2-logo max-w-[340px] w-full h-auto\" src=\"https:\/\/hi-technologies.ch\/app\/uploads\/2025\/10\/hit_crestron.png\" alt=\"\">\n        \n                  <div class=\"b2-badge flex items-center gap-4 mt-6\">\n                                      <div class=\"b2-badge-wrap w-40 shrink-0\">\n                <img decoding=\"async\" class=\"b2-badge-img block w-full h-auto max-w-none\"\n                     src=\"https:\/\/hi-technologies.ch\/app\/uploads\/2025\/11\/HiT-Elite-Partner.jpg\" alt=\"\">\n              <\/div>\n                                      <div class=\"b2-badge-text text-lg md:text-xl fw-600 u-title\">\n                Hi Technologies est certifi\u00e9 Crestron Elite Partner\n              <\/div>\n                      <\/div>\n        \n              <\/div>\n\n            <div class=\"md:order-2 md:col-span-6 pl-12 pr-12 js-reveal\" data-reveal-distance=\"24\">\n                  <h2 class=\"text-3xl md:text-4xl fw-500 leading-tight mb-12 mt-12 js-reveal-blur\" data-reveal-stagger=\"0.06\">\n            Le contr\u00f4le et la connectivit\u00e9 au service des espaces intelligents\n          <\/h2>\n        \n                  <div class=\"text-xs md:text-base leading-relaxed mt-12 mb-6\">\n            <p>Crestron est un leader mondial des technologies de contr\u00f4le, d\u2019automatisation et de collaboration pour les environnements professionnels et r\u00e9sidentiels. La marque con\u00e7oit des solutions int\u00e9gr\u00e9es qui centralisent la gestion de l\u2019audiovisuel, de l\u2019\u00e9clairage, du confort, de la visioconf\u00e9rence et de la connectivit\u00e9 r\u00e9seau. Dans les entreprises, universit\u00e9s, institutions publiques ou espaces de travail hybrides, les syst\u00e8mes Crestron offrent une exp\u00e9rience fluide, intuitive et personnalis\u00e9e, garantissant une communication efficace et un pilotage simplifi\u00e9 de tous les \u00e9quipements. Gr\u00e2ce \u00e0 une approche ouverte, \u00e9volutive et s\u00e9curis\u00e9e, Crestron facilite l\u2019int\u00e9gration avec les principales plateformes de collaboration comme Microsoft Teams et Zoom, et reste une r\u00e9f\u00e9rence incontournable pour cr\u00e9er des espaces connect\u00e9s et performants.<\/p>\n\n          <\/div>\n        \n                        \n                  <div class=\"mt-6 flex flex-wrap gap-4\">\n                                                \n                    \n                \n\n<a href=\"#solutions\" class=\"cta_link tone-teal\">\n  <span>Deux produits phares Crestron<\/span>\n  <\/a>\n      \n                                                \n                    \n                \n\n\n\n\n\n\n      \n        \n    \n      <a href=\"#produits\"\n       class=\"cta_btn cta_btn--md cta_btn--wipe tone-teal cta_btn--hairline halo-none\"\n       >\n      <span>Gamme de produits<\/span>\n          <\/a>\n        \n          <\/div>\n              <\/div>\n\n    <\/div>\n  <\/div>\n<\/section>\n\n\n\n\n\n\n\n\n\n<section id=\"solutions\"\n         class=\"relative video-grid--full  mt-24 md:mt-12 mt-24&#x20;md&#x3A;mt-12\"\n         style=\"\n           background-color: #f7f7f7;           --overlay-image: url('https:\/\/hi-technologies.ch\/app\/themes\/hi-tech-light\/assets\/img\/background-gridblock2.svg');\n           --overlay-opacity: 0.14;\n           --overlay-blend: multiply;\n           --overlay-repeat: repeat-x;\n           --overlay-size: 100% auto\n           --overlay-position: center center;\n         \">\n  <div class=\"max-w-7xl mx-auto px-4 md:px-6 py-12 md:py-16 text-neutral-900\">\n          <h2 class=\"text-center text-2xl md:text-3xl fw-500 leading-tight mb-8 md:mb-10 js-reveal\">\n        D\u00e9couvrir Creston\n      <\/h2>\n    \n          <div class=\"grid grid-cols-1 md:grid-cols-1 gap-8 md:gap-10\">\n                                      \n                                                    \n\n                               \n                    <article class=\"w-full js-reveal\" data-reveal-distance=\"32\" data-reveal-stagger=\"0.06\">\n\n                                    <div class=\"ratio-box overflow-hidden rounded-xl bg-black\"\n                style=\"--ratio: 56.250000%;\">\n                                    <div class=\"js-inline-iframe absolute inset-0 h-full w-full\" data-src=\"https:\/\/player.vimeo.com\/video\/541795440?autoplay=1&#038;muted=1&#038;background=1&#038;title=0&#038;byline=0&#038;portrait=0\"><\/div>\n                                <\/div>\n\n                                            \n          <\/article>\n              <\/div>\n      <\/div>\n\n\n<\/section>\n\n\n\n<h2 class=\"wp-block-heading has-text-align-center\"><br>Deux solutions Crestron \u00e0 mieux conna\u00eetre<br> <\/h2>\n\n\n\n\n\n\n\n\n\n<section id=\"block_be90f902a665b500944b13027c3d3a9b\" class=\"spotlight relative  mt-5 mb-5\">\n  <div class=\"max-w-7xl mx-auto px-4 md:px-6 py-12 md:py-16\">\n\n        <div\n      class=\"hidden md:block absolute inset-y-6 md:inset-y-8 bg-[#f7f7f7] rounded-2xl w-1\/2 right-0\"\n      aria-hidden=\"true\"><\/div>\n\n    <div class=\"relative grid grid-cols-1 md:grid-cols-12 gap-8 md:gap-12 items-center z-10\">\n\n            <div class=\"md:order-1 md:col-span-7 md:-mr-10 lg:-mr-12 js-reveal\"\n        data-reveal-from=\"left\"\n        data-reveal-distance=\"120\"\n        data-reveal-delay=\"0\">\n                          <img decoding=\"async\" class=\"w-auto rounded-xl shadow-sm max-h-[550px] overflow-y-auto m-auto\" src=\"https:\/\/hi-technologies.ch\/app\/uploads\/2025\/10\/01-Crestron-XiO-Cloud.png\" alt=\"\">\n        \n                      <\/div>\n\n            <div class=\"md:order-2 md:col-span-5\">\n        <div class=\"px-5 py-15 md:px-10 md:py-30 \">\n\n          \n                      <h2 class=\"text-3xl md:text-4xl fw-600 leading-tight mb-8 mt-16 js-reveal\"\n                data-reveal-from=\"right\" data-reveal-distance=\"24\" data-reveal-once=\"true\">\n              Crestron XiO Cloud\n            <\/h2>\n          \n                      <p class=\"text-lg uppercase tracking-wide opacity-80 mb-6 u-title fw-500 js-reveal\"\n              data-reveal-from=\"right\" data-reveal-distance=\"20\"\n              data-reveal-delay=\"0.06\" data-reveal-once=\"true\">\n              la supervision centralis\u00e9e des \u00e9quipements connect\u00e9s\n            <\/p>\n          \n                      <div class=\"mt-2 text-sm md:text-base leading-relaxed js-reveal-blur\"\n                data-reveal-distance=\"12\" data-reveal-delay=\"0.12\" data-reveal-once=\"true\">\n              <p>La plateforme <b>XiO Cloud<\/b> de Crestron est une <b>solution SaaS<\/b> bas\u00e9e sur Microsoft Azure, con\u00e7ue pour d\u00e9ployer, surveiller et g\u00e9rer l\u2019ensemble des \u00e9quipements AV d\u2019une entreprise \u00e0 partir d\u2019un unique tableau de bord.<\/p>\n<p>Fonctions cl\u00e9s<\/p>\n<ul>\n<li>Provisioning \u00e0 grande \u00e9chelle : possibilit\u00e9 de configurer les appareils avant leur installation sur site, ce qui r\u00e9duit les temps de mise en \u0153uvre.<\/li>\n<li>Surveillance proactive : \u00e9tats des appareils, alertes SMS\/email, mises \u00e0 jour firmware et interventions \u00e0 distance.<\/li>\n<li>\u00c9volutivit\u00e9 : la plateforme g\u00e8re des centaines voire des milliers d\u2019appareils dans des b\u00e2timents ou campus \u00e9tendus.<\/li>\n<\/ul>\n<p>Pourquoi l\u2019adopter ?<\/p>\n<p>XiO Cloud permet aux entreprises et int\u00e9grateurs de garder une <b>visibilit\u00e9 et un contr\u00f4le centralis\u00e9s sur l\u2019infrastructure AV<\/b>, d\u2019optimiser les op\u00e9rations et d\u2019anticiper les probl\u00e8mes avant qu\u2019ils n\u2019impactent l\u2019utilisateur final.<\/p>\n\n            <\/div>\n          \n                    \n                      <div class=\"mt-8 flex flex-wrap items-center gap-6 mb-16 js-reveal\"\n                data-reveal-from=\"up\" data-reveal-distance=\"16\"\n                data-reveal-delay=\"0.18\" data-reveal-once=\"true\">\n                                                  \n                    \n                \n\n<a href=\"https:\/\/hi-technologies.ch\/fr\/contact\/\" class=\"cta_link tone-teal\">\n  <span>Contactez-nous<\/span>\n  <\/a>\n      \n                        \n            <\/div>\n          \n        <\/div>\n      <\/div>\n\n\n    <\/div>\n  <\/div>\n<\/section>\n\n\n\n\n\n\n\n\n\n<section id=\"block_a052135e1368eb3d45b69fcad35baf96\" class=\"spotlight relative  mt-5 mb-5\">\n  <div class=\"max-w-7xl mx-auto px-4 md:px-6 py-12 md:py-16\">\n\n        <div\n      class=\"hidden md:block absolute inset-y-6 md:inset-y-8 bg-[#f7f7f7] rounded-2xl w-1\/2 left-0\"\n      aria-hidden=\"true\"><\/div>\n\n    <div class=\"relative grid grid-cols-1 md:grid-cols-12 gap-8 md:gap-12 items-center z-10\">\n\n            <div class=\"md:order-2 md:col-span-7 md:-ml-10 lg:-ml-12 js-reveal\"\n        data-reveal-from=\"right\"\n        data-reveal-distance=\"120\"\n        data-reveal-delay=\"0\">\n                          <img decoding=\"async\" class=\"w-auto rounded-xl shadow-sm max-h-[550px] overflow-y-auto m-auto\" src=\"https:\/\/hi-technologies.ch\/app\/uploads\/2025\/10\/02-Fohhn-Optimizer.webp\" alt=\"\">\n        \n                      <\/div>\n\n            <div class=\"md:order-1 md:col-span-5\">\n        <div class=\"px-5 py-15 md:px-10 md:py-30 \">\n\n          \n                      <h2 class=\"text-3xl md:text-4xl fw-600 leading-tight mb-8 mt-16 js-reveal\"\n                data-reveal-from=\"left\" data-reveal-distance=\"24\" data-reveal-once=\"true\">\n              Crestron\u202fTSW-1070\u202fTouch\u202fScreen\n            <\/h2>\n          \n                      <p class=\"text-lg uppercase tracking-wide opacity-80 mb-6 u-title fw-500 js-reveal\"\n              data-reveal-from=\"left\" data-reveal-distance=\"20\"\n              data-reveal-delay=\"0.06\" data-reveal-once=\"true\">\n              Interface tactile \u00e9l\u00e9gante et performante sign\u00e9e Crestron\n            <\/p>\n          \n                      <div class=\"mt-2 text-sm md:text-base leading-relaxed js-reveal-blur\"\n                data-reveal-distance=\"12\" data-reveal-delay=\"0.12\" data-reveal-once=\"true\">\n              <p>Le panneau tactile<b> TSW-1070<\/b> de Crestron affiche un <b>\u00e9cran de 10,1\u2033<\/b> avec connectivit\u00e9 filaire et sans fil. Il permet un pilotage intuitif des salles de r\u00e9union : multim\u00e9dia, automations, contr\u00f4le de l\u2019environnement. Ergonomique, il s\u2019int\u00e8gre parfaitement aux syst\u00e8mes Crestron et offre aux utilisateurs un <b>acc\u00e8s direct au contr\u00f4le des technologies de l\u2019espace de r\u00e9union<\/b>, am\u00e9liorant l\u2019exp\u00e9rience et la productivit\u00e9.<\/p>\n\n            <\/div>\n          \n                    \n                      <div class=\"mt-8 flex flex-wrap items-center gap-6 mb-16 js-reveal\"\n                data-reveal-from=\"up\" data-reveal-distance=\"16\"\n                data-reveal-delay=\"0.18\" data-reveal-once=\"true\">\n                                                  \n                    \n                \n\n<a href=\"https:\/\/hi-technologies.ch\/fr\/contact\/\" class=\"cta_link tone-teal\">\n  <span>Contactez-nous<\/span>\n  <\/a>\n      \n                        \n            <\/div>\n          \n        <\/div>\n      <\/div>\n\n\n    <\/div>\n  <\/div>\n<\/section>\n\n\n\n<p><\/p>\n","protected":false},"excerpt":{"rendered":"<p>Deux solutions Crestron \u00e0 mieux conna\u00eetre<\/p>\n","protected":false},"author":1,"featured_media":1257,"parent":96,"menu_order":0,"comment_status":"closed","ping_status":"closed","template":"page-templates\/page-marque.php","meta":{"_acf_changed":false,"inline_featured_image":false,"footnotes":""},"domaine_solution":[58],"class_list":["post-1550","page","type-page","status-publish","has-post-thumbnail","hentry"],"acf":[],"yoast_head":"<!-- This site is optimized with the Yoast SEO plugin v25.8 - https:\/\/yoast.com\/wordpress\/plugins\/seo\/ -->\n<title>Crestron - Hi-Technologies<\/title>\n<meta name=\"description\" content=\"Crestron chez Hi Technologies : solutions de contr\u00f4le, automatisation et collaboration pour espaces intelligents, supervision XiO Cloud et interfaces tactiles TSW pour salles connect\u00e9es.\" \/>\n<meta name=\"robots\" content=\"index, follow, max-snippet:-1, max-image-preview:large, max-video-preview:-1\" \/>\n<link rel=\"canonical\" href=\"https:\/\/hi-technologies.ch\/fr\/marques-partenaires\/crestron-control\/\" \/>\n<meta property=\"og:locale\" content=\"fr_FR\" \/>\n<meta property=\"og:type\" content=\"article\" \/>\n<meta property=\"og:title\" content=\"Crestron - Hi-Technologies\" \/>\n<meta property=\"og:description\" content=\"Crestron chez Hi Technologies : solutions de contr\u00f4le, automatisation et collaboration pour espaces intelligents, supervision XiO Cloud et interfaces tactiles TSW pour salles connect\u00e9es.\" \/>\n<meta property=\"og:url\" content=\"https:\/\/hi-technologies.ch\/fr\/marques-partenaires\/crestron-control\/\" \/>\n<meta property=\"og:site_name\" content=\"Hi-Technologies\" \/>\n<meta property=\"article:modified_time\" content=\"2026-03-18T14:02:05+00:00\" \/>\n<meta property=\"og:image\" content=\"https:\/\/hi-technologies.ch\/app\/uploads\/2025\/10\/hit_crestron.png\" \/>\n\t<meta property=\"og:image:width\" content=\"600\" \/>\n\t<meta property=\"og:image:height\" content=\"400\" \/>\n\t<meta property=\"og:image:type\" content=\"image\/png\" \/>\n<meta name=\"twitter:card\" content=\"summary_large_image\" \/>\n<meta name=\"twitter:label1\" content=\"Est. reading time\" \/>\n\t<meta name=\"twitter:data1\" content=\"1 minute\" \/>\n<script type=\"application\/ld+json\" class=\"yoast-schema-graph\">{\"@context\":\"https:\/\/schema.org\",\"@graph\":[{\"@type\":\"WebPage\",\"@id\":\"https:\/\/hi-technologies.ch\/fr\/marques-partenaires\/crestron-control\/\",\"url\":\"https:\/\/hi-technologies.ch\/fr\/marques-partenaires\/crestron-control\/\",\"name\":\"Crestron - Hi-Technologies\",\"isPartOf\":{\"@id\":\"https:\/\/hi-technologies.ch\/fr\/#website\"},\"primaryImageOfPage\":{\"@id\":\"https:\/\/hi-technologies.ch\/fr\/marques-partenaires\/crestron-control\/#primaryimage\"},\"image\":{\"@id\":\"https:\/\/hi-technologies.ch\/fr\/marques-partenaires\/crestron-control\/#primaryimage\"},\"thumbnailUrl\":\"https:\/\/hi-technologies.ch\/app\/uploads\/2025\/10\/hit_crestron.png\",\"datePublished\":\"2025-10-27T14:40:52+00:00\",\"dateModified\":\"2026-03-18T14:02:05+00:00\",\"description\":\"Crestron chez Hi Technologies : solutions de contr\u00f4le, automatisation et collaboration pour espaces intelligents, supervision XiO Cloud et interfaces tactiles TSW pour salles connect\u00e9es.\",\"breadcrumb\":{\"@id\":\"https:\/\/hi-technologies.ch\/fr\/marques-partenaires\/crestron-control\/#breadcrumb\"},\"inLanguage\":\"fr-FR\",\"potentialAction\":[{\"@type\":\"ReadAction\",\"target\":[\"https:\/\/hi-technologies.ch\/fr\/marques-partenaires\/crestron-control\/\"]}]},{\"@type\":\"ImageObject\",\"inLanguage\":\"fr-FR\",\"@id\":\"https:\/\/hi-technologies.ch\/fr\/marques-partenaires\/crestron-control\/#primaryimage\",\"url\":\"https:\/\/hi-technologies.ch\/app\/uploads\/2025\/10\/hit_crestron.png\",\"contentUrl\":\"https:\/\/hi-technologies.ch\/app\/uploads\/2025\/10\/hit_crestron.png\",\"width\":600,\"height\":400},{\"@type\":\"BreadcrumbList\",\"@id\":\"https:\/\/hi-technologies.ch\/fr\/marques-partenaires\/crestron-control\/#breadcrumb\",\"itemListElement\":[{\"@type\":\"ListItem\",\"position\":1,\"name\":\"Home\",\"item\":\"https:\/\/hi-technologies.ch\/fr\/\"},{\"@type\":\"ListItem\",\"position\":2,\"name\":\"Marques &amp; Partenaires\",\"item\":\"https:\/\/hi-technologies.ch\/fr\/marques-partenaires\/\"},{\"@type\":\"ListItem\",\"position\":3,\"name\":\"Crestron\"}]},{\"@type\":\"WebSite\",\"@id\":\"https:\/\/hi-technologies.ch\/fr\/#website\",\"url\":\"https:\/\/hi-technologies.ch\/fr\/\",\"name\":\"Hi-Technologies\",\"description\":\"\",\"publisher\":{\"@id\":\"https:\/\/hi-technologies.ch\/fr\/#organization\"},\"potentialAction\":[{\"@type\":\"SearchAction\",\"target\":{\"@type\":\"EntryPoint\",\"urlTemplate\":\"https:\/\/hi-technologies.ch\/fr\/?s={search_term_string}\"},\"query-input\":{\"@type\":\"PropertyValueSpecification\",\"valueRequired\":true,\"valueName\":\"search_term_string\"}}],\"inLanguage\":\"fr-FR\"},{\"@type\":\"Organization\",\"@id\":\"https:\/\/hi-technologies.ch\/fr\/#organization\",\"name\":\"Hi-Technologies\",\"url\":\"https:\/\/hi-technologies.ch\/fr\/\",\"logo\":{\"@type\":\"ImageObject\",\"inLanguage\":\"fr-FR\",\"@id\":\"https:\/\/hi-technologies.ch\/fr\/#\/schema\/logo\/image\/\",\"url\":\"https:\/\/hi-technologies.ch\/app\/uploads\/2025\/12\/hi-technologies_logo2025-2.png\",\"contentUrl\":\"https:\/\/hi-technologies.ch\/app\/uploads\/2025\/12\/hi-technologies_logo2025-2.png\",\"width\":849,\"height\":281,\"caption\":\"Hi-Technologies\"},\"image\":{\"@id\":\"https:\/\/hi-technologies.ch\/fr\/#\/schema\/logo\/image\/\"},\"sameAs\":[\"https:\/\/www.linkedin.com\/company\/hitechnologies\/\"]}]}<\/script>\n<!-- \/ Yoast SEO plugin. -->","yoast_head_json":{"title":"Crestron - Hi-Technologies","description":"Crestron chez Hi Technologies : solutions de contr\u00f4le, automatisation et collaboration pour espaces intelligents, supervision XiO Cloud et interfaces tactiles TSW pour salles connect\u00e9es.","robots":{"index":"index","follow":"follow","max-snippet":"max-snippet:-1","max-image-preview":"max-image-preview:large","max-video-preview":"max-video-preview:-1"},"canonical":"https:\/\/hi-technologies.ch\/fr\/marques-partenaires\/crestron-control\/","og_locale":"fr_FR","og_type":"article","og_title":"Crestron - Hi-Technologies","og_description":"Crestron chez Hi Technologies : solutions de contr\u00f4le, automatisation et collaboration pour espaces intelligents, supervision XiO Cloud et interfaces tactiles TSW pour salles connect\u00e9es.","og_url":"https:\/\/hi-technologies.ch\/fr\/marques-partenaires\/crestron-control\/","og_site_name":"Hi-Technologies","article_modified_time":"2026-03-18T14:02:05+00:00","og_image":[{"width":600,"height":400,"url":"https:\/\/hi-technologies.ch\/app\/uploads\/2025\/10\/hit_crestron.png","type":"image\/png"}],"twitter_card":"summary_large_image","twitter_misc":{"Est. reading time":"1 minute"},"schema":{"@context":"https:\/\/schema.org","@graph":[{"@type":"WebPage","@id":"https:\/\/hi-technologies.ch\/fr\/marques-partenaires\/crestron-control\/","url":"https:\/\/hi-technologies.ch\/fr\/marques-partenaires\/crestron-control\/","name":"Crestron - Hi-Technologies","isPartOf":{"@id":"https:\/\/hi-technologies.ch\/fr\/#website"},"primaryImageOfPage":{"@id":"https:\/\/hi-technologies.ch\/fr\/marques-partenaires\/crestron-control\/#primaryimage"},"image":{"@id":"https:\/\/hi-technologies.ch\/fr\/marques-partenaires\/crestron-control\/#primaryimage"},"thumbnailUrl":"https:\/\/hi-technologies.ch\/app\/uploads\/2025\/10\/hit_crestron.png","datePublished":"2025-10-27T14:40:52+00:00","dateModified":"2026-03-18T14:02:05+00:00","description":"Crestron chez Hi Technologies : solutions de contr\u00f4le, automatisation et collaboration pour espaces intelligents, supervision XiO Cloud et interfaces tactiles TSW pour salles connect\u00e9es.","breadcrumb":{"@id":"https:\/\/hi-technologies.ch\/fr\/marques-partenaires\/crestron-control\/#breadcrumb"},"inLanguage":"fr-FR","potentialAction":[{"@type":"ReadAction","target":["https:\/\/hi-technologies.ch\/fr\/marques-partenaires\/crestron-control\/"]}]},{"@type":"ImageObject","inLanguage":"fr-FR","@id":"https:\/\/hi-technologies.ch\/fr\/marques-partenaires\/crestron-control\/#primaryimage","url":"https:\/\/hi-technologies.ch\/app\/uploads\/2025\/10\/hit_crestron.png","contentUrl":"https:\/\/hi-technologies.ch\/app\/uploads\/2025\/10\/hit_crestron.png","width":600,"height":400},{"@type":"BreadcrumbList","@id":"https:\/\/hi-technologies.ch\/fr\/marques-partenaires\/crestron-control\/#breadcrumb","itemListElement":[{"@type":"ListItem","position":1,"name":"Home","item":"https:\/\/hi-technologies.ch\/fr\/"},{"@type":"ListItem","position":2,"name":"Marques &amp; Partenaires","item":"https:\/\/hi-technologies.ch\/fr\/marques-partenaires\/"},{"@type":"ListItem","position":3,"name":"Crestron"}]},{"@type":"WebSite","@id":"https:\/\/hi-technologies.ch\/fr\/#website","url":"https:\/\/hi-technologies.ch\/fr\/","name":"Hi-Technologies","description":"","publisher":{"@id":"https:\/\/hi-technologies.ch\/fr\/#organization"},"potentialAction":[{"@type":"SearchAction","target":{"@type":"EntryPoint","urlTemplate":"https:\/\/hi-technologies.ch\/fr\/?s={search_term_string}"},"query-input":{"@type":"PropertyValueSpecification","valueRequired":true,"valueName":"search_term_string"}}],"inLanguage":"fr-FR"},{"@type":"Organization","@id":"https:\/\/hi-technologies.ch\/fr\/#organization","name":"Hi-Technologies","url":"https:\/\/hi-technologies.ch\/fr\/","logo":{"@type":"ImageObject","inLanguage":"fr-FR","@id":"https:\/\/hi-technologies.ch\/fr\/#\/schema\/logo\/image\/","url":"https:\/\/hi-technologies.ch\/app\/uploads\/2025\/12\/hi-technologies_logo2025-2.png","contentUrl":"https:\/\/hi-technologies.ch\/app\/uploads\/2025\/12\/hi-technologies_logo2025-2.png","width":849,"height":281,"caption":"Hi-Technologies"},"image":{"@id":"https:\/\/hi-technologies.ch\/fr\/#\/schema\/logo\/image\/"},"sameAs":["https:\/\/www.linkedin.com\/company\/hitechnologies\/"]}]}},"_links":{"self":[{"href":"https:\/\/hi-technologies.ch\/fr\/wp-json\/wp\/v2\/pages\/1550","targetHints":{"allow":["GET"]}}],"collection":[{"href":"https:\/\/hi-technologies.ch\/fr\/wp-json\/wp\/v2\/pages"}],"about":[{"href":"https:\/\/hi-technologies.ch\/fr\/wp-json\/wp\/v2\/types\/page"}],"author":[{"embeddable":true,"href":"https:\/\/hi-technologies.ch\/fr\/wp-json\/wp\/v2\/users\/1"}],"replies":[{"embeddable":true,"href":"https:\/\/hi-technologies.ch\/fr\/wp-json\/wp\/v2\/comments?post=1550"}],"version-history":[{"count":28,"href":"https:\/\/hi-technologies.ch\/fr\/wp-json\/wp\/v2\/pages\/1550\/revisions"}],"predecessor-version":[{"id":5261,"href":"https:\/\/hi-technologies.ch\/fr\/wp-json\/wp\/v2\/pages\/1550\/revisions\/5261"}],"up":[{"embeddable":true,"href":"https:\/\/hi-technologies.ch\/fr\/wp-json\/wp\/v2\/pages\/96"}],"wp:featuredmedia":[{"embeddable":true,"href":"https:\/\/hi-technologies.ch\/fr\/wp-json\/wp\/v2\/media\/1257"}],"wp:attachment":[{"href":"https:\/\/hi-technologies.ch\/fr\/wp-json\/wp\/v2\/media?parent=1550"}],"wp:term":[{"taxonomy":"domaine_solution","embeddable":true,"href":"https:\/\/hi-technologies.ch\/fr\/wp-json\/wp\/v2\/domaine_solution?post=1550"}],"curies":[{"name":"wp","href":"https:\/\/api.w.org\/{rel}","templated":true}]}}