{"id":1502,"date":"2025-10-27T14:25:29","date_gmt":"2025-10-27T13:25:29","guid":{"rendered":"https:\/\/hi-technologies.ch\/?page_id=1502"},"modified":"2025-12-19T10:23:19","modified_gmt":"2025-12-19T09:23:19","slug":"barco-control","status":"publish","type":"page","link":"https:\/\/hi-technologies.ch\/fr\/marques-partenaires\/barco-control\/","title":{"rendered":"Barco Control"},"content":{"rendered":"\n\n\n\n   \n\n\n  \n\n\n\n\n        \n<section\n  id=\"block_15d0fa7c05baed1f20042ded4049eaa5\"\n  class=\"hero_section relative isolate   w-full overflow-hidden md:rounded-2xl md:mt-6 mt-0 js-hero\"\n  data-hero-tone=\"light\"\n  style=\"background-image:linear-gradient(90deg, rgba(0,0,0,.90) 0%, rgba(0,0,0,.40) 50%), url(https:\/\/hi-technologies.ch\/app\/uploads\/2025\/10\/Hit_Barco-CTRL_hero.jpg); background-size:cover; background-position:center; min-height:48vh;\">\n\n\n    \n\n    \n    \n  <div class=\"relative z-20 max-w-7xl px-4 md:px-6 mx-auto\" style=\"min-height:48vh;\">\n    <div class=\"flex items-center\" style=\"min-height:48vh;\">\n              \n        <div class=\"hero__content py-12 md:py-16 lg:py-20 text-white text-left\">\n\n          \n                      <h1 class=\"text-3xl md:text-6xl fw-600 uppercase leading-tight js-reveal\"\n                data-reveal-from=\"left\" data-reveal-distance=\"24\"\n                data-reveal-delay=\"0.06\" data-reveal-once=\"true\">\n              Barco CTRL\n            <\/h1>\n          \n                      <div class=\"mt-4 text-sm md:text-base leading-relaxed opacity-95 js-reveal-blur\"\n                data-reveal-distance=\"12\" data-reveal-delay=\"0.12\" data-reveal-once=\"true\">\n              <p>Barco CTRL est une plate-forme logicielle \u00e9volutive qui simplifie les flux de travail, le d\u00e9ploiement et l\u2019entretien dans les salles de commande.<\/p>\n\n            <\/div>\n          \n                                          <div class=\"mt-6 flex flex-wrap items-center gap-4 js-reveal\"\n                data-reveal-from=\"up\" data-reveal-distance=\"16\"\n                data-reveal-delay=\"0.18\" data-reveal-once=\"true\">\n                                                  \n                    \n                \n\n<a href=\"#solutions\" class=\"cta_link tone-teal\">\n  <span>D\u00e9couvrir la solution Barco CTRL<\/span>\n  <\/a>\n      \n                                                  \n                    \n                \n\n\n\n\n\n\n      \n        \n    \n      <a href=\"https:\/\/hi-technologies.ch\/fr\/contact\/\"\n       class=\"cta_btn cta_btn--md cta_btn--wipe tone-teal cta_btn--hairline halo-none\"\n       >\n      <span>Contactez nos sp\u00e9cialistes<\/span>\n          <\/a>\n        \n            <\/div>\n          \n        <\/div>\n\n    <\/div>\n  <\/div>\n<\/section>\n\n<script>\n  (function () {\n    var hero = document.currentScript && document.currentScript.previousElementSibling;\n    if (!hero) return;\n    var tone = hero.getAttribute('data-hero-tone') || 'light';\n    document.body.classList.add('has-hero', 'hero-tone-' + tone);\n  })();\n<\/script>\n\n\n\n\n\n\n\n\n<section id=\"block_699d41b42eda638b7fff482d8e7a5c36\"\n         class=\"b2 block_2col mt-12 rounded-2xl \"\n         style=\"background-color:#f7f7f7;\">\n  <div class=\"max-w-7xl mx-auto px-4 md:px-6 py-12 md:py-16\">\n    <div class=\"grid grid-cols-1 md:grid-cols-12 gap-8 md:gap-10 items-center\">\n\n            <div class=\"md:order-1 md:col-span-6 pl-12 pr-12 js-reveal\" data-reveal-distance=\"24\">\n                                  <img decoding=\"async\" class=\"b2-logo max-w-[340px] w-full h-auto\" src=\"https:\/\/hi-technologies.ch\/app\/uploads\/2025\/11\/Hit_barco-logo-web.png\" alt=\"\">\n        \n                  <div class=\"b2-badge flex items-center gap-4 mt-6\">\n                                                  <div class=\"b2-badge-text text-lg md:text-xl fw-600 u-title\">\n                Hi Technologies est partenaire revendeur de la solution Barco CTRL\n              <\/div>\n                      <\/div>\n        \n              <\/div>\n\n            <div class=\"md:order-2 md:col-span-6 pl-12 pr-12 js-reveal\" data-reveal-distance=\"24\">\n                  <h2 class=\"text-3xl md:text-4xl fw-500 leading-tight mb-12 mt-12 js-reveal-blur\" data-reveal-stagger=\"0.06\">\n            La plate-forme logicielle \u00e9volutive qui simplifie les flux de travail\n          <\/h2>\n        \n                  <div class=\"text-xs md:text-base leading-relaxed mt-12 mb-6\">\n            <p>Cette solution innovante permet aux utilisateurs de se connecter en toute s\u00e9curit\u00e9 \u00e0 leurs sources, en tout lieu, et d\u2019interagir avec le contenu sur n\u2019importe quel mur d\u2019images ou poste d\u2019op\u00e9rateur.<\/p>\n<p>Plate-forme logicielle pour la distribution des donn\u00e9es de la salle de commande<\/p>\n<ul>\n<li>Facile \u00e0 mettre en place, intuitif<\/li>\n<li>Syst\u00e8me modulaire qui \u00e9volue selon vos besoins<\/li>\n<li>Con\u00e7u pour une utilisation s\u00e9curis\u00e9e<\/li>\n<li>Une seule solution pour le mur d\u2019images et le poste de l\u2019op\u00e9rateur<\/li>\n<\/ul>\n\n          <\/div>\n        \n                        \n                  <div class=\"mt-6 flex flex-wrap gap-4\">\n                                                \n                    \n                \n\n<a href=\"#pourquoi\" class=\"cta_link tone-teal\">\n  <span>Pourquoi choisir Barco CTRL<\/span>\n  <\/a>\n      \n                                                \n                    \n                \n\n\n\n\n\n\n      \n        \n    \n      <a href=\"#evolutivite\"\n       class=\"cta_btn cta_btn--md cta_btn--wipe tone-teal cta_btn--hairline halo-none\"\n       >\n      <span>Evolutivit\u00e9<\/span>\n          <\/a>\n        \n          <\/div>\n              <\/div>\n\n    <\/div>\n  <\/div>\n<\/section>\n\n\n\n\n\n\n\n\n\n<section id=\"solutions\"\n         class=\"relative video-grid--full  mt-24 md:md-12 mt-24&#x20;md&#x3A;md-12\"\n         style=\"\n           background-color: #f7f7f7;           --overlay-image: url('https:\/\/hi-technologies.ch\/app\/themes\/hi-tech-light\/assets\/img\/background-gridblock2.svg');\n           --overlay-opacity: 0.14;\n           --overlay-blend: multiply;\n           --overlay-repeat: repeat-x;\n           --overlay-size: 100% auto\n           --overlay-position: center center;\n         \">\n  <div class=\"max-w-7xl mx-auto px-4 md:px-6 py-12 md:py-16 text-neutral-900\">\n          <h2 class=\"text-center text-2xl md:text-3xl fw-500 leading-tight mb-8 md:mb-10 js-reveal\">\n        D\u00e9couvrez la solution BARCO CTRL en vid\u00e9o\n      <\/h2>\n    \n          <div class=\"grid grid-cols-1 md:grid-cols-1 gap-8 md:gap-10\">\n                                      \n                                                    \n\n                               \n                    <article class=\"w-full js-reveal\" data-reveal-distance=\"32\" data-reveal-stagger=\"0.06\">\n\n                                    <div class=\"ratio-box overflow-hidden rounded-xl bg-black\"\n                style=\"--ratio: 56.250000%;\">\n                                    <div class=\"js-inline-iframe absolute inset-0 h-full w-full\" data-src=\"https:\/\/www.youtube-nocookie.com\/embed\/jx9-AuEVEc0?autoplay=1&#038;mute=1&#038;playsinline=1&#038;rel=0&#038;modestbranding=1\"><\/div>\n                                <\/div>\n\n                                            \n          <\/article>\n              <\/div>\n      <\/div>\n\n\n<\/section>\n\n\n\n\n\n\n\n  \n\n\n\n<section id=\"pourquoi\"\n         class=\"relative cms-grid--full tone-teal bg-gradient-brand text-white mt-0\"\n         style=\"\n                --overlay-image: url('https:\/\/hi-technologies.ch\/app\/themes\/hi-tech-light\/assets\/img\/background-gridblock2.svg');\n        --overlay-opacity: 0.1;\n        --overlay-blend: screen;\n        --overlay-repeat: repeat-x;\n        --overlay-size: 100% auto;\n        --overlay-position: center center;\n      \">\n  <div class=\"max-w-7xl mx-auto px-4 md:px-6 py-12 md:py-16 text-white\">\n          <h2 class=\"text-center text-2xl md:text-3xl fw-500 leading-tight mb-8 md:mb-10 js-reveal\"\n          data-reveal-distance=\"24\" data-reveal-stagger=\"0.08\">\n        Pourquoi choisir BARCO CTRL ?\n      <\/h2>\n    \n              <div class=\"grid grid-cols-1 md:grid-cols-3 gap-8 md:gap-10\">\n        \n          \n                                                                \n          \n          <article class=\"w-full js-reveal\" data-reveal-distance=\"24\" data-reveal-stagger=\"0.08\">\n            <div class=\"mx-auto\">\n                              <figure class=\"ratio-box ratio-16-9 mb-5\">\n                  <img\n                    src=\"https:\/\/hi-technologies.ch\/app\/uploads\/2025\/10\/visuel-Simplicite.webp\"\n                    alt=\"\"\n                    loading=\"lazy\"\n                    decoding=\"async\"\n                  \/>\n                <\/figure>\n              \n              <div class=\"py-4 px-4 rounded-xl\">\n                                  <h3 class=\"text-xl md:text-2xl fw-500 leading-tight mb-4 line-clamp-2\">\n                    1. Simplicit\u00e9\n                  <\/h3>\n                \n                                  <div class=\"prose max-w-none prose-invert mb-6\">\n                    <p>Bien qu\u2019elle permette de cr\u00e9er un r\u00e9seau utilisable au niveau mondial, Barco\u00a0CTRL est \u00e9tonnamment\u00a0<b>simple \u00e0 configurer et \u00e0 utiliser<\/b>.<\/p>\n<p>L\u2019interface utilisateur a \u00e9t\u00e9 con\u00e7ue pour\u00a0<b>rendre les op\u00e9rations plus intuitives<\/b>.<\/p>\n\n                  <\/div>\n                \n                \n              <\/div>            <\/div>\n          <\/article>\n        \n          \n                                                                \n          \n          <article class=\"w-full js-reveal\" data-reveal-distance=\"24\" data-reveal-stagger=\"0.08\">\n            <div class=\"mx-auto\">\n                              <figure class=\"ratio-box ratio-16-9 mb-5\">\n                  <img\n                    src=\"https:\/\/hi-technologies.ch\/app\/uploads\/2025\/10\/visuel-Evolutivite.webp\"\n                    alt=\"\"\n                    loading=\"lazy\"\n                    decoding=\"async\"\n                  \/>\n                <\/figure>\n              \n              <div class=\"py-4 px-4 rounded-xl\">\n                                  <h3 class=\"text-xl md:text-2xl fw-500 leading-tight mb-4 line-clamp-2\">\n                    2. Evolutivit\u00e9\n                  <\/h3>\n                \n                                  <div class=\"prose max-w-none prose-invert mb-6\">\n                    <p>M\u00eame si vous n\u2019en connaissez pas encore les contours pr\u00e9cis,\u00a0 vous devez\u00a0<b>anticiper vos besoins futurs.<\/b><\/p>\n<p>Avec BARCO CTRL, vous pourrez\u00a0<b>faire \u00e9voluer le nombre d\u2019entr\u00e9es\u00a0<\/b>de votre solution en y ajoutant simplement des encodeurs. En int\u00e9grant des d\u00e9codeurs suppl\u00e9mentaires, il vous sera possible d\u2019<b>ajouter des postes d\u2019op\u00e9rateurs et\/ou murs d\u2019images.<\/b><\/p>\n\n                  <\/div>\n                \n                \n              <\/div>            <\/div>\n          <\/article>\n        \n          \n                                                                \n          \n          <article class=\"w-full js-reveal\" data-reveal-distance=\"24\" data-reveal-stagger=\"0.08\">\n            <div class=\"mx-auto\">\n                              <figure class=\"ratio-box ratio-16-9 mb-5\">\n                  <img\n                    src=\"https:\/\/hi-technologies.ch\/app\/uploads\/2025\/10\/visuel-Securite.webp\"\n                    alt=\"\"\n                    loading=\"lazy\"\n                    decoding=\"async\"\n                  \/>\n                <\/figure>\n              \n              <div class=\"py-4 px-4 rounded-xl\">\n                                  <h3 class=\"text-xl md:text-2xl fw-500 leading-tight mb-4 line-clamp-2\">\n                    3. S\u00e9curit\u00e9\n                  <\/h3>\n                \n                                  <div class=\"prose max-w-none prose-invert mb-6\">\n                    <p>La plateforme s\u2019appuie sur les principes de \u00ab\u00a0S\u00e9curit\u00e9 d\u00e8s la conception\u00a0\u00bb pour permettre aux utilisateurs de\u00a0<b>connecter leurs ressources en toute s\u00e9curit\u00e9<\/b>, o\u00f9 qu\u2019ils se trouvent.<\/p>\n<p>Barco CTRL est \u00e9galement dot\u00e9e d\u2019une\u00a0<b>architecture \u00ab\u00a0<\/b><b>Zero<\/b><b>\u00a0Trust\u00a0\u00bb autorisant un d\u00e9ploiement dans n\u2019importe quel environnement<\/b>.<\/p>\n\n                  <\/div>\n                \n                \n              <\/div>            <\/div>\n          <\/article>\n              <\/div>\n      <\/div>\n<\/section>\n\n\n\n<figure class=\"wp-block-image aligncenter size-large mt-24 md:mt-12\"><img loading=\"lazy\" decoding=\"async\" width=\"1024\" height=\"433\" src=\"https:\/\/hi-technologies.ch\/app\/uploads\/2025\/10\/BARCO-CTRL-Encoder-decoder-server-1280x541-1-1024x433.png\" alt=\"\" class=\"wp-image-1520\" srcset=\"https:\/\/hi-technologies.ch\/app\/uploads\/2025\/10\/BARCO-CTRL-Encoder-decoder-server-1280x541-1-1024x433.png 1024w, https:\/\/hi-technologies.ch\/app\/uploads\/2025\/10\/BARCO-CTRL-Encoder-decoder-server-1280x541-1-300x127.png 300w, https:\/\/hi-technologies.ch\/app\/uploads\/2025\/10\/BARCO-CTRL-Encoder-decoder-server-1280x541-1-768x325.png 768w, https:\/\/hi-technologies.ch\/app\/uploads\/2025\/10\/BARCO-CTRL-Encoder-decoder-server-1280x541-1.png 1280w\" sizes=\"auto, (max-width: 1024px) 100vw, 1024px\" \/><\/figure>\n\n\n\n<h3 class=\"wp-block-heading has-text-align-center\">C\u00f4t\u00e9 HARDWARE<\/h3>\n\n\n\n<p class=\"has-text-align-center\">Une r\u00e9f\u00e9rence d\u2019<strong>encodeur<\/strong>, une r\u00e9f\u00e9rence de&nbsp;<strong>d\u00e9codeur<\/strong>, une r\u00e9f\u00e9rence de&nbsp;<strong>serveur.<\/strong><br><strong>\u2026<\/strong> <strong>Et c\u2019est tout !<\/strong><\/p>\n\n\n\n\n\n\n\n\n\n<section id=\"evolutivite\"\n         class=\"relative video-grid--full  mt-24 md:mt-12 mt-24&#x20;md&#x3A;mt-12\"\n         style=\"\n           background-color: #f7f7f7;           --overlay-image: url('https:\/\/hi-technologies.ch\/app\/themes\/hi-tech-light\/assets\/img\/background-gridblock2.svg');\n           --overlay-opacity: 0.14;\n           --overlay-blend: multiply;\n           --overlay-repeat: repeat-x;\n           --overlay-size: 100% auto\n           --overlay-position: center center;\n         \">\n  <div class=\"max-w-7xl mx-auto px-4 md:px-6 py-12 md:py-16 text-neutral-900\">\n          <h2 class=\"text-center text-2xl md:text-3xl fw-500 leading-tight mb-8 md:mb-10 js-reveal\">\n        L\u2019\u00e9volutivit\u00e9 simplifi\u00e9e de vos salles de contr\u00f4le.\n      <\/h2>\n    \n          <div class=\"grid grid-cols-1 md:grid-cols-1 gap-8 md:gap-10\">\n                                      \n                                                    \n\n                               \n                    <article class=\"w-full js-reveal\" data-reveal-distance=\"32\" data-reveal-stagger=\"0.06\">\n\n                                    <div class=\"ratio-box overflow-hidden rounded-xl bg-black\"\n                style=\"--ratio: 56.250000%;\">\n                                    <div class=\"js-inline-iframe absolute inset-0 h-full w-full\" data-src=\"https:\/\/www.youtube-nocookie.com\/embed\/d5A4d0Yf2cA?autoplay=1&#038;mute=1&#038;playsinline=1&#038;rel=0&#038;modestbranding=1\"><\/div>\n                                <\/div>\n\n                                            \n          <\/article>\n              <\/div>\n      <\/div>\n\n\n<\/section>\n","protected":false},"excerpt":{"rendered":"<p>C\u00f4t\u00e9 HARDWARE Une r\u00e9f\u00e9rence d\u2019encodeur, une r\u00e9f\u00e9rence de&nbsp;d\u00e9codeur, une r\u00e9f\u00e9rence de&nbsp;serveur.\u2026 Et c\u2019est tout !<\/p>\n","protected":false},"author":1,"featured_media":73,"parent":96,"menu_order":0,"comment_status":"closed","ping_status":"closed","template":"page-templates\/page-marque.php","meta":{"_acf_changed":false,"inline_featured_image":false,"footnotes":""},"domaine_solution":[],"class_list":["post-1502","page","type-page","status-publish","has-post-thumbnail","hentry"],"acf":[],"yoast_head":"<!-- This site is optimized with the Yoast SEO plugin v25.8 - https:\/\/yoast.com\/wordpress\/plugins\/seo\/ -->\n<title>Barco Control - Hi-Technologies<\/title>\n<meta name=\"description\" content=\"Barco CTRL est une plate-forme logicielle \u00e9volutive pour salles de commande : d\u00e9ploiement simplifi\u00e9, workflow unifi\u00e9, acc\u00e8s s\u00e9curis\u00e9 aux sources et pilotage de murs d\u2019images et postes op\u00e9rateurs.\" \/>\n<meta name=\"robots\" content=\"index, follow, max-snippet:-1, max-image-preview:large, max-video-preview:-1\" \/>\n<link rel=\"canonical\" href=\"https:\/\/hi-technologies.ch\/fr\/marques-partenaires\/barco-control\/\" \/>\n<meta property=\"og:locale\" content=\"fr_FR\" \/>\n<meta property=\"og:type\" content=\"article\" \/>\n<meta property=\"og:title\" content=\"Barco Control - Hi-Technologies\" \/>\n<meta property=\"og:description\" content=\"Barco CTRL est une plate-forme logicielle \u00e9volutive pour salles de commande : d\u00e9ploiement simplifi\u00e9, workflow unifi\u00e9, acc\u00e8s s\u00e9curis\u00e9 aux sources et pilotage de murs d\u2019images et postes op\u00e9rateurs.\" \/>\n<meta property=\"og:url\" content=\"https:\/\/hi-technologies.ch\/fr\/marques-partenaires\/barco-control\/\" \/>\n<meta property=\"og:site_name\" content=\"Hi-Technologies\" \/>\n<meta property=\"article:modified_time\" content=\"2025-12-19T09:23:19+00:00\" \/>\n<meta property=\"og:image\" content=\"https:\/\/hi-technologies.ch\/app\/uploads\/2025\/09\/barco-logo-640x204-1.jpg\" \/>\n\t<meta property=\"og:image:width\" content=\"640\" \/>\n\t<meta property=\"og:image:height\" content=\"204\" \/>\n\t<meta property=\"og:image:type\" content=\"image\/jpeg\" \/>\n<meta name=\"twitter:card\" content=\"summary_large_image\" \/>\n<meta name=\"twitter:label1\" content=\"Est. reading time\" \/>\n\t<meta name=\"twitter:data1\" content=\"1 minute\" \/>\n<script type=\"application\/ld+json\" class=\"yoast-schema-graph\">{\"@context\":\"https:\/\/schema.org\",\"@graph\":[{\"@type\":\"WebPage\",\"@id\":\"https:\/\/hi-technologies.ch\/fr\/marques-partenaires\/barco-control\/\",\"url\":\"https:\/\/hi-technologies.ch\/fr\/marques-partenaires\/barco-control\/\",\"name\":\"Barco Control - Hi-Technologies\",\"isPartOf\":{\"@id\":\"https:\/\/hi-technologies.ch\/fr\/#website\"},\"primaryImageOfPage\":{\"@id\":\"https:\/\/hi-technologies.ch\/fr\/marques-partenaires\/barco-control\/#primaryimage\"},\"image\":{\"@id\":\"https:\/\/hi-technologies.ch\/fr\/marques-partenaires\/barco-control\/#primaryimage\"},\"thumbnailUrl\":\"https:\/\/hi-technologies.ch\/app\/uploads\/2025\/09\/barco-logo-640x204-1.jpg\",\"datePublished\":\"2025-10-27T13:25:29+00:00\",\"dateModified\":\"2025-12-19T09:23:19+00:00\",\"description\":\"Barco CTRL est une plate-forme logicielle \u00e9volutive pour salles de commande : d\u00e9ploiement simplifi\u00e9, workflow unifi\u00e9, acc\u00e8s s\u00e9curis\u00e9 aux sources et pilotage de murs d\u2019images et postes op\u00e9rateurs.\",\"breadcrumb\":{\"@id\":\"https:\/\/hi-technologies.ch\/fr\/marques-partenaires\/barco-control\/#breadcrumb\"},\"inLanguage\":\"fr-FR\",\"potentialAction\":[{\"@type\":\"ReadAction\",\"target\":[\"https:\/\/hi-technologies.ch\/fr\/marques-partenaires\/barco-control\/\"]}]},{\"@type\":\"ImageObject\",\"inLanguage\":\"fr-FR\",\"@id\":\"https:\/\/hi-technologies.ch\/fr\/marques-partenaires\/barco-control\/#primaryimage\",\"url\":\"https:\/\/hi-technologies.ch\/app\/uploads\/2025\/09\/barco-logo-640x204-1.jpg\",\"contentUrl\":\"https:\/\/hi-technologies.ch\/app\/uploads\/2025\/09\/barco-logo-640x204-1.jpg\",\"width\":640,\"height\":204},{\"@type\":\"BreadcrumbList\",\"@id\":\"https:\/\/hi-technologies.ch\/fr\/marques-partenaires\/barco-control\/#breadcrumb\",\"itemListElement\":[{\"@type\":\"ListItem\",\"position\":1,\"name\":\"Home\",\"item\":\"https:\/\/hi-technologies.ch\/fr\/\"},{\"@type\":\"ListItem\",\"position\":2,\"name\":\"Marques &amp; Partenaires\",\"item\":\"https:\/\/hi-technologies.ch\/fr\/marques-partenaires\/\"},{\"@type\":\"ListItem\",\"position\":3,\"name\":\"Barco Control\"}]},{\"@type\":\"WebSite\",\"@id\":\"https:\/\/hi-technologies.ch\/fr\/#website\",\"url\":\"https:\/\/hi-technologies.ch\/fr\/\",\"name\":\"Hi-Technologies\",\"description\":\"\",\"publisher\":{\"@id\":\"https:\/\/hi-technologies.ch\/fr\/#organization\"},\"potentialAction\":[{\"@type\":\"SearchAction\",\"target\":{\"@type\":\"EntryPoint\",\"urlTemplate\":\"https:\/\/hi-technologies.ch\/fr\/?s={search_term_string}\"},\"query-input\":{\"@type\":\"PropertyValueSpecification\",\"valueRequired\":true,\"valueName\":\"search_term_string\"}}],\"inLanguage\":\"fr-FR\"},{\"@type\":\"Organization\",\"@id\":\"https:\/\/hi-technologies.ch\/fr\/#organization\",\"name\":\"Hi-Technologies\",\"url\":\"https:\/\/hi-technologies.ch\/fr\/\",\"logo\":{\"@type\":\"ImageObject\",\"inLanguage\":\"fr-FR\",\"@id\":\"https:\/\/hi-technologies.ch\/fr\/#\/schema\/logo\/image\/\",\"url\":\"https:\/\/hi-technologies.ch\/app\/uploads\/2025\/12\/hi-technologies_logo2025-2.png\",\"contentUrl\":\"https:\/\/hi-technologies.ch\/app\/uploads\/2025\/12\/hi-technologies_logo2025-2.png\",\"width\":849,\"height\":281,\"caption\":\"Hi-Technologies\"},\"image\":{\"@id\":\"https:\/\/hi-technologies.ch\/fr\/#\/schema\/logo\/image\/\"},\"sameAs\":[\"https:\/\/www.linkedin.com\/company\/hitechnologies\/\"]}]}<\/script>\n<!-- \/ Yoast SEO plugin. -->","yoast_head_json":{"title":"Barco Control - Hi-Technologies","description":"Barco CTRL est une plate-forme logicielle \u00e9volutive pour salles de commande : d\u00e9ploiement simplifi\u00e9, workflow unifi\u00e9, acc\u00e8s s\u00e9curis\u00e9 aux sources et pilotage de murs d\u2019images et postes op\u00e9rateurs.","robots":{"index":"index","follow":"follow","max-snippet":"max-snippet:-1","max-image-preview":"max-image-preview:large","max-video-preview":"max-video-preview:-1"},"canonical":"https:\/\/hi-technologies.ch\/fr\/marques-partenaires\/barco-control\/","og_locale":"fr_FR","og_type":"article","og_title":"Barco Control - Hi-Technologies","og_description":"Barco CTRL est une plate-forme logicielle \u00e9volutive pour salles de commande : d\u00e9ploiement simplifi\u00e9, workflow unifi\u00e9, acc\u00e8s s\u00e9curis\u00e9 aux sources et pilotage de murs d\u2019images et postes op\u00e9rateurs.","og_url":"https:\/\/hi-technologies.ch\/fr\/marques-partenaires\/barco-control\/","og_site_name":"Hi-Technologies","article_modified_time":"2025-12-19T09:23:19+00:00","og_image":[{"width":640,"height":204,"url":"https:\/\/hi-technologies.ch\/app\/uploads\/2025\/09\/barco-logo-640x204-1.jpg","type":"image\/jpeg"}],"twitter_card":"summary_large_image","twitter_misc":{"Est. reading time":"1 minute"},"schema":{"@context":"https:\/\/schema.org","@graph":[{"@type":"WebPage","@id":"https:\/\/hi-technologies.ch\/fr\/marques-partenaires\/barco-control\/","url":"https:\/\/hi-technologies.ch\/fr\/marques-partenaires\/barco-control\/","name":"Barco Control - Hi-Technologies","isPartOf":{"@id":"https:\/\/hi-technologies.ch\/fr\/#website"},"primaryImageOfPage":{"@id":"https:\/\/hi-technologies.ch\/fr\/marques-partenaires\/barco-control\/#primaryimage"},"image":{"@id":"https:\/\/hi-technologies.ch\/fr\/marques-partenaires\/barco-control\/#primaryimage"},"thumbnailUrl":"https:\/\/hi-technologies.ch\/app\/uploads\/2025\/09\/barco-logo-640x204-1.jpg","datePublished":"2025-10-27T13:25:29+00:00","dateModified":"2025-12-19T09:23:19+00:00","description":"Barco CTRL est une plate-forme logicielle \u00e9volutive pour salles de commande : d\u00e9ploiement simplifi\u00e9, workflow unifi\u00e9, acc\u00e8s s\u00e9curis\u00e9 aux sources et pilotage de murs d\u2019images et postes op\u00e9rateurs.","breadcrumb":{"@id":"https:\/\/hi-technologies.ch\/fr\/marques-partenaires\/barco-control\/#breadcrumb"},"inLanguage":"fr-FR","potentialAction":[{"@type":"ReadAction","target":["https:\/\/hi-technologies.ch\/fr\/marques-partenaires\/barco-control\/"]}]},{"@type":"ImageObject","inLanguage":"fr-FR","@id":"https:\/\/hi-technologies.ch\/fr\/marques-partenaires\/barco-control\/#primaryimage","url":"https:\/\/hi-technologies.ch\/app\/uploads\/2025\/09\/barco-logo-640x204-1.jpg","contentUrl":"https:\/\/hi-technologies.ch\/app\/uploads\/2025\/09\/barco-logo-640x204-1.jpg","width":640,"height":204},{"@type":"BreadcrumbList","@id":"https:\/\/hi-technologies.ch\/fr\/marques-partenaires\/barco-control\/#breadcrumb","itemListElement":[{"@type":"ListItem","position":1,"name":"Home","item":"https:\/\/hi-technologies.ch\/fr\/"},{"@type":"ListItem","position":2,"name":"Marques &amp; Partenaires","item":"https:\/\/hi-technologies.ch\/fr\/marques-partenaires\/"},{"@type":"ListItem","position":3,"name":"Barco Control"}]},{"@type":"WebSite","@id":"https:\/\/hi-technologies.ch\/fr\/#website","url":"https:\/\/hi-technologies.ch\/fr\/","name":"Hi-Technologies","description":"","publisher":{"@id":"https:\/\/hi-technologies.ch\/fr\/#organization"},"potentialAction":[{"@type":"SearchAction","target":{"@type":"EntryPoint","urlTemplate":"https:\/\/hi-technologies.ch\/fr\/?s={search_term_string}"},"query-input":{"@type":"PropertyValueSpecification","valueRequired":true,"valueName":"search_term_string"}}],"inLanguage":"fr-FR"},{"@type":"Organization","@id":"https:\/\/hi-technologies.ch\/fr\/#organization","name":"Hi-Technologies","url":"https:\/\/hi-technologies.ch\/fr\/","logo":{"@type":"ImageObject","inLanguage":"fr-FR","@id":"https:\/\/hi-technologies.ch\/fr\/#\/schema\/logo\/image\/","url":"https:\/\/hi-technologies.ch\/app\/uploads\/2025\/12\/hi-technologies_logo2025-2.png","contentUrl":"https:\/\/hi-technologies.ch\/app\/uploads\/2025\/12\/hi-technologies_logo2025-2.png","width":849,"height":281,"caption":"Hi-Technologies"},"image":{"@id":"https:\/\/hi-technologies.ch\/fr\/#\/schema\/logo\/image\/"},"sameAs":["https:\/\/www.linkedin.com\/company\/hitechnologies\/"]}]}},"_links":{"self":[{"href":"https:\/\/hi-technologies.ch\/fr\/wp-json\/wp\/v2\/pages\/1502","targetHints":{"allow":["GET"]}}],"collection":[{"href":"https:\/\/hi-technologies.ch\/fr\/wp-json\/wp\/v2\/pages"}],"about":[{"href":"https:\/\/hi-technologies.ch\/fr\/wp-json\/wp\/v2\/types\/page"}],"author":[{"embeddable":true,"href":"https:\/\/hi-technologies.ch\/fr\/wp-json\/wp\/v2\/users\/1"}],"replies":[{"embeddable":true,"href":"https:\/\/hi-technologies.ch\/fr\/wp-json\/wp\/v2\/comments?post=1502"}],"version-history":[{"count":42,"href":"https:\/\/hi-technologies.ch\/fr\/wp-json\/wp\/v2\/pages\/1502\/revisions"}],"predecessor-version":[{"id":5016,"href":"https:\/\/hi-technologies.ch\/fr\/wp-json\/wp\/v2\/pages\/1502\/revisions\/5016"}],"up":[{"embeddable":true,"href":"https:\/\/hi-technologies.ch\/fr\/wp-json\/wp\/v2\/pages\/96"}],"wp:featuredmedia":[{"embeddable":true,"href":"https:\/\/hi-technologies.ch\/fr\/wp-json\/wp\/v2\/media\/73"}],"wp:attachment":[{"href":"https:\/\/hi-technologies.ch\/fr\/wp-json\/wp\/v2\/media?parent=1502"}],"wp:term":[{"taxonomy":"domaine_solution","embeddable":true,"href":"https:\/\/hi-technologies.ch\/fr\/wp-json\/wp\/v2\/domaine_solution?post=1502"}],"curies":[{"name":"wp","href":"https:\/\/api.w.org\/{rel}","templated":true}]}}