{"id":1466,"date":"2025-10-27T14:12:16","date_gmt":"2025-10-27T13:12:16","guid":{"rendered":"https:\/\/hi-technologies.ch\/?page_id=1466"},"modified":"2025-12-17T15:18:25","modified_gmt":"2025-12-17T14:18:25","slug":"aoto","status":"publish","type":"page","link":"https:\/\/hi-technologies.ch\/fr\/marques-partenaires\/aoto\/","title":{"rendered":"Aoto"},"content":{"rendered":"\n\n\n\n   \n\n\n  \n\n\n\n\n        \n<section\n  id=\"block_f6d064c50a5d6c705590f96606764f53\"\n  class=\"hero_section relative isolate   w-full overflow-hidden md:rounded-2xl md:mt-6 mt-0 js-hero\"\n  data-hero-tone=\"light\"\n  style=\"background-image:linear-gradient(90deg, rgba(0,0,0,.90) 0%, rgba(0,0,0,.40) 50%), url(https:\/\/hi-technologies.ch\/app\/uploads\/2025\/10\/Aoto-header.jpg); background-size:cover; background-position:center; min-height:48vh;\">\n\n\n    \n\n    \n    \n  <div class=\"relative z-20 max-w-7xl px-4 md:px-6 mx-auto\" style=\"min-height:48vh;\">\n    <div class=\"flex items-center\" style=\"min-height:48vh;\">\n              \n        <div class=\"hero__content py-12 md:py-16 lg:py-20 text-white text-left\">\n\n          \n                      <h1 class=\"text-3xl md:text-6xl fw-600 uppercase leading-tight js-reveal\"\n                data-reveal-from=\"left\" data-reveal-distance=\"24\"\n                data-reveal-delay=\"0.06\" data-reveal-once=\"true\">\n              Aoto\n            <\/h1>\n          \n                      <div class=\"mt-4 text-sm md:text-base leading-relaxed opacity-95 js-reveal-blur\"\n                data-reveal-distance=\"12\" data-reveal-delay=\"0.12\" data-reveal-once=\"true\">\n              <p>AOTO con\u00e7oit des murs LED professionnels offrant une qualit\u00e9 d\u2019image exceptionnelle, des couleurs pr\u00e9cises et une installation modulable, pour des exp\u00e9riences visuelles immersives et parfaitement adapt\u00e9es aux environnements exigeants.<\/p>\n\n            <\/div>\n          \n                                          <div class=\"mt-6 flex flex-wrap items-center gap-4 js-reveal\"\n                data-reveal-from=\"up\" data-reveal-distance=\"16\"\n                data-reveal-delay=\"0.18\" data-reveal-once=\"true\">\n                                                  \n                    \n                \n\n<a href=\"#solutions\" class=\"cta_link tone-teal\">\n  <span>D\u00e9couvrir les solutions<\/span>\n  <\/a>\n      \n                                                  \n                    \n                \n\n\n\n\n\n\n      \n        \n    \n      <a href=\"https:\/\/hi-technologies.ch\/fr\/contact\/\"\n       class=\"cta_btn cta_btn--md cta_btn--wipe tone-teal cta_btn--hairline halo-none\"\n       >\n      <span>Contactez nos sp\u00e9cialistes<\/span>\n          <\/a>\n        \n            <\/div>\n          \n        <\/div>\n\n    <\/div>\n  <\/div>\n<\/section>\n\n<script>\n  (function () {\n    var hero = document.currentScript && document.currentScript.previousElementSibling;\n    if (!hero) return;\n    var tone = hero.getAttribute('data-hero-tone') || 'light';\n    document.body.classList.add('has-hero', 'hero-tone-' + tone);\n  })();\n<\/script>\n\n\n\n\n\n\n\n\n<section id=\"block_91a461105f215cc423ad3cd05f10768c\"\n         class=\"b2 block_2col mt-12 rounded-2xl \"\n         style=\"background-color:#f7f7f7;\">\n  <div class=\"max-w-7xl mx-auto px-4 md:px-6 py-12 md:py-16\">\n    <div class=\"grid grid-cols-1 md:grid-cols-12 gap-8 md:gap-10 items-center\">\n\n            <div class=\"md:order-1 md:col-span-6 pl-12 pr-12 js-reveal\" data-reveal-distance=\"24\">\n                                  <img decoding=\"async\" class=\"b2-logo max-w-[340px] w-full h-auto\" src=\"https:\/\/hi-technologies.ch\/app\/uploads\/2025\/10\/HiT-AOTO-Logo.png\" alt=\"\">\n        \n        \n              <\/div>\n\n            <div class=\"md:order-2 md:col-span-6 pl-12 pr-12 js-reveal\" data-reveal-distance=\"24\">\n                  <h2 class=\"text-3xl md:text-4xl fw-500 leading-tight mb-12 mt-12 js-reveal-blur\" data-reveal-stagger=\"0.06\">\n            Studios, auditoriums, boardrooms, \u00e9v\u00e9nements live, il existe une solution LED AOTO pour chaque environnement.\n          <\/h2>\n        \n                  <div class=\"text-xs md:text-base leading-relaxed mt-12 mb-6\">\n            <p>AOTO est un leader mondial des solutions d\u2019affichage LED professionnelles, proposant des murs LED haut de gamme pour divers environnements.<\/p>\n<p>Ses produits sont particuli\u00e8rement adapt\u00e9s aux studios de diffusion et production virtuelle, offrant des taux de rafra\u00eechissement \u00e9lev\u00e9s, des couleurs pr\u00e9cises et une grande flexibilit\u00e9 d\u2019installation.<\/p>\n<p>Dans les auditoriums et salles de conf\u00e9rence, AOTO fournit des murs LED immersifs, modulaires et faciles \u00e0 maintenir. Les \u00e9crans haute luminosit\u00e9 sont \u00e9galement utilis\u00e9s pour le cin\u00e9ma et les \u00e9v\u00e9nements live, garantissant une qualit\u00e9 d\u2019image exceptionnelle et une exp\u00e9rience visuelle immersive.<\/p>\n\n          <\/div>\n        \n                        \n                  <div class=\"mt-6 flex flex-wrap gap-4\">\n                                                \n                    \n                \n\n<a href=\"#solutions\" class=\"cta_link tone-teal\">\n  <span>Nos coups de c\u0153ur AOTO<\/span>\n  <\/a>\n      \n                                                \n                    \n                \n\n\n\n\n\n\n      \n        \n    \n      <a href=\"#produits\"\n       class=\"cta_btn cta_btn--md cta_btn--wipe tone-teal cta_btn--hairline halo-none\"\n       >\n      <span>Gammes de produits<\/span>\n          <\/a>\n        \n          <\/div>\n              <\/div>\n\n    <\/div>\n  <\/div>\n<\/section>\n\n\n\n<h2 class=\"wp-block-heading has-text-align-center\">Focus sur deux solutions Aoto<br> s\u00e9lectionn\u00e9es par Hi Technologies<\/h2>\n\n\n\n\n\n\n\n\n\n<section id=\"solutions\" class=\"spotlight relative  mt-5 mb-5\">\n  <div class=\"max-w-7xl mx-auto px-4 md:px-6 py-12 md:py-16\">\n\n        <div\n      class=\"hidden md:block absolute inset-y-6 md:inset-y-8 bg-[#f7f7f7] rounded-2xl w-1\/2 right-0\"\n      aria-hidden=\"true\"><\/div>\n\n    <div class=\"relative grid grid-cols-1 md:grid-cols-12 gap-8 md:gap-12 items-center z-10\">\n\n            <div class=\"md:order-1 md:col-span-7 md:-mr-10 lg:-mr-12 js-reveal\"\n        data-reveal-from=\"left\"\n        data-reveal-distance=\"120\"\n        data-reveal-delay=\"0\">\n                          <img decoding=\"async\" class=\"w-auto rounded-xl shadow-sm max-h-[550px] overflow-y-auto m-auto\" src=\"https:\/\/hi-technologies.ch\/app\/uploads\/2025\/10\/Hit-01-MIP.png\" alt=\"\">\n        \n                      <\/div>\n\n            <div class=\"md:order-2 md:col-span-5\">\n        <div class=\"px-5 py-15 md:px-10 md:py-30 \">\n\n          \n                      <h2 class=\"text-3xl md:text-4xl fw-600 leading-tight mb-8 mt-16 js-reveal\"\n                data-reveal-from=\"right\" data-reveal-distance=\"24\" data-reveal-once=\"true\">\n              AOTO MIP Series\n            <\/h2>\n          \n          \n                      <div class=\"mt-2 text-sm md:text-base leading-relaxed js-reveal-blur\"\n                data-reveal-distance=\"12\" data-reveal-delay=\"0.12\" data-reveal-once=\"true\">\n              <p>La <b>s\u00e9rie MIP<\/b> int\u00e8gre la technologie propri\u00e9taire <b>MIP<\/b> d\u2019AOTO, utilisant des puces LED de 50 \u00e0 100 \u00b5m pour un pas de pixel extr\u00eamement fin. Gr\u00e2ce aux technologies <span lang=\"fr-CH\"><b>F<\/b><\/span><b>lip chip<\/b> et <span lang=\"fr-CH\"><b>Common<\/b><\/span> <b>cathod<\/b><b> <\/b><b>commune<\/b>, elle offre une fiabilit\u00e9 renforc\u00e9e et une consommation \u00e9nerg\u00e9tique optimis\u00e9e. Les traitements de surface multiples am\u00e9liorent la coh\u00e9rence des couleurs et des noirs tout en r\u00e9duisant l\u2019\u00e9blouissement, les reflets et les effets moir\u00e9s, garantissant ainsi une exp\u00e9rience visuelle confortable.<\/p>\n<ul>\n<li>Plage de pixels : 0,9 \u2013 1,8 mm<\/li>\n<li>Uniformit\u00e9 des couleurs \u00e9lev\u00e9e<\/li>\n<li>Contraste sup\u00e9rieur<\/li>\n<li>Efficacit\u00e9 \u00e9nerg\u00e9tique optimis\u00e9e<\/li>\n<li>Vision confortable et immersive<\/li>\n<\/ul>\n\n            <\/div>\n          \n                    \n                      <div class=\"mt-8 flex flex-wrap items-center gap-6 mb-16 js-reveal\"\n                data-reveal-from=\"up\" data-reveal-distance=\"16\"\n                data-reveal-delay=\"0.18\" data-reveal-once=\"true\">\n                                                  \n                    \n                \n\n<a href=\"https:\/\/hi-technologies.ch\/fr\/contact\/\" class=\"cta_link tone-teal\">\n  <span>Contactez-nous<\/span>\n  <\/a>\n      \n                        \n            <\/div>\n          \n        <\/div>\n      <\/div>\n\n\n    <\/div>\n  <\/div>\n<\/section>\n\n\n\n\n\n\n\n\n\n<section id=\"block_be1df26476f1fd6f7f7c1d643ad8fc49\" class=\"spotlight relative  mt-5 mb-5\">\n  <div class=\"max-w-7xl mx-auto px-4 md:px-6 py-12 md:py-16\">\n\n        <div\n      class=\"hidden md:block absolute inset-y-6 md:inset-y-8 bg-[#f7f7f7] rounded-2xl w-1\/2 left-0\"\n      aria-hidden=\"true\"><\/div>\n\n    <div class=\"relative grid grid-cols-1 md:grid-cols-12 gap-8 md:gap-12 items-center z-10\">\n\n            <div class=\"md:order-2 md:col-span-7 md:-ml-10 lg:-ml-12 js-reveal\"\n        data-reveal-from=\"right\"\n        data-reveal-distance=\"120\"\n        data-reveal-delay=\"0\">\n                          <img decoding=\"async\" class=\"w-auto rounded-xl shadow-sm max-h-[550px] overflow-y-auto m-auto\" src=\"https:\/\/hi-technologies.ch\/app\/uploads\/2025\/11\/AOTO-CV-Series-Highlights.png\" alt=\"\">\n        \n                      <\/div>\n\n            <div class=\"md:order-1 md:col-span-5\">\n        <div class=\"px-5 py-15 md:px-10 md:py-30 \">\n\n          \n                      <h2 class=\"text-3xl md:text-4xl fw-600 leading-tight mb-8 mt-16 js-reveal\"\n                data-reveal-from=\"left\" data-reveal-distance=\"24\" data-reveal-once=\"true\">\n              CV Series\n            <\/h2>\n          \n                      <p class=\"text-lg uppercase tracking-wide opacity-80 mb-6 u-title fw-500 js-reveal\"\n              data-reveal-from=\"left\" data-reveal-distance=\"20\"\n              data-reveal-delay=\"0.06\" data-reveal-once=\"true\">\n              Murs LED modulaires pour auditoriums et salles de conf\u00e9rence\n            <\/p>\n          \n                      <div class=\"mt-2 text-sm md:text-base leading-relaxed js-reveal-blur\"\n                data-reveal-distance=\"12\" data-reveal-delay=\"0.12\" data-reveal-once=\"true\">\n              <p>La CV Series d\u2019AOTO offre des murs LED professionnels id\u00e9aux pour auditoriums, salles de conseil et espaces institutionnels.<\/p>\n<p>Avec des pas de pixel allant de 0,9 \u00e0 <span lang=\"fr-CH\">2<\/span>,5 mm, elle garantit une qualit\u00e9 d\u2019image nette et immersive. Sa conception modulaire et l\u00e9g\u00e8re permet des installations droites, incurv\u00e9es ou mobiles, tout en facilitant la maintenance.<\/p>\n<p>Les traitements de surface assurent des couleurs uniformes, un contraste \u00e9lev\u00e9 et une exp\u00e9rience visuelle confortable, r\u00e9pondant aux besoins des environnements professionnels exigeants.<\/p>\n\n            <\/div>\n          \n                    \n                      <div class=\"mt-8 flex flex-wrap items-center gap-6 mb-16 js-reveal\"\n                data-reveal-from=\"up\" data-reveal-distance=\"16\"\n                data-reveal-delay=\"0.18\" data-reveal-once=\"true\">\n                                                  \n                    \n                \n\n<a href=\"https:\/\/hi-technologies.ch\/fr\/contact\/\" class=\"cta_link tone-teal\">\n  <span>Contactez-nous<\/span>\n  <\/a>\n      \n                        \n            <\/div>\n          \n        <\/div>\n      <\/div>\n\n\n    <\/div>\n  <\/div>\n<\/section>\n\n\n\n<p><\/p>\n","protected":false},"excerpt":{"rendered":"<p>Focus sur deux solutions Aoto s\u00e9lectionn\u00e9es par Hi Technologies<\/p>\n","protected":false},"author":1,"featured_media":1469,"parent":96,"menu_order":0,"comment_status":"closed","ping_status":"closed","template":"page-templates\/page-marque.php","meta":{"_acf_changed":false,"inline_featured_image":false,"footnotes":""},"domaine_solution":[],"class_list":["post-1466","page","type-page","status-publish","has-post-thumbnail","hentry"],"acf":[],"yoast_head":"<!-- This site is optimized with the Yoast SEO plugin v25.8 - https:\/\/yoast.com\/wordpress\/plugins\/seo\/ -->\n<title>Aoto - Hi-Technologies<\/title>\n<meta name=\"description\" content=\"AOTO chez Hi Technologies : murs LED professionnels pour studios, auditoriums et \u00e9v\u00e9nements, avec couleurs pr\u00e9cises, haute luminosit\u00e9, modularit\u00e9 et exp\u00e9rience visuelle immersive.\" \/>\n<meta name=\"robots\" content=\"index, follow, max-snippet:-1, max-image-preview:large, max-video-preview:-1\" \/>\n<link rel=\"canonical\" href=\"https:\/\/hi-technologies.ch\/fr\/marques-partenaires\/aoto\/\" \/>\n<meta property=\"og:locale\" content=\"fr_FR\" \/>\n<meta property=\"og:type\" content=\"article\" \/>\n<meta property=\"og:title\" content=\"Aoto - Hi-Technologies\" \/>\n<meta property=\"og:description\" content=\"AOTO chez Hi Technologies : murs LED professionnels pour studios, auditoriums et \u00e9v\u00e9nements, avec couleurs pr\u00e9cises, haute luminosit\u00e9, modularit\u00e9 et exp\u00e9rience visuelle immersive.\" \/>\n<meta property=\"og:url\" content=\"https:\/\/hi-technologies.ch\/fr\/marques-partenaires\/aoto\/\" \/>\n<meta property=\"og:site_name\" content=\"Hi-Technologies\" \/>\n<meta property=\"article:modified_time\" content=\"2025-12-17T14:18:25+00:00\" \/>\n<meta property=\"og:image\" content=\"https:\/\/hi-technologies.ch\/app\/uploads\/2025\/10\/HiT-AOTO-Logo.png\" \/>\n\t<meta property=\"og:image:width\" content=\"400\" \/>\n\t<meta property=\"og:image:height\" content=\"107\" \/>\n\t<meta property=\"og:image:type\" content=\"image\/png\" \/>\n<meta name=\"twitter:card\" content=\"summary_large_image\" \/>\n<meta name=\"twitter:label1\" content=\"Est. reading time\" \/>\n\t<meta name=\"twitter:data1\" content=\"1 minute\" \/>\n<script type=\"application\/ld+json\" class=\"yoast-schema-graph\">{\"@context\":\"https:\/\/schema.org\",\"@graph\":[{\"@type\":\"WebPage\",\"@id\":\"https:\/\/hi-technologies.ch\/fr\/marques-partenaires\/aoto\/\",\"url\":\"https:\/\/hi-technologies.ch\/fr\/marques-partenaires\/aoto\/\",\"name\":\"Aoto - Hi-Technologies\",\"isPartOf\":{\"@id\":\"https:\/\/hi-technologies.ch\/fr\/#website\"},\"primaryImageOfPage\":{\"@id\":\"https:\/\/hi-technologies.ch\/fr\/marques-partenaires\/aoto\/#primaryimage\"},\"image\":{\"@id\":\"https:\/\/hi-technologies.ch\/fr\/marques-partenaires\/aoto\/#primaryimage\"},\"thumbnailUrl\":\"https:\/\/hi-technologies.ch\/app\/uploads\/2025\/10\/HiT-AOTO-Logo.png\",\"datePublished\":\"2025-10-27T13:12:16+00:00\",\"dateModified\":\"2025-12-17T14:18:25+00:00\",\"description\":\"AOTO chez Hi Technologies : murs LED professionnels pour studios, auditoriums et \u00e9v\u00e9nements, avec couleurs pr\u00e9cises, haute luminosit\u00e9, modularit\u00e9 et exp\u00e9rience visuelle immersive.\",\"breadcrumb\":{\"@id\":\"https:\/\/hi-technologies.ch\/fr\/marques-partenaires\/aoto\/#breadcrumb\"},\"inLanguage\":\"fr-FR\",\"potentialAction\":[{\"@type\":\"ReadAction\",\"target\":[\"https:\/\/hi-technologies.ch\/fr\/marques-partenaires\/aoto\/\"]}]},{\"@type\":\"ImageObject\",\"inLanguage\":\"fr-FR\",\"@id\":\"https:\/\/hi-technologies.ch\/fr\/marques-partenaires\/aoto\/#primaryimage\",\"url\":\"https:\/\/hi-technologies.ch\/app\/uploads\/2025\/10\/HiT-AOTO-Logo.png\",\"contentUrl\":\"https:\/\/hi-technologies.ch\/app\/uploads\/2025\/10\/HiT-AOTO-Logo.png\",\"width\":400,\"height\":107},{\"@type\":\"BreadcrumbList\",\"@id\":\"https:\/\/hi-technologies.ch\/fr\/marques-partenaires\/aoto\/#breadcrumb\",\"itemListElement\":[{\"@type\":\"ListItem\",\"position\":1,\"name\":\"Home\",\"item\":\"https:\/\/hi-technologies.ch\/fr\/\"},{\"@type\":\"ListItem\",\"position\":2,\"name\":\"Marques &amp; Partenaires\",\"item\":\"https:\/\/hi-technologies.ch\/fr\/marques-partenaires\/\"},{\"@type\":\"ListItem\",\"position\":3,\"name\":\"Aoto\"}]},{\"@type\":\"WebSite\",\"@id\":\"https:\/\/hi-technologies.ch\/fr\/#website\",\"url\":\"https:\/\/hi-technologies.ch\/fr\/\",\"name\":\"Hi-Technologies\",\"description\":\"\",\"publisher\":{\"@id\":\"https:\/\/hi-technologies.ch\/fr\/#organization\"},\"potentialAction\":[{\"@type\":\"SearchAction\",\"target\":{\"@type\":\"EntryPoint\",\"urlTemplate\":\"https:\/\/hi-technologies.ch\/fr\/?s={search_term_string}\"},\"query-input\":{\"@type\":\"PropertyValueSpecification\",\"valueRequired\":true,\"valueName\":\"search_term_string\"}}],\"inLanguage\":\"fr-FR\"},{\"@type\":\"Organization\",\"@id\":\"https:\/\/hi-technologies.ch\/fr\/#organization\",\"name\":\"Hi-Technologies\",\"url\":\"https:\/\/hi-technologies.ch\/fr\/\",\"logo\":{\"@type\":\"ImageObject\",\"inLanguage\":\"fr-FR\",\"@id\":\"https:\/\/hi-technologies.ch\/fr\/#\/schema\/logo\/image\/\",\"url\":\"https:\/\/hi-technologies.ch\/app\/uploads\/2025\/12\/hi-technologies_logo2025-2.png\",\"contentUrl\":\"https:\/\/hi-technologies.ch\/app\/uploads\/2025\/12\/hi-technologies_logo2025-2.png\",\"width\":849,\"height\":281,\"caption\":\"Hi-Technologies\"},\"image\":{\"@id\":\"https:\/\/hi-technologies.ch\/fr\/#\/schema\/logo\/image\/\"},\"sameAs\":[\"https:\/\/www.linkedin.com\/company\/hitechnologies\/\"]}]}<\/script>\n<!-- \/ Yoast SEO plugin. -->","yoast_head_json":{"title":"Aoto - Hi-Technologies","description":"AOTO chez Hi Technologies : murs LED professionnels pour studios, auditoriums et \u00e9v\u00e9nements, avec couleurs pr\u00e9cises, haute luminosit\u00e9, modularit\u00e9 et exp\u00e9rience visuelle immersive.","robots":{"index":"index","follow":"follow","max-snippet":"max-snippet:-1","max-image-preview":"max-image-preview:large","max-video-preview":"max-video-preview:-1"},"canonical":"https:\/\/hi-technologies.ch\/fr\/marques-partenaires\/aoto\/","og_locale":"fr_FR","og_type":"article","og_title":"Aoto - Hi-Technologies","og_description":"AOTO chez Hi Technologies : murs LED professionnels pour studios, auditoriums et \u00e9v\u00e9nements, avec couleurs pr\u00e9cises, haute luminosit\u00e9, modularit\u00e9 et exp\u00e9rience visuelle immersive.","og_url":"https:\/\/hi-technologies.ch\/fr\/marques-partenaires\/aoto\/","og_site_name":"Hi-Technologies","article_modified_time":"2025-12-17T14:18:25+00:00","og_image":[{"width":400,"height":107,"url":"https:\/\/hi-technologies.ch\/app\/uploads\/2025\/10\/HiT-AOTO-Logo.png","type":"image\/png"}],"twitter_card":"summary_large_image","twitter_misc":{"Est. reading time":"1 minute"},"schema":{"@context":"https:\/\/schema.org","@graph":[{"@type":"WebPage","@id":"https:\/\/hi-technologies.ch\/fr\/marques-partenaires\/aoto\/","url":"https:\/\/hi-technologies.ch\/fr\/marques-partenaires\/aoto\/","name":"Aoto - Hi-Technologies","isPartOf":{"@id":"https:\/\/hi-technologies.ch\/fr\/#website"},"primaryImageOfPage":{"@id":"https:\/\/hi-technologies.ch\/fr\/marques-partenaires\/aoto\/#primaryimage"},"image":{"@id":"https:\/\/hi-technologies.ch\/fr\/marques-partenaires\/aoto\/#primaryimage"},"thumbnailUrl":"https:\/\/hi-technologies.ch\/app\/uploads\/2025\/10\/HiT-AOTO-Logo.png","datePublished":"2025-10-27T13:12:16+00:00","dateModified":"2025-12-17T14:18:25+00:00","description":"AOTO chez Hi Technologies : murs LED professionnels pour studios, auditoriums et \u00e9v\u00e9nements, avec couleurs pr\u00e9cises, haute luminosit\u00e9, modularit\u00e9 et exp\u00e9rience visuelle immersive.","breadcrumb":{"@id":"https:\/\/hi-technologies.ch\/fr\/marques-partenaires\/aoto\/#breadcrumb"},"inLanguage":"fr-FR","potentialAction":[{"@type":"ReadAction","target":["https:\/\/hi-technologies.ch\/fr\/marques-partenaires\/aoto\/"]}]},{"@type":"ImageObject","inLanguage":"fr-FR","@id":"https:\/\/hi-technologies.ch\/fr\/marques-partenaires\/aoto\/#primaryimage","url":"https:\/\/hi-technologies.ch\/app\/uploads\/2025\/10\/HiT-AOTO-Logo.png","contentUrl":"https:\/\/hi-technologies.ch\/app\/uploads\/2025\/10\/HiT-AOTO-Logo.png","width":400,"height":107},{"@type":"BreadcrumbList","@id":"https:\/\/hi-technologies.ch\/fr\/marques-partenaires\/aoto\/#breadcrumb","itemListElement":[{"@type":"ListItem","position":1,"name":"Home","item":"https:\/\/hi-technologies.ch\/fr\/"},{"@type":"ListItem","position":2,"name":"Marques &amp; Partenaires","item":"https:\/\/hi-technologies.ch\/fr\/marques-partenaires\/"},{"@type":"ListItem","position":3,"name":"Aoto"}]},{"@type":"WebSite","@id":"https:\/\/hi-technologies.ch\/fr\/#website","url":"https:\/\/hi-technologies.ch\/fr\/","name":"Hi-Technologies","description":"","publisher":{"@id":"https:\/\/hi-technologies.ch\/fr\/#organization"},"potentialAction":[{"@type":"SearchAction","target":{"@type":"EntryPoint","urlTemplate":"https:\/\/hi-technologies.ch\/fr\/?s={search_term_string}"},"query-input":{"@type":"PropertyValueSpecification","valueRequired":true,"valueName":"search_term_string"}}],"inLanguage":"fr-FR"},{"@type":"Organization","@id":"https:\/\/hi-technologies.ch\/fr\/#organization","name":"Hi-Technologies","url":"https:\/\/hi-technologies.ch\/fr\/","logo":{"@type":"ImageObject","inLanguage":"fr-FR","@id":"https:\/\/hi-technologies.ch\/fr\/#\/schema\/logo\/image\/","url":"https:\/\/hi-technologies.ch\/app\/uploads\/2025\/12\/hi-technologies_logo2025-2.png","contentUrl":"https:\/\/hi-technologies.ch\/app\/uploads\/2025\/12\/hi-technologies_logo2025-2.png","width":849,"height":281,"caption":"Hi-Technologies"},"image":{"@id":"https:\/\/hi-technologies.ch\/fr\/#\/schema\/logo\/image\/"},"sameAs":["https:\/\/www.linkedin.com\/company\/hitechnologies\/"]}]}},"_links":{"self":[{"href":"https:\/\/hi-technologies.ch\/fr\/wp-json\/wp\/v2\/pages\/1466","targetHints":{"allow":["GET"]}}],"collection":[{"href":"https:\/\/hi-technologies.ch\/fr\/wp-json\/wp\/v2\/pages"}],"about":[{"href":"https:\/\/hi-technologies.ch\/fr\/wp-json\/wp\/v2\/types\/page"}],"author":[{"embeddable":true,"href":"https:\/\/hi-technologies.ch\/fr\/wp-json\/wp\/v2\/users\/1"}],"replies":[{"embeddable":true,"href":"https:\/\/hi-technologies.ch\/fr\/wp-json\/wp\/v2\/comments?post=1466"}],"version-history":[{"count":21,"href":"https:\/\/hi-technologies.ch\/fr\/wp-json\/wp\/v2\/pages\/1466\/revisions"}],"predecessor-version":[{"id":5278,"href":"https:\/\/hi-technologies.ch\/fr\/wp-json\/wp\/v2\/pages\/1466\/revisions\/5278"}],"up":[{"embeddable":true,"href":"https:\/\/hi-technologies.ch\/fr\/wp-json\/wp\/v2\/pages\/96"}],"wp:featuredmedia":[{"embeddable":true,"href":"https:\/\/hi-technologies.ch\/fr\/wp-json\/wp\/v2\/media\/1469"}],"wp:attachment":[{"href":"https:\/\/hi-technologies.ch\/fr\/wp-json\/wp\/v2\/media?parent=1466"}],"wp:term":[{"taxonomy":"domaine_solution","embeddable":true,"href":"https:\/\/hi-technologies.ch\/fr\/wp-json\/wp\/v2\/domaine_solution?post=1466"}],"curies":[{"name":"wp","href":"https:\/\/api.w.org\/{rel}","templated":true}]}}