{"id":1276,"date":"2025-10-23T17:29:41","date_gmt":"2025-10-23T15:29:41","guid":{"rendered":"https:\/\/hi-technologies.ch\/?page_id=1276"},"modified":"2025-12-11T16:34:01","modified_gmt":"2025-12-11T15:34:01","slug":"lg","status":"publish","type":"page","link":"https:\/\/hi-technologies.ch\/fr\/marques-partenaires\/lg\/","title":{"rendered":"LG"},"content":{"rendered":"\n\n\n\n   \n\n\n  \n\n\n\n\n        \n<section\n  id=\"block_1ec524b7feca1657eb1f2686622243bb\"\n  class=\"hero_section relative isolate   w-full overflow-hidden md:rounded-2xl md:mt-6 mt-0 js-hero\"\n  data-hero-tone=\"dark\"\n  style=\"background-image:linear-gradient(90deg, rgba(247,247,247,1) 0%, rgba(247,247,247,.10) 60%, rgba(247,247,247,0) 100%), url(https:\/\/hi-technologies.ch\/app\/uploads\/2025\/10\/HiT-LG-Header-02.jpg); background-size:cover; background-position:center; min-height:48vh;\">\n\n\n    \n\n    \n    \n  <div class=\"relative z-20 max-w-7xl px-4 md:px-6 mx-auto\" style=\"min-height:48vh;\">\n    <div class=\"flex items-center\" style=\"min-height:48vh;\">\n              \n        <div class=\"hero__content py-12 md:py-16 lg:py-20 text-black text-left\">\n\n          \n                      <h1 class=\"text-3xl md:text-6xl fw-600 uppercase leading-tight js-reveal\"\n                data-reveal-from=\"left\" data-reveal-distance=\"24\"\n                data-reveal-delay=\"0.06\" data-reveal-once=\"true\">\n              LG\n            <\/h1>\n          \n                      <div class=\"mt-4 text-sm md:text-base leading-relaxed opacity-95 js-reveal-blur\"\n                data-reveal-distance=\"12\" data-reveal-delay=\"0.12\" data-reveal-once=\"true\">\n              <p>D\u00e9couvrez la gamme professionnelle LG : des \u00e9crans performants, durables et \u00e9l\u00e9gants, con\u00e7us pour optimiser la communication, l\u2019affichage et la collaboration dans tous les environnements de travail modernes.<\/p>\n\n            <\/div>\n          \n                                          <div class=\"mt-6 flex flex-wrap items-center gap-4 js-reveal\"\n                data-reveal-from=\"up\" data-reveal-distance=\"16\"\n                data-reveal-delay=\"0.18\" data-reveal-once=\"true\">\n                                                  \n                    \n                \n\n<a href=\"#solutions\" class=\"cta_link tone-teal\">\n  <span>D\u00e9couvrir les solutions d&#8217;affichage vid\u00e9o LG<\/span>\n  <\/a>\n      \n                                                  \n                    \n                \n\n\n\n\n\n\n      \n        \n    \n      <a href=\"https:\/\/hi-technologies.ch\/fr\/contact\/\"\n       class=\"cta_btn cta_btn--md cta_btn--wipe tone-teal cta_btn--hairline halo-none\"\n       >\n      <span>Prendre rendez-vous<\/span>\n          <\/a>\n        \n            <\/div>\n          \n        <\/div>\n\n    <\/div>\n  <\/div>\n<\/section>\n\n<script>\n  (function () {\n    var hero = document.currentScript && document.currentScript.previousElementSibling;\n    if (!hero) return;\n    var tone = hero.getAttribute('data-hero-tone') || 'light';\n    document.body.classList.add('has-hero', 'hero-tone-' + tone);\n  })();\n<\/script>\n\n\n\n\n\n\n\n\n<section id=\"block_ca5785972dc3ffdc1aaec4fb7554514e\"\n         class=\"b2 block_2col mt-12 rounded-2xl \"\n         style=\"background-color:#f7f7f7;\">\n  <div class=\"max-w-7xl mx-auto px-4 md:px-6 py-12 md:py-16\">\n    <div class=\"grid grid-cols-1 md:grid-cols-12 gap-8 md:gap-10 items-center\">\n\n            <div class=\"md:order-1 md:col-span-6 pl-12 pr-12 js-reveal\" data-reveal-distance=\"24\">\n                                  <img decoding=\"async\" class=\"b2-logo max-w-[340px] w-full h-auto\" src=\"https:\/\/hi-technologies.ch\/app\/uploads\/2025\/10\/Logo-LG.png\" alt=\"\">\n        \n        \n              <\/div>\n\n            <div class=\"md:order-2 md:col-span-6 pl-12 pr-12 js-reveal\" data-reveal-distance=\"24\">\n                  <h2 class=\"text-3xl md:text-4xl fw-500 leading-tight mb-12 mt-12 js-reveal-blur\" data-reveal-stagger=\"0.06\">\n            Donnez vie \u00e0 vos espaces professionnels avec LG\n          <\/h2>\n        \n                  <div class=\"text-xs md:text-base leading-relaxed mt-12 mb-6\">\n            <p>LG propose une large gamme d\u2019\u00e9crans et de <b>solutions d\u2019affichage sp\u00e9cialement con\u00e7ues pour les environnements professionnels<\/b>. Alliant performance, fiabilit\u00e9 et design, leurs produits r\u00e9pondent aux besoins des entreprises, commerces, \u00e9tablissements publics et espaces collaboratifs.<\/p>\n<p>La marque offre des moniteurs professionnels, \u00e9crans haute luminosit\u00e9, panneaux LED, solutions de signal\u00e9tique num\u00e9rique et \u00e9crans interactifs adapt\u00e9s \u00e0 chaque usage. Gr\u00e2ce \u00e0 des technologies avanc\u00e9es et une excellente qualit\u00e9 d\u2019image, LG garantit une exp\u00e9rience visuelle optimale et une durabilit\u00e9 \u00e0 toute \u00e9preuve.<\/p>\n<p>Que ce soit pour les salles de r\u00e9union, les vitrines, les halls d\u2019accueil ou les espaces de travail, LG met l\u2019innovation au service de l\u2019efficacit\u00e9 et de la communication professionnelle.<\/p>\n\n          <\/div>\n        \n                        \n                  <div class=\"mt-6 flex flex-wrap gap-4\">\n                                                \n                    \n                \n\n<a href=\"#solutions\" class=\"cta_link tone-teal\">\n  <span>Focus sur deux solutions LG<\/span>\n  <\/a>\n      \n                                                \n                    \n                \n\n\n\n\n\n\n      \n        \n    \n      <a href=\"#produits\"\n       class=\"cta_btn cta_btn--md cta_btn--wipe tone-teal cta_btn--hairline halo-none\"\n       >\n      <span>Gammes de produits<\/span>\n          <\/a>\n        \n          <\/div>\n              <\/div>\n\n    <\/div>\n  <\/div>\n<\/section>\n\n\n\n\n\n\n\n\n\n<section id=\"block_2be0e2ac5affc23ebf5fd37e40a8f396\"\n         class=\"relative video-grid--full tone-teal bg-gradient-brand text-white mt-24 md:mt-12 mt-24&#x20;md&#x3A;mt-12\"\n         style=\"\n                      --overlay-image: url('https:\/\/hi-technologies.ch\/app\/themes\/hi-tech-light\/assets\/img\/background-gridblock2.svg');\n           --overlay-opacity: 0.1;\n           --overlay-blend: screen;\n           --overlay-repeat: repeat-x;\n           --overlay-size: 100% auto\n           --overlay-position: center center;\n         \">\n  <div class=\"max-w-7xl mx-auto px-4 md:px-6 py-12 md:py-16 text-white\">\n          <h2 class=\"text-center text-2xl md:text-3xl fw-500 leading-tight mb-8 md:mb-10 js-reveal\">\n        LG Magnit\n      <\/h2>\n    \n          <div class=\"grid grid-cols-1 md:grid-cols-1 gap-8 md:gap-10\">\n                                      \n                                                    \n\n                               \n                    <article class=\"w-full js-reveal\" data-reveal-distance=\"32\" data-reveal-stagger=\"0.06\">\n\n                                    <div class=\"ratio-box overflow-hidden rounded-xl bg-black\"\n                style=\"--ratio: 56.250000%;\">\n                                    <div class=\"js-inline-iframe absolute inset-0 h-full w-full\" data-src=\"https:\/\/www.youtube-nocookie.com\/embed\/qjx-ntZsNVQ?autoplay=1&#038;mute=1&#038;playsinline=1&#038;rel=0&#038;modestbranding=1\"><\/div>\n                                <\/div>\n\n                                            \n          <\/article>\n              <\/div>\n      <\/div>\n\n\n<\/section>\n\n\n\n<h2 class=\"wp-block-heading has-text-align-center\" id=\"solutions\">Deux solutions professionnelles LG<br>plus en d\u00e9tails<\/h2>\n\n\n\n\n\n\n\n\n\n<section id=\"block_7881ec8f8616e98c3acb3d8661e8e413\" class=\"spotlight relative  mt-5 mb-5\">\n  <div class=\"max-w-7xl mx-auto px-4 md:px-6 py-12 md:py-16\">\n\n        <div\n      class=\"hidden md:block absolute inset-y-6 md:inset-y-8 bg-[#f7f7f7] rounded-2xl w-1\/2 right-0\"\n      aria-hidden=\"true\"><\/div>\n\n    <div class=\"relative grid grid-cols-1 md:grid-cols-12 gap-8 md:gap-12 items-center z-10\">\n\n            <div class=\"md:order-1 md:col-span-7 md:-mr-10 lg:-mr-12 js-reveal\"\n        data-reveal-from=\"left\"\n        data-reveal-distance=\"120\"\n        data-reveal-delay=\"0\">\n                          <img decoding=\"async\" class=\"w-auto rounded-xl shadow-sm max-h-[550px] overflow-y-auto m-auto\" src=\"https:\/\/hi-technologies.ch\/app\/uploads\/2025\/10\/Hit-Highlight-01-LAPA-LG.jpg\" alt=\"\">\n        \n                      <\/div>\n\n            <div class=\"md:order-2 md:col-span-5\">\n        <div class=\"px-5 py-15 md:px-10 md:py-30 \">\n\n          \n                      <h2 class=\"text-3xl md:text-4xl fw-600 leading-tight mb-8 mt-16 js-reveal\"\n                data-reveal-from=\"right\" data-reveal-distance=\"24\" data-reveal-once=\"true\">\n              LAPA\n            <\/h2>\n          \n                      <p class=\"text-lg uppercase tracking-wide opacity-80 mb-6 u-title fw-500 js-reveal\"\n              data-reveal-from=\"right\" data-reveal-distance=\"20\"\n              data-reveal-delay=\"0.06\" data-reveal-once=\"true\">\n              L\u2019excellence de l\u2019affichage LED professionnel\n            <\/p>\n          \n                      <div class=\"mt-2 text-sm md:text-base leading-relaxed js-reveal-blur\"\n                data-reveal-distance=\"12\" data-reveal-delay=\"0.12\" data-reveal-once=\"true\">\n              <p>Le LAPA est une s\u00e9rie d\u2019\u00e9crans<b> LED professionnels \u201call-in-one\u201d <\/b>de LG<b> <\/b>offrant une r\u00e9solution <b>Full HD (1920 \u00d7 1080<\/b>) et une qualit\u00e9 d\u2019image remarquable gr\u00e2ce \u00e0 sa technologie LED Fine Pitch. Disponible en <b>formats 136 \u2033 et 163 \u2033<\/b>, il garantit des couleurs pr\u00e9cises, une luminosit\u00e9 homog\u00e8ne et une installation simplifi\u00e9e.<\/p>\n<p>Id\u00e9al pour les salles de conf\u00e9rence, halls d\u2019accueil ou espaces \u00e9v\u00e9nementiels, le LAPA incarne la performance et l\u2019\u00e9l\u00e9gance de l\u2019affichage professionnel LG.<\/p>\n\n            <\/div>\n          \n                    \n                      <div class=\"mt-8 flex flex-wrap items-center gap-6 mb-16 js-reveal\"\n                data-reveal-from=\"up\" data-reveal-distance=\"16\"\n                data-reveal-delay=\"0.18\" data-reveal-once=\"true\">\n                                                  \n                    \n                \n\n<a href=\"https:\/\/hi-technologies.ch\/fr\/contact\/\" class=\"cta_link tone-teal\">\n  <span>Contactez-nous<\/span>\n  <\/a>\n      \n                        \n            <\/div>\n          \n        <\/div>\n      <\/div>\n\n\n    <\/div>\n  <\/div>\n<\/section>\n\n\n\n\n\n\n\n\n\n<section id=\"block_6f179333e39209f9798a3c571413dbc5\" class=\"spotlight relative  mt-5 mb-5\">\n  <div class=\"max-w-7xl mx-auto px-4 md:px-6 py-12 md:py-16\">\n\n        <div\n      class=\"hidden md:block absolute inset-y-6 md:inset-y-8 bg-[#f7f7f7] rounded-2xl w-1\/2 left-0\"\n      aria-hidden=\"true\"><\/div>\n\n    <div class=\"relative grid grid-cols-1 md:grid-cols-12 gap-8 md:gap-12 items-center z-10\">\n\n            <div class=\"md:order-2 md:col-span-7 md:-ml-10 lg:-ml-12 js-reveal\"\n        data-reveal-from=\"right\"\n        data-reveal-distance=\"120\"\n        data-reveal-delay=\"0\">\n                          <img decoding=\"async\" class=\"w-auto rounded-xl shadow-sm max-h-[550px] overflow-y-auto m-auto\" src=\"https:\/\/hi-technologies.ch\/app\/uploads\/2025\/10\/hit-Highlight-02-LG-UH5F.jpg\" alt=\"\">\n        \n                      <\/div>\n\n            <div class=\"md:order-1 md:col-span-5\">\n        <div class=\"px-5 py-15 md:px-10 md:py-30 \">\n\n          \n                      <h2 class=\"text-3xl md:text-4xl fw-600 leading-tight mb-8 mt-16 js-reveal\"\n                data-reveal-from=\"left\" data-reveal-distance=\"24\" data-reveal-once=\"true\">\n              LG UH5F\n            <\/h2>\n          \n                      <p class=\"text-lg uppercase tracking-wide opacity-80 mb-6 u-title fw-500 js-reveal\"\n              data-reveal-from=\"left\" data-reveal-distance=\"20\"\n              data-reveal-delay=\"0.06\" data-reveal-once=\"true\">\n              L\u2019\u00e9cran UHD pour les espaces professionnels modernes\n            <\/p>\n          \n                      <div class=\"mt-2 text-sm md:text-base leading-relaxed js-reveal-blur\"\n                data-reveal-distance=\"12\" data-reveal-delay=\"0.12\" data-reveal-once=\"true\">\n              <p>La gamme <b>LG UH5F<\/b> est une s\u00e9rie d&#8217;\u00e9crans professionnels con\u00e7us pour la signal\u00e9tique num\u00e9rique en int\u00e9rieur. Elle inclut des mod\u00e8les de diff\u00e9rentes tailles, offrant ainsi une flexibilit\u00e9 pour divers environnements professionnels.<br \/>\n<b><\/b><\/p>\n<p><b>Formats disponibles de la s\u00e9rie LG UH5F-H<\/b><\/p>\n<p>La s\u00e9rie LG UH5F-H propose plusieurs tailles d&#8217;\u00e9cran :<\/p>\n<ul>\n<li><b>43 pouces<\/b> : r\u00e9solution UHD (3840 \u00d7 2160), luminosit\u00e9 typique de 500 nits, id\u00e9ale pour les espaces restreints ou les points d&#8217;information.<\/li>\n<li><b>55 pouces<\/b> : offre une taille interm\u00e9diaire, adapt\u00e9e aux environnements tels que les halls d&#8217;entr\u00e9e ou les salles de r\u00e9union.<\/li>\n<li><b>65 pouces<\/b> : convient aux espaces n\u00e9cessitant une visibilit\u00e9 accrue, comme les zones d&#8217;attente ou les espaces commerciaux.<\/li>\n<li><b>75 pouces<\/b> : parfait pour les environnements n\u00e9cessitant une grande visibilit\u00e9, tels que les auditoriums ou les centres commerciaux.<\/li>\n<li><b>86 pouces<\/b> : id\u00e9al pour les grandes surfaces ou les installations de signal\u00e9tique \u00e0 grande \u00e9chelle.<\/li>\n<li><b>98 pouces<\/b> : offre une visibilit\u00e9 maximale pour les installations de signal\u00e9tique grand format.<\/li>\n<\/ul>\n<p>Chaque mod\u00e8le de la s\u00e9rie UH5F-H est \u00e9quip\u00e9 d&#8217;un panneau IPS UHD, offrant une qualit\u00e9 d&#8217;image sup\u00e9rieure avec des angles de vision larges. Ils sont \u00e9galement dot\u00e9s de la plateforme webOS d&#8217;LG, permettant une gestion et une diffusion de contenu simplifi\u00e9es<\/p>\n\n            <\/div>\n          \n                    \n                      <div class=\"mt-8 flex flex-wrap items-center gap-6 mb-16 js-reveal\"\n                data-reveal-from=\"up\" data-reveal-distance=\"16\"\n                data-reveal-delay=\"0.18\" data-reveal-once=\"true\">\n                                                  \n                    \n                \n\n<a href=\"https:\/\/hi-technologies.ch\/fr\/contact\/\" class=\"cta_link tone-teal\">\n  <span>Contactez-nous<\/span>\n  <\/a>\n      \n                        \n            <\/div>\n          \n        <\/div>\n      <\/div>\n\n\n    <\/div>\n  <\/div>\n<\/section>\n\n\n\n<p><\/p>\n","protected":false},"excerpt":{"rendered":"<p>Deux solutions professionnelles LGplus en d\u00e9tails<\/p>\n","protected":false},"author":1,"featured_media":1279,"parent":96,"menu_order":0,"comment_status":"closed","ping_status":"closed","template":"page-templates\/page-marque.php","meta":{"_acf_changed":false,"inline_featured_image":false,"footnotes":""},"domaine_solution":[],"class_list":["post-1276","page","type-page","status-publish","has-post-thumbnail","hentry"],"acf":[],"yoast_head":"<!-- This site is optimized with the Yoast SEO plugin v25.8 - https:\/\/yoast.com\/wordpress\/plugins\/seo\/ -->\n<title>LG - Hi-Technologies<\/title>\n<meta name=\"description\" content=\"D\u00e9couvrez les solutions d\u2019affichage professionnel LG : \u00e9crans LED, UHD, haute luminosit\u00e9 et signal\u00e9tique num\u00e9rique. Innovation et performance pour tous vos projets AV.\" \/>\n<meta name=\"robots\" content=\"index, follow, max-snippet:-1, max-image-preview:large, max-video-preview:-1\" \/>\n<link rel=\"canonical\" href=\"https:\/\/hi-technologies.ch\/fr\/marques-partenaires\/lg\/\" \/>\n<meta property=\"og:locale\" content=\"fr_FR\" \/>\n<meta property=\"og:type\" content=\"article\" \/>\n<meta property=\"og:title\" content=\"LG - Hi-Technologies\" \/>\n<meta property=\"og:description\" content=\"D\u00e9couvrez les solutions d\u2019affichage professionnel LG : \u00e9crans LED, UHD, haute luminosit\u00e9 et signal\u00e9tique num\u00e9rique. Innovation et performance pour tous vos projets AV.\" \/>\n<meta property=\"og:url\" content=\"https:\/\/hi-technologies.ch\/fr\/marques-partenaires\/lg\/\" \/>\n<meta property=\"og:site_name\" content=\"Hi-Technologies\" \/>\n<meta property=\"article:modified_time\" content=\"2025-12-11T15:34:01+00:00\" \/>\n<meta property=\"og:image\" content=\"https:\/\/hi-technologies.ch\/app\/uploads\/2025\/10\/Logo-LG.png\" \/>\n\t<meta property=\"og:image:width\" content=\"2560\" \/>\n\t<meta property=\"og:image:height\" content=\"1174\" \/>\n\t<meta property=\"og:image:type\" content=\"image\/png\" \/>\n<meta name=\"twitter:card\" content=\"summary_large_image\" \/>\n<meta name=\"twitter:label1\" content=\"Est. reading time\" \/>\n\t<meta name=\"twitter:data1\" content=\"1 minute\" \/>\n<script type=\"application\/ld+json\" class=\"yoast-schema-graph\">{\"@context\":\"https:\/\/schema.org\",\"@graph\":[{\"@type\":\"WebPage\",\"@id\":\"https:\/\/hi-technologies.ch\/fr\/marques-partenaires\/lg\/\",\"url\":\"https:\/\/hi-technologies.ch\/fr\/marques-partenaires\/lg\/\",\"name\":\"LG - Hi-Technologies\",\"isPartOf\":{\"@id\":\"https:\/\/hi-technologies.ch\/fr\/#website\"},\"primaryImageOfPage\":{\"@id\":\"https:\/\/hi-technologies.ch\/fr\/marques-partenaires\/lg\/#primaryimage\"},\"image\":{\"@id\":\"https:\/\/hi-technologies.ch\/fr\/marques-partenaires\/lg\/#primaryimage\"},\"thumbnailUrl\":\"https:\/\/hi-technologies.ch\/app\/uploads\/2025\/10\/Logo-LG.png\",\"datePublished\":\"2025-10-23T15:29:41+00:00\",\"dateModified\":\"2025-12-11T15:34:01+00:00\",\"description\":\"D\u00e9couvrez les solutions d\u2019affichage professionnel LG : \u00e9crans LED, UHD, haute luminosit\u00e9 et signal\u00e9tique num\u00e9rique. Innovation et performance pour tous vos projets AV.\",\"breadcrumb\":{\"@id\":\"https:\/\/hi-technologies.ch\/fr\/marques-partenaires\/lg\/#breadcrumb\"},\"inLanguage\":\"fr-FR\",\"potentialAction\":[{\"@type\":\"ReadAction\",\"target\":[\"https:\/\/hi-technologies.ch\/fr\/marques-partenaires\/lg\/\"]}]},{\"@type\":\"ImageObject\",\"inLanguage\":\"fr-FR\",\"@id\":\"https:\/\/hi-technologies.ch\/fr\/marques-partenaires\/lg\/#primaryimage\",\"url\":\"https:\/\/hi-technologies.ch\/app\/uploads\/2025\/10\/Logo-LG.png\",\"contentUrl\":\"https:\/\/hi-technologies.ch\/app\/uploads\/2025\/10\/Logo-LG.png\",\"width\":2560,\"height\":1174},{\"@type\":\"BreadcrumbList\",\"@id\":\"https:\/\/hi-technologies.ch\/fr\/marques-partenaires\/lg\/#breadcrumb\",\"itemListElement\":[{\"@type\":\"ListItem\",\"position\":1,\"name\":\"Home\",\"item\":\"https:\/\/hi-technologies.ch\/fr\/\"},{\"@type\":\"ListItem\",\"position\":2,\"name\":\"Marques &amp; Partenaires\",\"item\":\"https:\/\/hi-technologies.ch\/fr\/marques-partenaires\/\"},{\"@type\":\"ListItem\",\"position\":3,\"name\":\"LG\"}]},{\"@type\":\"WebSite\",\"@id\":\"https:\/\/hi-technologies.ch\/fr\/#website\",\"url\":\"https:\/\/hi-technologies.ch\/fr\/\",\"name\":\"Hi-Technologies\",\"description\":\"\",\"publisher\":{\"@id\":\"https:\/\/hi-technologies.ch\/fr\/#organization\"},\"potentialAction\":[{\"@type\":\"SearchAction\",\"target\":{\"@type\":\"EntryPoint\",\"urlTemplate\":\"https:\/\/hi-technologies.ch\/fr\/?s={search_term_string}\"},\"query-input\":{\"@type\":\"PropertyValueSpecification\",\"valueRequired\":true,\"valueName\":\"search_term_string\"}}],\"inLanguage\":\"fr-FR\"},{\"@type\":\"Organization\",\"@id\":\"https:\/\/hi-technologies.ch\/fr\/#organization\",\"name\":\"Hi-Technologies\",\"url\":\"https:\/\/hi-technologies.ch\/fr\/\",\"logo\":{\"@type\":\"ImageObject\",\"inLanguage\":\"fr-FR\",\"@id\":\"https:\/\/hi-technologies.ch\/fr\/#\/schema\/logo\/image\/\",\"url\":\"https:\/\/hi-technologies.ch\/app\/uploads\/2025\/12\/hi-technologies_logo2025-2.png\",\"contentUrl\":\"https:\/\/hi-technologies.ch\/app\/uploads\/2025\/12\/hi-technologies_logo2025-2.png\",\"width\":849,\"height\":281,\"caption\":\"Hi-Technologies\"},\"image\":{\"@id\":\"https:\/\/hi-technologies.ch\/fr\/#\/schema\/logo\/image\/\"},\"sameAs\":[\"https:\/\/www.linkedin.com\/company\/hitechnologies\/\"]}]}<\/script>\n<!-- \/ Yoast SEO plugin. -->","yoast_head_json":{"title":"LG - Hi-Technologies","description":"D\u00e9couvrez les solutions d\u2019affichage professionnel LG : \u00e9crans LED, UHD, haute luminosit\u00e9 et signal\u00e9tique num\u00e9rique. Innovation et performance pour tous vos projets AV.","robots":{"index":"index","follow":"follow","max-snippet":"max-snippet:-1","max-image-preview":"max-image-preview:large","max-video-preview":"max-video-preview:-1"},"canonical":"https:\/\/hi-technologies.ch\/fr\/marques-partenaires\/lg\/","og_locale":"fr_FR","og_type":"article","og_title":"LG - Hi-Technologies","og_description":"D\u00e9couvrez les solutions d\u2019affichage professionnel LG : \u00e9crans LED, UHD, haute luminosit\u00e9 et signal\u00e9tique num\u00e9rique. Innovation et performance pour tous vos projets AV.","og_url":"https:\/\/hi-technologies.ch\/fr\/marques-partenaires\/lg\/","og_site_name":"Hi-Technologies","article_modified_time":"2025-12-11T15:34:01+00:00","og_image":[{"width":2560,"height":1174,"url":"https:\/\/hi-technologies.ch\/app\/uploads\/2025\/10\/Logo-LG.png","type":"image\/png"}],"twitter_card":"summary_large_image","twitter_misc":{"Est. reading time":"1 minute"},"schema":{"@context":"https:\/\/schema.org","@graph":[{"@type":"WebPage","@id":"https:\/\/hi-technologies.ch\/fr\/marques-partenaires\/lg\/","url":"https:\/\/hi-technologies.ch\/fr\/marques-partenaires\/lg\/","name":"LG - Hi-Technologies","isPartOf":{"@id":"https:\/\/hi-technologies.ch\/fr\/#website"},"primaryImageOfPage":{"@id":"https:\/\/hi-technologies.ch\/fr\/marques-partenaires\/lg\/#primaryimage"},"image":{"@id":"https:\/\/hi-technologies.ch\/fr\/marques-partenaires\/lg\/#primaryimage"},"thumbnailUrl":"https:\/\/hi-technologies.ch\/app\/uploads\/2025\/10\/Logo-LG.png","datePublished":"2025-10-23T15:29:41+00:00","dateModified":"2025-12-11T15:34:01+00:00","description":"D\u00e9couvrez les solutions d\u2019affichage professionnel LG : \u00e9crans LED, UHD, haute luminosit\u00e9 et signal\u00e9tique num\u00e9rique. Innovation et performance pour tous vos projets AV.","breadcrumb":{"@id":"https:\/\/hi-technologies.ch\/fr\/marques-partenaires\/lg\/#breadcrumb"},"inLanguage":"fr-FR","potentialAction":[{"@type":"ReadAction","target":["https:\/\/hi-technologies.ch\/fr\/marques-partenaires\/lg\/"]}]},{"@type":"ImageObject","inLanguage":"fr-FR","@id":"https:\/\/hi-technologies.ch\/fr\/marques-partenaires\/lg\/#primaryimage","url":"https:\/\/hi-technologies.ch\/app\/uploads\/2025\/10\/Logo-LG.png","contentUrl":"https:\/\/hi-technologies.ch\/app\/uploads\/2025\/10\/Logo-LG.png","width":2560,"height":1174},{"@type":"BreadcrumbList","@id":"https:\/\/hi-technologies.ch\/fr\/marques-partenaires\/lg\/#breadcrumb","itemListElement":[{"@type":"ListItem","position":1,"name":"Home","item":"https:\/\/hi-technologies.ch\/fr\/"},{"@type":"ListItem","position":2,"name":"Marques &amp; Partenaires","item":"https:\/\/hi-technologies.ch\/fr\/marques-partenaires\/"},{"@type":"ListItem","position":3,"name":"LG"}]},{"@type":"WebSite","@id":"https:\/\/hi-technologies.ch\/fr\/#website","url":"https:\/\/hi-technologies.ch\/fr\/","name":"Hi-Technologies","description":"","publisher":{"@id":"https:\/\/hi-technologies.ch\/fr\/#organization"},"potentialAction":[{"@type":"SearchAction","target":{"@type":"EntryPoint","urlTemplate":"https:\/\/hi-technologies.ch\/fr\/?s={search_term_string}"},"query-input":{"@type":"PropertyValueSpecification","valueRequired":true,"valueName":"search_term_string"}}],"inLanguage":"fr-FR"},{"@type":"Organization","@id":"https:\/\/hi-technologies.ch\/fr\/#organization","name":"Hi-Technologies","url":"https:\/\/hi-technologies.ch\/fr\/","logo":{"@type":"ImageObject","inLanguage":"fr-FR","@id":"https:\/\/hi-technologies.ch\/fr\/#\/schema\/logo\/image\/","url":"https:\/\/hi-technologies.ch\/app\/uploads\/2025\/12\/hi-technologies_logo2025-2.png","contentUrl":"https:\/\/hi-technologies.ch\/app\/uploads\/2025\/12\/hi-technologies_logo2025-2.png","width":849,"height":281,"caption":"Hi-Technologies"},"image":{"@id":"https:\/\/hi-technologies.ch\/fr\/#\/schema\/logo\/image\/"},"sameAs":["https:\/\/www.linkedin.com\/company\/hitechnologies\/"]}]}},"_links":{"self":[{"href":"https:\/\/hi-technologies.ch\/fr\/wp-json\/wp\/v2\/pages\/1276","targetHints":{"allow":["GET"]}}],"collection":[{"href":"https:\/\/hi-technologies.ch\/fr\/wp-json\/wp\/v2\/pages"}],"about":[{"href":"https:\/\/hi-technologies.ch\/fr\/wp-json\/wp\/v2\/types\/page"}],"author":[{"embeddable":true,"href":"https:\/\/hi-technologies.ch\/fr\/wp-json\/wp\/v2\/users\/1"}],"replies":[{"embeddable":true,"href":"https:\/\/hi-technologies.ch\/fr\/wp-json\/wp\/v2\/comments?post=1276"}],"version-history":[{"count":35,"href":"https:\/\/hi-technologies.ch\/fr\/wp-json\/wp\/v2\/pages\/1276\/revisions"}],"predecessor-version":[{"id":5101,"href":"https:\/\/hi-technologies.ch\/fr\/wp-json\/wp\/v2\/pages\/1276\/revisions\/5101"}],"up":[{"embeddable":true,"href":"https:\/\/hi-technologies.ch\/fr\/wp-json\/wp\/v2\/pages\/96"}],"wp:featuredmedia":[{"embeddable":true,"href":"https:\/\/hi-technologies.ch\/fr\/wp-json\/wp\/v2\/media\/1279"}],"wp:attachment":[{"href":"https:\/\/hi-technologies.ch\/fr\/wp-json\/wp\/v2\/media?parent=1276"}],"wp:term":[{"taxonomy":"domaine_solution","embeddable":true,"href":"https:\/\/hi-technologies.ch\/fr\/wp-json\/wp\/v2\/domaine_solution?post=1276"}],"curies":[{"name":"wp","href":"https:\/\/api.w.org\/{rel}","templated":true}]}}