{"id":5767,"date":"2025-10-23T13:28:22","date_gmt":"2025-10-23T11:28:22","guid":{"rendered":"https:\/\/hi-technologies.ch\/partner-brands\/jabra\/"},"modified":"2025-12-19T16:37:14","modified_gmt":"2025-12-19T15:37:14","slug":"jabra","status":"publish","type":"page","link":"https:\/\/hi-technologies.ch\/en\/partner-brands\/jabra\/","title":{"rendered":"Jabra"},"content":{"rendered":"\n\n\n\n   \n\n\n  \n\n\n\n\n        \n<section\n  id=\"block_1aabe81ca6ce0fe2a414058aad6a89e8\"\n  class=\"hero_section relative isolate   w-full overflow-hidden md:rounded-2xl md:mt-6 mt-0 js-hero\"\n  data-hero-tone=\"light\"\n  style=\"background-image:linear-gradient(90deg, rgba(0,0,0,.90) 0%, rgba(0,0,0,.40) 50%), url(https:\/\/hi-technologies.ch\/app\/uploads\/2025\/10\/Jabra-PanaCast-40-VBS-Wide-Lifestyle.webp); background-size:cover; background-position:center; min-height:48vh;\">\n\n\n    \n\n    \n    \n  <div class=\"relative z-20 max-w-7xl px-4 md:px-6 mx-auto\" style=\"min-height:48vh;\">\n    <div class=\"flex items-center\" style=\"min-height:48vh;\">\n              \n        <div class=\"hero__content py-12 md:py-16 lg:py-20 text-white text-left\">\n\n          \n                      <h1 class=\"text-3xl md:text-6xl fw-600 uppercase leading-tight js-reveal\"\n                data-reveal-from=\"left\" data-reveal-distance=\"24\"\n                data-reveal-delay=\"0.06\" data-reveal-once=\"true\">\n              Jabra\n            <\/h1>\n          \n                      <div class=\"mt-4 text-sm md:text-base leading-relaxed opacity-95 js-reveal-blur\"\n                data-reveal-distance=\"12\" data-reveal-delay=\"0.12\" data-reveal-once=\"true\">\n              <p>Jabra \u2013 Danish excellence for video conferencing and modern communication<\/p>\n\n            <\/div>\n          \n                                          <div class=\"mt-6 flex flex-wrap items-center gap-4 js-reveal\"\n                data-reveal-from=\"up\" data-reveal-distance=\"16\"\n                data-reveal-delay=\"0.18\" data-reveal-once=\"true\">\n                                                  \n                    \n                \n\n<a href=\"#solutions\" class=\"cta_link tone-teal\">\n  <span>Explore Jabra solutions<\/span>\n  <\/a>\n      \n                                                  \n                    \n                \n\n\n\n\n\n\n      \n        \n    \n      <a href=\"https:\/\/hi-technologies.ch\/fr\/contact\/\"\n       class=\"cta_btn cta_btn--md cta_btn--wipe tone-teal cta_btn--hairline halo-none\"\n       >\n      <span>Book a meeting<\/span>\n          <\/a>\n        \n            <\/div>\n          \n        <\/div>\n\n    <\/div>\n  <\/div>\n<\/section>\n\n<script>\n  (function () {\n    var hero = document.currentScript && document.currentScript.previousElementSibling;\n    if (!hero) return;\n    var tone = hero.getAttribute('data-hero-tone') || 'light';\n    document.body.classList.add('has-hero', 'hero-tone-' + tone);\n  })();\n<\/script>\n\n\n\n\n\n\n\n\n<section id=\"block_6425ff44c7b74f49aff00e2625e9ff0d\"\n         class=\"b2 block_2col mt-12 rounded-2xl \"\n         style=\"background-color:#f7f7f7;\">\n  <div class=\"max-w-7xl mx-auto px-4 md:px-6 py-12 md:py-16\">\n    <div class=\"grid grid-cols-1 md:grid-cols-12 gap-8 md:gap-10 items-center\">\n\n            <div class=\"md:order-1 md:col-span-6 pl-12 pr-12 js-reveal\" data-reveal-distance=\"24\">\n                                  <img decoding=\"async\" class=\"b2-logo max-w-[340px] w-full h-auto\" src=\"https:\/\/hi-technologies.ch\/app\/uploads\/2025\/10\/Logo-Jabra.png\" alt=\"\">\n        \n        \n              <\/div>\n\n            <div class=\"md:order-2 md:col-span-6 pl-12 pr-12 js-reveal\" data-reveal-distance=\"24\">\n                  <h2 class=\"text-3xl md:text-4xl fw-500 leading-tight mb-12 mt-12 js-reveal-blur\" data-reveal-stagger=\"0.06\">\n            Specialized in audio and communication solutions\n          <\/h2>\n        \n                  <div class=\"text-xs md:text-base leading-relaxed mt-12 mb-6\">\n            <p>Jabra is a Danish company founded in 1983, specializing in audio and communication solutions. Part of the GN (Great Nordic) Group\u2014whose roots date back to 1869\u2014Jabra has established itself as a major player in sound and video conferencing technologies.<br \/>\nInitially known for its professional and consumer headsets, the brand has evolved with the needs of today\u2019s hybrid workplace. Jabra now offers a full range of premium video conferencing products, including the Jabra PanaCast series, recognized for intelligent cameras with a 180\u00b0 panoramic field of view, as well as Speak and Evolve audio solutions that deliver exceptional clarity during virtual meetings.<\/p>\n\n          <\/div>\n        \n                        \n                  <div class=\"mt-6 flex flex-wrap gap-4\">\n                                                \n                    \n                \n\n<a href=\"#solutions\" class=\"cta_link tone-teal\">\n  <span>Focus on two Jabra solutions<\/span>\n  <\/a>\n      \n                                                \n                    \n                \n\n\n\n\n\n\n      \n        \n    \n      <a href=\"#produits\"\n       class=\"cta_btn cta_btn--md cta_btn--wipe tone-teal cta_btn--hairline halo-none\"\n       >\n      <span>Product range<\/span>\n          <\/a>\n        \n          <\/div>\n              <\/div>\n\n    <\/div>\n  <\/div>\n<\/section>\n\n\n\n<h2 class=\"wp-block-heading has-text-align-center\">Hi Technologies has selected for you<\/h2>\n\n\n\n\n\n\n\n\n\n<section id=\"solutions\" class=\"spotlight relative  mt-5 mb-5\">\n  <div class=\"max-w-7xl mx-auto px-4 md:px-6 py-12 md:py-16\">\n\n        <div\n      class=\"hidden md:block absolute inset-y-6 md:inset-y-8 bg-[#f7f7f7] rounded-2xl w-1\/2 right-0\"\n      aria-hidden=\"true\"><\/div>\n\n    <div class=\"relative grid grid-cols-1 md:grid-cols-12 gap-8 md:gap-12 items-center z-10\">\n\n            <div class=\"md:order-1 md:col-span-7 md:-mr-10 lg:-mr-12 js-reveal\"\n        data-reveal-from=\"left\"\n        data-reveal-distance=\"120\"\n        data-reveal-delay=\"0\">\n                          <div class=\"rounded-xl overflow-hidden shadow-sm\">\n                                                            <video class=\"w-full h-auto block\"\n                  playsinline    controls\n                                    data-autoplay-on-scroll>\n              <source src=\"https:\/\/hi-technologies.ch\/app\/uploads\/2025\/10\/Jabra-PanaCast-50-Room-System-Presentation.mp4\" type=\"video\/mp4\">\n            <\/video>\n          <\/div>\n        \n                      <\/div>\n\n            <div class=\"md:order-2 md:col-span-5\">\n        <div class=\"px-5 py-15 md:px-10 md:py-30 \">\n\n          \n                      <h2 class=\"text-3xl md:text-4xl fw-600 leading-tight mb-8 mt-16 js-reveal\"\n                data-reveal-from=\"right\" data-reveal-distance=\"24\" data-reveal-once=\"true\">\n              Jabra PanaCast 50 Room System 2\n            <\/h2>\n          \n                      <p class=\"text-lg uppercase tracking-wide opacity-80 mb-6 u-title fw-500 js-reveal\"\n              data-reveal-from=\"right\" data-reveal-distance=\"20\"\n              data-reveal-delay=\"0.06\" data-reveal-once=\"true\">\n              Next-generation video conferencing solution\n            <\/p>\n          \n                      <div class=\"mt-2 text-sm md:text-base leading-relaxed js-reveal-blur\"\n                data-reveal-distance=\"12\" data-reveal-delay=\"0.12\" data-reveal-once=\"true\">\n              <p>The <b>Jabra PanaCast 50 Room System 2<\/b> is a next-generation video conferencing solution designed for small to medium rooms (\u2248 4.5\u00d76 m). It combines the PanaCast 50 video bar (three 13 MP cameras, 180\u00b0 panoramic field of view, Panoramic-4K video at 30 fps) with the <b>Lenovo ThinkSmart Core Gen 2<\/b>, optimized for AI workloads.<\/p>\n<p>It delivers excellent audio performance with 8 beamforming microphones and 4 stereo speakers featuring echo cancellation and residual noise reduction. The system also includes a 10.1\u2033 touch controller (USB or IP depending on the version), plus USB-C connectivity for screen sharing and BYOD mode.<\/p>\n\n            <\/div>\n          \n                    \n                      <div class=\"mt-8 flex flex-wrap items-center gap-6 mb-16 js-reveal\"\n                data-reveal-from=\"up\" data-reveal-distance=\"16\"\n                data-reveal-delay=\"0.18\" data-reveal-once=\"true\">\n                                                  \n                    \n                \n\n<a href=\"https:\/\/hi-technologies.ch\/fr\/contact\/\" class=\"cta_link tone-teal\">\n  <span>Contact us<\/span>\n  <\/a>\n      \n                        \n            <\/div>\n          \n        <\/div>\n      <\/div>\n\n\n    <\/div>\n  <\/div>\n<\/section>\n\n\n\n\n\n\n\n\n\n<section id=\"block_7c56a4a6318af628bece8b9a898a5528\" class=\"spotlight relative  mt-5 mb-5\">\n  <div class=\"max-w-7xl mx-auto px-4 md:px-6 py-12 md:py-16\">\n\n        <div\n      class=\"hidden md:block absolute inset-y-6 md:inset-y-8 bg-[#f7f7f7] rounded-2xl w-1\/2 left-0\"\n      aria-hidden=\"true\"><\/div>\n\n    <div class=\"relative grid grid-cols-1 md:grid-cols-12 gap-8 md:gap-12 items-center z-10\">\n\n            <div class=\"md:order-2 md:col-span-7 md:-ml-10 lg:-ml-12 js-reveal\"\n        data-reveal-from=\"right\"\n        data-reveal-distance=\"120\"\n        data-reveal-delay=\"0\">\n                          <img decoding=\"async\" class=\"w-auto rounded-xl shadow-sm max-h-[550px] overflow-y-auto m-auto\" src=\"https:\/\/hi-technologies.ch\/app\/uploads\/2025\/10\/Jabra-panacast-50.webp\" alt=\"\">\n        \n                      <\/div>\n\n            <div class=\"md:order-1 md:col-span-5\">\n        <div class=\"px-5 py-15 md:px-10 md:py-30 \">\n\n          \n                      <h2 class=\"text-3xl md:text-4xl fw-600 leading-tight mb-8 mt-16 js-reveal\"\n                data-reveal-from=\"left\" data-reveal-distance=\"24\" data-reveal-once=\"true\">\n              Jabra PanaCast 40 VBS\n            <\/h2>\n          \n                      <p class=\"text-lg uppercase tracking-wide opacity-80 mb-6 u-title fw-500 js-reveal\"\n              data-reveal-from=\"left\" data-reveal-distance=\"20\"\n              data-reveal-delay=\"0.06\" data-reveal-once=\"true\">\n              Intelligent video bar\n            <\/p>\n          \n                      <div class=\"mt-2 text-sm md:text-base leading-relaxed js-reveal-blur\"\n                data-reveal-distance=\"12\" data-reveal-delay=\"0.12\" data-reveal-once=\"true\">\n              <p>The Jabra PanaCast 40 VBS, launched in 2025, is an intelligent all-in-one video bar designed for small meeting rooms. Running on Android, it enables easy deployment with no external PC. Featuring two 13 MP cameras combined for a 180\u00b0 panoramic field of view, it delivers a clear, natural image. Its audio system includes 6 beamforming microphones and a speaker optimized for crisp voice pickup. Certified for Microsoft Teams and Zoom, it\u2019s a powerful and flexible solution for hybrid work.<\/p>\n\n            <\/div>\n          \n                    \n                      <div class=\"mt-8 flex flex-wrap items-center gap-6 mb-16 js-reveal\"\n                data-reveal-from=\"up\" data-reveal-distance=\"16\"\n                data-reveal-delay=\"0.18\" data-reveal-once=\"true\">\n                                                  \n                    \n                \n\n<a href=\"https:\/\/hi-technologies.ch\/fr\/contact\/\" class=\"cta_link tone-teal\">\n  <span>Contact us<\/span>\n  <\/a>\n      \n                        \n            <\/div>\n          \n        <\/div>\n      <\/div>\n\n\n    <\/div>\n  <\/div>\n<\/section>\n\n\n\n<p><\/p>\n\n","protected":false},"excerpt":{"rendered":"<p>Hi Technologies has selected for you<\/p>\n","protected":false},"author":1,"featured_media":5769,"parent":4824,"menu_order":0,"comment_status":"closed","ping_status":"closed","template":"page-templates\/page-marque.php","meta":{"_acf_changed":false,"inline_featured_image":false,"footnotes":""},"domaine_solution":[],"class_list":["post-5767","page","type-page","status-publish","has-post-thumbnail","hentry"],"acf":[],"yoast_head":"<!-- This site is optimized with the Yoast SEO plugin v25.8 - https:\/\/yoast.com\/wordpress\/plugins\/seo\/ -->\n<title>Jabra - Hi-Technologies<\/title>\n<meta name=\"description\" content=\"Jabra : solutions de visioconf\u00e9rence et audio pro (PanaCast, Speak, Evolve) pour salles de r\u00e9union et travail hybride. Int\u00e9gration, d\u00e9ploiement et conseil par Hi Technologies.\" \/>\n<meta name=\"robots\" content=\"index, follow, max-snippet:-1, max-image-preview:large, max-video-preview:-1\" \/>\n<link rel=\"canonical\" href=\"https:\/\/hi-technologies.ch\/en\/partner-brands\/jabra\/\" \/>\n<meta property=\"og:locale\" content=\"en_US\" \/>\n<meta property=\"og:type\" content=\"article\" \/>\n<meta property=\"og:title\" content=\"Jabra - Hi-Technologies\" \/>\n<meta property=\"og:description\" content=\"Jabra : solutions de visioconf\u00e9rence et audio pro (PanaCast, Speak, Evolve) pour salles de r\u00e9union et travail hybride. Int\u00e9gration, d\u00e9ploiement et conseil par Hi Technologies.\" \/>\n<meta property=\"og:url\" content=\"https:\/\/hi-technologies.ch\/en\/partner-brands\/jabra\/\" \/>\n<meta property=\"og:site_name\" content=\"Hi-Technologies\" \/>\n<meta property=\"article:modified_time\" content=\"2025-12-19T15:37:14+00:00\" \/>\n<meta property=\"og:image\" content=\"https:\/\/hi-technologies.ch\/app\/uploads\/2025\/10\/Logo-Jabra.png\" \/>\n\t<meta property=\"og:image:width\" content=\"700\" \/>\n\t<meta property=\"og:image:height\" content=\"165\" \/>\n\t<meta property=\"og:image:type\" content=\"image\/png\" \/>\n<meta name=\"twitter:card\" content=\"summary_large_image\" \/>\n<meta name=\"twitter:label1\" content=\"Est. reading time\" \/>\n\t<meta name=\"twitter:data1\" content=\"1 minute\" \/>\n<script type=\"application\/ld+json\" class=\"yoast-schema-graph\">{\"@context\":\"https:\/\/schema.org\",\"@graph\":[{\"@type\":\"WebPage\",\"@id\":\"https:\/\/hi-technologies.ch\/en\/partner-brands\/jabra\/\",\"url\":\"https:\/\/hi-technologies.ch\/en\/partner-brands\/jabra\/\",\"name\":\"Jabra - Hi-Technologies\",\"isPartOf\":{\"@id\":\"https:\/\/hi-technologies.ch\/en\/#website\"},\"primaryImageOfPage\":{\"@id\":\"https:\/\/hi-technologies.ch\/en\/partner-brands\/jabra\/#primaryimage\"},\"image\":{\"@id\":\"https:\/\/hi-technologies.ch\/en\/partner-brands\/jabra\/#primaryimage\"},\"thumbnailUrl\":\"https:\/\/hi-technologies.ch\/app\/uploads\/2025\/10\/Logo-Jabra.png\",\"datePublished\":\"2025-10-23T11:28:22+00:00\",\"dateModified\":\"2025-12-19T15:37:14+00:00\",\"description\":\"Jabra : solutions de visioconf\u00e9rence et audio pro (PanaCast, Speak, Evolve) pour salles de r\u00e9union et travail hybride. Int\u00e9gration, d\u00e9ploiement et conseil par Hi Technologies.\",\"breadcrumb\":{\"@id\":\"https:\/\/hi-technologies.ch\/en\/partner-brands\/jabra\/#breadcrumb\"},\"inLanguage\":\"en-US\",\"potentialAction\":[{\"@type\":\"ReadAction\",\"target\":[\"https:\/\/hi-technologies.ch\/en\/partner-brands\/jabra\/\"]}]},{\"@type\":\"ImageObject\",\"inLanguage\":\"en-US\",\"@id\":\"https:\/\/hi-technologies.ch\/en\/partner-brands\/jabra\/#primaryimage\",\"url\":\"https:\/\/hi-technologies.ch\/app\/uploads\/2025\/10\/Logo-Jabra.png\",\"contentUrl\":\"https:\/\/hi-technologies.ch\/app\/uploads\/2025\/10\/Logo-Jabra.png\",\"width\":700,\"height\":165},{\"@type\":\"BreadcrumbList\",\"@id\":\"https:\/\/hi-technologies.ch\/en\/partner-brands\/jabra\/#breadcrumb\",\"itemListElement\":[{\"@type\":\"ListItem\",\"position\":1,\"name\":\"Home\",\"item\":\"https:\/\/hi-technologies.ch\/en\/\"},{\"@type\":\"ListItem\",\"position\":2,\"name\":\"Partner Brands\",\"item\":\"https:\/\/hi-technologies.ch\/en\/partner-brands\/\"},{\"@type\":\"ListItem\",\"position\":3,\"name\":\"Jabra\"}]},{\"@type\":\"WebSite\",\"@id\":\"https:\/\/hi-technologies.ch\/en\/#website\",\"url\":\"https:\/\/hi-technologies.ch\/en\/\",\"name\":\"Hi-Technologies\",\"description\":\"\",\"potentialAction\":[{\"@type\":\"SearchAction\",\"target\":{\"@type\":\"EntryPoint\",\"urlTemplate\":\"https:\/\/hi-technologies.ch\/en\/?s={search_term_string}\"},\"query-input\":{\"@type\":\"PropertyValueSpecification\",\"valueRequired\":true,\"valueName\":\"search_term_string\"}}],\"inLanguage\":\"en-US\"}]}<\/script>\n<!-- \/ Yoast SEO plugin. -->","yoast_head_json":{"title":"Jabra - Hi-Technologies","description":"Jabra : solutions de visioconf\u00e9rence et audio pro (PanaCast, Speak, Evolve) pour salles de r\u00e9union et travail hybride. Int\u00e9gration, d\u00e9ploiement et conseil par Hi Technologies.","robots":{"index":"index","follow":"follow","max-snippet":"max-snippet:-1","max-image-preview":"max-image-preview:large","max-video-preview":"max-video-preview:-1"},"canonical":"https:\/\/hi-technologies.ch\/en\/partner-brands\/jabra\/","og_locale":"en_US","og_type":"article","og_title":"Jabra - Hi-Technologies","og_description":"Jabra : solutions de visioconf\u00e9rence et audio pro (PanaCast, Speak, Evolve) pour salles de r\u00e9union et travail hybride. Int\u00e9gration, d\u00e9ploiement et conseil par Hi Technologies.","og_url":"https:\/\/hi-technologies.ch\/en\/partner-brands\/jabra\/","og_site_name":"Hi-Technologies","article_modified_time":"2025-12-19T15:37:14+00:00","og_image":[{"width":700,"height":165,"url":"https:\/\/hi-technologies.ch\/app\/uploads\/2025\/10\/Logo-Jabra.png","type":"image\/png"}],"twitter_card":"summary_large_image","twitter_misc":{"Est. reading time":"1 minute"},"schema":{"@context":"https:\/\/schema.org","@graph":[{"@type":"WebPage","@id":"https:\/\/hi-technologies.ch\/en\/partner-brands\/jabra\/","url":"https:\/\/hi-technologies.ch\/en\/partner-brands\/jabra\/","name":"Jabra - Hi-Technologies","isPartOf":{"@id":"https:\/\/hi-technologies.ch\/en\/#website"},"primaryImageOfPage":{"@id":"https:\/\/hi-technologies.ch\/en\/partner-brands\/jabra\/#primaryimage"},"image":{"@id":"https:\/\/hi-technologies.ch\/en\/partner-brands\/jabra\/#primaryimage"},"thumbnailUrl":"https:\/\/hi-technologies.ch\/app\/uploads\/2025\/10\/Logo-Jabra.png","datePublished":"2025-10-23T11:28:22+00:00","dateModified":"2025-12-19T15:37:14+00:00","description":"Jabra : solutions de visioconf\u00e9rence et audio pro (PanaCast, Speak, Evolve) pour salles de r\u00e9union et travail hybride. Int\u00e9gration, d\u00e9ploiement et conseil par Hi Technologies.","breadcrumb":{"@id":"https:\/\/hi-technologies.ch\/en\/partner-brands\/jabra\/#breadcrumb"},"inLanguage":"en-US","potentialAction":[{"@type":"ReadAction","target":["https:\/\/hi-technologies.ch\/en\/partner-brands\/jabra\/"]}]},{"@type":"ImageObject","inLanguage":"en-US","@id":"https:\/\/hi-technologies.ch\/en\/partner-brands\/jabra\/#primaryimage","url":"https:\/\/hi-technologies.ch\/app\/uploads\/2025\/10\/Logo-Jabra.png","contentUrl":"https:\/\/hi-technologies.ch\/app\/uploads\/2025\/10\/Logo-Jabra.png","width":700,"height":165},{"@type":"BreadcrumbList","@id":"https:\/\/hi-technologies.ch\/en\/partner-brands\/jabra\/#breadcrumb","itemListElement":[{"@type":"ListItem","position":1,"name":"Home","item":"https:\/\/hi-technologies.ch\/en\/"},{"@type":"ListItem","position":2,"name":"Partner Brands","item":"https:\/\/hi-technologies.ch\/en\/partner-brands\/"},{"@type":"ListItem","position":3,"name":"Jabra"}]},{"@type":"WebSite","@id":"https:\/\/hi-technologies.ch\/en\/#website","url":"https:\/\/hi-technologies.ch\/en\/","name":"Hi-Technologies","description":"","potentialAction":[{"@type":"SearchAction","target":{"@type":"EntryPoint","urlTemplate":"https:\/\/hi-technologies.ch\/en\/?s={search_term_string}"},"query-input":{"@type":"PropertyValueSpecification","valueRequired":true,"valueName":"search_term_string"}}],"inLanguage":"en-US"}]}},"_links":{"self":[{"href":"https:\/\/hi-technologies.ch\/en\/wp-json\/wp\/v2\/pages\/5767","targetHints":{"allow":["GET"]}}],"collection":[{"href":"https:\/\/hi-technologies.ch\/en\/wp-json\/wp\/v2\/pages"}],"about":[{"href":"https:\/\/hi-technologies.ch\/en\/wp-json\/wp\/v2\/types\/page"}],"author":[{"embeddable":true,"href":"https:\/\/hi-technologies.ch\/en\/wp-json\/wp\/v2\/users\/1"}],"replies":[{"embeddable":true,"href":"https:\/\/hi-technologies.ch\/en\/wp-json\/wp\/v2\/comments?post=5767"}],"version-history":[{"count":2,"href":"https:\/\/hi-technologies.ch\/en\/wp-json\/wp\/v2\/pages\/5767\/revisions"}],"predecessor-version":[{"id":5775,"href":"https:\/\/hi-technologies.ch\/en\/wp-json\/wp\/v2\/pages\/5767\/revisions\/5775"}],"up":[{"embeddable":true,"href":"https:\/\/hi-technologies.ch\/en\/wp-json\/wp\/v2\/pages\/4824"}],"wp:featuredmedia":[{"embeddable":true,"href":"https:\/\/hi-technologies.ch\/en\/wp-json\/wp\/v2\/media\/5769"}],"wp:attachment":[{"href":"https:\/\/hi-technologies.ch\/en\/wp-json\/wp\/v2\/media?parent=5767"}],"wp:term":[{"taxonomy":"domaine_solution","embeddable":true,"href":"https:\/\/hi-technologies.ch\/en\/wp-json\/wp\/v2\/domaine_solution?post=5767"}],"curies":[{"name":"wp","href":"https:\/\/api.w.org\/{rel}","templated":true}]}}