{"id":4815,"date":"2025-11-11T10:46:51","date_gmt":"2025-11-11T09:46:51","guid":{"rendered":"https:\/\/hi-technologies.ch\/contact\/"},"modified":"2025-12-18T10:41:11","modified_gmt":"2025-12-18T09:41:11","slug":"contact","status":"publish","type":"page","link":"https:\/\/hi-technologies.ch\/en\/contact\/","title":{"rendered":"Contact"},"content":{"rendered":"\n\n\n\n\n\n\n\n\n<section id=\"block_b99f20e120ff63ab3d0e7d3cd78d0a5c\" class=\"c-contact-cta relative isolate bg-white px-6 py-16 sm:py-24 lg:px-8 \">\n  \n    <img src=\"https:\/\/hi-technologies.ch\/app\/themes\/hi-tech-light\/assets\/img\/contact-grid2.svg\" alt=\"\" aria-hidden=\"true\" decoding=\"async\" loading=\"lazy\" class=\"c-contact-cta__bg\" \/>\n\n  <div class=\"mx-auto max-w-xl lg:max-w-5xl\">\n\n                    \n\n        <div class=\"lg:flex lg:items-stretch lg:gap-16\">\n      \n            <div class=\"lg:flex-1 lg:flex lg:flex-col lg:gap-10\">\n        <div class=\"c-contact-cta__header js-reveal\" data-reveal-from=\"up\" data-reveal-distance=\"32\" data-reveal-once=\"true\">\n          <h2 class=\"text-3xl md:text-4xl fw-600 leading-tight mb-8 mt-16 js-reveal\">Contact us<\/h2>          <p class=\"mt-3 text-base leading-relaxed text-gray-600 max-w-2xl\">Do you have a project, need a quote, or simply want to learn more about our solutions? Our team is here to support you, answer your questions, and guide you to the right service.<\/p>        <\/div>\n\n        <div class=\"c-contact-cta__form lg:flex-1 js-reveal\">\n          \n                    <div id=\"form-container\" style=\"display: block;\">\n\n                                    \n            \n                                                    <div class=\"c-contact-cta__form-inner\">\n<div class=\"wpcf7 no-js\" id=\"wpcf7-f4808-o1\" lang=\"fr-FR\" dir=\"ltr\" data-wpcf7-id=\"4808\">\n<div class=\"screen-reader-response\"><p role=\"status\" aria-live=\"polite\" aria-atomic=\"true\"><\/p> <ul><\/ul><\/div>\n<form action=\"\/en\/wp-json\/wp\/v2\/pages\/4815#wpcf7-f4808-o1\" method=\"post\" class=\"wpcf7-form init\" aria-label=\"Contact form\" novalidate=\"novalidate\" data-status=\"init\">\n<fieldset class=\"hidden-fields-container\"><input type=\"hidden\" name=\"_wpcf7\" value=\"4808\" \/><input type=\"hidden\" name=\"_wpcf7_version\" value=\"6.1.3\" \/><input type=\"hidden\" name=\"_wpcf7_locale\" value=\"fr_FR\" \/><input type=\"hidden\" name=\"_wpcf7_unit_tag\" value=\"wpcf7-f4808-o1\" \/><input type=\"hidden\" name=\"_wpcf7_container_post\" value=\"0\" \/><input type=\"hidden\" name=\"_wpcf7_posted_data_hash\" value=\"\" \/><input type=\"hidden\" name=\"_wpcf7_recaptcha_response\" value=\"\" \/>\n<\/fieldset>\n<div class=\"c-contact-cta__grid\">\n  <p>\n    <label>First name*\n      <span class=\"wpcf7-form-control-wrap\" data-name=\"first-name\"><input size=\"40\" maxlength=\"400\" class=\"wpcf7-form-control wpcf7-text wpcf7-validates-as-required wpcf7-input\" aria-required=\"true\" aria-invalid=\"false\" value=\"\" type=\"text\" name=\"first-name\" \/><\/span>\n    <\/label>\n  <\/p>\n\n  <p>\n    <label>Last name*\n      <span class=\"wpcf7-form-control-wrap\" data-name=\"last-name\"><input size=\"40\" maxlength=\"400\" class=\"wpcf7-form-control wpcf7-text wpcf7-validates-as-required wpcf7-input\" aria-required=\"true\" aria-invalid=\"false\" value=\"\" type=\"text\" name=\"last-name\" \/><\/span>\n    <\/label>\n  <\/p>\n\n  <p>\n    <label>Phone number*\n      <span class=\"wpcf7-form-control-wrap\" data-name=\"phone\"><input size=\"40\" maxlength=\"400\" class=\"wpcf7-form-control wpcf7-tel wpcf7-validates-as-required wpcf7-text wpcf7-validates-as-tel wpcf7-input\" aria-required=\"true\" aria-invalid=\"false\" value=\"\" type=\"tel\" name=\"phone\" \/><\/span>\n    <\/label>\n  <\/p>\n\n  <p>\n    <label>Company \/ organization\n      <span class=\"wpcf7-form-control-wrap\" data-name=\"company\"><input size=\"40\" maxlength=\"400\" class=\"wpcf7-form-control wpcf7-text wpcf7-input\" aria-invalid=\"false\" value=\"\" type=\"text\" name=\"company\" \/><\/span>\n    <\/label>\n  <\/p>\n\n<p class=\"sm:col-span-2\">\n  <label>Subject of your enquiry*\n    <span class=\"wpcf7-form-control-wrap\" data-name=\"subject_label\"><select class=\"wpcf7-form-control wpcf7-select wpcf7-validates-as-required\" aria-required=\"true\" aria-invalid=\"false\" name=\"subject_label\"><option value=\"Quote request\">Quote request<\/option><option value=\"Showroom visit\">Showroom visit<\/option><option value=\"Contact support\">Contact support<\/option><option value=\"Contact the communication department\">Contact the communication department<\/option><option value=\"Other request\">Other request<\/option><option value=\"Web\">Web<\/option><\/select><\/span>\n\n    <span class=\"wpcf7-form-control-wrap\" data-name=\"subject\"><select class=\"wpcf7-form-control wpcf7-select wpcf7-validates-as-required wpcf7-select-hidden\" aria-required=\"true\" aria-invalid=\"false\" name=\"subject\"><option value=\"Quote request\">Quote request<\/option><option value=\"Showroom visit\">Showroom visit<\/option><option value=\"Contact support\">Contact support<\/option><option value=\"Contact the communication department\">Contact the communication department<\/option><option value=\"Other request\">Other request<\/option><option value=\"Web\">Web<\/option><\/select><\/span>\n  <\/label>\n<\/p>\n\n\n  <p class=\"sm:col-span-2\">\n    <label>Email address*\n      <span class=\"wpcf7-form-control-wrap\" data-name=\"email\"><input size=\"40\" maxlength=\"400\" class=\"wpcf7-form-control wpcf7-email wpcf7-validates-as-required wpcf7-text wpcf7-validates-as-email wpcf7-input\" aria-required=\"true\" aria-invalid=\"false\" value=\"\" type=\"email\" name=\"email\" \/><\/span>\n    <\/label>\n  <\/p>\n\n  <p class=\"sm:col-span-2\">\n  <label>\n    Message* <span class=\"text-sm text-gray-500\">(4000 characters max)<\/span>\n    <span class=\"wpcf7-form-control-wrap\" data-name=\"message\"><textarea cols=\"40\" rows=\"10\" maxlength=\"4000\" class=\"wpcf7-form-control wpcf7-textarea wpcf7-validates-as-required\" id=\"cf-message\" aria-required=\"true\" aria-invalid=\"false\" name=\"message\"><\/textarea><\/span>\n  <\/label>\n  <small id=\"cf-message-counter\" class=\"text-xs text-gray-400 block mt-1\">\n    0 \/ 4000 characters\n<\/small>\n<small class=\"text-xs text-gray-400 block mt-1\">\n  For a longer brief, please send a document by email after the form has been submitted.\n<\/small>\n<\/p>\n<\/div>\n\n<p class=\"mt-4 c-contact-cta__accept\">\n  <span class=\"wpcf7-form-control-wrap\" data-name=\"privacy\"><span class=\"wpcf7-form-control wpcf7-acceptance\"><span class=\"wpcf7-list-item\"><label><input type=\"checkbox\" name=\"privacy\" value=\"1\" aria-invalid=\"false\" \/><span class=\"wpcf7-list-item-label\">By submitting this form, you agree to our\n    <a href=\"\/en\/privacy-policy\/\" target=\"_blank\" rel=\"noopener\">\n      privacy policy\n    <\/a>.<\/span><\/label><\/span><\/span><\/span>\n<\/p>\n\n<p class=\"mt-6 c-contact-cta__submit mb-6\">\n  <input class=\"wpcf7-form-control wpcf7-submit has-spinner cta_btn cta_btn--md tone-teal\" type=\"submit\" value=\"Send\" \/>\n<\/p><div class=\"wpcf7-response-output\" aria-hidden=\"true\"><\/div>\n<\/form>\n<\/div>\n<\/div>\n                \n            \n            \n          <\/div>\n\n        <\/div>\n      <\/div>\n\n                          <aside class=\"c-contact-cta__quote lg:w-80 lg:flex-none lg:self-center js-reveal\">\n                       <div class=\"c-contact-cta__info-card\">\n                                              <div class=\"c-contact-cta__info-row\">\n                  <div class=\"c-contact-cta__info-label\">T\u00e9l\u00e9phone<\/div>\n                  <div class=\"c-contact-cta__info-value\"><a href=\"tel:+41223006773\">+41 22 300 67 73\u2028<\/a><\/div>\n                <\/div>\n              \n                              <div class=\"c-contact-cta__info-row\">\n                  <div class=\"c-contact-cta__info-label\">Adresse<\/div>\n                  <div class=\"c-contact-cta__info-value\"><p><strong>Hi Technologies<br \/>\n<\/strong>Chemin du Pr\u00e9-Fleuri 5<br \/>\n1228 Plan-les-Ouates (GE)<br \/>\nSwitzerland<\/p>\n<\/div>\n                <\/div>\n              \n                              <div class=\"c-contact-cta__info-row\">\n                  <div class=\"c-contact-cta__info-label sr-only\">Itin\u00e9raire<\/div>\n                  <div class=\"c-contact-cta__info-value\">\n                    <a href=\"https:\/\/www.google.com\/maps\/dir\/\/Chem.+du+Pr%C3%A9-Fleuri+5,+1228+Plan-les-Ouates\/@46.167291,6.0251988,12z\/data=!4m8!4m7!1m0!1m5!1m1!1s0x478c7b2e08bdf1af:0x4e7de1e9e682cf2a!2m2!1d6.1075994!2d46.1673206?entry=ttu&#038;g_ep=EgoyMDI1MTEwNS4wIKXMDSoASAFQAw%3D%3D\" target=\"_blank\" rel=\"noopener\" class=\"cta_link\">Voir l\u2019itin\u00e9raire<\/a>\n                  <\/div>\n                <\/div>\n              \n                              <div class=\"c-contact-cta__info-row\">\n                  <div class=\"c-contact-cta__info-label\">Horaires<\/div>\n                  <div class=\"c-contact-cta__info-value\"><p><strong>Monday to Friday:<br \/>\n<\/strong>8:30 AM \u2013 6:00 PM<\/p>\n<\/div>\n                <\/div>\n                          <\/div>\n          \n                                <figure class=\"c-contact-cta__quote-figure mt-8\">\n              <blockquote class=\"text-base font-semibold leading-7 text-gray-900\">\n                <p>&#8220;Do you have a project, need a quote, or simply want to learn more about our solutions? Our team is here to support you, answer your questions, and guide you to the right service.&#8221;<\/p>\n\n              <\/blockquote>\n                              <figcaption class=\"mt-6 flex items-center gap-x-4\">\n                                      <img decoding=\"async\" src=\"https:\/\/hi-technologies.ch\/app\/uploads\/2025\/11\/hi-technologies-julien-jandric-Inauguration-HI-TECH-small.jpg\" alt=\"Julien Jandric\" class=\"h-14 w-14 flex-none rounded-full object-cover bg-gray-100\" \/>\n                                    <div>\n                    <div class=\"text-base font-semibold text-gray-900\">Julien Jandric<\/div>                    <div class=\"text-sm text-gray-600\">CEO \u2013 Hi Technologies<\/div>                  <\/div>\n                <\/figcaption>\n                          <\/figure>\n                  <\/aside>\n      \n    <\/div>\n  <\/div>\n<\/section>\n\n\n\n\n\n\n  \n\n\n\n<section id=\"nous-rendre-visite\"\n         class=\"relative cms-grid--full  mt-12 md:mt-24\"\n         style=\"\n        background-color: #f7f7f7;        --overlay-image: url('https:\/\/hi-technologies.ch\/app\/themes\/hi-tech-light\/assets\/img\/background-gridblock2.svg');\n        --overlay-opacity: 0.14;\n        --overlay-blend: multiply;\n        --overlay-repeat: repeat-x;\n        --overlay-size: 100% auto;\n        --overlay-position: center center;\n      \">\n  <div class=\"max-w-7xl mx-auto px-4 md:px-6 py-12 md:py-16 text-neutral-900\">\n          <h2 class=\"text-center text-2xl md:text-3xl fw-500 leading-tight mb-8 md:mb-10 js-reveal\"\n          data-reveal-distance=\"24\" data-reveal-stagger=\"0.08\">\n        Comment nous rendre visite ?\n      <\/h2>\n    \n                                      \n                                                        \n                  <div class=\"grid grid-cols-1 md:grid-cols-3 gap-8 md:gap-10 mb-8 md:mb-10\">\n                  \n\n                            \n                                                                                        \n              \n              <article class=\"w-full js-reveal\" data-reveal-distance=\"24\" data-reveal-stagger=\"0.08\">\n                <div class=\"mx-auto\">\n                                      <figure class=\"ratio-box ratio-16-9 mb-5\">\n                      <img\n                        src=\"https:\/\/hi-technologies.ch\/app\/uploads\/2025\/11\/HI-TELECHNOLOGIES-map.jpg\"\n                        alt=\"\"\n                        loading=\"lazy\"\n                        decoding=\"async\"\n                      \/>\n                    <\/figure>\n                  \n                  <div class=\"py-4 px-4 rounded-xl\">\n                                          <h3 class=\"text-xl md:text-2xl fw-500 leading-tight mb-4 line-clamp-2\">\n                        I. Acc\u00e8s en voiture\n                      <\/h3>\n                    \n                                          <div class=\"prose max-w-none prose-neutral mb-6\">\n                        <p><strong>Depuis l\u2019autoroute A1 :<\/strong><br \/>\nSortie \u201cLa Praille \/ Carouge \/ Plan-les-Ouates\u201d.<\/p>\n<p><strong>Un parking public souterrain de 100 places est disponible au sein du b\u00e2timent pour les visiteurs \u00e0 :<\/strong><br \/>\nChemin des Aulx 7 \u2013 Plan-les-Ouates<\/p>\n\n                      <\/div>\n                    \n                                          \n\n    \n\n\n\n\n        \n          \n  <a href=\"https:\/\/www.google.com\/maps\/dir\/\/Chem.+du+Pr%C3%A9-Fleuri+5,+1228+Plan-les-Ouates\/@46.167291,6.0251988,12z\/data=!4m8!4m7!1m0!1m5!1m1!1s0x478c7b2e08bdf1af:0x4e7de1e9e682cf2a!2m2!1d6.1075994!2d46.1673206?entry=ttu&#038;g_ep=EgoyMDI1MTEwNS4wIKXMDSoASAFQAw%3D%3D\"\n     class=\"cta_link tone-teal ink-dark\"\n            target=\"_blank\" rel=\"noopener noreferrer\"\n     >\n    <span>Itin\u00e9raire Via Maps<\/span>\n      <\/a>\n\n                    \n                  <\/div>                <\/div>\n              <\/article>\n                  \n\n                            \n                                                                                        \n              \n              <article class=\"w-full js-reveal\" data-reveal-distance=\"24\" data-reveal-stagger=\"0.08\">\n                <div class=\"mx-auto\">\n                                      <figure class=\"ratio-box ratio-16-9 mb-5\">\n                      <img\n                        src=\"https:\/\/hi-technologies.ch\/app\/uploads\/2025\/11\/Tram_Tango_TPG-scaled.jpg\"\n                        alt=\"\"\n                        loading=\"lazy\"\n                        decoding=\"async\"\n                      \/>\n                    <\/figure>\n                  \n                  <div class=\"py-4 px-4 rounded-xl\">\n                                          <h3 class=\"text-xl md:text-2xl fw-500 leading-tight mb-4 line-clamp-2\">\n                        II. Via Transport en commun via les TPG\n                      <\/h3>\n                    \n                                          <div class=\"prose max-w-none prose-neutral mb-6\">\n                        <p><strong>En bus :<br \/>\n<\/strong>Lignes de bus 48 et 82<br \/>\nArr\u00eat \u201cLaiteries\u201d ou \u201cPr\u00e9-Fleuri\u201d \u00e0 200 m<\/p>\n<p><strong>En tram :<\/strong><br \/>\nLigne TRAMWAY 15<br \/>\nArr\u00eat \u201cZIPLO\u201d \u00e0 400 m<\/p>\n\n                      <\/div>\n                    \n                                          \n\n    \n\n\n\n\n        \n          \n  <a href=\"https:\/\/www.tpg.ch\/fr\/voyager\/planifier-votre-voyage\/itineraires\"\n     class=\"cta_link tone-teal ink-dark\"\n            target=\"_blank\" rel=\"noopener noreferrer\"\n     >\n    <span>itin\u00e9raire via TPG<\/span>\n      <\/a>\n\n                    \n                  <\/div>                <\/div>\n              <\/article>\n                  \n\n                            \n                                                                                        \n              \n              <article class=\"w-full js-reveal\" data-reveal-distance=\"24\" data-reveal-stagger=\"0.08\">\n                <div class=\"mx-auto\">\n                                      <figure class=\"ratio-box ratio-16-9 mb-5\">\n                      <img\n                        src=\"https:\/\/hi-technologies.ch\/app\/uploads\/2025\/11\/csm_F_tempo-6_75b7aa3c72.jpg\"\n                        alt=\"\"\n                        loading=\"lazy\"\n                        decoding=\"async\"\n                      \/>\n                    <\/figure>\n                  \n                  <div class=\"py-4 px-4 rounded-xl\">\n                                          <h3 class=\"text-xl md:text-2xl fw-500 leading-tight mb-4 line-clamp-2\">\n                        III. \u00c0 votre arriv\u00e9e\n                      <\/h3>\n                    \n                                          <div class=\"prose max-w-none prose-neutral mb-6\">\n                        <p>L\u2019acc\u00e8s \u00e0 nos bureaux, situ\u00e9s au 4\u00e8me \u00e9tage, ne peut se faire qu\u2019apr\u00e8s pr\u00e9sentation \u00e0 l\u2019accueil, situ\u00e9 au RDC.<\/p>\n<p>B\u00e2t. TEMPO (Ex Skylab)<br \/>\n4\u00e8me \u00e9tage<br \/>\nChem. du Pr\u00e9-Fleuri 5,<br \/>\n1228 Plan-les-Ouates, SUISSE<\/p>\n\n                      <\/div>\n                    \n                    \n                  <\/div>                <\/div>\n              <\/article>\n                      <\/div>\n              \n          <\/div>\n<\/section>\n\n\n\n<p><\/p>\n","protected":false},"excerpt":{"rendered":"","protected":false},"author":1,"featured_media":0,"parent":0,"menu_order":0,"comment_status":"closed","ping_status":"closed","template":"","meta":{"_acf_changed":false,"inline_featured_image":false,"footnotes":""},"domaine_solution":[],"class_list":["post-4815","page","type-page","status-publish","hentry"],"acf":[],"yoast_head":"<!-- This site is optimized with the Yoast SEO plugin v25.8 - https:\/\/yoast.com\/wordpress\/plugins\/seo\/ -->\n<title>Contact - Hi-Technologies<\/title>\n<meta name=\"description\" content=\"Contact Hi Technologies: showroom visits, quotations, audiovisual support, maintenance and expert guidance for your professional AV installations.\" \/>\n<meta name=\"robots\" content=\"index, follow, max-snippet:-1, max-image-preview:large, max-video-preview:-1\" \/>\n<link rel=\"canonical\" href=\"https:\/\/hi-technologies.ch\/en\/contact\/\" \/>\n<meta property=\"og:locale\" content=\"en_US\" \/>\n<meta property=\"og:type\" content=\"article\" \/>\n<meta property=\"og:title\" content=\"Contact - Hi-Technologies\" \/>\n<meta property=\"og:description\" content=\"Contact Hi Technologies: showroom visits, quotations, audiovisual support, maintenance and expert guidance for your professional AV installations.\" \/>\n<meta property=\"og:url\" content=\"https:\/\/hi-technologies.ch\/en\/contact\/\" \/>\n<meta property=\"og:site_name\" content=\"Hi-Technologies\" \/>\n<meta property=\"article:modified_time\" content=\"2025-12-18T09:41:11+00:00\" \/>\n<meta name=\"twitter:card\" content=\"summary_large_image\" \/>\n<script type=\"application\/ld+json\" class=\"yoast-schema-graph\">{\"@context\":\"https:\/\/schema.org\",\"@graph\":[{\"@type\":\"WebPage\",\"@id\":\"https:\/\/hi-technologies.ch\/en\/contact\/\",\"url\":\"https:\/\/hi-technologies.ch\/en\/contact\/\",\"name\":\"Contact - Hi-Technologies\",\"isPartOf\":{\"@id\":\"https:\/\/hi-technologies.ch\/en\/#website\"},\"datePublished\":\"2025-11-11T09:46:51+00:00\",\"dateModified\":\"2025-12-18T09:41:11+00:00\",\"description\":\"Contact Hi Technologies: showroom visits, quotations, audiovisual support, maintenance and expert guidance for your professional AV installations.\",\"breadcrumb\":{\"@id\":\"https:\/\/hi-technologies.ch\/en\/contact\/#breadcrumb\"},\"inLanguage\":\"en-US\",\"potentialAction\":[{\"@type\":\"ReadAction\",\"target\":[\"https:\/\/hi-technologies.ch\/en\/contact\/\"]}]},{\"@type\":\"BreadcrumbList\",\"@id\":\"https:\/\/hi-technologies.ch\/en\/contact\/#breadcrumb\",\"itemListElement\":[{\"@type\":\"ListItem\",\"position\":1,\"name\":\"Home\",\"item\":\"https:\/\/hi-technologies.ch\/en\/\"},{\"@type\":\"ListItem\",\"position\":2,\"name\":\"Contact\"}]},{\"@type\":\"WebSite\",\"@id\":\"https:\/\/hi-technologies.ch\/en\/#website\",\"url\":\"https:\/\/hi-technologies.ch\/en\/\",\"name\":\"Hi-Technologies\",\"description\":\"\",\"potentialAction\":[{\"@type\":\"SearchAction\",\"target\":{\"@type\":\"EntryPoint\",\"urlTemplate\":\"https:\/\/hi-technologies.ch\/en\/?s={search_term_string}\"},\"query-input\":{\"@type\":\"PropertyValueSpecification\",\"valueRequired\":true,\"valueName\":\"search_term_string\"}}],\"inLanguage\":\"en-US\"}]}<\/script>\n<!-- \/ Yoast SEO plugin. -->","yoast_head_json":{"title":"Contact - Hi-Technologies","description":"Contact Hi Technologies: showroom visits, quotations, audiovisual support, maintenance and expert guidance for your professional AV installations.","robots":{"index":"index","follow":"follow","max-snippet":"max-snippet:-1","max-image-preview":"max-image-preview:large","max-video-preview":"max-video-preview:-1"},"canonical":"https:\/\/hi-technologies.ch\/en\/contact\/","og_locale":"en_US","og_type":"article","og_title":"Contact - Hi-Technologies","og_description":"Contact Hi Technologies: showroom visits, quotations, audiovisual support, maintenance and expert guidance for your professional AV installations.","og_url":"https:\/\/hi-technologies.ch\/en\/contact\/","og_site_name":"Hi-Technologies","article_modified_time":"2025-12-18T09:41:11+00:00","twitter_card":"summary_large_image","schema":{"@context":"https:\/\/schema.org","@graph":[{"@type":"WebPage","@id":"https:\/\/hi-technologies.ch\/en\/contact\/","url":"https:\/\/hi-technologies.ch\/en\/contact\/","name":"Contact - Hi-Technologies","isPartOf":{"@id":"https:\/\/hi-technologies.ch\/en\/#website"},"datePublished":"2025-11-11T09:46:51+00:00","dateModified":"2025-12-18T09:41:11+00:00","description":"Contact Hi Technologies: showroom visits, quotations, audiovisual support, maintenance and expert guidance for your professional AV installations.","breadcrumb":{"@id":"https:\/\/hi-technologies.ch\/en\/contact\/#breadcrumb"},"inLanguage":"en-US","potentialAction":[{"@type":"ReadAction","target":["https:\/\/hi-technologies.ch\/en\/contact\/"]}]},{"@type":"BreadcrumbList","@id":"https:\/\/hi-technologies.ch\/en\/contact\/#breadcrumb","itemListElement":[{"@type":"ListItem","position":1,"name":"Home","item":"https:\/\/hi-technologies.ch\/en\/"},{"@type":"ListItem","position":2,"name":"Contact"}]},{"@type":"WebSite","@id":"https:\/\/hi-technologies.ch\/en\/#website","url":"https:\/\/hi-technologies.ch\/en\/","name":"Hi-Technologies","description":"","potentialAction":[{"@type":"SearchAction","target":{"@type":"EntryPoint","urlTemplate":"https:\/\/hi-technologies.ch\/en\/?s={search_term_string}"},"query-input":{"@type":"PropertyValueSpecification","valueRequired":true,"valueName":"search_term_string"}}],"inLanguage":"en-US"}]}},"_links":{"self":[{"href":"https:\/\/hi-technologies.ch\/en\/wp-json\/wp\/v2\/pages\/4815","targetHints":{"allow":["GET"]}}],"collection":[{"href":"https:\/\/hi-technologies.ch\/en\/wp-json\/wp\/v2\/pages"}],"about":[{"href":"https:\/\/hi-technologies.ch\/en\/wp-json\/wp\/v2\/types\/page"}],"author":[{"embeddable":true,"href":"https:\/\/hi-technologies.ch\/en\/wp-json\/wp\/v2\/users\/1"}],"replies":[{"embeddable":true,"href":"https:\/\/hi-technologies.ch\/en\/wp-json\/wp\/v2\/comments?post=4815"}],"version-history":[{"count":1,"href":"https:\/\/hi-technologies.ch\/en\/wp-json\/wp\/v2\/pages\/4815\/revisions"}],"predecessor-version":[{"id":4818,"href":"https:\/\/hi-technologies.ch\/en\/wp-json\/wp\/v2\/pages\/4815\/revisions\/4818"}],"wp:attachment":[{"href":"https:\/\/hi-technologies.ch\/en\/wp-json\/wp\/v2\/media?parent=4815"}],"wp:term":[{"taxonomy":"domaine_solution","embeddable":true,"href":"https:\/\/hi-technologies.ch\/en\/wp-json\/wp\/v2\/domaine_solution?post=4815"}],"curies":[{"name":"wp","href":"https:\/\/api.w.org\/{rel}","templated":true}]}}